{"id":15627,"date":"2023-10-15T06:48:03","date_gmt":"2023-10-15T06:48:03","guid":{"rendered":"https:\/\/beurswand.nl\/product\/stand-dexposition-design-56\/"},"modified":"2025-04-29T07:47:34","modified_gmt":"2025-04-29T07:47:34","slug":"stand-dexposition-design-56","status":"publish","type":"product","link":"https:\/\/beurswand2026.webdeveloperz.nl\/fr\/product\/stand-dexposition-design-56\/","title":{"rendered":"Stand d&rsquo;exposition Design 56"},"content":{"rendered":"<p><strong>Stand d&rsquo;exposition unique 56 : votre entreprise sous les feux de la rampe !<\/strong><\/p>\n<p>Vous \u00eates \u00e0 la recherche d&rsquo;un stand d&rsquo;exposition accrocheur et fonctionnel qui attirera \u00e0 coup s\u00fbr l&rsquo;attention ? Optez pour le stand d&rsquo;exposition innovant 56 ! Avec une surface g\u00e9n\u00e9reuse de plus de 32 m2, ce stand d&rsquo;angle offre tout l&rsquo;espace dont vous avez besoin pour des pr\u00e9sentations efficaces et une interaction avec vos visiteurs. Le pupitre fourni est non seulement \u00e9l\u00e9gant mais aussi extr\u00eamement pratique pour toutes vos d\u00e9monstrations et conversations. En outre, le stand est \u00e9quip\u00e9 d&rsquo;un plancher sur\u00e9lev\u00e9 pour une touche suppl\u00e9mentaire de professionnalisme et de classe.<\/p>\n<p>Ce n&rsquo;est qu&rsquo;un exemple ! Nous comprenons que chaque entrepreneur est unique. Par cons\u00e9quent, ce mod\u00e8le peut \u00eatre enti\u00e8rement personnalis\u00e9 \u00e0 votre convenance.<\/p>\n<p>Int\u00e9ress\u00e9(e) ? Demandez plus d&rsquo;informations en utilisant le formulaire de contact ci-dessous et faites le premier pas vers une exp\u00e9rience d&rsquo;exposition inoubliable !<\/p>\n","protected":false},"excerpt":{"rendered":"<p>Stand d&rsquo;exposition unique 56 : votre entreprise sous les feux de la rampe ! Vous \u00eates \u00e0 la recherche d&rsquo;un stand d&rsquo;exposition accrocheur et fonctionnel qui attirera \u00e0 coup s\u00fbr l&rsquo;attention ? Optez pour le stand d&rsquo;exposition innovant 56 ! Avec une surface g\u00e9n\u00e9reuse de plus de 32 m2, ce stand d&rsquo;angle offre tout l&rsquo;espace [&hellip;]<\/p>\n","protected":false},"featured_media":11484,"comment_status":"closed","ping_status":"open","template":"","meta":{"_acf_changed":false,"site-sidebar-layout":"default","site-content-layout":"","ast-site-content-layout":"default","site-content-style":"default","site-sidebar-style":"default","ast-global-header-display":"","ast-banner-title-visibility":"","ast-main-header-display":"","ast-hfb-above-header-display":"","ast-hfb-below-header-display":"","ast-hfb-mobile-header-display":"","site-post-title":"","ast-breadcrumbs-content":"","ast-featured-img":"","footer-sml-layout":"","ast-disable-related-posts":"","theme-transparent-header-meta":"","adv-header-id-meta":"","stick-header-meta":"","header-above-stick-meta":"","header-main-stick-meta":"","header-below-stick-meta":"","astra-migrate-meta-layouts":"default","ast-page-background-enabled":"default","ast-page-background-meta":{"desktop":{"background-color":"","background-image":"","background-repeat":"repeat","background-position":"center center","background-size":"auto","background-attachment":"scroll","background-type":"","background-media":"","overlay-type":"","overlay-color":"","overlay-opacity":"","overlay-gradient":""},"tablet":{"background-color":"","background-image":"","background-repeat":"repeat","background-position":"center center","background-size":"auto","background-attachment":"scroll","background-type":"","background-media":"","overlay-type":"","overlay-color":"","overlay-opacity":"","overlay-gradient":""},"mobile":{"background-color":"","background-image":"","background-repeat":"repeat","background-position":"center center","background-size":"auto","background-attachment":"scroll","background-type":"","background-media":"","overlay-type":"","overlay-color":"","overlay-opacity":"","overlay-gradient":""}},"ast-content-background-meta":{"desktop":{"background-color":"var(--ast-global-color-5)","background-image":"","background-repeat":"repeat","background-position":"center center","background-size":"auto","background-attachment":"scroll","background-type":"","background-media":"","overlay-type":"","overlay-color":"","overlay-opacity":"","overlay-gradient":""},"tablet":{"background-color":"var(--ast-global-color-5)","background-image":"","background-repeat":"repeat","background-position":"center center","background-size":"auto","background-attachment":"scroll","background-type":"","background-media":"","overlay-type":"","overlay-color":"","overlay-opacity":"","overlay-gradient":""},"mobile":{"background-color":"var(--ast-global-color-5)","background-image":"","background-repeat":"repeat","background-position":"center center","background-size":"auto","background-attachment":"scroll","background-type":"","background-media":"","overlay-type":"","overlay-color":"","overlay-opacity":"","overlay-gradient":""}}},"breedte":[],"design-oppervlakte":[396],"design-opstelling":[440],"design-optie":[397,442],"diepte":[],"oppervlakte":[],"opstelling":[],"optie":[],"pijler":[],"product_brand":[],"product_cat":[401,399,388,390,443,391,441,389],"product_tag":[],"class_list":{"0":"post-15627","1":"product","2":"type-product","3":"status-publish","4":"has-post-thumbnail","6":"design-oppervlakte-25-40-m2-fr","7":"design-opstelling-support-dangle","8":"design-optie-bureau","9":"design-optie-plancher-sureleve","10":"product_cat-25-40-m2-fr","11":"product_cat-bureau","12":"product_cat-conception","13":"product_cat-options-fr","14":"product_cat-plancher-sureleve","15":"product_cat-stand-dexposition-type","16":"product_cat-support-dangle","17":"product_cat-surface-fr","18":"desktop-align-left","19":"tablet-align-left","20":"mobile-align-left","22":"first","23":"instock","24":"shipping-taxable","25":"product-type-simple"},"acf":[],"_links":{"self":[{"href":"https:\/\/beurswand2026.webdeveloperz.nl\/fr\/wp-json\/wp\/v2\/product\/15627","targetHints":{"allow":["GET"]}}],"collection":[{"href":"https:\/\/beurswand2026.webdeveloperz.nl\/fr\/wp-json\/wp\/v2\/product"}],"about":[{"href":"https:\/\/beurswand2026.webdeveloperz.nl\/fr\/wp-json\/wp\/v2\/types\/product"}],"replies":[{"embeddable":true,"href":"https:\/\/beurswand2026.webdeveloperz.nl\/fr\/wp-json\/wp\/v2\/comments?post=15627"}],"version-history":[{"count":1,"href":"https:\/\/beurswand2026.webdeveloperz.nl\/fr\/wp-json\/wp\/v2\/product\/15627\/revisions"}],"predecessor-version":[{"id":18793,"href":"https:\/\/beurswand2026.webdeveloperz.nl\/fr\/wp-json\/wp\/v2\/product\/15627\/revisions\/18793"}],"wp:featuredmedia":[{"embeddable":true,"href":"https:\/\/beurswand2026.webdeveloperz.nl\/fr\/wp-json\/wp\/v2\/media\/11484"}],"wp:attachment":[{"href":"https:\/\/beurswand2026.webdeveloperz.nl\/fr\/wp-json\/wp\/v2\/media?parent=15627"}],"wp:term":[{"taxonomy":"breedte","embeddable":true,"href":"https:\/\/beurswand2026.webdeveloperz.nl\/fr\/wp-json\/wp\/v2\/breedte?post=15627"},{"taxonomy":"design-oppervlakte","embeddable":true,"href":"https:\/\/beurswand2026.webdeveloperz.nl\/fr\/wp-json\/wp\/v2\/design-oppervlakte?post=15627"},{"taxonomy":"design-opstelling","embeddable":true,"href":"https:\/\/beurswand2026.webdeveloperz.nl\/fr\/wp-json\/wp\/v2\/design-opstelling?post=15627"},{"taxonomy":"design-optie","embeddable":true,"href":"https:\/\/beurswand2026.webdeveloperz.nl\/fr\/wp-json\/wp\/v2\/design-optie?post=15627"},{"taxonomy":"diepte","embeddable":true,"href":"https:\/\/beurswand2026.webdeveloperz.nl\/fr\/wp-json\/wp\/v2\/diepte?post=15627"},{"taxonomy":"oppervlakte","embeddable":true,"href":"https:\/\/beurswand2026.webdeveloperz.nl\/fr\/wp-json\/wp\/v2\/oppervlakte?post=15627"},{"taxonomy":"opstelling","embeddable":true,"href":"https:\/\/beurswand2026.webdeveloperz.nl\/fr\/wp-json\/wp\/v2\/opstelling?post=15627"},{"taxonomy":"optie","embeddable":true,"href":"https:\/\/beurswand2026.webdeveloperz.nl\/fr\/wp-json\/wp\/v2\/optie?post=15627"},{"taxonomy":"pijler","embeddable":true,"href":"https:\/\/beurswand2026.webdeveloperz.nl\/fr\/wp-json\/wp\/v2\/pijler?post=15627"},{"taxonomy":"product_brand","embeddable":true,"href":"https:\/\/beurswand2026.webdeveloperz.nl\/fr\/wp-json\/wp\/v2\/product_brand?post=15627"},{"taxonomy":"product_cat","embeddable":true,"href":"https:\/\/beurswand2026.webdeveloperz.nl\/fr\/wp-json\/wp\/v2\/product_cat?post=15627"},{"taxonomy":"product_tag","embeddable":true,"href":"https:\/\/beurswand2026.webdeveloperz.nl\/fr\/wp-json\/wp\/v2\/product_tag?post=15627"}],"curies":[{"name":"wp","href":"https:\/\/api.w.org\/{rel}","templated":true}]}}