{"id":15601,"date":"2023-10-15T06:38:46","date_gmt":"2023-10-15T06:38:46","guid":{"rendered":"https:\/\/beurswand.nl\/product\/stand-dexposition-design-48\/"},"modified":"2025-04-29T07:48:00","modified_gmt":"2025-04-29T07:48:00","slug":"stand-dexposition-design-48","status":"publish","type":"product","link":"https:\/\/beurswand2026.webdeveloperz.nl\/fr\/product\/stand-dexposition-design-48\/","title":{"rendered":"Stand d&rsquo;exposition Design 48"},"content":{"rendered":"<hr>\n<p><strong>Stand d&rsquo;exposition unique Design 48<\/strong><\/p>\n<p>Vous cherchez le moyen id\u00e9al de vous d\u00e9marquer lors d&rsquo;un salon professionnel ? D\u00e9couvrez la magie du Stand d&rsquo;exposition 48. Avec une taille impressionnante de plus de 32 m2 et le type de kiosque exclusif, vous garantissez une visibilit\u00e9 et un trafic maximum \u00e0 votre stand.<\/p>\n<p>Offrez \u00e0 vos visiteurs des boissons dans le bar \u00e9l\u00e9gant et \u00e9patez-les avec des pr\u00e9sentations sur le mur LED dynamique. Le plancher sur\u00e9lev\u00e9 donne non seulement une impression de luxe, mais renforce \u00e9galement votre image de marque. Besoin d&rsquo;un espace de stockage s\u00e9par\u00e9 ? Le garde-manger int\u00e9gr\u00e9 a tout pour plaire.<\/p>\n<p>Il ne s&rsquo;agit que d&rsquo;un exemple, et nous serons heureux de personnaliser le design en fonction de vos besoins sp\u00e9cifiques. Curieux de conna\u00eetre toutes les possibilit\u00e9s ? Demandez plus d&rsquo;informations en utilisant le formulaire de contact ci-dessous !<\/p>\n","protected":false},"excerpt":{"rendered":"<p>Stand d&rsquo;exposition unique Design 48 Vous cherchez le moyen id\u00e9al de vous d\u00e9marquer lors d&rsquo;un salon professionnel ? D\u00e9couvrez la magie du Stand d&rsquo;exposition 48. Avec une taille impressionnante de plus de 32 m2 et le type de kiosque exclusif, vous garantissez une visibilit\u00e9 et un trafic maximum \u00e0 votre stand. Offrez \u00e0 vos visiteurs [&hellip;]<\/p>\n","protected":false},"featured_media":11323,"comment_status":"closed","ping_status":"open","template":"","meta":{"_acf_changed":false,"site-sidebar-layout":"default","site-content-layout":"","ast-site-content-layout":"default","site-content-style":"default","site-sidebar-style":"default","ast-global-header-display":"","ast-banner-title-visibility":"","ast-main-header-display":"","ast-hfb-above-header-display":"","ast-hfb-below-header-display":"","ast-hfb-mobile-header-display":"","site-post-title":"","ast-breadcrumbs-content":"","ast-featured-img":"","footer-sml-layout":"","ast-disable-related-posts":"","theme-transparent-header-meta":"","adv-header-id-meta":"","stick-header-meta":"","header-above-stick-meta":"","header-main-stick-meta":"","header-below-stick-meta":"","astra-migrate-meta-layouts":"default","ast-page-background-enabled":"default","ast-page-background-meta":{"desktop":{"background-color":"","background-image":"","background-repeat":"repeat","background-position":"center center","background-size":"auto","background-attachment":"scroll","background-type":"","background-media":"","overlay-type":"","overlay-color":"","overlay-opacity":"","overlay-gradient":""},"tablet":{"background-color":"","background-image":"","background-repeat":"repeat","background-position":"center center","background-size":"auto","background-attachment":"scroll","background-type":"","background-media":"","overlay-type":"","overlay-color":"","overlay-opacity":"","overlay-gradient":""},"mobile":{"background-color":"","background-image":"","background-repeat":"repeat","background-position":"center center","background-size":"auto","background-attachment":"scroll","background-type":"","background-media":"","overlay-type":"","overlay-color":"","overlay-opacity":"","overlay-gradient":""}},"ast-content-background-meta":{"desktop":{"background-color":"var(--ast-global-color-5)","background-image":"","background-repeat":"repeat","background-position":"center center","background-size":"auto","background-attachment":"scroll","background-type":"","background-media":"","overlay-type":"","overlay-color":"","overlay-opacity":"","overlay-gradient":""},"tablet":{"background-color":"var(--ast-global-color-5)","background-image":"","background-repeat":"repeat","background-position":"center center","background-size":"auto","background-attachment":"scroll","background-type":"","background-media":"","overlay-type":"","overlay-color":"","overlay-opacity":"","overlay-gradient":""},"mobile":{"background-color":"var(--ast-global-color-5)","background-image":"","background-repeat":"repeat","background-position":"center center","background-size":"auto","background-attachment":"scroll","background-type":"","background-media":"","overlay-type":"","overlay-color":"","overlay-opacity":"","overlay-gradient":""}}},"breedte":[],"design-oppervlakte":[396],"design-opstelling":[386],"design-optie":[453,398,424,442],"diepte":[],"oppervlakte":[],"opstelling":[],"optie":[],"pijler":[],"product_brand":[],"product_cat":[401,455,388,400,425,390,443,391,389,392],"product_tag":[],"class_list":{"0":"post-15601","1":"product","2":"type-product","3":"status-publish","4":"has-post-thumbnail","6":"design-oppervlakte-25-40-m2-fr","7":"design-opstelling-tete-en-lair","8":"design-optie-barre","9":"design-optie-garde-manger","10":"design-optie-mur-de-led","11":"design-optie-plancher-sureleve","12":"product_cat-25-40-m2-fr","13":"product_cat-barre","14":"product_cat-conception","15":"product_cat-garde-manger","16":"product_cat-mur-de-led","17":"product_cat-options-fr","18":"product_cat-plancher-sureleve","19":"product_cat-stand-dexposition-type","20":"product_cat-surface-fr","21":"product_cat-tete-en-lair","22":"desktop-align-left","23":"tablet-align-left","24":"mobile-align-left","26":"first","27":"instock","28":"shipping-taxable","29":"product-type-simple"},"acf":[],"_links":{"self":[{"href":"https:\/\/beurswand2026.webdeveloperz.nl\/fr\/wp-json\/wp\/v2\/product\/15601","targetHints":{"allow":["GET"]}}],"collection":[{"href":"https:\/\/beurswand2026.webdeveloperz.nl\/fr\/wp-json\/wp\/v2\/product"}],"about":[{"href":"https:\/\/beurswand2026.webdeveloperz.nl\/fr\/wp-json\/wp\/v2\/types\/product"}],"replies":[{"embeddable":true,"href":"https:\/\/beurswand2026.webdeveloperz.nl\/fr\/wp-json\/wp\/v2\/comments?post=15601"}],"version-history":[{"count":1,"href":"https:\/\/beurswand2026.webdeveloperz.nl\/fr\/wp-json\/wp\/v2\/product\/15601\/revisions"}],"predecessor-version":[{"id":18817,"href":"https:\/\/beurswand2026.webdeveloperz.nl\/fr\/wp-json\/wp\/v2\/product\/15601\/revisions\/18817"}],"wp:featuredmedia":[{"embeddable":true,"href":"https:\/\/beurswand2026.webdeveloperz.nl\/fr\/wp-json\/wp\/v2\/media\/11323"}],"wp:attachment":[{"href":"https:\/\/beurswand2026.webdeveloperz.nl\/fr\/wp-json\/wp\/v2\/media?parent=15601"}],"wp:term":[{"taxonomy":"breedte","embeddable":true,"href":"https:\/\/beurswand2026.webdeveloperz.nl\/fr\/wp-json\/wp\/v2\/breedte?post=15601"},{"taxonomy":"design-oppervlakte","embeddable":true,"href":"https:\/\/beurswand2026.webdeveloperz.nl\/fr\/wp-json\/wp\/v2\/design-oppervlakte?post=15601"},{"taxonomy":"design-opstelling","embeddable":true,"href":"https:\/\/beurswand2026.webdeveloperz.nl\/fr\/wp-json\/wp\/v2\/design-opstelling?post=15601"},{"taxonomy":"design-optie","embeddable":true,"href":"https:\/\/beurswand2026.webdeveloperz.nl\/fr\/wp-json\/wp\/v2\/design-optie?post=15601"},{"taxonomy":"diepte","embeddable":true,"href":"https:\/\/beurswand2026.webdeveloperz.nl\/fr\/wp-json\/wp\/v2\/diepte?post=15601"},{"taxonomy":"oppervlakte","embeddable":true,"href":"https:\/\/beurswand2026.webdeveloperz.nl\/fr\/wp-json\/wp\/v2\/oppervlakte?post=15601"},{"taxonomy":"opstelling","embeddable":true,"href":"https:\/\/beurswand2026.webdeveloperz.nl\/fr\/wp-json\/wp\/v2\/opstelling?post=15601"},{"taxonomy":"optie","embeddable":true,"href":"https:\/\/beurswand2026.webdeveloperz.nl\/fr\/wp-json\/wp\/v2\/optie?post=15601"},{"taxonomy":"pijler","embeddable":true,"href":"https:\/\/beurswand2026.webdeveloperz.nl\/fr\/wp-json\/wp\/v2\/pijler?post=15601"},{"taxonomy":"product_brand","embeddable":true,"href":"https:\/\/beurswand2026.webdeveloperz.nl\/fr\/wp-json\/wp\/v2\/product_brand?post=15601"},{"taxonomy":"product_cat","embeddable":true,"href":"https:\/\/beurswand2026.webdeveloperz.nl\/fr\/wp-json\/wp\/v2\/product_cat?post=15601"},{"taxonomy":"product_tag","embeddable":true,"href":"https:\/\/beurswand2026.webdeveloperz.nl\/fr\/wp-json\/wp\/v2\/product_tag?post=15601"}],"curies":[{"name":"wp","href":"https:\/\/api.w.org\/{rel}","templated":true}]}}