{"id":15597,"date":"2023-10-15T06:22:05","date_gmt":"2023-10-15T06:22:05","guid":{"rendered":"https:\/\/beurswand.nl\/product\/stand-dexposition-design-42\/"},"modified":"2025-04-29T07:48:31","modified_gmt":"2025-04-29T07:48:31","slug":"stand-dexposition-design-42","status":"publish","type":"product","link":"https:\/\/beurswand2026.webdeveloperz.nl\/fr\/product\/stand-dexposition-design-42\/","title":{"rendered":"Stand d&rsquo;exposition Design 42"},"content":{"rendered":"<hr>\n<p><strong>Stand d&rsquo;exposition unique Design 42<\/strong><\/p>\n<p>Vous \u00eates \u00e0 la recherche d&rsquo;un stand d&rsquo;exposition accrocheur qui mette votre marque sous les feux de la rampe ? D\u00e9couvrez en exclusivit\u00e9 notre Stand d&rsquo;exposition 42 ! Avec une surface g\u00e9n\u00e9reuse de plus de 40 m2, ce stand en \u00eelot offre un vaste espace pour vos produits et vos pr\u00e9sentations.<\/p>\n<p>Ajoutez une touche de style avec l&rsquo;\u00e9l\u00e9gant n\u0153ud qui offre un attrait visuel instantan\u00e9. Le bureau int\u00e9gr\u00e9 offre un espace pour les conversations personnelles avec les visiteurs, tandis que le garde-manger offre une commodit\u00e9 et des options de stockage suppl\u00e9mentaires.<\/p>\n<p>Ce n&rsquo;est qu&rsquo;un exemple ! Vous souhaitez personnaliser certains \u00e9l\u00e9ments ? Il n&rsquo;y a pas de probl\u00e8me. Nous veillons \u00e0 ce que le stand d&rsquo;exposition soit con\u00e7u enti\u00e8rement selon vos souhaits.<\/p>\n<p>Curieux de conna\u00eetre les possibilit\u00e9s ? Remplissez le formulaire de contact ci-dessous pour plus d&rsquo;informations. Ensemble, rendons votre participation \u00e0 un salon inoubliable !<\/p>\n","protected":false},"excerpt":{"rendered":"<p>Stand d&rsquo;exposition unique Design 42 Vous \u00eates \u00e0 la recherche d&rsquo;un stand d&rsquo;exposition accrocheur qui mette votre marque sous les feux de la rampe ? D\u00e9couvrez en exclusivit\u00e9 notre Stand d&rsquo;exposition 42 ! Avec une surface g\u00e9n\u00e9reuse de plus de 40 m2, ce stand en \u00eelot offre un vaste espace pour vos produits et vos [&hellip;]<\/p>\n","protected":false},"featured_media":11226,"comment_status":"closed","ping_status":"open","template":"","meta":{"_acf_changed":false,"site-sidebar-layout":"default","site-content-layout":"","ast-site-content-layout":"default","site-content-style":"default","site-sidebar-style":"default","ast-global-header-display":"","ast-banner-title-visibility":"","ast-main-header-display":"","ast-hfb-above-header-display":"","ast-hfb-below-header-display":"","ast-hfb-mobile-header-display":"","site-post-title":"","ast-breadcrumbs-content":"","ast-featured-img":"","footer-sml-layout":"","ast-disable-related-posts":"","theme-transparent-header-meta":"","adv-header-id-meta":"","stick-header-meta":"","header-above-stick-meta":"","header-main-stick-meta":"","header-below-stick-meta":"","astra-migrate-meta-layouts":"default","ast-page-background-enabled":"default","ast-page-background-meta":{"desktop":{"background-color":"","background-image":"","background-repeat":"repeat","background-position":"center center","background-size":"auto","background-attachment":"scroll","background-type":"","background-media":"","overlay-type":"","overlay-color":"","overlay-opacity":"","overlay-gradient":""},"tablet":{"background-color":"","background-image":"","background-repeat":"repeat","background-position":"center center","background-size":"auto","background-attachment":"scroll","background-type":"","background-media":"","overlay-type":"","overlay-color":"","overlay-opacity":"","overlay-gradient":""},"mobile":{"background-color":"","background-image":"","background-repeat":"repeat","background-position":"center center","background-size":"auto","background-attachment":"scroll","background-type":"","background-media":"","overlay-type":"","overlay-color":"","overlay-opacity":"","overlay-gradient":""}},"ast-content-background-meta":{"desktop":{"background-color":"var(--ast-global-color-5)","background-image":"","background-repeat":"repeat","background-position":"center center","background-size":"auto","background-attachment":"scroll","background-type":"","background-media":"","overlay-type":"","overlay-color":"","overlay-opacity":"","overlay-gradient":""},"tablet":{"background-color":"var(--ast-global-color-5)","background-image":"","background-repeat":"repeat","background-position":"center center","background-size":"auto","background-attachment":"scroll","background-type":"","background-media":"","overlay-type":"","overlay-color":"","overlay-opacity":"","overlay-gradient":""},"mobile":{"background-color":"var(--ast-global-color-5)","background-image":"","background-repeat":"repeat","background-position":"center center","background-size":"auto","background-attachment":"scroll","background-type":"","background-media":"","overlay-type":"","overlay-color":"","overlay-opacity":"","overlay-gradient":""}}},"breedte":[],"design-oppervlakte":[396],"design-opstelling":[460],"design-optie":[387,397,398,461],"diepte":[],"oppervlakte":[],"opstelling":[],"optie":[],"pijler":[],"product_brand":[],"product_cat":[401,394,399,388,400,390,391,462,389],"product_tag":[],"class_list":{"0":"post-15597","1":"product","2":"type-product","3":"status-publish","4":"has-post-thumbnail","6":"design-oppervlakte-25-40-m2-fr","7":"design-opstelling-support-dilot","8":"design-optie-arche","9":"design-optie-bureau","10":"design-optie-garde-manger","11":"design-optie-support-dilot","12":"product_cat-25-40-m2-fr","13":"product_cat-arche","14":"product_cat-bureau","15":"product_cat-conception","16":"product_cat-garde-manger","17":"product_cat-options-fr","18":"product_cat-stand-dexposition-type","19":"product_cat-support-dilot","20":"product_cat-surface-fr","21":"desktop-align-left","22":"tablet-align-left","23":"mobile-align-left","25":"first","26":"instock","27":"shipping-taxable","28":"product-type-simple"},"acf":[],"_links":{"self":[{"href":"https:\/\/beurswand2026.webdeveloperz.nl\/fr\/wp-json\/wp\/v2\/product\/15597","targetHints":{"allow":["GET"]}}],"collection":[{"href":"https:\/\/beurswand2026.webdeveloperz.nl\/fr\/wp-json\/wp\/v2\/product"}],"about":[{"href":"https:\/\/beurswand2026.webdeveloperz.nl\/fr\/wp-json\/wp\/v2\/types\/product"}],"replies":[{"embeddable":true,"href":"https:\/\/beurswand2026.webdeveloperz.nl\/fr\/wp-json\/wp\/v2\/comments?post=15597"}],"version-history":[{"count":1,"href":"https:\/\/beurswand2026.webdeveloperz.nl\/fr\/wp-json\/wp\/v2\/product\/15597\/revisions"}],"predecessor-version":[{"id":18851,"href":"https:\/\/beurswand2026.webdeveloperz.nl\/fr\/wp-json\/wp\/v2\/product\/15597\/revisions\/18851"}],"wp:featuredmedia":[{"embeddable":true,"href":"https:\/\/beurswand2026.webdeveloperz.nl\/fr\/wp-json\/wp\/v2\/media\/11226"}],"wp:attachment":[{"href":"https:\/\/beurswand2026.webdeveloperz.nl\/fr\/wp-json\/wp\/v2\/media?parent=15597"}],"wp:term":[{"taxonomy":"breedte","embeddable":true,"href":"https:\/\/beurswand2026.webdeveloperz.nl\/fr\/wp-json\/wp\/v2\/breedte?post=15597"},{"taxonomy":"design-oppervlakte","embeddable":true,"href":"https:\/\/beurswand2026.webdeveloperz.nl\/fr\/wp-json\/wp\/v2\/design-oppervlakte?post=15597"},{"taxonomy":"design-opstelling","embeddable":true,"href":"https:\/\/beurswand2026.webdeveloperz.nl\/fr\/wp-json\/wp\/v2\/design-opstelling?post=15597"},{"taxonomy":"design-optie","embeddable":true,"href":"https:\/\/beurswand2026.webdeveloperz.nl\/fr\/wp-json\/wp\/v2\/design-optie?post=15597"},{"taxonomy":"diepte","embeddable":true,"href":"https:\/\/beurswand2026.webdeveloperz.nl\/fr\/wp-json\/wp\/v2\/diepte?post=15597"},{"taxonomy":"oppervlakte","embeddable":true,"href":"https:\/\/beurswand2026.webdeveloperz.nl\/fr\/wp-json\/wp\/v2\/oppervlakte?post=15597"},{"taxonomy":"opstelling","embeddable":true,"href":"https:\/\/beurswand2026.webdeveloperz.nl\/fr\/wp-json\/wp\/v2\/opstelling?post=15597"},{"taxonomy":"optie","embeddable":true,"href":"https:\/\/beurswand2026.webdeveloperz.nl\/fr\/wp-json\/wp\/v2\/optie?post=15597"},{"taxonomy":"pijler","embeddable":true,"href":"https:\/\/beurswand2026.webdeveloperz.nl\/fr\/wp-json\/wp\/v2\/pijler?post=15597"},{"taxonomy":"product_brand","embeddable":true,"href":"https:\/\/beurswand2026.webdeveloperz.nl\/fr\/wp-json\/wp\/v2\/product_brand?post=15597"},{"taxonomy":"product_cat","embeddable":true,"href":"https:\/\/beurswand2026.webdeveloperz.nl\/fr\/wp-json\/wp\/v2\/product_cat?post=15597"},{"taxonomy":"product_tag","embeddable":true,"href":"https:\/\/beurswand2026.webdeveloperz.nl\/fr\/wp-json\/wp\/v2\/product_tag?post=15597"}],"curies":[{"name":"wp","href":"https:\/\/api.w.org\/{rel}","templated":true}]}}