{"id":15588,"date":"2023-10-15T06:21:18","date_gmt":"2023-10-15T06:21:18","guid":{"rendered":"https:\/\/beurswand.nl\/product\/conception-de-stands-dexposition-41\/"},"modified":"2025-04-29T07:48:29","modified_gmt":"2025-04-29T07:48:29","slug":"conception-de-stands-dexposition-41","status":"publish","type":"product","link":"https:\/\/beurswand2026.webdeveloperz.nl\/fr\/product\/conception-de-stands-dexposition-41\/","title":{"rendered":"Stand d&rsquo;exposition Design 41"},"content":{"rendered":"<p><strong>Stand d&rsquo;exposition 41 - Faites une impression ind\u00e9l\u00e9bile !<\/strong> \u2728<\/p>\n<p>Entrez dans la nouvelle dimension de la conception des stands avec l&rsquo;impressionnant Design 41 ! Avec une surface g\u00e9n\u00e9reuse de plus de 28 m2, ce stand de t\u00eate attire tous les regards lors d&rsquo;un salon. Le bar int\u00e9gr\u00e9 est l&rsquo;endroit id\u00e9al pour les moments de r\u00e9seautage et l&rsquo;impressionnant mur de LED ne manquera pas d&rsquo;attirer l&rsquo;attention des passants.<\/p>\n<p>Mais ce n&rsquo;est pas tout. Le confort et la fonctionnalit\u00e9 vont de pair avec un plancher sur\u00e9lev\u00e9 et un garde-manger pratique, offrant \u00e0 votre \u00e9quipe toutes les commodit\u00e9s au cours de la journ\u00e9e.<\/p>\n<p>Ce n&rsquo;est qu&rsquo;un exemple parmi d&rsquo;autres. Tout peut \u00eatre personnalis\u00e9 pour correspondre parfaitement \u00e0 l&rsquo;identit\u00e9 et aux besoins de votre marque. Int\u00e9ress\u00e9(e) ? Demandez plus d&rsquo;informations en utilisant le formulaire de contact ci-dessous et nous cr\u00e9erons ensemble le stand d&rsquo;exposition de vos r\u00eaves !<\/p>\n","protected":false},"excerpt":{"rendered":"<p>Stand d&rsquo;exposition 41 - Faites une impression ind\u00e9l\u00e9bile ! \u2728 Entrez dans la nouvelle dimension de la conception des stands avec l&rsquo;impressionnant Design 41 ! Avec une surface g\u00e9n\u00e9reuse de plus de 28 m2, ce stand de t\u00eate attire tous les regards lors d&rsquo;un salon. Le bar int\u00e9gr\u00e9 est l&rsquo;endroit id\u00e9al pour les moments de [&hellip;]<\/p>\n","protected":false},"featured_media":11214,"comment_status":"closed","ping_status":"open","template":"","meta":{"_acf_changed":false,"site-sidebar-layout":"default","site-content-layout":"","ast-site-content-layout":"default","site-content-style":"default","site-sidebar-style":"default","ast-global-header-display":"","ast-banner-title-visibility":"","ast-main-header-display":"","ast-hfb-above-header-display":"","ast-hfb-below-header-display":"","ast-hfb-mobile-header-display":"","site-post-title":"","ast-breadcrumbs-content":"","ast-featured-img":"","footer-sml-layout":"","ast-disable-related-posts":"","theme-transparent-header-meta":"","adv-header-id-meta":"","stick-header-meta":"","header-above-stick-meta":"","header-main-stick-meta":"","header-below-stick-meta":"","astra-migrate-meta-layouts":"default","ast-page-background-enabled":"default","ast-page-background-meta":{"desktop":{"background-color":"","background-image":"","background-repeat":"repeat","background-position":"center center","background-size":"auto","background-attachment":"scroll","background-type":"","background-media":"","overlay-type":"","overlay-color":"","overlay-opacity":"","overlay-gradient":""},"tablet":{"background-color":"","background-image":"","background-repeat":"repeat","background-position":"center center","background-size":"auto","background-attachment":"scroll","background-type":"","background-media":"","overlay-type":"","overlay-color":"","overlay-opacity":"","overlay-gradient":""},"mobile":{"background-color":"","background-image":"","background-repeat":"repeat","background-position":"center center","background-size":"auto","background-attachment":"scroll","background-type":"","background-media":"","overlay-type":"","overlay-color":"","overlay-opacity":"","overlay-gradient":""}},"ast-content-background-meta":{"desktop":{"background-color":"var(--ast-global-color-5)","background-image":"","background-repeat":"repeat","background-position":"center center","background-size":"auto","background-attachment":"scroll","background-type":"","background-media":"","overlay-type":"","overlay-color":"","overlay-opacity":"","overlay-gradient":""},"tablet":{"background-color":"var(--ast-global-color-5)","background-image":"","background-repeat":"repeat","background-position":"center center","background-size":"auto","background-attachment":"scroll","background-type":"","background-media":"","overlay-type":"","overlay-color":"","overlay-opacity":"","overlay-gradient":""},"mobile":{"background-color":"var(--ast-global-color-5)","background-image":"","background-repeat":"repeat","background-position":"center center","background-size":"auto","background-attachment":"scroll","background-type":"","background-media":"","overlay-type":"","overlay-color":"","overlay-opacity":"","overlay-gradient":""}}},"breedte":[],"design-oppervlakte":[396],"design-opstelling":[386],"design-optie":[453,398,424,442],"diepte":[],"oppervlakte":[],"opstelling":[],"optie":[],"pijler":[],"product_brand":[],"product_cat":[401,455,388,400,425,390,443,391,389,392],"product_tag":[],"class_list":{"0":"post-15588","1":"product","2":"type-product","3":"status-publish","4":"has-post-thumbnail","6":"design-oppervlakte-25-40-m2-fr","7":"design-opstelling-tete-en-lair","8":"design-optie-barre","9":"design-optie-garde-manger","10":"design-optie-mur-de-led","11":"design-optie-plancher-sureleve","12":"product_cat-25-40-m2-fr","13":"product_cat-barre","14":"product_cat-conception","15":"product_cat-garde-manger","16":"product_cat-mur-de-led","17":"product_cat-options-fr","18":"product_cat-plancher-sureleve","19":"product_cat-stand-dexposition-type","20":"product_cat-surface-fr","21":"product_cat-tete-en-lair","22":"desktop-align-left","23":"tablet-align-left","24":"mobile-align-left","26":"first","27":"instock","28":"shipping-taxable","29":"product-type-simple"},"acf":[],"_links":{"self":[{"href":"https:\/\/beurswand2026.webdeveloperz.nl\/fr\/wp-json\/wp\/v2\/product\/15588","targetHints":{"allow":["GET"]}}],"collection":[{"href":"https:\/\/beurswand2026.webdeveloperz.nl\/fr\/wp-json\/wp\/v2\/product"}],"about":[{"href":"https:\/\/beurswand2026.webdeveloperz.nl\/fr\/wp-json\/wp\/v2\/types\/product"}],"replies":[{"embeddable":true,"href":"https:\/\/beurswand2026.webdeveloperz.nl\/fr\/wp-json\/wp\/v2\/comments?post=15588"}],"version-history":[{"count":1,"href":"https:\/\/beurswand2026.webdeveloperz.nl\/fr\/wp-json\/wp\/v2\/product\/15588\/revisions"}],"predecessor-version":[{"id":18844,"href":"https:\/\/beurswand2026.webdeveloperz.nl\/fr\/wp-json\/wp\/v2\/product\/15588\/revisions\/18844"}],"wp:featuredmedia":[{"embeddable":true,"href":"https:\/\/beurswand2026.webdeveloperz.nl\/fr\/wp-json\/wp\/v2\/media\/11214"}],"wp:attachment":[{"href":"https:\/\/beurswand2026.webdeveloperz.nl\/fr\/wp-json\/wp\/v2\/media?parent=15588"}],"wp:term":[{"taxonomy":"breedte","embeddable":true,"href":"https:\/\/beurswand2026.webdeveloperz.nl\/fr\/wp-json\/wp\/v2\/breedte?post=15588"},{"taxonomy":"design-oppervlakte","embeddable":true,"href":"https:\/\/beurswand2026.webdeveloperz.nl\/fr\/wp-json\/wp\/v2\/design-oppervlakte?post=15588"},{"taxonomy":"design-opstelling","embeddable":true,"href":"https:\/\/beurswand2026.webdeveloperz.nl\/fr\/wp-json\/wp\/v2\/design-opstelling?post=15588"},{"taxonomy":"design-optie","embeddable":true,"href":"https:\/\/beurswand2026.webdeveloperz.nl\/fr\/wp-json\/wp\/v2\/design-optie?post=15588"},{"taxonomy":"diepte","embeddable":true,"href":"https:\/\/beurswand2026.webdeveloperz.nl\/fr\/wp-json\/wp\/v2\/diepte?post=15588"},{"taxonomy":"oppervlakte","embeddable":true,"href":"https:\/\/beurswand2026.webdeveloperz.nl\/fr\/wp-json\/wp\/v2\/oppervlakte?post=15588"},{"taxonomy":"opstelling","embeddable":true,"href":"https:\/\/beurswand2026.webdeveloperz.nl\/fr\/wp-json\/wp\/v2\/opstelling?post=15588"},{"taxonomy":"optie","embeddable":true,"href":"https:\/\/beurswand2026.webdeveloperz.nl\/fr\/wp-json\/wp\/v2\/optie?post=15588"},{"taxonomy":"pijler","embeddable":true,"href":"https:\/\/beurswand2026.webdeveloperz.nl\/fr\/wp-json\/wp\/v2\/pijler?post=15588"},{"taxonomy":"product_brand","embeddable":true,"href":"https:\/\/beurswand2026.webdeveloperz.nl\/fr\/wp-json\/wp\/v2\/product_brand?post=15588"},{"taxonomy":"product_cat","embeddable":true,"href":"https:\/\/beurswand2026.webdeveloperz.nl\/fr\/wp-json\/wp\/v2\/product_cat?post=15588"},{"taxonomy":"product_tag","embeddable":true,"href":"https:\/\/beurswand2026.webdeveloperz.nl\/fr\/wp-json\/wp\/v2\/product_tag?post=15588"}],"curies":[{"name":"wp","href":"https:\/\/api.w.org\/{rel}","templated":true}]}}