{"id":15584,"date":"2023-10-12T16:00:33","date_gmt":"2023-10-12T16:00:33","guid":{"rendered":"https:\/\/beurswand.nl\/product\/stand-dexposition-design-39\/"},"modified":"2025-04-29T07:48:25","modified_gmt":"2025-04-29T07:48:25","slug":"stand-dexposition-design-39","status":"publish","type":"product","link":"https:\/\/beurswand2026.webdeveloperz.nl\/fr\/product\/stand-dexposition-design-39\/","title":{"rendered":"Stand d&rsquo;exposition Design 39"},"content":{"rendered":"<p><strong>Stand d&rsquo;exposition Design 39 : votre point de mire \u00e0 chaque salon !<\/strong><\/p>\n<p>D\u00e9couvrez le stand d&rsquo;exposition Design 39 - un stand \u00eelot impressionnant qui, avec plus de 90 m\u00b2, ne manquera pas d&rsquo;attirer l&rsquo;attention ! L&rsquo;agencement spacieux offre de nombreuses possibilit\u00e9s de pr\u00e9senter vos produits et services. Et gr\u00e2ce au bureau int\u00e9gr\u00e9, vous disposez toujours d&rsquo;un point professionnel pour accueillir vos clients et faire des affaires.<\/p>\n<p>C&rsquo;est presque ce que vous recherchez, mais vous souhaitez y apporter quelques modifications ? Pas de probl\u00e8me ! Le design 39 est enti\u00e8rement personnalisable pour correspondre parfaitement \u00e0 l&rsquo;identit\u00e9 de votre entreprise.<\/p>\n<p>Vous voulez en savoir plus ? Demandez rapidement plus d&rsquo;informations via le formulaire de contact ci-dessous et d\u00e9couvrez les possibilit\u00e9s illimit\u00e9es du Stand d&rsquo;exposition 39. Ne manquez pas cette occasion de mettre en valeur votre marque !<\/p>\n<p>\u2728*Il s&rsquo;agit d&rsquo;un exemple et il peut \u00eatre enti\u00e8rement personnalis\u00e9.*\u2728<\/p>\n","protected":false},"excerpt":{"rendered":"<p>Stand d&rsquo;exposition Design 39 : votre point de mire \u00e0 chaque salon ! D\u00e9couvrez le stand d&rsquo;exposition Design 39 - un stand \u00eelot impressionnant qui, avec plus de 90 m\u00b2, ne manquera pas d&rsquo;attirer l&rsquo;attention ! L&rsquo;agencement spacieux offre de nombreuses possibilit\u00e9s de pr\u00e9senter vos produits et services. Et gr\u00e2ce au bureau int\u00e9gr\u00e9, vous disposez [&hellip;]<\/p>\n","protected":false},"featured_media":11190,"comment_status":"closed","ping_status":"closed","template":"","meta":{"_acf_changed":false,"site-sidebar-layout":"default","site-content-layout":"","ast-site-content-layout":"default","site-content-style":"default","site-sidebar-style":"default","ast-global-header-display":"","ast-banner-title-visibility":"","ast-main-header-display":"","ast-hfb-above-header-display":"","ast-hfb-below-header-display":"","ast-hfb-mobile-header-display":"","site-post-title":"","ast-breadcrumbs-content":"","ast-featured-img":"","footer-sml-layout":"","ast-disable-related-posts":"","theme-transparent-header-meta":"default","adv-header-id-meta":"","stick-header-meta":"default","header-above-stick-meta":"","header-main-stick-meta":"","header-below-stick-meta":"","astra-migrate-meta-layouts":"default","ast-page-background-enabled":"default","ast-page-background-meta":{"desktop":{"background-color":"","background-image":"","background-repeat":"repeat","background-position":"center center","background-size":"auto","background-attachment":"scroll","background-type":"","background-media":"","overlay-type":"","overlay-color":"","overlay-opacity":"","overlay-gradient":""},"tablet":{"background-color":"","background-image":"","background-repeat":"repeat","background-position":"center center","background-size":"auto","background-attachment":"scroll","background-type":"","background-media":"","overlay-type":"","overlay-color":"","overlay-opacity":"","overlay-gradient":""},"mobile":{"background-color":"","background-image":"","background-repeat":"repeat","background-position":"center center","background-size":"auto","background-attachment":"scroll","background-type":"","background-media":"","overlay-type":"","overlay-color":"","overlay-opacity":"","overlay-gradient":""}},"ast-content-background-meta":{"desktop":{"background-color":"var(--ast-global-color-5)","background-image":"","background-repeat":"repeat","background-position":"center center","background-size":"auto","background-attachment":"scroll","background-type":"","background-media":"","overlay-type":"","overlay-color":"","overlay-opacity":"","overlay-gradient":""},"tablet":{"background-color":"var(--ast-global-color-5)","background-image":"","background-repeat":"repeat","background-position":"center center","background-size":"auto","background-attachment":"scroll","background-type":"","background-media":"","overlay-type":"","overlay-color":"","overlay-opacity":"","overlay-gradient":""},"mobile":{"background-color":"var(--ast-global-color-5)","background-image":"","background-repeat":"repeat","background-position":"center center","background-size":"auto","background-attachment":"scroll","background-type":"","background-media":"","overlay-type":"","overlay-color":"","overlay-opacity":"","overlay-gradient":""}}},"breedte":[],"design-oppervlakte":[420],"design-opstelling":[460],"design-optie":[397,461],"diepte":[],"oppervlakte":[],"opstelling":[],"optie":[],"pijler":[],"product_brand":[],"product_cat":[422,399,388,390,391,462,389],"product_tag":[],"class_list":{"0":"post-15584","1":"product","2":"type-product","3":"status-publish","4":"has-post-thumbnail","6":"design-oppervlakte-40-m2-et-plus","7":"design-opstelling-support-dilot","8":"design-optie-bureau","9":"design-optie-support-dilot","10":"product_cat-40-m2-et-plus","11":"product_cat-bureau","12":"product_cat-conception","13":"product_cat-options-fr","14":"product_cat-stand-dexposition-type","15":"product_cat-support-dilot","16":"product_cat-surface-fr","17":"desktop-align-left","18":"tablet-align-left","19":"mobile-align-left","21":"first","22":"instock","23":"shipping-taxable","24":"product-type-simple"},"acf":[],"_links":{"self":[{"href":"https:\/\/beurswand2026.webdeveloperz.nl\/fr\/wp-json\/wp\/v2\/product\/15584","targetHints":{"allow":["GET"]}}],"collection":[{"href":"https:\/\/beurswand2026.webdeveloperz.nl\/fr\/wp-json\/wp\/v2\/product"}],"about":[{"href":"https:\/\/beurswand2026.webdeveloperz.nl\/fr\/wp-json\/wp\/v2\/types\/product"}],"replies":[{"embeddable":true,"href":"https:\/\/beurswand2026.webdeveloperz.nl\/fr\/wp-json\/wp\/v2\/comments?post=15584"}],"version-history":[{"count":1,"href":"https:\/\/beurswand2026.webdeveloperz.nl\/fr\/wp-json\/wp\/v2\/product\/15584\/revisions"}],"predecessor-version":[{"id":18842,"href":"https:\/\/beurswand2026.webdeveloperz.nl\/fr\/wp-json\/wp\/v2\/product\/15584\/revisions\/18842"}],"wp:featuredmedia":[{"embeddable":true,"href":"https:\/\/beurswand2026.webdeveloperz.nl\/fr\/wp-json\/wp\/v2\/media\/11190"}],"wp:attachment":[{"href":"https:\/\/beurswand2026.webdeveloperz.nl\/fr\/wp-json\/wp\/v2\/media?parent=15584"}],"wp:term":[{"taxonomy":"breedte","embeddable":true,"href":"https:\/\/beurswand2026.webdeveloperz.nl\/fr\/wp-json\/wp\/v2\/breedte?post=15584"},{"taxonomy":"design-oppervlakte","embeddable":true,"href":"https:\/\/beurswand2026.webdeveloperz.nl\/fr\/wp-json\/wp\/v2\/design-oppervlakte?post=15584"},{"taxonomy":"design-opstelling","embeddable":true,"href":"https:\/\/beurswand2026.webdeveloperz.nl\/fr\/wp-json\/wp\/v2\/design-opstelling?post=15584"},{"taxonomy":"design-optie","embeddable":true,"href":"https:\/\/beurswand2026.webdeveloperz.nl\/fr\/wp-json\/wp\/v2\/design-optie?post=15584"},{"taxonomy":"diepte","embeddable":true,"href":"https:\/\/beurswand2026.webdeveloperz.nl\/fr\/wp-json\/wp\/v2\/diepte?post=15584"},{"taxonomy":"oppervlakte","embeddable":true,"href":"https:\/\/beurswand2026.webdeveloperz.nl\/fr\/wp-json\/wp\/v2\/oppervlakte?post=15584"},{"taxonomy":"opstelling","embeddable":true,"href":"https:\/\/beurswand2026.webdeveloperz.nl\/fr\/wp-json\/wp\/v2\/opstelling?post=15584"},{"taxonomy":"optie","embeddable":true,"href":"https:\/\/beurswand2026.webdeveloperz.nl\/fr\/wp-json\/wp\/v2\/optie?post=15584"},{"taxonomy":"pijler","embeddable":true,"href":"https:\/\/beurswand2026.webdeveloperz.nl\/fr\/wp-json\/wp\/v2\/pijler?post=15584"},{"taxonomy":"product_brand","embeddable":true,"href":"https:\/\/beurswand2026.webdeveloperz.nl\/fr\/wp-json\/wp\/v2\/product_brand?post=15584"},{"taxonomy":"product_cat","embeddable":true,"href":"https:\/\/beurswand2026.webdeveloperz.nl\/fr\/wp-json\/wp\/v2\/product_cat?post=15584"},{"taxonomy":"product_tag","embeddable":true,"href":"https:\/\/beurswand2026.webdeveloperz.nl\/fr\/wp-json\/wp\/v2\/product_tag?post=15584"}],"curies":[{"name":"wp","href":"https:\/\/api.w.org\/{rel}","templated":true}]}}