{"id":15559,"date":"2023-10-12T15:24:20","date_gmt":"2023-10-12T15:24:20","guid":{"rendered":"https:\/\/beurswand.nl\/product\/stand-dexposition-design-25\/"},"modified":"2025-04-29T07:49:24","modified_gmt":"2025-04-29T07:49:24","slug":"stand-dexposition-design-25","status":"publish","type":"product","link":"https:\/\/beurswand2026.webdeveloperz.nl\/fr\/product\/stand-dexposition-design-25\/","title":{"rendered":"Stand d&rsquo;exposition Design 25"},"content":{"rendered":"<p><strong>Stand d&rsquo;exposition exclusif Design 25<\/strong>  <\/p>\n<p>Vous cherchez \u00e0 attirer l&rsquo;attention sur votre prochain \u00e9v\u00e9nement ? R\u00e9v\u00e9lez le potentiel de votre marque gr\u00e2ce \u00e0 notre \u00e9chantillon de Stand d&rsquo;exposition 25. Avec une taille impressionnante de plus de 150 m2, ce stand insulaire garantit une visibilit\u00e9 et un impact maximum.<\/p>\n<p>La fonctionnalit\u00e9 rencontre le design : notre stand est \u00e9quip\u00e9 d&rsquo;un bureau \u00e9l\u00e9gant pour toutes vos pr\u00e9sentations, d&rsquo;un solide syst\u00e8me de truss pour l&rsquo;\u00e9clairage ou les banni\u00e8res, et d&rsquo;un garde-manger pour la commodit\u00e9 de votre \u00e9quipe et de vos visiteurs.<\/p>\n<p>Mais ce n&rsquo;est qu&rsquo;un exemple ! Vous souhaitez personnaliser le design pour qu&rsquo;il corresponde \u00e0 l&rsquo;identit\u00e9 unique de votre marque ? Pas de probl\u00e8me, nous nous ferons un plaisir de le personnaliser \u00e0 votre convenance.<\/p>\n","protected":false},"excerpt":{"rendered":"<p>Stand d&rsquo;exposition exclusif Design 25 Vous cherchez \u00e0 attirer l&rsquo;attention sur votre prochain \u00e9v\u00e9nement ? R\u00e9v\u00e9lez le potentiel de votre marque gr\u00e2ce \u00e0 notre \u00e9chantillon de Stand d&rsquo;exposition 25. Avec une taille impressionnante de plus de 150 m2, ce stand insulaire garantit une visibilit\u00e9 et un impact maximum. La fonctionnalit\u00e9 rencontre le design : notre [&hellip;]<\/p>\n","protected":false},"featured_media":11007,"comment_status":"closed","ping_status":"open","template":"","meta":{"_acf_changed":false,"site-sidebar-layout":"default","site-content-layout":"","ast-site-content-layout":"default","site-content-style":"default","site-sidebar-style":"default","ast-global-header-display":"","ast-banner-title-visibility":"","ast-main-header-display":"","ast-hfb-above-header-display":"","ast-hfb-below-header-display":"","ast-hfb-mobile-header-display":"","site-post-title":"","ast-breadcrumbs-content":"","ast-featured-img":"","footer-sml-layout":"","ast-disable-related-posts":"","theme-transparent-header-meta":"","adv-header-id-meta":"","stick-header-meta":"","header-above-stick-meta":"","header-main-stick-meta":"","header-below-stick-meta":"","astra-migrate-meta-layouts":"default","ast-page-background-enabled":"default","ast-page-background-meta":{"desktop":{"background-color":"","background-image":"","background-repeat":"repeat","background-position":"center center","background-size":"auto","background-attachment":"scroll","background-type":"","background-media":"","overlay-type":"","overlay-color":"","overlay-opacity":"","overlay-gradient":""},"tablet":{"background-color":"","background-image":"","background-repeat":"repeat","background-position":"center center","background-size":"auto","background-attachment":"scroll","background-type":"","background-media":"","overlay-type":"","overlay-color":"","overlay-opacity":"","overlay-gradient":""},"mobile":{"background-color":"","background-image":"","background-repeat":"repeat","background-position":"center center","background-size":"auto","background-attachment":"scroll","background-type":"","background-media":"","overlay-type":"","overlay-color":"","overlay-opacity":"","overlay-gradient":""}},"ast-content-background-meta":{"desktop":{"background-color":"var(--ast-global-color-5)","background-image":"","background-repeat":"repeat","background-position":"center center","background-size":"auto","background-attachment":"scroll","background-type":"","background-media":"","overlay-type":"","overlay-color":"","overlay-opacity":"","overlay-gradient":""},"tablet":{"background-color":"var(--ast-global-color-5)","background-image":"","background-repeat":"repeat","background-position":"center center","background-size":"auto","background-attachment":"scroll","background-type":"","background-media":"","overlay-type":"","overlay-color":"","overlay-opacity":"","overlay-gradient":""},"mobile":{"background-color":"var(--ast-global-color-5)","background-image":"","background-repeat":"repeat","background-position":"center center","background-size":"auto","background-attachment":"scroll","background-type":"","background-media":"","overlay-type":"","overlay-color":"","overlay-opacity":"","overlay-gradient":""}}},"breedte":[],"design-oppervlakte":[420],"design-opstelling":[460],"design-optie":[397,398,452,461],"diepte":[],"oppervlakte":[],"opstelling":[],"optie":[],"pijler":[],"product_brand":[],"product_cat":[422,399,388,400,390,454,391,462,389],"product_tag":[],"class_list":{"0":"post-15559","1":"product","2":"type-product","3":"status-publish","4":"has-post-thumbnail","6":"design-oppervlakte-40-m2-et-plus","7":"design-opstelling-support-dilot","8":"design-optie-bureau","9":"design-optie-garde-manger","10":"design-optie-poutrelle","11":"design-optie-support-dilot","12":"product_cat-40-m2-et-plus","13":"product_cat-bureau","14":"product_cat-conception","15":"product_cat-garde-manger","16":"product_cat-options-fr","17":"product_cat-poutrelle","18":"product_cat-stand-dexposition-type","19":"product_cat-support-dilot","20":"product_cat-surface-fr","21":"desktop-align-left","22":"tablet-align-left","23":"mobile-align-left","25":"first","26":"instock","27":"shipping-taxable","28":"product-type-simple"},"acf":[],"_links":{"self":[{"href":"https:\/\/beurswand2026.webdeveloperz.nl\/fr\/wp-json\/wp\/v2\/product\/15559","targetHints":{"allow":["GET"]}}],"collection":[{"href":"https:\/\/beurswand2026.webdeveloperz.nl\/fr\/wp-json\/wp\/v2\/product"}],"about":[{"href":"https:\/\/beurswand2026.webdeveloperz.nl\/fr\/wp-json\/wp\/v2\/types\/product"}],"replies":[{"embeddable":true,"href":"https:\/\/beurswand2026.webdeveloperz.nl\/fr\/wp-json\/wp\/v2\/comments?post=15559"}],"version-history":[{"count":1,"href":"https:\/\/beurswand2026.webdeveloperz.nl\/fr\/wp-json\/wp\/v2\/product\/15559\/revisions"}],"predecessor-version":[{"id":18894,"href":"https:\/\/beurswand2026.webdeveloperz.nl\/fr\/wp-json\/wp\/v2\/product\/15559\/revisions\/18894"}],"wp:featuredmedia":[{"embeddable":true,"href":"https:\/\/beurswand2026.webdeveloperz.nl\/fr\/wp-json\/wp\/v2\/media\/11007"}],"wp:attachment":[{"href":"https:\/\/beurswand2026.webdeveloperz.nl\/fr\/wp-json\/wp\/v2\/media?parent=15559"}],"wp:term":[{"taxonomy":"breedte","embeddable":true,"href":"https:\/\/beurswand2026.webdeveloperz.nl\/fr\/wp-json\/wp\/v2\/breedte?post=15559"},{"taxonomy":"design-oppervlakte","embeddable":true,"href":"https:\/\/beurswand2026.webdeveloperz.nl\/fr\/wp-json\/wp\/v2\/design-oppervlakte?post=15559"},{"taxonomy":"design-opstelling","embeddable":true,"href":"https:\/\/beurswand2026.webdeveloperz.nl\/fr\/wp-json\/wp\/v2\/design-opstelling?post=15559"},{"taxonomy":"design-optie","embeddable":true,"href":"https:\/\/beurswand2026.webdeveloperz.nl\/fr\/wp-json\/wp\/v2\/design-optie?post=15559"},{"taxonomy":"diepte","embeddable":true,"href":"https:\/\/beurswand2026.webdeveloperz.nl\/fr\/wp-json\/wp\/v2\/diepte?post=15559"},{"taxonomy":"oppervlakte","embeddable":true,"href":"https:\/\/beurswand2026.webdeveloperz.nl\/fr\/wp-json\/wp\/v2\/oppervlakte?post=15559"},{"taxonomy":"opstelling","embeddable":true,"href":"https:\/\/beurswand2026.webdeveloperz.nl\/fr\/wp-json\/wp\/v2\/opstelling?post=15559"},{"taxonomy":"optie","embeddable":true,"href":"https:\/\/beurswand2026.webdeveloperz.nl\/fr\/wp-json\/wp\/v2\/optie?post=15559"},{"taxonomy":"pijler","embeddable":true,"href":"https:\/\/beurswand2026.webdeveloperz.nl\/fr\/wp-json\/wp\/v2\/pijler?post=15559"},{"taxonomy":"product_brand","embeddable":true,"href":"https:\/\/beurswand2026.webdeveloperz.nl\/fr\/wp-json\/wp\/v2\/product_brand?post=15559"},{"taxonomy":"product_cat","embeddable":true,"href":"https:\/\/beurswand2026.webdeveloperz.nl\/fr\/wp-json\/wp\/v2\/product_cat?post=15559"},{"taxonomy":"product_tag","embeddable":true,"href":"https:\/\/beurswand2026.webdeveloperz.nl\/fr\/wp-json\/wp\/v2\/product_tag?post=15559"}],"curies":[{"name":"wp","href":"https:\/\/api.w.org\/{rel}","templated":true}]}}