{"id":15529,"date":"2023-10-12T15:10:42","date_gmt":"2023-10-12T15:10:42","guid":{"rendered":"https:\/\/beurswand.nl\/product\/conception-de-stands-dexposition-14\/"},"modified":"2025-04-29T07:49:42","modified_gmt":"2025-04-29T07:49:42","slug":"conception-de-stands-dexposition-14","status":"publish","type":"product","link":"https:\/\/beurswand2026.webdeveloperz.nl\/fr\/product\/conception-de-stands-dexposition-14\/","title":{"rendered":"Stand d&rsquo;exposition Design 14"},"content":{"rendered":"<p><strong>Stand d&rsquo;exposition unique 14 - L&rsquo;ensemble complet pour votre Presentaci\u00f3n !<\/strong><\/p>\n<p>Mettez votre marque sous les feux de la rampe gr\u00e2ce \u00e0 notre Stand d&rsquo;exposition 14 exclusif. Avec une surface g\u00e9n\u00e9reuse de plus de 18 m\u00b2, ce stand d&rsquo;angle promet une visibilit\u00e9 et un impact maximum. L&rsquo;arche \u00e9l\u00e9gante attire imm\u00e9diatement l&rsquo;attention, tandis que le garde-manger int\u00e9gr\u00e9 apporte une touche fonctionnelle, id\u00e9ale pour servir des snacks ou des boissons. Et pour ajouter encore plus de cachet, ce support est \u00e9quip\u00e9 d&rsquo;un plancher sur\u00e9lev\u00e9 - id\u00e9al pour un look luxueux et une gestion cach\u00e9e des c\u00e2bles.<\/p>\n<p>Il ne s&rsquo;agit que d&rsquo;un exemple. Nous nous ferons un plaisir d&rsquo;adapter chaque projet \u00e0 vos besoins et exigences sp\u00e9cifiques. Vous souhaitez en savoir plus ou obtenir un devis personnalis\u00e9 ? Remplissez le formulaire de contact ci-dessous et d\u00e9couvrez les possibilit\u00e9s infinies pour votre pr\u00e9sentation de salon parfaite. \u2728<\/p>\n","protected":false},"excerpt":{"rendered":"<p>Stand d&rsquo;exposition unique 14 - L&rsquo;ensemble complet pour votre Presentaci\u00f3n ! Mettez votre marque sous les feux de la rampe gr\u00e2ce \u00e0 notre Stand d&rsquo;exposition 14 exclusif. Avec une surface g\u00e9n\u00e9reuse de plus de 18 m\u00b2, ce stand d&rsquo;angle promet une visibilit\u00e9 et un impact maximum. L&rsquo;arche \u00e9l\u00e9gante attire imm\u00e9diatement l&rsquo;attention, tandis que le garde-manger [&hellip;]<\/p>\n","protected":false},"featured_media":10880,"comment_status":"closed","ping_status":"open","template":"","meta":{"_acf_changed":false,"site-sidebar-layout":"default","site-content-layout":"","ast-site-content-layout":"default","site-content-style":"default","site-sidebar-style":"default","ast-global-header-display":"","ast-banner-title-visibility":"","ast-main-header-display":"","ast-hfb-above-header-display":"","ast-hfb-below-header-display":"","ast-hfb-mobile-header-display":"","site-post-title":"","ast-breadcrumbs-content":"","ast-featured-img":"","footer-sml-layout":"","ast-disable-related-posts":"","theme-transparent-header-meta":"","adv-header-id-meta":"","stick-header-meta":"","header-above-stick-meta":"","header-main-stick-meta":"","header-below-stick-meta":"","astra-migrate-meta-layouts":"default","ast-page-background-enabled":"default","ast-page-background-meta":{"desktop":{"background-color":"","background-image":"","background-repeat":"repeat","background-position":"center center","background-size":"auto","background-attachment":"scroll","background-type":"","background-media":"","overlay-type":"","overlay-color":"","overlay-opacity":"","overlay-gradient":""},"tablet":{"background-color":"","background-image":"","background-repeat":"repeat","background-position":"center center","background-size":"auto","background-attachment":"scroll","background-type":"","background-media":"","overlay-type":"","overlay-color":"","overlay-opacity":"","overlay-gradient":""},"mobile":{"background-color":"","background-image":"","background-repeat":"repeat","background-position":"center center","background-size":"auto","background-attachment":"scroll","background-type":"","background-media":"","overlay-type":"","overlay-color":"","overlay-opacity":"","overlay-gradient":""}},"ast-content-background-meta":{"desktop":{"background-color":"var(--ast-global-color-5)","background-image":"","background-repeat":"repeat","background-position":"center center","background-size":"auto","background-attachment":"scroll","background-type":"","background-media":"","overlay-type":"","overlay-color":"","overlay-opacity":"","overlay-gradient":""},"tablet":{"background-color":"var(--ast-global-color-5)","background-image":"","background-repeat":"repeat","background-position":"center center","background-size":"auto","background-attachment":"scroll","background-type":"","background-media":"","overlay-type":"","overlay-color":"","overlay-opacity":"","overlay-gradient":""},"mobile":{"background-color":"var(--ast-global-color-5)","background-image":"","background-repeat":"repeat","background-position":"center center","background-size":"auto","background-attachment":"scroll","background-type":"","background-media":"","overlay-type":"","overlay-color":"","overlay-opacity":"","overlay-gradient":""}}},"breedte":[],"design-oppervlakte":[385],"design-opstelling":[440],"design-optie":[387,398,442],"diepte":[],"oppervlakte":[],"opstelling":[],"optie":[],"pijler":[],"product_brand":[],"product_cat":[393,394,388,400,390,443,391,441,389],"product_tag":[],"class_list":{"0":"post-15529","1":"product","2":"type-product","3":"status-publish","4":"has-post-thumbnail","6":"design-oppervlakte-1-24-m2-fr","7":"design-opstelling-support-dangle","8":"design-optie-arche","9":"design-optie-garde-manger","10":"design-optie-plancher-sureleve","11":"product_cat-1-24-m2-fr","12":"product_cat-arche","13":"product_cat-conception","14":"product_cat-garde-manger","15":"product_cat-options-fr","16":"product_cat-plancher-sureleve","17":"product_cat-stand-dexposition-type","18":"product_cat-support-dangle","19":"product_cat-surface-fr","20":"desktop-align-left","21":"tablet-align-left","22":"mobile-align-left","24":"first","25":"instock","26":"shipping-taxable","27":"product-type-simple"},"acf":[],"_links":{"self":[{"href":"https:\/\/beurswand2026.webdeveloperz.nl\/fr\/wp-json\/wp\/v2\/product\/15529","targetHints":{"allow":["GET"]}}],"collection":[{"href":"https:\/\/beurswand2026.webdeveloperz.nl\/fr\/wp-json\/wp\/v2\/product"}],"about":[{"href":"https:\/\/beurswand2026.webdeveloperz.nl\/fr\/wp-json\/wp\/v2\/types\/product"}],"replies":[{"embeddable":true,"href":"https:\/\/beurswand2026.webdeveloperz.nl\/fr\/wp-json\/wp\/v2\/comments?post=15529"}],"version-history":[{"count":1,"href":"https:\/\/beurswand2026.webdeveloperz.nl\/fr\/wp-json\/wp\/v2\/product\/15529\/revisions"}],"predecessor-version":[{"id":18904,"href":"https:\/\/beurswand2026.webdeveloperz.nl\/fr\/wp-json\/wp\/v2\/product\/15529\/revisions\/18904"}],"wp:featuredmedia":[{"embeddable":true,"href":"https:\/\/beurswand2026.webdeveloperz.nl\/fr\/wp-json\/wp\/v2\/media\/10880"}],"wp:attachment":[{"href":"https:\/\/beurswand2026.webdeveloperz.nl\/fr\/wp-json\/wp\/v2\/media?parent=15529"}],"wp:term":[{"taxonomy":"breedte","embeddable":true,"href":"https:\/\/beurswand2026.webdeveloperz.nl\/fr\/wp-json\/wp\/v2\/breedte?post=15529"},{"taxonomy":"design-oppervlakte","embeddable":true,"href":"https:\/\/beurswand2026.webdeveloperz.nl\/fr\/wp-json\/wp\/v2\/design-oppervlakte?post=15529"},{"taxonomy":"design-opstelling","embeddable":true,"href":"https:\/\/beurswand2026.webdeveloperz.nl\/fr\/wp-json\/wp\/v2\/design-opstelling?post=15529"},{"taxonomy":"design-optie","embeddable":true,"href":"https:\/\/beurswand2026.webdeveloperz.nl\/fr\/wp-json\/wp\/v2\/design-optie?post=15529"},{"taxonomy":"diepte","embeddable":true,"href":"https:\/\/beurswand2026.webdeveloperz.nl\/fr\/wp-json\/wp\/v2\/diepte?post=15529"},{"taxonomy":"oppervlakte","embeddable":true,"href":"https:\/\/beurswand2026.webdeveloperz.nl\/fr\/wp-json\/wp\/v2\/oppervlakte?post=15529"},{"taxonomy":"opstelling","embeddable":true,"href":"https:\/\/beurswand2026.webdeveloperz.nl\/fr\/wp-json\/wp\/v2\/opstelling?post=15529"},{"taxonomy":"optie","embeddable":true,"href":"https:\/\/beurswand2026.webdeveloperz.nl\/fr\/wp-json\/wp\/v2\/optie?post=15529"},{"taxonomy":"pijler","embeddable":true,"href":"https:\/\/beurswand2026.webdeveloperz.nl\/fr\/wp-json\/wp\/v2\/pijler?post=15529"},{"taxonomy":"product_brand","embeddable":true,"href":"https:\/\/beurswand2026.webdeveloperz.nl\/fr\/wp-json\/wp\/v2\/product_brand?post=15529"},{"taxonomy":"product_cat","embeddable":true,"href":"https:\/\/beurswand2026.webdeveloperz.nl\/fr\/wp-json\/wp\/v2\/product_cat?post=15529"},{"taxonomy":"product_tag","embeddable":true,"href":"https:\/\/beurswand2026.webdeveloperz.nl\/fr\/wp-json\/wp\/v2\/product_tag?post=15529"}],"curies":[{"name":"wp","href":"https:\/\/api.w.org\/{rel}","templated":true}]}}