{"id":15523,"date":"2023-10-12T14:03:11","date_gmt":"2023-10-12T14:03:11","guid":{"rendered":"https:\/\/beurswand.nl\/product\/conception-de-stands-dexposition-9\/"},"modified":"2025-04-29T07:50:19","modified_gmt":"2025-04-29T07:50:19","slug":"conception-de-stands-dexposition-9","status":"publish","type":"product","link":"https:\/\/beurswand2026.webdeveloperz.nl\/fr\/product\/conception-de-stands-dexposition-9\/","title":{"rendered":"Stand d&rsquo;exposition Designs 9"},"content":{"rendered":"<p><strong>Stand d&rsquo;exposition unique 9 - Cr\u00e9ez de l&rsquo;impact sur un grand format !<\/strong><\/p>\n<p>Entrez dans l&rsquo;avenir des pr\u00e9sentations de salon avec notre Stand d&rsquo;exposition 9 personnalis\u00e9. Cet impressionnant stand interm\u00e9diaire de plus de 96 m2 est le moyen de se faire remarquer et de mettre votre marque sur la carte.<\/p>\n<p>Des accents rayonnants ? Le mur de LED int\u00e9gr\u00e9 offre une exp\u00e9rience visuelle in\u00e9gal\u00e9e. La fonctionnalit\u00e9 et le style sont r\u00e9unis dans un bureau parfait pour les interactions. Gr\u00e2ce au syst\u00e8me de treillis, ce stand s&rsquo;adapte facilement \u00e0 vos besoins sp\u00e9cifiques. Marchez confortablement et avec style sur le plancher sur\u00e9lev\u00e9 et profitez du garde-manger int\u00e9gr\u00e9 pour une exp\u00e9rience client sans faille.<\/p>\n<p>Ce n&rsquo;est qu&rsquo;un exemple ; personnalisez-le en fonction de vos go\u00fbts et de vos besoins. \u00cates-vous pr\u00eat \u00e0 vivre une exp\u00e9rience d&rsquo;exposition inoubliable ? Demandez plus d&rsquo;informations en utilisant le formulaire de contact ci-dessous. Votre vision, notre expertise. Ensemble, nous cr\u00e9ons la magie !<\/p>\n","protected":false},"excerpt":{"rendered":"<p>Stand d&rsquo;exposition unique 9 - Cr\u00e9ez de l&rsquo;impact sur un grand format ! Entrez dans l&rsquo;avenir des pr\u00e9sentations de salon avec notre Stand d&rsquo;exposition 9 personnalis\u00e9. Cet impressionnant stand interm\u00e9diaire de plus de 96 m2 est le moyen de se faire remarquer et de mettre votre marque sur la carte. Des accents rayonnants ? Le [&hellip;]<\/p>\n","protected":false},"featured_media":10810,"comment_status":"closed","ping_status":"closed","template":"","meta":{"_acf_changed":false,"site-sidebar-layout":"default","site-content-layout":"","ast-site-content-layout":"default","site-content-style":"default","site-sidebar-style":"default","ast-global-header-display":"","ast-banner-title-visibility":"","ast-main-header-display":"","ast-hfb-above-header-display":"","ast-hfb-below-header-display":"","ast-hfb-mobile-header-display":"","site-post-title":"","ast-breadcrumbs-content":"","ast-featured-img":"","footer-sml-layout":"","ast-disable-related-posts":"","theme-transparent-header-meta":"default","adv-header-id-meta":"","stick-header-meta":"default","header-above-stick-meta":"","header-main-stick-meta":"","header-below-stick-meta":"","astra-migrate-meta-layouts":"default","ast-page-background-enabled":"default","ast-page-background-meta":{"desktop":{"background-color":"","background-image":"","background-repeat":"repeat","background-position":"center center","background-size":"auto","background-attachment":"scroll","background-type":"","background-media":"","overlay-type":"","overlay-color":"","overlay-opacity":"","overlay-gradient":""},"tablet":{"background-color":"","background-image":"","background-repeat":"repeat","background-position":"center center","background-size":"auto","background-attachment":"scroll","background-type":"","background-media":"","overlay-type":"","overlay-color":"","overlay-opacity":"","overlay-gradient":""},"mobile":{"background-color":"","background-image":"","background-repeat":"repeat","background-position":"center center","background-size":"auto","background-attachment":"scroll","background-type":"","background-media":"","overlay-type":"","overlay-color":"","overlay-opacity":"","overlay-gradient":""}},"ast-content-background-meta":{"desktop":{"background-color":"var(--ast-global-color-5)","background-image":"","background-repeat":"repeat","background-position":"center center","background-size":"auto","background-attachment":"scroll","background-type":"","background-media":"","overlay-type":"","overlay-color":"","overlay-opacity":"","overlay-gradient":""},"tablet":{"background-color":"var(--ast-global-color-5)","background-image":"","background-repeat":"repeat","background-position":"center center","background-size":"auto","background-attachment":"scroll","background-type":"","background-media":"","overlay-type":"","overlay-color":"","overlay-opacity":"","overlay-gradient":""},"mobile":{"background-color":"var(--ast-global-color-5)","background-image":"","background-repeat":"repeat","background-position":"center center","background-size":"auto","background-attachment":"scroll","background-type":"","background-media":"","overlay-type":"","overlay-color":"","overlay-opacity":"","overlay-gradient":""}}},"breedte":[],"design-oppervlakte":[420],"design-opstelling":[438],"design-optie":[397,398,424,442,452],"diepte":[],"oppervlakte":[],"opstelling":[],"optie":[],"pijler":[],"product_brand":[],"product_cat":[422,399,439,388,400,425,390,443,454,391,389],"product_tag":[],"class_list":{"0":"post-15523","1":"product","2":"type-product","3":"status-publish","4":"has-post-thumbnail","6":"design-oppervlakte-40-m2-et-plus","7":"design-opstelling-stand-intermediaire","8":"design-optie-bureau","9":"design-optie-garde-manger","10":"design-optie-mur-de-led","11":"design-optie-plancher-sureleve","12":"design-optie-poutrelle","13":"product_cat-40-m2-et-plus","14":"product_cat-bureau","15":"product_cat-classement","16":"product_cat-conception","17":"product_cat-garde-manger","18":"product_cat-mur-de-led","19":"product_cat-options-fr","20":"product_cat-plancher-sureleve","21":"product_cat-poutrelle","22":"product_cat-stand-dexposition-type","23":"product_cat-surface-fr","24":"desktop-align-left","25":"tablet-align-left","26":"mobile-align-left","28":"first","29":"instock","30":"shipping-taxable","31":"product-type-simple"},"acf":[],"_links":{"self":[{"href":"https:\/\/beurswand2026.webdeveloperz.nl\/fr\/wp-json\/wp\/v2\/product\/15523","targetHints":{"allow":["GET"]}}],"collection":[{"href":"https:\/\/beurswand2026.webdeveloperz.nl\/fr\/wp-json\/wp\/v2\/product"}],"about":[{"href":"https:\/\/beurswand2026.webdeveloperz.nl\/fr\/wp-json\/wp\/v2\/types\/product"}],"replies":[{"embeddable":true,"href":"https:\/\/beurswand2026.webdeveloperz.nl\/fr\/wp-json\/wp\/v2\/comments?post=15523"}],"version-history":[{"count":1,"href":"https:\/\/beurswand2026.webdeveloperz.nl\/fr\/wp-json\/wp\/v2\/product\/15523\/revisions"}],"predecessor-version":[{"id":18945,"href":"https:\/\/beurswand2026.webdeveloperz.nl\/fr\/wp-json\/wp\/v2\/product\/15523\/revisions\/18945"}],"wp:featuredmedia":[{"embeddable":true,"href":"https:\/\/beurswand2026.webdeveloperz.nl\/fr\/wp-json\/wp\/v2\/media\/10810"}],"wp:attachment":[{"href":"https:\/\/beurswand2026.webdeveloperz.nl\/fr\/wp-json\/wp\/v2\/media?parent=15523"}],"wp:term":[{"taxonomy":"breedte","embeddable":true,"href":"https:\/\/beurswand2026.webdeveloperz.nl\/fr\/wp-json\/wp\/v2\/breedte?post=15523"},{"taxonomy":"design-oppervlakte","embeddable":true,"href":"https:\/\/beurswand2026.webdeveloperz.nl\/fr\/wp-json\/wp\/v2\/design-oppervlakte?post=15523"},{"taxonomy":"design-opstelling","embeddable":true,"href":"https:\/\/beurswand2026.webdeveloperz.nl\/fr\/wp-json\/wp\/v2\/design-opstelling?post=15523"},{"taxonomy":"design-optie","embeddable":true,"href":"https:\/\/beurswand2026.webdeveloperz.nl\/fr\/wp-json\/wp\/v2\/design-optie?post=15523"},{"taxonomy":"diepte","embeddable":true,"href":"https:\/\/beurswand2026.webdeveloperz.nl\/fr\/wp-json\/wp\/v2\/diepte?post=15523"},{"taxonomy":"oppervlakte","embeddable":true,"href":"https:\/\/beurswand2026.webdeveloperz.nl\/fr\/wp-json\/wp\/v2\/oppervlakte?post=15523"},{"taxonomy":"opstelling","embeddable":true,"href":"https:\/\/beurswand2026.webdeveloperz.nl\/fr\/wp-json\/wp\/v2\/opstelling?post=15523"},{"taxonomy":"optie","embeddable":true,"href":"https:\/\/beurswand2026.webdeveloperz.nl\/fr\/wp-json\/wp\/v2\/optie?post=15523"},{"taxonomy":"pijler","embeddable":true,"href":"https:\/\/beurswand2026.webdeveloperz.nl\/fr\/wp-json\/wp\/v2\/pijler?post=15523"},{"taxonomy":"product_brand","embeddable":true,"href":"https:\/\/beurswand2026.webdeveloperz.nl\/fr\/wp-json\/wp\/v2\/product_brand?post=15523"},{"taxonomy":"product_cat","embeddable":true,"href":"https:\/\/beurswand2026.webdeveloperz.nl\/fr\/wp-json\/wp\/v2\/product_cat?post=15523"},{"taxonomy":"product_tag","embeddable":true,"href":"https:\/\/beurswand2026.webdeveloperz.nl\/fr\/wp-json\/wp\/v2\/product_tag?post=15523"}],"curies":[{"name":"wp","href":"https:\/\/api.w.org\/{rel}","templated":true}]}}