{"id":15514,"date":"2023-10-12T13:58:20","date_gmt":"2023-10-12T13:58:20","guid":{"rendered":"https:\/\/beurswand.nl\/product\/beursstand-design-8\/"},"modified":"2025-04-29T07:36:14","modified_gmt":"2025-04-29T07:36:14","slug":"beursstand-design-8","status":"publish","type":"product","link":"https:\/\/beurswand2026.webdeveloperz.nl\/fr\/product\/beursstand-design-8\/","title":{"rendered":"Stand d&rsquo;exposition Design 8"},"content":{"rendered":"<p><strong>Stand d&rsquo;exposition d&rsquo;angle unique en son genre !<\/strong><\/p>\n<p>Pr\u00e9sentez votre marque d&rsquo;une mani\u00e8re in\u00e9gal\u00e9e gr\u00e2ce \u00e0 notre Stand d&rsquo;exposition d&rsquo;une conception exclusive 8. Avec une superficie g\u00e9n\u00e9reuse de plus de 28 m^2, vous disposez de tout l&rsquo;espace n\u00e9cessaire pour pr\u00e9senter vos produits ou services. Ce stand d&rsquo;angle sur mesure est parfait pour une visibilit\u00e9 de premier plan lors d&rsquo;un salon.<\/p>\n<p>\u2728 <strong>Caract\u00e9ristiques :<\/strong><\/p>\n<ul>\n<li><strong>Grand format :<\/strong> plus de 28 m^2 pour une pr\u00e9sentation impressionnante.<\/li>\n<li><strong>Stand d&rsquo;angle :<\/strong> utilisation optimale de l&rsquo;espace et visibilit\u00e9 accrue.<\/li>\n<li><strong>Bureau int\u00e9gr\u00e9 :<\/strong> un meuble \u00e9l\u00e9gant et fonctionnel pour interagir avec les visiteurs.<\/li>\n<li><strong>Mur LED spectaculaire :<\/strong> laissez votre message briller et attirez l&rsquo;attention de chaque visiteur.<\/li>\n<\/ul>\n<p>Ce n&rsquo;est qu&rsquo;un exemple ! Nous nous ferons un plaisir d&rsquo;adapter la conception \u00e0 vos besoins sp\u00e9cifiques. Curieux de conna\u00eetre les possibilit\u00e9s ? Demandez plus d&rsquo;informations en utilisant le formulaire de contact ci-dessous. Saisissez cette opportunit\u00e9 et faites une impression durable lors de votre prochain salon !<\/p>\n","protected":false},"excerpt":{"rendered":"<p>Stand d&rsquo;exposition d&rsquo;angle unique en son genre ! Pr\u00e9sentez votre marque d&rsquo;une mani\u00e8re in\u00e9gal\u00e9e gr\u00e2ce \u00e0 notre Stand d&rsquo;exposition d&rsquo;une conception exclusive 8. Avec une superficie g\u00e9n\u00e9reuse de plus de 28 m^2, vous disposez de tout l&rsquo;espace n\u00e9cessaire pour pr\u00e9senter vos produits ou services. Ce stand d&rsquo;angle sur mesure est parfait pour une visibilit\u00e9 de [&hellip;]<\/p>\n","protected":false},"featured_media":10798,"comment_status":"closed","ping_status":"closed","template":"","meta":{"_acf_changed":false,"site-sidebar-layout":"default","site-content-layout":"","ast-site-content-layout":"default","site-content-style":"default","site-sidebar-style":"default","ast-global-header-display":"","ast-banner-title-visibility":"","ast-main-header-display":"","ast-hfb-above-header-display":"","ast-hfb-below-header-display":"","ast-hfb-mobile-header-display":"","site-post-title":"","ast-breadcrumbs-content":"","ast-featured-img":"","footer-sml-layout":"","ast-disable-related-posts":"","theme-transparent-header-meta":"default","adv-header-id-meta":"","stick-header-meta":"default","header-above-stick-meta":"","header-main-stick-meta":"","header-below-stick-meta":"","astra-migrate-meta-layouts":"default","ast-page-background-enabled":"default","ast-page-background-meta":{"desktop":{"background-color":"","background-image":"","background-repeat":"repeat","background-position":"center center","background-size":"auto","background-attachment":"scroll","background-type":"","background-media":"","overlay-type":"","overlay-color":"","overlay-opacity":"","overlay-gradient":""},"tablet":{"background-color":"","background-image":"","background-repeat":"repeat","background-position":"center center","background-size":"auto","background-attachment":"scroll","background-type":"","background-media":"","overlay-type":"","overlay-color":"","overlay-opacity":"","overlay-gradient":""},"mobile":{"background-color":"","background-image":"","background-repeat":"repeat","background-position":"center center","background-size":"auto","background-attachment":"scroll","background-type":"","background-media":"","overlay-type":"","overlay-color":"","overlay-opacity":"","overlay-gradient":""}},"ast-content-background-meta":{"desktop":{"background-color":"var(--ast-global-color-5)","background-image":"","background-repeat":"repeat","background-position":"center center","background-size":"auto","background-attachment":"scroll","background-type":"","background-media":"","overlay-type":"","overlay-color":"","overlay-opacity":"","overlay-gradient":""},"tablet":{"background-color":"var(--ast-global-color-5)","background-image":"","background-repeat":"repeat","background-position":"center center","background-size":"auto","background-attachment":"scroll","background-type":"","background-media":"","overlay-type":"","overlay-color":"","overlay-opacity":"","overlay-gradient":""},"mobile":{"background-color":"var(--ast-global-color-5)","background-image":"","background-repeat":"repeat","background-position":"center center","background-size":"auto","background-attachment":"scroll","background-type":"","background-media":"","overlay-type":"","overlay-color":"","overlay-opacity":"","overlay-gradient":""}}},"breedte":[],"design-oppervlakte":[396],"design-opstelling":[440],"design-optie":[397,424],"diepte":[],"oppervlakte":[],"opstelling":[],"optie":[],"pijler":[],"product_brand":[],"product_cat":[401,399,388,425,390,391,441,389],"product_tag":[],"class_list":{"0":"post-15514","1":"product","2":"type-product","3":"status-publish","4":"has-post-thumbnail","6":"design-oppervlakte-25-40-m2-fr","7":"design-opstelling-support-dangle","8":"design-optie-bureau","9":"design-optie-mur-de-led","10":"product_cat-25-40-m2-fr","11":"product_cat-bureau","12":"product_cat-conception","13":"product_cat-mur-de-led","14":"product_cat-options-fr","15":"product_cat-stand-dexposition-type","16":"product_cat-support-dangle","17":"product_cat-surface-fr","18":"desktop-align-left","19":"tablet-align-left","20":"mobile-align-left","22":"first","23":"instock","24":"shipping-taxable","25":"product-type-simple"},"acf":[],"_links":{"self":[{"href":"https:\/\/beurswand2026.webdeveloperz.nl\/fr\/wp-json\/wp\/v2\/product\/15514","targetHints":{"allow":["GET"]}}],"collection":[{"href":"https:\/\/beurswand2026.webdeveloperz.nl\/fr\/wp-json\/wp\/v2\/product"}],"about":[{"href":"https:\/\/beurswand2026.webdeveloperz.nl\/fr\/wp-json\/wp\/v2\/types\/product"}],"replies":[{"embeddable":true,"href":"https:\/\/beurswand2026.webdeveloperz.nl\/fr\/wp-json\/wp\/v2\/comments?post=15514"}],"version-history":[{"count":1,"href":"https:\/\/beurswand2026.webdeveloperz.nl\/fr\/wp-json\/wp\/v2\/product\/15514\/revisions"}],"predecessor-version":[{"id":18528,"href":"https:\/\/beurswand2026.webdeveloperz.nl\/fr\/wp-json\/wp\/v2\/product\/15514\/revisions\/18528"}],"wp:featuredmedia":[{"embeddable":true,"href":"https:\/\/beurswand2026.webdeveloperz.nl\/fr\/wp-json\/wp\/v2\/media\/10798"}],"wp:attachment":[{"href":"https:\/\/beurswand2026.webdeveloperz.nl\/fr\/wp-json\/wp\/v2\/media?parent=15514"}],"wp:term":[{"taxonomy":"breedte","embeddable":true,"href":"https:\/\/beurswand2026.webdeveloperz.nl\/fr\/wp-json\/wp\/v2\/breedte?post=15514"},{"taxonomy":"design-oppervlakte","embeddable":true,"href":"https:\/\/beurswand2026.webdeveloperz.nl\/fr\/wp-json\/wp\/v2\/design-oppervlakte?post=15514"},{"taxonomy":"design-opstelling","embeddable":true,"href":"https:\/\/beurswand2026.webdeveloperz.nl\/fr\/wp-json\/wp\/v2\/design-opstelling?post=15514"},{"taxonomy":"design-optie","embeddable":true,"href":"https:\/\/beurswand2026.webdeveloperz.nl\/fr\/wp-json\/wp\/v2\/design-optie?post=15514"},{"taxonomy":"diepte","embeddable":true,"href":"https:\/\/beurswand2026.webdeveloperz.nl\/fr\/wp-json\/wp\/v2\/diepte?post=15514"},{"taxonomy":"oppervlakte","embeddable":true,"href":"https:\/\/beurswand2026.webdeveloperz.nl\/fr\/wp-json\/wp\/v2\/oppervlakte?post=15514"},{"taxonomy":"opstelling","embeddable":true,"href":"https:\/\/beurswand2026.webdeveloperz.nl\/fr\/wp-json\/wp\/v2\/opstelling?post=15514"},{"taxonomy":"optie","embeddable":true,"href":"https:\/\/beurswand2026.webdeveloperz.nl\/fr\/wp-json\/wp\/v2\/optie?post=15514"},{"taxonomy":"pijler","embeddable":true,"href":"https:\/\/beurswand2026.webdeveloperz.nl\/fr\/wp-json\/wp\/v2\/pijler?post=15514"},{"taxonomy":"product_brand","embeddable":true,"href":"https:\/\/beurswand2026.webdeveloperz.nl\/fr\/wp-json\/wp\/v2\/product_brand?post=15514"},{"taxonomy":"product_cat","embeddable":true,"href":"https:\/\/beurswand2026.webdeveloperz.nl\/fr\/wp-json\/wp\/v2\/product_cat?post=15514"},{"taxonomy":"product_tag","embeddable":true,"href":"https:\/\/beurswand2026.webdeveloperz.nl\/fr\/wp-json\/wp\/v2\/product_tag?post=15514"}],"curies":[{"name":"wp","href":"https:\/\/api.w.org\/{rel}","templated":true}]}}