{"id":15506,"date":"2023-10-12T13:31:11","date_gmt":"2023-10-12T13:31:11","guid":{"rendered":"https:\/\/beurswand.nl\/product\/conception-de-stands-dexposition-2\/"},"modified":"2025-04-29T07:50:38","modified_gmt":"2025-04-29T07:50:38","slug":"conception-de-stands-dexposition-2","status":"publish","type":"product","link":"https:\/\/beurswand2026.webdeveloperz.nl\/fr\/product\/conception-de-stands-dexposition-2\/","title":{"rendered":"Stand d&rsquo;exposition Design 2"},"content":{"rendered":"<p>Vous cherchez un stand d&rsquo;exposition qui se d\u00e9marque et qui impressionne ? D\u00e9couvrez notre spectaculaire stand d&rsquo;angle de plus de 50 m2, con\u00e7u pour mettre votre marque en avant et attirer l&rsquo;attention des visiteurs.<\/p>\n<p><strong>Stand d&rsquo;angle de plus de 50 m2 :<\/strong> Avec de l&rsquo;espace pour respirer et lib\u00e9rer votre cr\u00e9ativit\u00e9, notre stand d&rsquo;angle vous donne toutes les chances de pr\u00e9senter votre marque d&rsquo;une mani\u00e8re unique.<\/p>\n<p><strong>Bureau :<\/strong> Notre bureau \u00e9l\u00e9gant est le point central id\u00e9al pour accueillir les clients potentiels et mener des conversations dans un environnement professionnel.<\/p>\n<p><strong>Mur de LED :<\/strong> impressionnez avec notre mur de LED \u00e0 la pointe de la technologie. Faites ressortir votre message avec des couleurs vives et un contenu dynamique qui attire l&rsquo;attention de toutes les personnes pr\u00e9sentes dans la salle.<\/p>\n<p><strong>Poutrelles :<\/strong> nos options de poutrelles offrent non seulement la stabilit\u00e9 mais ajoutent \u00e9galement un aspect moderne \u00e0 votre stand, vous permettant ainsi de garder une longueur d&rsquo;avance sur la concurrence.<\/p>\n<p><strong>Plancher sur\u00e9lev\u00e9 :<\/strong> Cr\u00e9ez une pr\u00e9sentation sur\u00e9lev\u00e9e et accrocheuse gr\u00e2ce \u00e0 notre plancher sur\u00e9lev\u00e9. Cela permettra \u00e0 votre stand de passer \u00e0 la vitesse sup\u00e9rieure.<\/p>\n<p><strong>Service standard :<\/strong> notre \u00e9quipe d\u00e9vou\u00e9e est pr\u00eate \u00e0 vous aider \u00e0 chaque \u00e9tape, de la conception \u00e0 l&rsquo;installation, afin que vous puissiez vous concentrer sur la repr\u00e9sentation r\u00e9ussie de votre marque.<\/p>\n<p>Choisissez notre stand d&rsquo;exposition avec toutes ces options et faites de votre prochaine participation \u00e0 un salon un succ\u00e8s retentissant. Saisissez cette occasion pour impressionner, nouer des contacts et accro\u00eetre la notori\u00e9t\u00e9 de votre marque. Contactez-nous d\u00e8s aujourd&rsquo;hui et d\u00e9couvrez comment nous pouvons am\u00e9liorer votre exp\u00e9rience de l&rsquo;exposition !<\/p>\n","protected":false},"excerpt":{"rendered":"<p>Vous cherchez un stand d&rsquo;exposition qui se d\u00e9marque et qui impressionne ? D\u00e9couvrez notre spectaculaire stand d&rsquo;angle de plus de 50 m2, con\u00e7u pour mettre votre marque en avant et attirer l&rsquo;attention des visiteurs. Stand d&rsquo;angle de plus de 50 m2 : Avec de l&rsquo;espace pour respirer et lib\u00e9rer votre cr\u00e9ativit\u00e9, notre stand d&rsquo;angle vous [&hellip;]<\/p>\n","protected":false},"featured_media":10731,"comment_status":"open","ping_status":"open","template":"","meta":{"_acf_changed":false,"site-sidebar-layout":"default","site-content-layout":"","ast-site-content-layout":"default","site-content-style":"default","site-sidebar-style":"default","ast-global-header-display":"","ast-banner-title-visibility":"","ast-main-header-display":"","ast-hfb-above-header-display":"","ast-hfb-below-header-display":"","ast-hfb-mobile-header-display":"","site-post-title":"","ast-breadcrumbs-content":"","ast-featured-img":"","footer-sml-layout":"","ast-disable-related-posts":"","theme-transparent-header-meta":"","adv-header-id-meta":"","stick-header-meta":"","header-above-stick-meta":"","header-main-stick-meta":"","header-below-stick-meta":"","astra-migrate-meta-layouts":"default","ast-page-background-enabled":"default","ast-page-background-meta":{"desktop":{"background-color":"","background-image":"","background-repeat":"repeat","background-position":"center center","background-size":"auto","background-attachment":"scroll","background-type":"","background-media":"","overlay-type":"","overlay-color":"","overlay-opacity":"","overlay-gradient":""},"tablet":{"background-color":"","background-image":"","background-repeat":"repeat","background-position":"center center","background-size":"auto","background-attachment":"scroll","background-type":"","background-media":"","overlay-type":"","overlay-color":"","overlay-opacity":"","overlay-gradient":""},"mobile":{"background-color":"","background-image":"","background-repeat":"repeat","background-position":"center center","background-size":"auto","background-attachment":"scroll","background-type":"","background-media":"","overlay-type":"","overlay-color":"","overlay-opacity":"","overlay-gradient":""}},"ast-content-background-meta":{"desktop":{"background-color":"var(--ast-global-color-5)","background-image":"","background-repeat":"repeat","background-position":"center center","background-size":"auto","background-attachment":"scroll","background-type":"","background-media":"","overlay-type":"","overlay-color":"","overlay-opacity":"","overlay-gradient":""},"tablet":{"background-color":"var(--ast-global-color-5)","background-image":"","background-repeat":"repeat","background-position":"center center","background-size":"auto","background-attachment":"scroll","background-type":"","background-media":"","overlay-type":"","overlay-color":"","overlay-opacity":"","overlay-gradient":""},"mobile":{"background-color":"var(--ast-global-color-5)","background-image":"","background-repeat":"repeat","background-position":"center center","background-size":"auto","background-attachment":"scroll","background-type":"","background-media":"","overlay-type":"","overlay-color":"","overlay-opacity":"","overlay-gradient":""}}},"breedte":[],"design-oppervlakte":[420],"design-opstelling":[440],"design-optie":[397,424,442,452],"diepte":[],"oppervlakte":[],"opstelling":[],"optie":[],"pijler":[],"product_brand":[],"product_cat":[422,399,388,425,390,443,454,391,441,389],"product_tag":[],"class_list":{"0":"post-15506","1":"product","2":"type-product","3":"status-publish","4":"has-post-thumbnail","6":"design-oppervlakte-40-m2-et-plus","7":"design-opstelling-support-dangle","8":"design-optie-bureau","9":"design-optie-mur-de-led","10":"design-optie-plancher-sureleve","11":"design-optie-poutrelle","12":"product_cat-40-m2-et-plus","13":"product_cat-bureau","14":"product_cat-conception","15":"product_cat-mur-de-led","16":"product_cat-options-fr","17":"product_cat-plancher-sureleve","18":"product_cat-poutrelle","19":"product_cat-stand-dexposition-type","20":"product_cat-support-dangle","21":"product_cat-surface-fr","22":"desktop-align-left","23":"tablet-align-left","24":"mobile-align-left","26":"first","27":"instock","28":"shipping-taxable","29":"product-type-simple"},"acf":[],"_links":{"self":[{"href":"https:\/\/beurswand2026.webdeveloperz.nl\/fr\/wp-json\/wp\/v2\/product\/15506","targetHints":{"allow":["GET"]}}],"collection":[{"href":"https:\/\/beurswand2026.webdeveloperz.nl\/fr\/wp-json\/wp\/v2\/product"}],"about":[{"href":"https:\/\/beurswand2026.webdeveloperz.nl\/fr\/wp-json\/wp\/v2\/types\/product"}],"replies":[{"embeddable":true,"href":"https:\/\/beurswand2026.webdeveloperz.nl\/fr\/wp-json\/wp\/v2\/comments?post=15506"}],"version-history":[{"count":1,"href":"https:\/\/beurswand2026.webdeveloperz.nl\/fr\/wp-json\/wp\/v2\/product\/15506\/revisions"}],"predecessor-version":[{"id":18953,"href":"https:\/\/beurswand2026.webdeveloperz.nl\/fr\/wp-json\/wp\/v2\/product\/15506\/revisions\/18953"}],"wp:featuredmedia":[{"embeddable":true,"href":"https:\/\/beurswand2026.webdeveloperz.nl\/fr\/wp-json\/wp\/v2\/media\/10731"}],"wp:attachment":[{"href":"https:\/\/beurswand2026.webdeveloperz.nl\/fr\/wp-json\/wp\/v2\/media?parent=15506"}],"wp:term":[{"taxonomy":"breedte","embeddable":true,"href":"https:\/\/beurswand2026.webdeveloperz.nl\/fr\/wp-json\/wp\/v2\/breedte?post=15506"},{"taxonomy":"design-oppervlakte","embeddable":true,"href":"https:\/\/beurswand2026.webdeveloperz.nl\/fr\/wp-json\/wp\/v2\/design-oppervlakte?post=15506"},{"taxonomy":"design-opstelling","embeddable":true,"href":"https:\/\/beurswand2026.webdeveloperz.nl\/fr\/wp-json\/wp\/v2\/design-opstelling?post=15506"},{"taxonomy":"design-optie","embeddable":true,"href":"https:\/\/beurswand2026.webdeveloperz.nl\/fr\/wp-json\/wp\/v2\/design-optie?post=15506"},{"taxonomy":"diepte","embeddable":true,"href":"https:\/\/beurswand2026.webdeveloperz.nl\/fr\/wp-json\/wp\/v2\/diepte?post=15506"},{"taxonomy":"oppervlakte","embeddable":true,"href":"https:\/\/beurswand2026.webdeveloperz.nl\/fr\/wp-json\/wp\/v2\/oppervlakte?post=15506"},{"taxonomy":"opstelling","embeddable":true,"href":"https:\/\/beurswand2026.webdeveloperz.nl\/fr\/wp-json\/wp\/v2\/opstelling?post=15506"},{"taxonomy":"optie","embeddable":true,"href":"https:\/\/beurswand2026.webdeveloperz.nl\/fr\/wp-json\/wp\/v2\/optie?post=15506"},{"taxonomy":"pijler","embeddable":true,"href":"https:\/\/beurswand2026.webdeveloperz.nl\/fr\/wp-json\/wp\/v2\/pijler?post=15506"},{"taxonomy":"product_brand","embeddable":true,"href":"https:\/\/beurswand2026.webdeveloperz.nl\/fr\/wp-json\/wp\/v2\/product_brand?post=15506"},{"taxonomy":"product_cat","embeddable":true,"href":"https:\/\/beurswand2026.webdeveloperz.nl\/fr\/wp-json\/wp\/v2\/product_cat?post=15506"},{"taxonomy":"product_tag","embeddable":true,"href":"https:\/\/beurswand2026.webdeveloperz.nl\/fr\/wp-json\/wp\/v2\/product_tag?post=15506"}],"curies":[{"name":"wp","href":"https:\/\/api.w.org\/{rel}","templated":true}]}}