{"id":15489,"date":"2023-10-15T07:08:48","date_gmt":"2023-10-15T07:08:48","guid":{"rendered":"https:\/\/beurswand.nl\/product\/stand-dexposition-design-79\/"},"modified":"2025-04-29T07:46:23","modified_gmt":"2025-04-29T07:46:23","slug":"stand-dexposition-design-79","status":"publish","type":"product","link":"https:\/\/beurswand2026.webdeveloperz.nl\/fr\/product\/stand-dexposition-design-79\/","title":{"rendered":"Stand d&rsquo;exposition Design 79"},"content":{"rendered":"<p><strong>Stand d&rsquo;exposition unique 79 : votre stand d&rsquo;angle parfait !<\/strong><\/p>\n<p>Pr\u00e9sentez votre marque avec brio et professionnalisme gr\u00e2ce \u00e0 notre Stand d&rsquo;exposition Design 79 ! Avec une dimension spatiale de plus de 9 m\u00b2, ce stand d&rsquo;angle offre une pr\u00e9sence frappante qui attirera les visiteurs de toutes parts. L&rsquo;option de bureau int\u00e9gr\u00e9 offre un point de contact central, id\u00e9al pour les interactions, les d\u00e9monstrations de produits ou simplement pour exposer le mat\u00e9riel de votre entreprise.<\/p>\n<p>Chaque stand est plus qu&rsquo;un simple espace, c&rsquo;est une extension de votre marque. Et le meilleur ? Ce n&rsquo;est qu&rsquo;un exemple ! Il peut \u00eatre enti\u00e8rement personnalis\u00e9 pour r\u00e9pondre \u00e0 vos besoins.<\/p>\n<p>Int\u00e9ress\u00e9(e) ? Cliquez sur le formulaire de contact ci-dessous pour obtenir plus d&rsquo;informations. D\u00e9couvrez comment Design 79 peut vous aider \u00e0 faire une impression inoubliable sur le salon. Votre r\u00e9ussite est notre passion. Demandez plus d&rsquo;informations maintenant et commencez \u00e0 personnaliser !<\/p>\n","protected":false},"excerpt":{"rendered":"<p>Stand d&rsquo;exposition unique 79 : votre stand d&rsquo;angle parfait ! Pr\u00e9sentez votre marque avec brio et professionnalisme gr\u00e2ce \u00e0 notre Stand d&rsquo;exposition Design 79 ! Avec une dimension spatiale de plus de 9 m\u00b2, ce stand d&rsquo;angle offre une pr\u00e9sence frappante qui attirera les visiteurs de toutes parts. L&rsquo;option de bureau int\u00e9gr\u00e9 offre un point [&hellip;]<\/p>\n","protected":false},"featured_media":11930,"comment_status":"closed","ping_status":"open","template":"","meta":{"_acf_changed":false,"site-sidebar-layout":"default","site-content-layout":"","ast-site-content-layout":"default","site-content-style":"default","site-sidebar-style":"default","ast-global-header-display":"","ast-banner-title-visibility":"","ast-main-header-display":"","ast-hfb-above-header-display":"","ast-hfb-below-header-display":"","ast-hfb-mobile-header-display":"","site-post-title":"","ast-breadcrumbs-content":"","ast-featured-img":"","footer-sml-layout":"","ast-disable-related-posts":"","theme-transparent-header-meta":"","adv-header-id-meta":"","stick-header-meta":"","header-above-stick-meta":"","header-main-stick-meta":"","header-below-stick-meta":"","astra-migrate-meta-layouts":"default","ast-page-background-enabled":"default","ast-page-background-meta":{"desktop":{"background-color":"","background-image":"","background-repeat":"repeat","background-position":"center center","background-size":"auto","background-attachment":"scroll","background-type":"","background-media":"","overlay-type":"","overlay-color":"","overlay-opacity":"","overlay-gradient":""},"tablet":{"background-color":"","background-image":"","background-repeat":"repeat","background-position":"center center","background-size":"auto","background-attachment":"scroll","background-type":"","background-media":"","overlay-type":"","overlay-color":"","overlay-opacity":"","overlay-gradient":""},"mobile":{"background-color":"","background-image":"","background-repeat":"repeat","background-position":"center center","background-size":"auto","background-attachment":"scroll","background-type":"","background-media":"","overlay-type":"","overlay-color":"","overlay-opacity":"","overlay-gradient":""}},"ast-content-background-meta":{"desktop":{"background-color":"var(--ast-global-color-5)","background-image":"","background-repeat":"repeat","background-position":"center center","background-size":"auto","background-attachment":"scroll","background-type":"","background-media":"","overlay-type":"","overlay-color":"","overlay-opacity":"","overlay-gradient":""},"tablet":{"background-color":"var(--ast-global-color-5)","background-image":"","background-repeat":"repeat","background-position":"center center","background-size":"auto","background-attachment":"scroll","background-type":"","background-media":"","overlay-type":"","overlay-color":"","overlay-opacity":"","overlay-gradient":""},"mobile":{"background-color":"var(--ast-global-color-5)","background-image":"","background-repeat":"repeat","background-position":"center center","background-size":"auto","background-attachment":"scroll","background-type":"","background-media":"","overlay-type":"","overlay-color":"","overlay-opacity":"","overlay-gradient":""}}},"breedte":[],"design-oppervlakte":[385],"design-opstelling":[440],"design-optie":[397],"diepte":[],"oppervlakte":[],"opstelling":[],"optie":[],"pijler":[],"product_brand":[],"product_cat":[393,399,388,390,391,441,389],"product_tag":[],"class_list":{"0":"post-15489","1":"product","2":"type-product","3":"status-publish","4":"has-post-thumbnail","6":"design-oppervlakte-1-24-m2-fr","7":"design-opstelling-support-dangle","8":"design-optie-bureau","9":"product_cat-1-24-m2-fr","10":"product_cat-bureau","11":"product_cat-conception","12":"product_cat-options-fr","13":"product_cat-stand-dexposition-type","14":"product_cat-support-dangle","15":"product_cat-surface-fr","16":"desktop-align-left","17":"tablet-align-left","18":"mobile-align-left","20":"first","21":"instock","22":"shipping-taxable","23":"product-type-simple"},"acf":[],"_links":{"self":[{"href":"https:\/\/beurswand2026.webdeveloperz.nl\/fr\/wp-json\/wp\/v2\/product\/15489","targetHints":{"allow":["GET"]}}],"collection":[{"href":"https:\/\/beurswand2026.webdeveloperz.nl\/fr\/wp-json\/wp\/v2\/product"}],"about":[{"href":"https:\/\/beurswand2026.webdeveloperz.nl\/fr\/wp-json\/wp\/v2\/types\/product"}],"replies":[{"embeddable":true,"href":"https:\/\/beurswand2026.webdeveloperz.nl\/fr\/wp-json\/wp\/v2\/comments?post=15489"}],"version-history":[{"count":1,"href":"https:\/\/beurswand2026.webdeveloperz.nl\/fr\/wp-json\/wp\/v2\/product\/15489\/revisions"}],"predecessor-version":[{"id":18732,"href":"https:\/\/beurswand2026.webdeveloperz.nl\/fr\/wp-json\/wp\/v2\/product\/15489\/revisions\/18732"}],"wp:featuredmedia":[{"embeddable":true,"href":"https:\/\/beurswand2026.webdeveloperz.nl\/fr\/wp-json\/wp\/v2\/media\/11930"}],"wp:attachment":[{"href":"https:\/\/beurswand2026.webdeveloperz.nl\/fr\/wp-json\/wp\/v2\/media?parent=15489"}],"wp:term":[{"taxonomy":"breedte","embeddable":true,"href":"https:\/\/beurswand2026.webdeveloperz.nl\/fr\/wp-json\/wp\/v2\/breedte?post=15489"},{"taxonomy":"design-oppervlakte","embeddable":true,"href":"https:\/\/beurswand2026.webdeveloperz.nl\/fr\/wp-json\/wp\/v2\/design-oppervlakte?post=15489"},{"taxonomy":"design-opstelling","embeddable":true,"href":"https:\/\/beurswand2026.webdeveloperz.nl\/fr\/wp-json\/wp\/v2\/design-opstelling?post=15489"},{"taxonomy":"design-optie","embeddable":true,"href":"https:\/\/beurswand2026.webdeveloperz.nl\/fr\/wp-json\/wp\/v2\/design-optie?post=15489"},{"taxonomy":"diepte","embeddable":true,"href":"https:\/\/beurswand2026.webdeveloperz.nl\/fr\/wp-json\/wp\/v2\/diepte?post=15489"},{"taxonomy":"oppervlakte","embeddable":true,"href":"https:\/\/beurswand2026.webdeveloperz.nl\/fr\/wp-json\/wp\/v2\/oppervlakte?post=15489"},{"taxonomy":"opstelling","embeddable":true,"href":"https:\/\/beurswand2026.webdeveloperz.nl\/fr\/wp-json\/wp\/v2\/opstelling?post=15489"},{"taxonomy":"optie","embeddable":true,"href":"https:\/\/beurswand2026.webdeveloperz.nl\/fr\/wp-json\/wp\/v2\/optie?post=15489"},{"taxonomy":"pijler","embeddable":true,"href":"https:\/\/beurswand2026.webdeveloperz.nl\/fr\/wp-json\/wp\/v2\/pijler?post=15489"},{"taxonomy":"product_brand","embeddable":true,"href":"https:\/\/beurswand2026.webdeveloperz.nl\/fr\/wp-json\/wp\/v2\/product_brand?post=15489"},{"taxonomy":"product_cat","embeddable":true,"href":"https:\/\/beurswand2026.webdeveloperz.nl\/fr\/wp-json\/wp\/v2\/product_cat?post=15489"},{"taxonomy":"product_tag","embeddable":true,"href":"https:\/\/beurswand2026.webdeveloperz.nl\/fr\/wp-json\/wp\/v2\/product_tag?post=15489"}],"curies":[{"name":"wp","href":"https:\/\/api.w.org\/{rel}","templated":true}]}}