{"id":15485,"date":"2023-10-15T07:05:33","date_gmt":"2023-10-15T07:05:33","guid":{"rendered":"https:\/\/beurswand.nl\/product\/stand-dexposition-design-76\/"},"modified":"2025-04-29T07:46:18","modified_gmt":"2025-04-29T07:46:18","slug":"stand-dexposition-design-76","status":"publish","type":"product","link":"https:\/\/beurswand2026.webdeveloperz.nl\/fr\/product\/stand-dexposition-design-76\/","title":{"rendered":"Stand d&rsquo;exposition Design 76"},"content":{"rendered":"<p><strong>Stand d&rsquo;exposition 76 - Exclusif et personnalis\u00e9<\/strong><\/p>\n<p>Entrez dans l&rsquo;avenir des pr\u00e9sentations de foire avec notre impressionnant Design 76 ! Avec une superficie g\u00e9n\u00e9reuse de plus de 40 m\u00b2, ce kiosque offre non seulement beaucoup d&rsquo;espace, mais aussi une visibilit\u00e9 unique depuis trois all\u00e9es. Travaillez efficacement sur un bureau \u00e9l\u00e9gant et offrez \u00e0 vos visiteurs des rafra\u00eechissements provenant du garde-manger int\u00e9gr\u00e9. Ce mod\u00e8le n&rsquo;est qu&rsquo;un exemple ; nous nous ferons un plaisir de l&rsquo;adapter \u00e0 vos besoins et exigences sp\u00e9cifiques.<\/p>\n<p>Sentez l&rsquo;impact que ce stand peut avoir sur votre marque et invitez davantage de visiteurs \u00e0 participer \u00e0 ces pr\u00e9cieuses conversations. Votre int\u00e9r\u00eat est \u00e9veill\u00e9 ? Demandez imm\u00e9diatement plus d&rsquo;informations via le formulaire de contact ci-dessous et d\u00e9couvrez les possibilit\u00e9s illimit\u00e9es de Design 76. Votre prochaine foire commerciale ne m\u00e9rite rien de moins que le meilleur !<\/p>\n","protected":false},"excerpt":{"rendered":"<p>Stand d&rsquo;exposition 76 - Exclusif et personnalis\u00e9 Entrez dans l&rsquo;avenir des pr\u00e9sentations de foire avec notre impressionnant Design 76 ! Avec une superficie g\u00e9n\u00e9reuse de plus de 40 m\u00b2, ce kiosque offre non seulement beaucoup d&rsquo;espace, mais aussi une visibilit\u00e9 unique depuis trois all\u00e9es. Travaillez efficacement sur un bureau \u00e9l\u00e9gant et offrez \u00e0 vos visiteurs [&hellip;]<\/p>\n","protected":false},"featured_media":11869,"comment_status":"closed","ping_status":"open","template":"","meta":{"_acf_changed":false,"site-sidebar-layout":"default","site-content-layout":"","ast-site-content-layout":"default","site-content-style":"default","site-sidebar-style":"default","ast-global-header-display":"","ast-banner-title-visibility":"","ast-main-header-display":"","ast-hfb-above-header-display":"","ast-hfb-below-header-display":"","ast-hfb-mobile-header-display":"","site-post-title":"","ast-breadcrumbs-content":"","ast-featured-img":"","footer-sml-layout":"","ast-disable-related-posts":"","theme-transparent-header-meta":"","adv-header-id-meta":"","stick-header-meta":"","header-above-stick-meta":"","header-main-stick-meta":"","header-below-stick-meta":"","astra-migrate-meta-layouts":"default","ast-page-background-enabled":"default","ast-page-background-meta":{"desktop":{"background-color":"","background-image":"","background-repeat":"repeat","background-position":"center center","background-size":"auto","background-attachment":"scroll","background-type":"","background-media":"","overlay-type":"","overlay-color":"","overlay-opacity":"","overlay-gradient":""},"tablet":{"background-color":"","background-image":"","background-repeat":"repeat","background-position":"center center","background-size":"auto","background-attachment":"scroll","background-type":"","background-media":"","overlay-type":"","overlay-color":"","overlay-opacity":"","overlay-gradient":""},"mobile":{"background-color":"","background-image":"","background-repeat":"repeat","background-position":"center center","background-size":"auto","background-attachment":"scroll","background-type":"","background-media":"","overlay-type":"","overlay-color":"","overlay-opacity":"","overlay-gradient":""}},"ast-content-background-meta":{"desktop":{"background-color":"var(--ast-global-color-5)","background-image":"","background-repeat":"repeat","background-position":"center center","background-size":"auto","background-attachment":"scroll","background-type":"","background-media":"","overlay-type":"","overlay-color":"","overlay-opacity":"","overlay-gradient":""},"tablet":{"background-color":"var(--ast-global-color-5)","background-image":"","background-repeat":"repeat","background-position":"center center","background-size":"auto","background-attachment":"scroll","background-type":"","background-media":"","overlay-type":"","overlay-color":"","overlay-opacity":"","overlay-gradient":""},"mobile":{"background-color":"var(--ast-global-color-5)","background-image":"","background-repeat":"repeat","background-position":"center center","background-size":"auto","background-attachment":"scroll","background-type":"","background-media":"","overlay-type":"","overlay-color":"","overlay-opacity":"","overlay-gradient":""}}},"breedte":[],"design-oppervlakte":[420],"design-opstelling":[386],"design-optie":[397,398],"diepte":[],"oppervlakte":[],"opstelling":[],"optie":[],"pijler":[],"product_brand":[],"product_cat":[422,399,388,400,390,391,389,392],"product_tag":[],"class_list":{"0":"post-15485","1":"product","2":"type-product","3":"status-publish","4":"has-post-thumbnail","6":"design-oppervlakte-40-m2-et-plus","7":"design-opstelling-tete-en-lair","8":"design-optie-bureau","9":"design-optie-garde-manger","10":"product_cat-40-m2-et-plus","11":"product_cat-bureau","12":"product_cat-conception","13":"product_cat-garde-manger","14":"product_cat-options-fr","15":"product_cat-stand-dexposition-type","16":"product_cat-surface-fr","17":"product_cat-tete-en-lair","18":"desktop-align-left","19":"tablet-align-left","20":"mobile-align-left","22":"first","23":"instock","24":"shipping-taxable","25":"product-type-simple"},"acf":[],"_links":{"self":[{"href":"https:\/\/beurswand2026.webdeveloperz.nl\/fr\/wp-json\/wp\/v2\/product\/15485","targetHints":{"allow":["GET"]}}],"collection":[{"href":"https:\/\/beurswand2026.webdeveloperz.nl\/fr\/wp-json\/wp\/v2\/product"}],"about":[{"href":"https:\/\/beurswand2026.webdeveloperz.nl\/fr\/wp-json\/wp\/v2\/types\/product"}],"replies":[{"embeddable":true,"href":"https:\/\/beurswand2026.webdeveloperz.nl\/fr\/wp-json\/wp\/v2\/comments?post=15485"}],"version-history":[{"count":1,"href":"https:\/\/beurswand2026.webdeveloperz.nl\/fr\/wp-json\/wp\/v2\/product\/15485\/revisions"}],"predecessor-version":[{"id":18724,"href":"https:\/\/beurswand2026.webdeveloperz.nl\/fr\/wp-json\/wp\/v2\/product\/15485\/revisions\/18724"}],"wp:featuredmedia":[{"embeddable":true,"href":"https:\/\/beurswand2026.webdeveloperz.nl\/fr\/wp-json\/wp\/v2\/media\/11869"}],"wp:attachment":[{"href":"https:\/\/beurswand2026.webdeveloperz.nl\/fr\/wp-json\/wp\/v2\/media?parent=15485"}],"wp:term":[{"taxonomy":"breedte","embeddable":true,"href":"https:\/\/beurswand2026.webdeveloperz.nl\/fr\/wp-json\/wp\/v2\/breedte?post=15485"},{"taxonomy":"design-oppervlakte","embeddable":true,"href":"https:\/\/beurswand2026.webdeveloperz.nl\/fr\/wp-json\/wp\/v2\/design-oppervlakte?post=15485"},{"taxonomy":"design-opstelling","embeddable":true,"href":"https:\/\/beurswand2026.webdeveloperz.nl\/fr\/wp-json\/wp\/v2\/design-opstelling?post=15485"},{"taxonomy":"design-optie","embeddable":true,"href":"https:\/\/beurswand2026.webdeveloperz.nl\/fr\/wp-json\/wp\/v2\/design-optie?post=15485"},{"taxonomy":"diepte","embeddable":true,"href":"https:\/\/beurswand2026.webdeveloperz.nl\/fr\/wp-json\/wp\/v2\/diepte?post=15485"},{"taxonomy":"oppervlakte","embeddable":true,"href":"https:\/\/beurswand2026.webdeveloperz.nl\/fr\/wp-json\/wp\/v2\/oppervlakte?post=15485"},{"taxonomy":"opstelling","embeddable":true,"href":"https:\/\/beurswand2026.webdeveloperz.nl\/fr\/wp-json\/wp\/v2\/opstelling?post=15485"},{"taxonomy":"optie","embeddable":true,"href":"https:\/\/beurswand2026.webdeveloperz.nl\/fr\/wp-json\/wp\/v2\/optie?post=15485"},{"taxonomy":"pijler","embeddable":true,"href":"https:\/\/beurswand2026.webdeveloperz.nl\/fr\/wp-json\/wp\/v2\/pijler?post=15485"},{"taxonomy":"product_brand","embeddable":true,"href":"https:\/\/beurswand2026.webdeveloperz.nl\/fr\/wp-json\/wp\/v2\/product_brand?post=15485"},{"taxonomy":"product_cat","embeddable":true,"href":"https:\/\/beurswand2026.webdeveloperz.nl\/fr\/wp-json\/wp\/v2\/product_cat?post=15485"},{"taxonomy":"product_tag","embeddable":true,"href":"https:\/\/beurswand2026.webdeveloperz.nl\/fr\/wp-json\/wp\/v2\/product_tag?post=15485"}],"curies":[{"name":"wp","href":"https:\/\/api.w.org\/{rel}","templated":true}]}}