{"id":15477,"date":"2023-10-15T07:04:45","date_gmt":"2023-10-15T07:04:45","guid":{"rendered":"https:\/\/beurswand.nl\/product\/conception-dun-stand-dexposition-75\/"},"modified":"2025-04-29T07:46:54","modified_gmt":"2025-04-29T07:46:54","slug":"conception-dun-stand-dexposition-75","status":"publish","type":"product","link":"https:\/\/beurswand2026.webdeveloperz.nl\/fr\/product\/conception-dun-stand-dexposition-75\/","title":{"rendered":"Stand d&rsquo;exposition Design 75"},"content":{"rendered":"<p><strong>Unique Stand d\u2019exposition Design 75 : Plus qu&rsquo;un stand, une exp\u00e9rience !<\/strong><\/p>\n<p>Bienvenue dans l&rsquo;avenir des pr\u00e9sentations de salons professionnels. Avec plus de 12 m\u00b2 d&rsquo;espace innovant, le stand d&rsquo;exposition de Design 75 n&rsquo;est pas un stand comme les autres. Il s&rsquo;agit d&rsquo;un stand interm\u00e9diaire, strat\u00e9giquement con\u00e7u pour se d\u00e9marquer des autres exposants et mettre votre marque en avant.<\/p>\n<p>D\u00e9couvrez le luxe d&rsquo;un bureau int\u00e9gr\u00e9. Id\u00e9al pour l&rsquo;interaction, les d\u00e9monstrations ou simplement pour pr\u00e9senter vos produits de mani\u00e8re \u00e9l\u00e9gante. Et vous savez ce qu&rsquo;il y a de mieux ? Cette pr\u00e9sentation n&rsquo;est qu&rsquo;un exemple. Votre vision et vos exigences peuvent \u00eatre enti\u00e8rement int\u00e9gr\u00e9es pour cr\u00e9er une exp\u00e9rience unique pour vos clients.<\/p>\n<p>Vous souhaitez en savoir plus ou obtenir un mod\u00e8le personnalis\u00e9 ? Remplissez le formulaire de contact ci-dessous. Nous nous ferons un plaisir de vous aider \u00e0 faire passer votre exp\u00e9rience du salon au niveau sup\u00e9rieur !  <\/p>\n","protected":false},"excerpt":{"rendered":"<p>Unique Stand d\u2019exposition Design 75 : Plus qu&rsquo;un stand, une exp\u00e9rience ! Bienvenue dans l&rsquo;avenir des pr\u00e9sentations de salons professionnels. Avec plus de 12 m\u00b2 d&rsquo;espace innovant, le stand d&rsquo;exposition de Design 75 n&rsquo;est pas un stand comme les autres. Il s&rsquo;agit d&rsquo;un stand interm\u00e9diaire, strat\u00e9giquement con\u00e7u pour se d\u00e9marquer des autres exposants et mettre [&hellip;]<\/p>\n","protected":false},"featured_media":11847,"comment_status":"closed","ping_status":"open","template":"","meta":{"_acf_changed":false,"site-sidebar-layout":"default","site-content-layout":"","ast-site-content-layout":"default","site-content-style":"default","site-sidebar-style":"default","ast-global-header-display":"","ast-banner-title-visibility":"","ast-main-header-display":"","ast-hfb-above-header-display":"","ast-hfb-below-header-display":"","ast-hfb-mobile-header-display":"","site-post-title":"","ast-breadcrumbs-content":"","ast-featured-img":"","footer-sml-layout":"","ast-disable-related-posts":"","theme-transparent-header-meta":"","adv-header-id-meta":"","stick-header-meta":"","header-above-stick-meta":"","header-main-stick-meta":"","header-below-stick-meta":"","astra-migrate-meta-layouts":"default","ast-page-background-enabled":"default","ast-page-background-meta":{"desktop":{"background-color":"","background-image":"","background-repeat":"repeat","background-position":"center center","background-size":"auto","background-attachment":"scroll","background-type":"","background-media":"","overlay-type":"","overlay-color":"","overlay-opacity":"","overlay-gradient":""},"tablet":{"background-color":"","background-image":"","background-repeat":"repeat","background-position":"center center","background-size":"auto","background-attachment":"scroll","background-type":"","background-media":"","overlay-type":"","overlay-color":"","overlay-opacity":"","overlay-gradient":""},"mobile":{"background-color":"","background-image":"","background-repeat":"repeat","background-position":"center center","background-size":"auto","background-attachment":"scroll","background-type":"","background-media":"","overlay-type":"","overlay-color":"","overlay-opacity":"","overlay-gradient":""}},"ast-content-background-meta":{"desktop":{"background-color":"var(--ast-global-color-5)","background-image":"","background-repeat":"repeat","background-position":"center center","background-size":"auto","background-attachment":"scroll","background-type":"","background-media":"","overlay-type":"","overlay-color":"","overlay-opacity":"","overlay-gradient":""},"tablet":{"background-color":"var(--ast-global-color-5)","background-image":"","background-repeat":"repeat","background-position":"center center","background-size":"auto","background-attachment":"scroll","background-type":"","background-media":"","overlay-type":"","overlay-color":"","overlay-opacity":"","overlay-gradient":""},"mobile":{"background-color":"var(--ast-global-color-5)","background-image":"","background-repeat":"repeat","background-position":"center center","background-size":"auto","background-attachment":"scroll","background-type":"","background-media":"","overlay-type":"","overlay-color":"","overlay-opacity":"","overlay-gradient":""}}},"breedte":[],"design-oppervlakte":[385],"design-opstelling":[438],"design-optie":[397],"diepte":[],"oppervlakte":[],"opstelling":[],"optie":[],"pijler":[],"product_brand":[],"product_cat":[393,399,439,388,390,391,389],"product_tag":[],"class_list":{"0":"post-15477","1":"product","2":"type-product","3":"status-publish","4":"has-post-thumbnail","6":"design-oppervlakte-1-24-m2-fr","7":"design-opstelling-stand-intermediaire","8":"design-optie-bureau","9":"product_cat-1-24-m2-fr","10":"product_cat-bureau","11":"product_cat-classement","12":"product_cat-conception","13":"product_cat-options-fr","14":"product_cat-stand-dexposition-type","15":"product_cat-surface-fr","16":"desktop-align-left","17":"tablet-align-left","18":"mobile-align-left","20":"first","21":"instock","22":"shipping-taxable","23":"product-type-simple"},"acf":[],"_links":{"self":[{"href":"https:\/\/beurswand2026.webdeveloperz.nl\/fr\/wp-json\/wp\/v2\/product\/15477","targetHints":{"allow":["GET"]}}],"collection":[{"href":"https:\/\/beurswand2026.webdeveloperz.nl\/fr\/wp-json\/wp\/v2\/product"}],"about":[{"href":"https:\/\/beurswand2026.webdeveloperz.nl\/fr\/wp-json\/wp\/v2\/types\/product"}],"replies":[{"embeddable":true,"href":"https:\/\/beurswand2026.webdeveloperz.nl\/fr\/wp-json\/wp\/v2\/comments?post=15477"}],"version-history":[{"count":1,"href":"https:\/\/beurswand2026.webdeveloperz.nl\/fr\/wp-json\/wp\/v2\/product\/15477\/revisions"}],"predecessor-version":[{"id":18763,"href":"https:\/\/beurswand2026.webdeveloperz.nl\/fr\/wp-json\/wp\/v2\/product\/15477\/revisions\/18763"}],"wp:featuredmedia":[{"embeddable":true,"href":"https:\/\/beurswand2026.webdeveloperz.nl\/fr\/wp-json\/wp\/v2\/media\/11847"}],"wp:attachment":[{"href":"https:\/\/beurswand2026.webdeveloperz.nl\/fr\/wp-json\/wp\/v2\/media?parent=15477"}],"wp:term":[{"taxonomy":"breedte","embeddable":true,"href":"https:\/\/beurswand2026.webdeveloperz.nl\/fr\/wp-json\/wp\/v2\/breedte?post=15477"},{"taxonomy":"design-oppervlakte","embeddable":true,"href":"https:\/\/beurswand2026.webdeveloperz.nl\/fr\/wp-json\/wp\/v2\/design-oppervlakte?post=15477"},{"taxonomy":"design-opstelling","embeddable":true,"href":"https:\/\/beurswand2026.webdeveloperz.nl\/fr\/wp-json\/wp\/v2\/design-opstelling?post=15477"},{"taxonomy":"design-optie","embeddable":true,"href":"https:\/\/beurswand2026.webdeveloperz.nl\/fr\/wp-json\/wp\/v2\/design-optie?post=15477"},{"taxonomy":"diepte","embeddable":true,"href":"https:\/\/beurswand2026.webdeveloperz.nl\/fr\/wp-json\/wp\/v2\/diepte?post=15477"},{"taxonomy":"oppervlakte","embeddable":true,"href":"https:\/\/beurswand2026.webdeveloperz.nl\/fr\/wp-json\/wp\/v2\/oppervlakte?post=15477"},{"taxonomy":"opstelling","embeddable":true,"href":"https:\/\/beurswand2026.webdeveloperz.nl\/fr\/wp-json\/wp\/v2\/opstelling?post=15477"},{"taxonomy":"optie","embeddable":true,"href":"https:\/\/beurswand2026.webdeveloperz.nl\/fr\/wp-json\/wp\/v2\/optie?post=15477"},{"taxonomy":"pijler","embeddable":true,"href":"https:\/\/beurswand2026.webdeveloperz.nl\/fr\/wp-json\/wp\/v2\/pijler?post=15477"},{"taxonomy":"product_brand","embeddable":true,"href":"https:\/\/beurswand2026.webdeveloperz.nl\/fr\/wp-json\/wp\/v2\/product_brand?post=15477"},{"taxonomy":"product_cat","embeddable":true,"href":"https:\/\/beurswand2026.webdeveloperz.nl\/fr\/wp-json\/wp\/v2\/product_cat?post=15477"},{"taxonomy":"product_tag","embeddable":true,"href":"https:\/\/beurswand2026.webdeveloperz.nl\/fr\/wp-json\/wp\/v2\/product_tag?post=15477"}],"curies":[{"name":"wp","href":"https:\/\/api.w.org\/{rel}","templated":true}]}}