{"id":15466,"date":"2023-10-12T13:34:06","date_gmt":"2023-10-12T13:34:06","guid":{"rendered":"https:\/\/beurswand.nl\/product\/conception-de-stands-dexposition-3\/"},"modified":"2025-04-29T07:50:40","modified_gmt":"2025-04-29T07:50:40","slug":"conception-de-stands-dexposition-3","status":"publish","type":"product","link":"https:\/\/beurswand2026.webdeveloperz.nl\/fr\/product\/conception-de-stands-dexposition-3\/","title":{"rendered":"Stand d&rsquo;exposition Design 3"},"content":{"rendered":"<p>D\u00e9couvrez le design ultime du Stand d&rsquo;exposition 3 : un v\u00e9ritable accroche-regard sur n&rsquo;importe quelle surface d&rsquo;exposition ! Avec une superficie impressionnante de plus de 100 m2, ce stand en \u00eelot vous offre l&rsquo;occasion parfaite de mettre en valeur votre marque. Notre stand d&rsquo;exposition est \u00e9quip\u00e9 d&rsquo;un bureau \u00e9l\u00e9gant, d&rsquo;une construction en treillis robuste et d&rsquo;un garde-manger pratique pour r\u00e9pondre \u00e0 tous vos besoins.<\/p>\n<p>Mais ce n&rsquo;est pas tout ! Notre \u00e9quipe de conception est pr\u00eate \u00e0 personnaliser ce stand en fonction de votre marque et de votre vision. Imaginez que votre entreprise se d\u00e9marque dans un espace con\u00e7u sp\u00e9cialement pour vous.<\/p>\n<p>Vous voulez en savoir plus sur les possibilit\u00e9s offertes par Stand d&rsquo;exposition 3 ? N&rsquo;h\u00e9sitez pas \u00e0 remplir le formulaire de contact ci-dessous pour plus d&rsquo;informations. Nous sommes impatients de travailler avec vous et de faire de votre stand de r\u00eave une r\u00e9alit\u00e9. Faites briller votre marque lors du prochain salon professionnel !<\/p>\n","protected":false},"excerpt":{"rendered":"<p>D\u00e9couvrez le design ultime du Stand d&rsquo;exposition 3 : un v\u00e9ritable accroche-regard sur n&rsquo;importe quelle surface d&rsquo;exposition ! Avec une superficie impressionnante de plus de 100 m2, ce stand en \u00eelot vous offre l&rsquo;occasion parfaite de mettre en valeur votre marque. Notre stand d&rsquo;exposition est \u00e9quip\u00e9 d&rsquo;un bureau \u00e9l\u00e9gant, d&rsquo;une construction en treillis robuste et [&hellip;]<\/p>\n","protected":false},"featured_media":10743,"comment_status":"closed","ping_status":"open","template":"","meta":{"_acf_changed":false,"site-sidebar-layout":"default","site-content-layout":"","ast-site-content-layout":"default","site-content-style":"default","site-sidebar-style":"default","ast-global-header-display":"","ast-banner-title-visibility":"","ast-main-header-display":"","ast-hfb-above-header-display":"","ast-hfb-below-header-display":"","ast-hfb-mobile-header-display":"","site-post-title":"","ast-breadcrumbs-content":"","ast-featured-img":"","footer-sml-layout":"","ast-disable-related-posts":"","theme-transparent-header-meta":"","adv-header-id-meta":"","stick-header-meta":"","header-above-stick-meta":"","header-main-stick-meta":"","header-below-stick-meta":"","astra-migrate-meta-layouts":"default","ast-page-background-enabled":"default","ast-page-background-meta":{"desktop":{"background-color":"","background-image":"","background-repeat":"repeat","background-position":"center center","background-size":"auto","background-attachment":"scroll","background-type":"","background-media":"","overlay-type":"","overlay-color":"","overlay-opacity":"","overlay-gradient":""},"tablet":{"background-color":"","background-image":"","background-repeat":"repeat","background-position":"center center","background-size":"auto","background-attachment":"scroll","background-type":"","background-media":"","overlay-type":"","overlay-color":"","overlay-opacity":"","overlay-gradient":""},"mobile":{"background-color":"","background-image":"","background-repeat":"repeat","background-position":"center center","background-size":"auto","background-attachment":"scroll","background-type":"","background-media":"","overlay-type":"","overlay-color":"","overlay-opacity":"","overlay-gradient":""}},"ast-content-background-meta":{"desktop":{"background-color":"var(--ast-global-color-5)","background-image":"","background-repeat":"repeat","background-position":"center center","background-size":"auto","background-attachment":"scroll","background-type":"","background-media":"","overlay-type":"","overlay-color":"","overlay-opacity":"","overlay-gradient":""},"tablet":{"background-color":"var(--ast-global-color-5)","background-image":"","background-repeat":"repeat","background-position":"center center","background-size":"auto","background-attachment":"scroll","background-type":"","background-media":"","overlay-type":"","overlay-color":"","overlay-opacity":"","overlay-gradient":""},"mobile":{"background-color":"var(--ast-global-color-5)","background-image":"","background-repeat":"repeat","background-position":"center center","background-size":"auto","background-attachment":"scroll","background-type":"","background-media":"","overlay-type":"","overlay-color":"","overlay-opacity":"","overlay-gradient":""}}},"breedte":[],"design-oppervlakte":[420],"design-opstelling":[460],"design-optie":[397,398,452,461],"diepte":[],"oppervlakte":[],"opstelling":[],"optie":[],"pijler":[],"product_brand":[],"product_cat":[422,399,388,400,390,454,391,462,389],"product_tag":[],"class_list":{"0":"post-15466","1":"product","2":"type-product","3":"status-publish","4":"has-post-thumbnail","6":"design-oppervlakte-40-m2-et-plus","7":"design-opstelling-support-dilot","8":"design-optie-bureau","9":"design-optie-garde-manger","10":"design-optie-poutrelle","11":"design-optie-support-dilot","12":"product_cat-40-m2-et-plus","13":"product_cat-bureau","14":"product_cat-conception","15":"product_cat-garde-manger","16":"product_cat-options-fr","17":"product_cat-poutrelle","18":"product_cat-stand-dexposition-type","19":"product_cat-support-dilot","20":"product_cat-surface-fr","21":"desktop-align-left","22":"tablet-align-left","23":"mobile-align-left","25":"first","26":"instock","27":"shipping-taxable","28":"product-type-simple"},"acf":[],"_links":{"self":[{"href":"https:\/\/beurswand2026.webdeveloperz.nl\/fr\/wp-json\/wp\/v2\/product\/15466","targetHints":{"allow":["GET"]}}],"collection":[{"href":"https:\/\/beurswand2026.webdeveloperz.nl\/fr\/wp-json\/wp\/v2\/product"}],"about":[{"href":"https:\/\/beurswand2026.webdeveloperz.nl\/fr\/wp-json\/wp\/v2\/types\/product"}],"replies":[{"embeddable":true,"href":"https:\/\/beurswand2026.webdeveloperz.nl\/fr\/wp-json\/wp\/v2\/comments?post=15466"}],"version-history":[{"count":1,"href":"https:\/\/beurswand2026.webdeveloperz.nl\/fr\/wp-json\/wp\/v2\/product\/15466\/revisions"}],"predecessor-version":[{"id":18956,"href":"https:\/\/beurswand2026.webdeveloperz.nl\/fr\/wp-json\/wp\/v2\/product\/15466\/revisions\/18956"}],"wp:featuredmedia":[{"embeddable":true,"href":"https:\/\/beurswand2026.webdeveloperz.nl\/fr\/wp-json\/wp\/v2\/media\/10743"}],"wp:attachment":[{"href":"https:\/\/beurswand2026.webdeveloperz.nl\/fr\/wp-json\/wp\/v2\/media?parent=15466"}],"wp:term":[{"taxonomy":"breedte","embeddable":true,"href":"https:\/\/beurswand2026.webdeveloperz.nl\/fr\/wp-json\/wp\/v2\/breedte?post=15466"},{"taxonomy":"design-oppervlakte","embeddable":true,"href":"https:\/\/beurswand2026.webdeveloperz.nl\/fr\/wp-json\/wp\/v2\/design-oppervlakte?post=15466"},{"taxonomy":"design-opstelling","embeddable":true,"href":"https:\/\/beurswand2026.webdeveloperz.nl\/fr\/wp-json\/wp\/v2\/design-opstelling?post=15466"},{"taxonomy":"design-optie","embeddable":true,"href":"https:\/\/beurswand2026.webdeveloperz.nl\/fr\/wp-json\/wp\/v2\/design-optie?post=15466"},{"taxonomy":"diepte","embeddable":true,"href":"https:\/\/beurswand2026.webdeveloperz.nl\/fr\/wp-json\/wp\/v2\/diepte?post=15466"},{"taxonomy":"oppervlakte","embeddable":true,"href":"https:\/\/beurswand2026.webdeveloperz.nl\/fr\/wp-json\/wp\/v2\/oppervlakte?post=15466"},{"taxonomy":"opstelling","embeddable":true,"href":"https:\/\/beurswand2026.webdeveloperz.nl\/fr\/wp-json\/wp\/v2\/opstelling?post=15466"},{"taxonomy":"optie","embeddable":true,"href":"https:\/\/beurswand2026.webdeveloperz.nl\/fr\/wp-json\/wp\/v2\/optie?post=15466"},{"taxonomy":"pijler","embeddable":true,"href":"https:\/\/beurswand2026.webdeveloperz.nl\/fr\/wp-json\/wp\/v2\/pijler?post=15466"},{"taxonomy":"product_brand","embeddable":true,"href":"https:\/\/beurswand2026.webdeveloperz.nl\/fr\/wp-json\/wp\/v2\/product_brand?post=15466"},{"taxonomy":"product_cat","embeddable":true,"href":"https:\/\/beurswand2026.webdeveloperz.nl\/fr\/wp-json\/wp\/v2\/product_cat?post=15466"},{"taxonomy":"product_tag","embeddable":true,"href":"https:\/\/beurswand2026.webdeveloperz.nl\/fr\/wp-json\/wp\/v2\/product_tag?post=15466"}],"curies":[{"name":"wp","href":"https:\/\/api.w.org\/{rel}","templated":true}]}}