{"id":15461,"date":"2023-10-10T14:46:39","date_gmt":"2023-10-10T14:46:39","guid":{"rendered":"https:\/\/beurswand.nl\/product\/conception-du-stand-dexposition-1\/"},"modified":"2025-04-29T07:36:13","modified_gmt":"2025-04-29T07:36:13","slug":"conception-du-stand-dexposition-1","status":"publish","type":"product","link":"https:\/\/beurswand2026.webdeveloperz.nl\/fr\/product\/conception-du-stand-dexposition-1\/","title":{"rendered":"Stand d&rsquo;exposition Design 1"},"content":{"rendered":"<p><strong>Texte du produit :<\/strong><\/p>\n<p>Vous \u00eates \u00e0 la recherche d&rsquo;un stand d&rsquo;exposition qui se d\u00e9marque vraiment ? D\u00e9couvrez notre impressionnant Stand d&rsquo;exposition Kopstand, con\u00e7u pour des Exposici\u00f3ns de plus de 120 m2. Avec le souci du d\u00e9tail et l&rsquo;accent mis sur la personnalisation, nous vous offrons la solution parfaite pour faire briller votre marque.<\/p>\n<p>La <strong>personnalisation \u00e0 son meilleur<\/strong> Chez nous, tout tourne autour de vous et de vos besoins uniques. Notre stand d&rsquo;exposition peut \u00eatre enti\u00e8rement personnalis\u00e9 en fonction de votre marque, de l&rsquo;agencement \u00e0 l&rsquo;image de marque. Nous savons qu&rsquo;il n&rsquo;y a pas deux entreprises identiques, c&rsquo;est pourquoi nous veillons \u00e0 ce que votre stand d&rsquo;exposition refl\u00e8te exactement ce que vous \u00eates.<\/p>\n<p><strong>L&rsquo;environnement de<\/strong> travail id\u00e9al Avec un bureau spacieux \u00e0 port\u00e9e de main, nous vous offrons l&rsquo;espace de travail id\u00e9al pour rencontrer vos clients, conclure des affaires et impressionner. Notre bureau est con\u00e7u pour le confort et la fonctionnalit\u00e9, afin que vous puissiez vous concentrer sur ce qui compte vraiment.<\/p>\n<p><strong>Mur de LED pour l&rsquo;impact<\/strong> Laissez votre marque briller avec notre option de mur de LED avanc\u00e9. Attirez l&rsquo;attention avec des visuels dynamiques et pr\u00e9sentez vos produits et votre message d&rsquo;une mani\u00e8re que les gens n&rsquo;oublieront pas facilement. La puissance de la technologie LED est \u00e0 votre disposition.<\/p>\n<p><strong>La commodit\u00e9 d&rsquo;un garde-manger<\/strong> Ne vous souciez plus jamais des rafra\u00eechissements et des collations. Notre stand d&rsquo;exposition est \u00e9quip\u00e9 d&rsquo;un garde-manger pratique, pour que vous et votre \u00e9quipe puissiez profiter d&rsquo;une tasse de caf\u00e9 ou d&rsquo;une collation rapide \u00e0 tout moment. Cette commodit\u00e9 vous permet de vous concentrer sur la g\u00e9n\u00e9ration de prospects.<\/p>\n<p>\u00cates-vous pr\u00eat \u00e0 impressionner lors de votre prochain salon ? Choisissez notre Stand d&rsquo;exposition Headstand et d\u00e9couvrez le m\u00e9lange parfait de personnalisation, de fonctionnalit\u00e9 et de style. Contactez-nous d\u00e8s aujourd&rsquo;hui pour plus d&rsquo;informations et r\u00e9servez votre place \u00e0 la prochaine exposition !<\/p>\n","protected":false},"excerpt":{"rendered":"<p>Vous \u00eates \u00e0 la recherche d&rsquo;un stand d&rsquo;exposition qui se d\u00e9marque vraiment ? D\u00e9couvrez notre impressionnant Stand d&rsquo;exposition Kopstand, con\u00e7u pour des Exposici\u00f3ns de plus de 120 m2. Avec le souci du d\u00e9tail et l&rsquo;accent mis sur la personnalisation, nous vous offrons la solution parfaite pour faire briller votre marque.<\/p>\n","protected":false},"featured_media":10705,"comment_status":"open","ping_status":"closed","template":"","meta":{"_acf_changed":false,"site-sidebar-layout":"default","site-content-layout":"","ast-site-content-layout":"default","site-content-style":"default","site-sidebar-style":"default","ast-global-header-display":"","ast-banner-title-visibility":"","ast-main-header-display":"","ast-hfb-above-header-display":"","ast-hfb-below-header-display":"","ast-hfb-mobile-header-display":"","site-post-title":"","ast-breadcrumbs-content":"","ast-featured-img":"","footer-sml-layout":"","ast-disable-related-posts":"","theme-transparent-header-meta":"default","adv-header-id-meta":"","stick-header-meta":"default","header-above-stick-meta":"","header-main-stick-meta":"","header-below-stick-meta":"","astra-migrate-meta-layouts":"default","ast-page-background-enabled":"default","ast-page-background-meta":{"desktop":{"background-color":"","background-image":"","background-repeat":"repeat","background-position":"center center","background-size":"auto","background-attachment":"scroll","background-type":"","background-media":"","overlay-type":"","overlay-color":"","overlay-opacity":"","overlay-gradient":""},"tablet":{"background-color":"","background-image":"","background-repeat":"repeat","background-position":"center center","background-size":"auto","background-attachment":"scroll","background-type":"","background-media":"","overlay-type":"","overlay-color":"","overlay-opacity":"","overlay-gradient":""},"mobile":{"background-color":"","background-image":"","background-repeat":"repeat","background-position":"center center","background-size":"auto","background-attachment":"scroll","background-type":"","background-media":"","overlay-type":"","overlay-color":"","overlay-opacity":"","overlay-gradient":""}},"ast-content-background-meta":{"desktop":{"background-color":"var(--ast-global-color-5)","background-image":"","background-repeat":"repeat","background-position":"center center","background-size":"auto","background-attachment":"scroll","background-type":"","background-media":"","overlay-type":"","overlay-color":"","overlay-opacity":"","overlay-gradient":""},"tablet":{"background-color":"var(--ast-global-color-5)","background-image":"","background-repeat":"repeat","background-position":"center center","background-size":"auto","background-attachment":"scroll","background-type":"","background-media":"","overlay-type":"","overlay-color":"","overlay-opacity":"","overlay-gradient":""},"mobile":{"background-color":"var(--ast-global-color-5)","background-image":"","background-repeat":"repeat","background-position":"center center","background-size":"auto","background-attachment":"scroll","background-type":"","background-media":"","overlay-type":"","overlay-color":"","overlay-opacity":"","overlay-gradient":""}}},"breedte":[],"design-oppervlakte":[420],"design-opstelling":[386],"design-optie":[397,398,424],"diepte":[],"oppervlakte":[],"opstelling":[],"optie":[],"pijler":[],"product_brand":[],"product_cat":[422,399,388,400,425,390,391,389,392],"product_tag":[],"class_list":{"0":"post-15461","1":"product","2":"type-product","3":"status-publish","4":"has-post-thumbnail","6":"design-oppervlakte-40-m2-et-plus","7":"design-opstelling-tete-en-lair","8":"design-optie-bureau","9":"design-optie-garde-manger","10":"design-optie-mur-de-led","11":"product_cat-40-m2-et-plus","12":"product_cat-bureau","13":"product_cat-conception","14":"product_cat-garde-manger","15":"product_cat-mur-de-led","16":"product_cat-options-fr","17":"product_cat-stand-dexposition-type","18":"product_cat-surface-fr","19":"product_cat-tete-en-lair","20":"desktop-align-left","21":"tablet-align-left","22":"mobile-align-left","24":"first","25":"instock","26":"shipping-taxable","27":"product-type-simple"},"acf":[],"_links":{"self":[{"href":"https:\/\/beurswand2026.webdeveloperz.nl\/fr\/wp-json\/wp\/v2\/product\/15461","targetHints":{"allow":["GET"]}}],"collection":[{"href":"https:\/\/beurswand2026.webdeveloperz.nl\/fr\/wp-json\/wp\/v2\/product"}],"about":[{"href":"https:\/\/beurswand2026.webdeveloperz.nl\/fr\/wp-json\/wp\/v2\/types\/product"}],"replies":[{"embeddable":true,"href":"https:\/\/beurswand2026.webdeveloperz.nl\/fr\/wp-json\/wp\/v2\/comments?post=15461"}],"version-history":[{"count":1,"href":"https:\/\/beurswand2026.webdeveloperz.nl\/fr\/wp-json\/wp\/v2\/product\/15461\/revisions"}],"predecessor-version":[{"id":18523,"href":"https:\/\/beurswand2026.webdeveloperz.nl\/fr\/wp-json\/wp\/v2\/product\/15461\/revisions\/18523"}],"wp:featuredmedia":[{"embeddable":true,"href":"https:\/\/beurswand2026.webdeveloperz.nl\/fr\/wp-json\/wp\/v2\/media\/10705"}],"wp:attachment":[{"href":"https:\/\/beurswand2026.webdeveloperz.nl\/fr\/wp-json\/wp\/v2\/media?parent=15461"}],"wp:term":[{"taxonomy":"breedte","embeddable":true,"href":"https:\/\/beurswand2026.webdeveloperz.nl\/fr\/wp-json\/wp\/v2\/breedte?post=15461"},{"taxonomy":"design-oppervlakte","embeddable":true,"href":"https:\/\/beurswand2026.webdeveloperz.nl\/fr\/wp-json\/wp\/v2\/design-oppervlakte?post=15461"},{"taxonomy":"design-opstelling","embeddable":true,"href":"https:\/\/beurswand2026.webdeveloperz.nl\/fr\/wp-json\/wp\/v2\/design-opstelling?post=15461"},{"taxonomy":"design-optie","embeddable":true,"href":"https:\/\/beurswand2026.webdeveloperz.nl\/fr\/wp-json\/wp\/v2\/design-optie?post=15461"},{"taxonomy":"diepte","embeddable":true,"href":"https:\/\/beurswand2026.webdeveloperz.nl\/fr\/wp-json\/wp\/v2\/diepte?post=15461"},{"taxonomy":"oppervlakte","embeddable":true,"href":"https:\/\/beurswand2026.webdeveloperz.nl\/fr\/wp-json\/wp\/v2\/oppervlakte?post=15461"},{"taxonomy":"opstelling","embeddable":true,"href":"https:\/\/beurswand2026.webdeveloperz.nl\/fr\/wp-json\/wp\/v2\/opstelling?post=15461"},{"taxonomy":"optie","embeddable":true,"href":"https:\/\/beurswand2026.webdeveloperz.nl\/fr\/wp-json\/wp\/v2\/optie?post=15461"},{"taxonomy":"pijler","embeddable":true,"href":"https:\/\/beurswand2026.webdeveloperz.nl\/fr\/wp-json\/wp\/v2\/pijler?post=15461"},{"taxonomy":"product_brand","embeddable":true,"href":"https:\/\/beurswand2026.webdeveloperz.nl\/fr\/wp-json\/wp\/v2\/product_brand?post=15461"},{"taxonomy":"product_cat","embeddable":true,"href":"https:\/\/beurswand2026.webdeveloperz.nl\/fr\/wp-json\/wp\/v2\/product_cat?post=15461"},{"taxonomy":"product_tag","embeddable":true,"href":"https:\/\/beurswand2026.webdeveloperz.nl\/fr\/wp-json\/wp\/v2\/product_tag?post=15461"}],"curies":[{"name":"wp","href":"https:\/\/api.w.org\/{rel}","templated":true}]}}