{"id":15452,"date":"2023-10-15T07:00:22","date_gmt":"2023-10-15T07:00:22","guid":{"rendered":"https:\/\/beurswand.nl\/product\/stand-dexposition-conception-70\/"},"modified":"2025-04-29T07:46:42","modified_gmt":"2025-04-29T07:46:42","slug":"stand-dexposition-conception-70","status":"publish","type":"product","link":"https:\/\/beurswand2026.webdeveloperz.nl\/fr\/product\/stand-dexposition-conception-70\/","title":{"rendered":"Stand d&rsquo;exposition Design 70"},"content":{"rendered":"<p><strong>Exemple de stand d&rsquo;exposition Conception 70<\/strong><\/p>\n<p>Entrez dans l&rsquo;avenir des stands de foire avec Design 70 ! D&rsquo;une superficie impressionnante de plus de 8 m2, ce stand interm\u00e9diaire offre de l&rsquo;espace pour tout votre mat\u00e9riel promotionnel. Mais ce n&rsquo;est pas tout ! Le mur LED int\u00e9gr\u00e9 donne \u00e0 votre pr\u00e9sentation la puissance visuelle qu&rsquo;elle m\u00e9rite, tandis que le bureau \u00e9l\u00e9gant est l&rsquo;endroit id\u00e9al pour les r\u00e9unions et les conversations en face \u00e0 face.<\/p>\n<p>Que vous souhaitiez mettre en valeur votre marque, attirer de nouveaux clients ou pr\u00e9senter votre dernier produit, Design 70 vous offre la toile de fond id\u00e9ale pour r\u00e9ussir. Et le meilleur ? Ce n&rsquo;est qu&rsquo;un exemple ! Nous sommes heureux de personnaliser la conception pour qu&rsquo;elle corresponde parfaitement \u00e0 vos besoins uniques.<\/p>\n<p>Curieux d&rsquo;en savoir plus ? Demandez plus d&rsquo;informations en utilisant le formulaire de contact ci-dessous. Ensemble, nous cr\u00e9erons le stand d&rsquo;exposition de vos r\u00eaves !<\/p>\n","protected":false},"excerpt":{"rendered":"<p>Exemple de stand d&rsquo;exposition Conception 70 Entrez dans l&rsquo;avenir des stands de foire avec Design 70 ! D&rsquo;une superficie impressionnante de plus de 8 m2, ce stand interm\u00e9diaire offre de l&rsquo;espace pour tout votre mat\u00e9riel promotionnel. Mais ce n&rsquo;est pas tout ! Le mur LED int\u00e9gr\u00e9 donne \u00e0 votre pr\u00e9sentation la puissance visuelle qu&rsquo;elle m\u00e9rite, [&hellip;]<\/p>\n","protected":false},"featured_media":11762,"comment_status":"closed","ping_status":"open","template":"","meta":{"_acf_changed":false,"site-sidebar-layout":"default","site-content-layout":"","ast-site-content-layout":"default","site-content-style":"default","site-sidebar-style":"default","ast-global-header-display":"","ast-banner-title-visibility":"","ast-main-header-display":"","ast-hfb-above-header-display":"","ast-hfb-below-header-display":"","ast-hfb-mobile-header-display":"","site-post-title":"","ast-breadcrumbs-content":"","ast-featured-img":"","footer-sml-layout":"","ast-disable-related-posts":"","theme-transparent-header-meta":"","adv-header-id-meta":"","stick-header-meta":"","header-above-stick-meta":"","header-main-stick-meta":"","header-below-stick-meta":"","astra-migrate-meta-layouts":"default","ast-page-background-enabled":"default","ast-page-background-meta":{"desktop":{"background-color":"","background-image":"","background-repeat":"repeat","background-position":"center center","background-size":"auto","background-attachment":"scroll","background-type":"","background-media":"","overlay-type":"","overlay-color":"","overlay-opacity":"","overlay-gradient":""},"tablet":{"background-color":"","background-image":"","background-repeat":"repeat","background-position":"center center","background-size":"auto","background-attachment":"scroll","background-type":"","background-media":"","overlay-type":"","overlay-color":"","overlay-opacity":"","overlay-gradient":""},"mobile":{"background-color":"","background-image":"","background-repeat":"repeat","background-position":"center center","background-size":"auto","background-attachment":"scroll","background-type":"","background-media":"","overlay-type":"","overlay-color":"","overlay-opacity":"","overlay-gradient":""}},"ast-content-background-meta":{"desktop":{"background-color":"var(--ast-global-color-5)","background-image":"","background-repeat":"repeat","background-position":"center center","background-size":"auto","background-attachment":"scroll","background-type":"","background-media":"","overlay-type":"","overlay-color":"","overlay-opacity":"","overlay-gradient":""},"tablet":{"background-color":"var(--ast-global-color-5)","background-image":"","background-repeat":"repeat","background-position":"center center","background-size":"auto","background-attachment":"scroll","background-type":"","background-media":"","overlay-type":"","overlay-color":"","overlay-opacity":"","overlay-gradient":""},"mobile":{"background-color":"var(--ast-global-color-5)","background-image":"","background-repeat":"repeat","background-position":"center center","background-size":"auto","background-attachment":"scroll","background-type":"","background-media":"","overlay-type":"","overlay-color":"","overlay-opacity":"","overlay-gradient":""}}},"breedte":[],"design-oppervlakte":[385],"design-opstelling":[438],"design-optie":[397,424],"diepte":[],"oppervlakte":[],"opstelling":[],"optie":[],"pijler":[],"product_brand":[],"product_cat":[393,399,439,388,425,390,391,389],"product_tag":[],"class_list":{"0":"post-15452","1":"product","2":"type-product","3":"status-publish","4":"has-post-thumbnail","6":"design-oppervlakte-1-24-m2-fr","7":"design-opstelling-stand-intermediaire","8":"design-optie-bureau","9":"design-optie-mur-de-led","10":"product_cat-1-24-m2-fr","11":"product_cat-bureau","12":"product_cat-classement","13":"product_cat-conception","14":"product_cat-mur-de-led","15":"product_cat-options-fr","16":"product_cat-stand-dexposition-type","17":"product_cat-surface-fr","18":"desktop-align-left","19":"tablet-align-left","20":"mobile-align-left","22":"first","23":"instock","24":"shipping-taxable","25":"product-type-simple"},"acf":[],"_links":{"self":[{"href":"https:\/\/beurswand2026.webdeveloperz.nl\/fr\/wp-json\/wp\/v2\/product\/15452","targetHints":{"allow":["GET"]}}],"collection":[{"href":"https:\/\/beurswand2026.webdeveloperz.nl\/fr\/wp-json\/wp\/v2\/product"}],"about":[{"href":"https:\/\/beurswand2026.webdeveloperz.nl\/fr\/wp-json\/wp\/v2\/types\/product"}],"replies":[{"embeddable":true,"href":"https:\/\/beurswand2026.webdeveloperz.nl\/fr\/wp-json\/wp\/v2\/comments?post=15452"}],"version-history":[{"count":1,"href":"https:\/\/beurswand2026.webdeveloperz.nl\/fr\/wp-json\/wp\/v2\/product\/15452\/revisions"}],"predecessor-version":[{"id":18743,"href":"https:\/\/beurswand2026.webdeveloperz.nl\/fr\/wp-json\/wp\/v2\/product\/15452\/revisions\/18743"}],"wp:featuredmedia":[{"embeddable":true,"href":"https:\/\/beurswand2026.webdeveloperz.nl\/fr\/wp-json\/wp\/v2\/media\/11762"}],"wp:attachment":[{"href":"https:\/\/beurswand2026.webdeveloperz.nl\/fr\/wp-json\/wp\/v2\/media?parent=15452"}],"wp:term":[{"taxonomy":"breedte","embeddable":true,"href":"https:\/\/beurswand2026.webdeveloperz.nl\/fr\/wp-json\/wp\/v2\/breedte?post=15452"},{"taxonomy":"design-oppervlakte","embeddable":true,"href":"https:\/\/beurswand2026.webdeveloperz.nl\/fr\/wp-json\/wp\/v2\/design-oppervlakte?post=15452"},{"taxonomy":"design-opstelling","embeddable":true,"href":"https:\/\/beurswand2026.webdeveloperz.nl\/fr\/wp-json\/wp\/v2\/design-opstelling?post=15452"},{"taxonomy":"design-optie","embeddable":true,"href":"https:\/\/beurswand2026.webdeveloperz.nl\/fr\/wp-json\/wp\/v2\/design-optie?post=15452"},{"taxonomy":"diepte","embeddable":true,"href":"https:\/\/beurswand2026.webdeveloperz.nl\/fr\/wp-json\/wp\/v2\/diepte?post=15452"},{"taxonomy":"oppervlakte","embeddable":true,"href":"https:\/\/beurswand2026.webdeveloperz.nl\/fr\/wp-json\/wp\/v2\/oppervlakte?post=15452"},{"taxonomy":"opstelling","embeddable":true,"href":"https:\/\/beurswand2026.webdeveloperz.nl\/fr\/wp-json\/wp\/v2\/opstelling?post=15452"},{"taxonomy":"optie","embeddable":true,"href":"https:\/\/beurswand2026.webdeveloperz.nl\/fr\/wp-json\/wp\/v2\/optie?post=15452"},{"taxonomy":"pijler","embeddable":true,"href":"https:\/\/beurswand2026.webdeveloperz.nl\/fr\/wp-json\/wp\/v2\/pijler?post=15452"},{"taxonomy":"product_brand","embeddable":true,"href":"https:\/\/beurswand2026.webdeveloperz.nl\/fr\/wp-json\/wp\/v2\/product_brand?post=15452"},{"taxonomy":"product_cat","embeddable":true,"href":"https:\/\/beurswand2026.webdeveloperz.nl\/fr\/wp-json\/wp\/v2\/product_cat?post=15452"},{"taxonomy":"product_tag","embeddable":true,"href":"https:\/\/beurswand2026.webdeveloperz.nl\/fr\/wp-json\/wp\/v2\/product_tag?post=15452"}],"curies":[{"name":"wp","href":"https:\/\/api.w.org\/{rel}","templated":true}]}}