{"id":15443,"date":"2023-10-15T06:55:11","date_gmt":"2023-10-15T06:55:11","guid":{"rendered":"https:\/\/beurswand.nl\/product\/stand-dexposition-design-64\/"},"modified":"2025-04-29T07:47:09","modified_gmt":"2025-04-29T07:47:09","slug":"stand-dexposition-design-64","status":"publish","type":"product","link":"https:\/\/beurswand2026.webdeveloperz.nl\/fr\/product\/stand-dexposition-design-64\/","title":{"rendered":"Stand d&rsquo;exposition Design 64"},"content":{"rendered":"<p><strong>Stand d&rsquo;exposition exclusif Design 64<\/strong>  <\/p>\n<p>Vous \u00eates \u00e0 la recherche d&rsquo;un stand d&rsquo;exposition impressionnant et fonctionnel qui mette votre marque sous les feux de la rampe ? Notre dernier Design 64 d\u00e9passera vos attentes. Avec une surface g\u00e9n\u00e9reuse de plus de 12 m\u00b2, ce stand offre suffisamment d&rsquo;espace pour les pr\u00e9sentations, le r\u00e9seautage et les expositions de produits. En tant que stand interm\u00e9diaire, il s&rsquo;int\u00e8gre parfaitement entre les autres stands et vous offre une pr\u00e9sence pro\u00e9minente sur le sol de l&rsquo;exposition.<\/p>\n<p>Mais ce n&rsquo;est pas tout. Les possibilit\u00e9s de personnalisation sont infinies ! Que vous optiez pour des affichages multim\u00e9dias, des points de contact interactifs ou un marquage personnalis\u00e9, nous le r\u00e9alisons pour vous.<\/p>\n<p>Ce n&rsquo;est qu&rsquo;un exemple parmi d&rsquo;autres. Nous sommes heureux de personnaliser la conception en fonction de vos besoins et de votre vision. Vous \u00eates curieux ? Cliquez ensuite sur le lien ci-dessous et demandez plus d&rsquo;informations via notre formulaire de contact. N&rsquo;attendez plus et faites de votre participation \u00e0 un salon un succ\u00e8s inoubliable !<\/p>\n","protected":false},"excerpt":{"rendered":"<p>Stand d&rsquo;exposition exclusif Design 64 Vous \u00eates \u00e0 la recherche d&rsquo;un stand d&rsquo;exposition impressionnant et fonctionnel qui mette votre marque sous les feux de la rampe ? Notre dernier Design 64 d\u00e9passera vos attentes. Avec une surface g\u00e9n\u00e9reuse de plus de 12 m\u00b2, ce stand offre suffisamment d&rsquo;espace pour les pr\u00e9sentations, le r\u00e9seautage et les [&hellip;]<\/p>\n","protected":false},"featured_media":11640,"comment_status":"closed","ping_status":"open","template":"","meta":{"_acf_changed":false,"site-sidebar-layout":"default","site-content-layout":"","ast-site-content-layout":"default","site-content-style":"default","site-sidebar-style":"default","ast-global-header-display":"","ast-banner-title-visibility":"","ast-main-header-display":"","ast-hfb-above-header-display":"","ast-hfb-below-header-display":"","ast-hfb-mobile-header-display":"","site-post-title":"","ast-breadcrumbs-content":"","ast-featured-img":"","footer-sml-layout":"","ast-disable-related-posts":"","theme-transparent-header-meta":"","adv-header-id-meta":"","stick-header-meta":"","header-above-stick-meta":"","header-main-stick-meta":"","header-below-stick-meta":"","astra-migrate-meta-layouts":"default","ast-page-background-enabled":"default","ast-page-background-meta":{"desktop":{"background-color":"","background-image":"","background-repeat":"repeat","background-position":"center center","background-size":"auto","background-attachment":"scroll","background-type":"","background-media":"","overlay-type":"","overlay-color":"","overlay-opacity":"","overlay-gradient":""},"tablet":{"background-color":"","background-image":"","background-repeat":"repeat","background-position":"center center","background-size":"auto","background-attachment":"scroll","background-type":"","background-media":"","overlay-type":"","overlay-color":"","overlay-opacity":"","overlay-gradient":""},"mobile":{"background-color":"","background-image":"","background-repeat":"repeat","background-position":"center center","background-size":"auto","background-attachment":"scroll","background-type":"","background-media":"","overlay-type":"","overlay-color":"","overlay-opacity":"","overlay-gradient":""}},"ast-content-background-meta":{"desktop":{"background-color":"var(--ast-global-color-5)","background-image":"","background-repeat":"repeat","background-position":"center center","background-size":"auto","background-attachment":"scroll","background-type":"","background-media":"","overlay-type":"","overlay-color":"","overlay-opacity":"","overlay-gradient":""},"tablet":{"background-color":"var(--ast-global-color-5)","background-image":"","background-repeat":"repeat","background-position":"center center","background-size":"auto","background-attachment":"scroll","background-type":"","background-media":"","overlay-type":"","overlay-color":"","overlay-opacity":"","overlay-gradient":""},"mobile":{"background-color":"var(--ast-global-color-5)","background-image":"","background-repeat":"repeat","background-position":"center center","background-size":"auto","background-attachment":"scroll","background-type":"","background-media":"","overlay-type":"","overlay-color":"","overlay-opacity":"","overlay-gradient":""}}},"breedte":[],"design-oppervlakte":[385],"design-opstelling":[438],"design-optie":[],"diepte":[],"oppervlakte":[],"opstelling":[],"optie":[],"pijler":[],"product_brand":[],"product_cat":[393,439,388,390,391,389],"product_tag":[],"class_list":{"0":"post-15443","1":"product","2":"type-product","3":"status-publish","4":"has-post-thumbnail","6":"design-oppervlakte-1-24-m2-fr","7":"design-opstelling-stand-intermediaire","8":"product_cat-1-24-m2-fr","9":"product_cat-classement","10":"product_cat-conception","11":"product_cat-options-fr","12":"product_cat-stand-dexposition-type","13":"product_cat-surface-fr","14":"desktop-align-left","15":"tablet-align-left","16":"mobile-align-left","18":"first","19":"instock","20":"shipping-taxable","21":"product-type-simple"},"acf":[],"_links":{"self":[{"href":"https:\/\/beurswand2026.webdeveloperz.nl\/fr\/wp-json\/wp\/v2\/product\/15443","targetHints":{"allow":["GET"]}}],"collection":[{"href":"https:\/\/beurswand2026.webdeveloperz.nl\/fr\/wp-json\/wp\/v2\/product"}],"about":[{"href":"https:\/\/beurswand2026.webdeveloperz.nl\/fr\/wp-json\/wp\/v2\/types\/product"}],"replies":[{"embeddable":true,"href":"https:\/\/beurswand2026.webdeveloperz.nl\/fr\/wp-json\/wp\/v2\/comments?post=15443"}],"version-history":[{"count":1,"href":"https:\/\/beurswand2026.webdeveloperz.nl\/fr\/wp-json\/wp\/v2\/product\/15443\/revisions"}],"predecessor-version":[{"id":18774,"href":"https:\/\/beurswand2026.webdeveloperz.nl\/fr\/wp-json\/wp\/v2\/product\/15443\/revisions\/18774"}],"wp:featuredmedia":[{"embeddable":true,"href":"https:\/\/beurswand2026.webdeveloperz.nl\/fr\/wp-json\/wp\/v2\/media\/11640"}],"wp:attachment":[{"href":"https:\/\/beurswand2026.webdeveloperz.nl\/fr\/wp-json\/wp\/v2\/media?parent=15443"}],"wp:term":[{"taxonomy":"breedte","embeddable":true,"href":"https:\/\/beurswand2026.webdeveloperz.nl\/fr\/wp-json\/wp\/v2\/breedte?post=15443"},{"taxonomy":"design-oppervlakte","embeddable":true,"href":"https:\/\/beurswand2026.webdeveloperz.nl\/fr\/wp-json\/wp\/v2\/design-oppervlakte?post=15443"},{"taxonomy":"design-opstelling","embeddable":true,"href":"https:\/\/beurswand2026.webdeveloperz.nl\/fr\/wp-json\/wp\/v2\/design-opstelling?post=15443"},{"taxonomy":"design-optie","embeddable":true,"href":"https:\/\/beurswand2026.webdeveloperz.nl\/fr\/wp-json\/wp\/v2\/design-optie?post=15443"},{"taxonomy":"diepte","embeddable":true,"href":"https:\/\/beurswand2026.webdeveloperz.nl\/fr\/wp-json\/wp\/v2\/diepte?post=15443"},{"taxonomy":"oppervlakte","embeddable":true,"href":"https:\/\/beurswand2026.webdeveloperz.nl\/fr\/wp-json\/wp\/v2\/oppervlakte?post=15443"},{"taxonomy":"opstelling","embeddable":true,"href":"https:\/\/beurswand2026.webdeveloperz.nl\/fr\/wp-json\/wp\/v2\/opstelling?post=15443"},{"taxonomy":"optie","embeddable":true,"href":"https:\/\/beurswand2026.webdeveloperz.nl\/fr\/wp-json\/wp\/v2\/optie?post=15443"},{"taxonomy":"pijler","embeddable":true,"href":"https:\/\/beurswand2026.webdeveloperz.nl\/fr\/wp-json\/wp\/v2\/pijler?post=15443"},{"taxonomy":"product_brand","embeddable":true,"href":"https:\/\/beurswand2026.webdeveloperz.nl\/fr\/wp-json\/wp\/v2\/product_brand?post=15443"},{"taxonomy":"product_cat","embeddable":true,"href":"https:\/\/beurswand2026.webdeveloperz.nl\/fr\/wp-json\/wp\/v2\/product_cat?post=15443"},{"taxonomy":"product_tag","embeddable":true,"href":"https:\/\/beurswand2026.webdeveloperz.nl\/fr\/wp-json\/wp\/v2\/product_tag?post=15443"}],"curies":[{"name":"wp","href":"https:\/\/api.w.org\/{rel}","templated":true}]}}