{"id":15442,"date":"2023-10-15T06:57:43","date_gmt":"2023-10-15T06:57:43","guid":{"rendered":"https:\/\/beurswand.nl\/product\/stand-dexposition-design-67\/"},"modified":"2025-04-29T07:47:14","modified_gmt":"2025-04-29T07:47:14","slug":"stand-dexposition-design-67","status":"publish","type":"product","link":"https:\/\/beurswand2026.webdeveloperz.nl\/fr\/product\/stand-dexposition-design-67\/","title":{"rendered":"Stand d&rsquo;exposition Design 67"},"content":{"rendered":"<p><strong>Stand d&rsquo;exposition exclusif 67 : votre marque sous les feux de la rampe !<\/strong><\/p>\n<p>Vous cherchez un stand d&rsquo;exposition original pour pr\u00e9senter votre marque ? Notre Stand d&rsquo;exposition Design 67, un stand d&rsquo;angle d&rsquo;une surface g\u00e9n\u00e9reuse de plus de 60 m2, est le choix id\u00e9al. Chaque d\u00e9tail est con\u00e7u pour impressionner.<\/p>\n<p>Profitez d&rsquo;un luxueux garde-manger pour choyer vos invit\u00e9s et donnez un coup de pouce \u00e0 vos pr\u00e9sentations gr\u00e2ce \u00e0 notre option d&rsquo;armature int\u00e9gr\u00e9e. Il ne s&rsquo;agit l\u00e0 que d&rsquo;un exemple ; nous offrons la possibilit\u00e9 de personnaliser votre stand d&rsquo;exposition afin qu&rsquo;il soit enti\u00e8rement \u00e0 votre go\u00fbt.<\/p>\n<p>Ne manquez aucune occasion et faites de votre participation \u00e0 un salon un succ\u00e8s retentissant. Int\u00e9ress\u00e9(e) ? Demandez plus d&rsquo;informations via le formulaire de contact ci-dessous et d\u00e9couvrez comment Design 67 peut am\u00e9liorer votre marque. Votre stand visionnaire vous attend !<\/p>\n","protected":false},"excerpt":{"rendered":"<p>Stand d&rsquo;exposition exclusif 67 : votre marque sous les feux de la rampe ! Vous cherchez un stand d&rsquo;exposition original pour pr\u00e9senter votre marque ? Notre Stand d&rsquo;exposition Design 67, un stand d&rsquo;angle d&rsquo;une surface g\u00e9n\u00e9reuse de plus de 60 m2, est le choix id\u00e9al. Chaque d\u00e9tail est con\u00e7u pour impressionner. Profitez d&rsquo;un luxueux garde-manger [&hellip;]<\/p>\n","protected":false},"featured_media":11701,"comment_status":"closed","ping_status":"open","template":"","meta":{"_acf_changed":false,"site-sidebar-layout":"default","site-content-layout":"","ast-site-content-layout":"default","site-content-style":"default","site-sidebar-style":"default","ast-global-header-display":"","ast-banner-title-visibility":"","ast-main-header-display":"","ast-hfb-above-header-display":"","ast-hfb-below-header-display":"","ast-hfb-mobile-header-display":"","site-post-title":"","ast-breadcrumbs-content":"","ast-featured-img":"","footer-sml-layout":"","ast-disable-related-posts":"","theme-transparent-header-meta":"","adv-header-id-meta":"","stick-header-meta":"","header-above-stick-meta":"","header-main-stick-meta":"","header-below-stick-meta":"","astra-migrate-meta-layouts":"default","ast-page-background-enabled":"default","ast-page-background-meta":{"desktop":{"background-color":"","background-image":"","background-repeat":"repeat","background-position":"center center","background-size":"auto","background-attachment":"scroll","background-type":"","background-media":"","overlay-type":"","overlay-color":"","overlay-opacity":"","overlay-gradient":""},"tablet":{"background-color":"","background-image":"","background-repeat":"repeat","background-position":"center center","background-size":"auto","background-attachment":"scroll","background-type":"","background-media":"","overlay-type":"","overlay-color":"","overlay-opacity":"","overlay-gradient":""},"mobile":{"background-color":"","background-image":"","background-repeat":"repeat","background-position":"center center","background-size":"auto","background-attachment":"scroll","background-type":"","background-media":"","overlay-type":"","overlay-color":"","overlay-opacity":"","overlay-gradient":""}},"ast-content-background-meta":{"desktop":{"background-color":"var(--ast-global-color-5)","background-image":"","background-repeat":"repeat","background-position":"center center","background-size":"auto","background-attachment":"scroll","background-type":"","background-media":"","overlay-type":"","overlay-color":"","overlay-opacity":"","overlay-gradient":""},"tablet":{"background-color":"var(--ast-global-color-5)","background-image":"","background-repeat":"repeat","background-position":"center center","background-size":"auto","background-attachment":"scroll","background-type":"","background-media":"","overlay-type":"","overlay-color":"","overlay-opacity":"","overlay-gradient":""},"mobile":{"background-color":"var(--ast-global-color-5)","background-image":"","background-repeat":"repeat","background-position":"center center","background-size":"auto","background-attachment":"scroll","background-type":"","background-media":"","overlay-type":"","overlay-color":"","overlay-opacity":"","overlay-gradient":""}}},"breedte":[],"design-oppervlakte":[420],"design-opstelling":[440],"design-optie":[398,452],"diepte":[],"oppervlakte":[],"opstelling":[],"optie":[],"pijler":[],"product_brand":[],"product_cat":[422,388,400,390,454,391,441,389],"product_tag":[],"class_list":{"0":"post-15442","1":"product","2":"type-product","3":"status-publish","4":"has-post-thumbnail","6":"design-oppervlakte-40-m2-et-plus","7":"design-opstelling-support-dangle","8":"design-optie-garde-manger","9":"design-optie-poutrelle","10":"product_cat-40-m2-et-plus","11":"product_cat-conception","12":"product_cat-garde-manger","13":"product_cat-options-fr","14":"product_cat-poutrelle","15":"product_cat-stand-dexposition-type","16":"product_cat-support-dangle","17":"product_cat-surface-fr","18":"desktop-align-left","19":"tablet-align-left","20":"mobile-align-left","22":"first","23":"instock","24":"shipping-taxable","25":"product-type-simple"},"acf":[],"_links":{"self":[{"href":"https:\/\/beurswand2026.webdeveloperz.nl\/fr\/wp-json\/wp\/v2\/product\/15442","targetHints":{"allow":["GET"]}}],"collection":[{"href":"https:\/\/beurswand2026.webdeveloperz.nl\/fr\/wp-json\/wp\/v2\/product"}],"about":[{"href":"https:\/\/beurswand2026.webdeveloperz.nl\/fr\/wp-json\/wp\/v2\/types\/product"}],"replies":[{"embeddable":true,"href":"https:\/\/beurswand2026.webdeveloperz.nl\/fr\/wp-json\/wp\/v2\/comments?post=15442"}],"version-history":[{"count":1,"href":"https:\/\/beurswand2026.webdeveloperz.nl\/fr\/wp-json\/wp\/v2\/product\/15442\/revisions"}],"predecessor-version":[{"id":18782,"href":"https:\/\/beurswand2026.webdeveloperz.nl\/fr\/wp-json\/wp\/v2\/product\/15442\/revisions\/18782"}],"wp:featuredmedia":[{"embeddable":true,"href":"https:\/\/beurswand2026.webdeveloperz.nl\/fr\/wp-json\/wp\/v2\/media\/11701"}],"wp:attachment":[{"href":"https:\/\/beurswand2026.webdeveloperz.nl\/fr\/wp-json\/wp\/v2\/media?parent=15442"}],"wp:term":[{"taxonomy":"breedte","embeddable":true,"href":"https:\/\/beurswand2026.webdeveloperz.nl\/fr\/wp-json\/wp\/v2\/breedte?post=15442"},{"taxonomy":"design-oppervlakte","embeddable":true,"href":"https:\/\/beurswand2026.webdeveloperz.nl\/fr\/wp-json\/wp\/v2\/design-oppervlakte?post=15442"},{"taxonomy":"design-opstelling","embeddable":true,"href":"https:\/\/beurswand2026.webdeveloperz.nl\/fr\/wp-json\/wp\/v2\/design-opstelling?post=15442"},{"taxonomy":"design-optie","embeddable":true,"href":"https:\/\/beurswand2026.webdeveloperz.nl\/fr\/wp-json\/wp\/v2\/design-optie?post=15442"},{"taxonomy":"diepte","embeddable":true,"href":"https:\/\/beurswand2026.webdeveloperz.nl\/fr\/wp-json\/wp\/v2\/diepte?post=15442"},{"taxonomy":"oppervlakte","embeddable":true,"href":"https:\/\/beurswand2026.webdeveloperz.nl\/fr\/wp-json\/wp\/v2\/oppervlakte?post=15442"},{"taxonomy":"opstelling","embeddable":true,"href":"https:\/\/beurswand2026.webdeveloperz.nl\/fr\/wp-json\/wp\/v2\/opstelling?post=15442"},{"taxonomy":"optie","embeddable":true,"href":"https:\/\/beurswand2026.webdeveloperz.nl\/fr\/wp-json\/wp\/v2\/optie?post=15442"},{"taxonomy":"pijler","embeddable":true,"href":"https:\/\/beurswand2026.webdeveloperz.nl\/fr\/wp-json\/wp\/v2\/pijler?post=15442"},{"taxonomy":"product_brand","embeddable":true,"href":"https:\/\/beurswand2026.webdeveloperz.nl\/fr\/wp-json\/wp\/v2\/product_brand?post=15442"},{"taxonomy":"product_cat","embeddable":true,"href":"https:\/\/beurswand2026.webdeveloperz.nl\/fr\/wp-json\/wp\/v2\/product_cat?post=15442"},{"taxonomy":"product_tag","embeddable":true,"href":"https:\/\/beurswand2026.webdeveloperz.nl\/fr\/wp-json\/wp\/v2\/product_tag?post=15442"}],"curies":[{"name":"wp","href":"https:\/\/api.w.org\/{rel}","templated":true}]}}