{"id":15434,"date":"2023-10-15T06:51:30","date_gmt":"2023-10-15T06:51:30","guid":{"rendered":"https:\/\/beurswand.nl\/product\/stand-dexposition-design-60\/"},"modified":"2025-04-29T07:47:43","modified_gmt":"2025-04-29T07:47:43","slug":"stand-dexposition-design-60","status":"publish","type":"product","link":"https:\/\/beurswand2026.webdeveloperz.nl\/fr\/product\/stand-dexposition-design-60\/","title":{"rendered":"Stand d&rsquo;exposition Design 60"},"content":{"rendered":"<p><strong>Stand d&rsquo;exposition unique 60 - Faites de l&rsquo;effet \u00e0 votre Evento !<\/strong><\/p>\n<p>D\u00e9couvrez notre derni\u00e8re conception de stand d&rsquo;exposition 60 : spacieux, moderne et enti\u00e8rement personnalisable en fonction de l&rsquo;identit\u00e9 de votre marque. Avec une taille impressionnante de plus de 32 m2, cette mezzanine offre de nombreuses options de haute qualit\u00e9 :<\/p>\n<p>\u2728 <strong>Elegant Desk<\/strong> - Pour les pr\u00e9sentations et les interactions professionnelles. <strong>\u2728 Arche accrocheuse<\/strong> - Pour que votre stand soit imm\u00e9diatement reconnaissable. \u2728 <strong>Mur LED futuriste<\/strong> - Attirez l&rsquo;attention et faites briller votre message. \u2728 <strong>Plancher sur\u00e9lev\u00e9<\/strong> - Donnez \u00e0 votre stand un aspect haut de gamme et un espace de rangement suppl\u00e9mentaire. \u2728 <strong>Garde-manger pratique<\/strong> - Endroit id\u00e9al pour les collations, les boissons et le rangement.<\/p>\n<p>Il ne s&rsquo;agit que d&rsquo;un exemple ; nous nous ferons un plaisir d&rsquo;adapter la conception \u00e0 vos besoins sp\u00e9cifiques. Vous voulez en savoir plus ? Remplissez le formulaire de contact ci-dessous pour plus d&rsquo;informations et laissez-vous inspirer par les possibilit\u00e9s qui s&rsquo;offrent \u00e0 vous !<\/p>\n","protected":false},"excerpt":{"rendered":"<p>Stand d&rsquo;exposition unique 60 - Faites de l&rsquo;effet \u00e0 votre Evento ! D\u00e9couvrez notre derni\u00e8re conception de stand d&rsquo;exposition 60 : spacieux, moderne et enti\u00e8rement personnalisable en fonction de l&rsquo;identit\u00e9 de votre marque. Avec une taille impressionnante de plus de 32 m2, cette mezzanine offre de nombreuses options de haute qualit\u00e9 : \u2728 Elegant Desk [&hellip;]<\/p>\n","protected":false},"featured_media":11552,"comment_status":"closed","ping_status":"open","template":"","meta":{"_acf_changed":false,"site-sidebar-layout":"default","site-content-layout":"","ast-site-content-layout":"default","site-content-style":"default","site-sidebar-style":"default","ast-global-header-display":"","ast-banner-title-visibility":"","ast-main-header-display":"","ast-hfb-above-header-display":"","ast-hfb-below-header-display":"","ast-hfb-mobile-header-display":"","site-post-title":"","ast-breadcrumbs-content":"","ast-featured-img":"","footer-sml-layout":"","ast-disable-related-posts":"","theme-transparent-header-meta":"","adv-header-id-meta":"","stick-header-meta":"","header-above-stick-meta":"","header-main-stick-meta":"","header-below-stick-meta":"","astra-migrate-meta-layouts":"default","ast-page-background-enabled":"default","ast-page-background-meta":{"desktop":{"background-color":"","background-image":"","background-repeat":"repeat","background-position":"center center","background-size":"auto","background-attachment":"scroll","background-type":"","background-media":"","overlay-type":"","overlay-color":"","overlay-opacity":"","overlay-gradient":""},"tablet":{"background-color":"","background-image":"","background-repeat":"repeat","background-position":"center center","background-size":"auto","background-attachment":"scroll","background-type":"","background-media":"","overlay-type":"","overlay-color":"","overlay-opacity":"","overlay-gradient":""},"mobile":{"background-color":"","background-image":"","background-repeat":"repeat","background-position":"center center","background-size":"auto","background-attachment":"scroll","background-type":"","background-media":"","overlay-type":"","overlay-color":"","overlay-opacity":"","overlay-gradient":""}},"ast-content-background-meta":{"desktop":{"background-color":"var(--ast-global-color-5)","background-image":"","background-repeat":"repeat","background-position":"center center","background-size":"auto","background-attachment":"scroll","background-type":"","background-media":"","overlay-type":"","overlay-color":"","overlay-opacity":"","overlay-gradient":""},"tablet":{"background-color":"var(--ast-global-color-5)","background-image":"","background-repeat":"repeat","background-position":"center center","background-size":"auto","background-attachment":"scroll","background-type":"","background-media":"","overlay-type":"","overlay-color":"","overlay-opacity":"","overlay-gradient":""},"mobile":{"background-color":"var(--ast-global-color-5)","background-image":"","background-repeat":"repeat","background-position":"center center","background-size":"auto","background-attachment":"scroll","background-type":"","background-media":"","overlay-type":"","overlay-color":"","overlay-opacity":"","overlay-gradient":""}}},"breedte":[],"design-oppervlakte":[396],"design-opstelling":[438],"design-optie":[387,397,398,424,442],"diepte":[],"oppervlakte":[],"opstelling":[],"optie":[],"pijler":[],"product_brand":[],"product_cat":[401,394,399,439,388,400,425,390,443,391,389],"product_tag":[],"class_list":{"0":"post-15434","1":"product","2":"type-product","3":"status-publish","4":"has-post-thumbnail","6":"design-oppervlakte-25-40-m2-fr","7":"design-opstelling-stand-intermediaire","8":"design-optie-arche","9":"design-optie-bureau","10":"design-optie-garde-manger","11":"design-optie-mur-de-led","12":"design-optie-plancher-sureleve","13":"product_cat-25-40-m2-fr","14":"product_cat-arche","15":"product_cat-bureau","16":"product_cat-classement","17":"product_cat-conception","18":"product_cat-garde-manger","19":"product_cat-mur-de-led","20":"product_cat-options-fr","21":"product_cat-plancher-sureleve","22":"product_cat-stand-dexposition-type","23":"product_cat-surface-fr","24":"desktop-align-left","25":"tablet-align-left","26":"mobile-align-left","28":"first","29":"instock","30":"shipping-taxable","31":"product-type-simple"},"acf":[],"_links":{"self":[{"href":"https:\/\/beurswand2026.webdeveloperz.nl\/fr\/wp-json\/wp\/v2\/product\/15434","targetHints":{"allow":["GET"]}}],"collection":[{"href":"https:\/\/beurswand2026.webdeveloperz.nl\/fr\/wp-json\/wp\/v2\/product"}],"about":[{"href":"https:\/\/beurswand2026.webdeveloperz.nl\/fr\/wp-json\/wp\/v2\/types\/product"}],"replies":[{"embeddable":true,"href":"https:\/\/beurswand2026.webdeveloperz.nl\/fr\/wp-json\/wp\/v2\/comments?post=15434"}],"version-history":[{"count":1,"href":"https:\/\/beurswand2026.webdeveloperz.nl\/fr\/wp-json\/wp\/v2\/product\/15434\/revisions"}],"predecessor-version":[{"id":18807,"href":"https:\/\/beurswand2026.webdeveloperz.nl\/fr\/wp-json\/wp\/v2\/product\/15434\/revisions\/18807"}],"wp:featuredmedia":[{"embeddable":true,"href":"https:\/\/beurswand2026.webdeveloperz.nl\/fr\/wp-json\/wp\/v2\/media\/11552"}],"wp:attachment":[{"href":"https:\/\/beurswand2026.webdeveloperz.nl\/fr\/wp-json\/wp\/v2\/media?parent=15434"}],"wp:term":[{"taxonomy":"breedte","embeddable":true,"href":"https:\/\/beurswand2026.webdeveloperz.nl\/fr\/wp-json\/wp\/v2\/breedte?post=15434"},{"taxonomy":"design-oppervlakte","embeddable":true,"href":"https:\/\/beurswand2026.webdeveloperz.nl\/fr\/wp-json\/wp\/v2\/design-oppervlakte?post=15434"},{"taxonomy":"design-opstelling","embeddable":true,"href":"https:\/\/beurswand2026.webdeveloperz.nl\/fr\/wp-json\/wp\/v2\/design-opstelling?post=15434"},{"taxonomy":"design-optie","embeddable":true,"href":"https:\/\/beurswand2026.webdeveloperz.nl\/fr\/wp-json\/wp\/v2\/design-optie?post=15434"},{"taxonomy":"diepte","embeddable":true,"href":"https:\/\/beurswand2026.webdeveloperz.nl\/fr\/wp-json\/wp\/v2\/diepte?post=15434"},{"taxonomy":"oppervlakte","embeddable":true,"href":"https:\/\/beurswand2026.webdeveloperz.nl\/fr\/wp-json\/wp\/v2\/oppervlakte?post=15434"},{"taxonomy":"opstelling","embeddable":true,"href":"https:\/\/beurswand2026.webdeveloperz.nl\/fr\/wp-json\/wp\/v2\/opstelling?post=15434"},{"taxonomy":"optie","embeddable":true,"href":"https:\/\/beurswand2026.webdeveloperz.nl\/fr\/wp-json\/wp\/v2\/optie?post=15434"},{"taxonomy":"pijler","embeddable":true,"href":"https:\/\/beurswand2026.webdeveloperz.nl\/fr\/wp-json\/wp\/v2\/pijler?post=15434"},{"taxonomy":"product_brand","embeddable":true,"href":"https:\/\/beurswand2026.webdeveloperz.nl\/fr\/wp-json\/wp\/v2\/product_brand?post=15434"},{"taxonomy":"product_cat","embeddable":true,"href":"https:\/\/beurswand2026.webdeveloperz.nl\/fr\/wp-json\/wp\/v2\/product_cat?post=15434"},{"taxonomy":"product_tag","embeddable":true,"href":"https:\/\/beurswand2026.webdeveloperz.nl\/fr\/wp-json\/wp\/v2\/product_tag?post=15434"}],"curies":[{"name":"wp","href":"https:\/\/api.w.org\/{rel}","templated":true}]}}