{"id":15417,"date":"2023-10-15T06:43:52","date_gmt":"2023-10-15T06:43:52","guid":{"rendered":"https:\/\/beurswand.nl\/product\/conception-de-stands-dexposition-53\/"},"modified":"2025-04-29T07:48:11","modified_gmt":"2025-04-29T07:48:11","slug":"conception-de-stands-dexposition-53","status":"publish","type":"product","link":"https:\/\/beurswand2026.webdeveloperz.nl\/fr\/product\/conception-de-stands-dexposition-53\/","title":{"rendered":"Stand d&rsquo;exposition Design 53"},"content":{"rendered":"<hr>\n<p><strong>Stand d&rsquo;exposition unique 53 : Faites la diff\u00e9rence !<\/strong><\/p>\n<p>Entrez dans le monde des pr\u00e9sentations de foires progressives avec notre Design 53 exclusif ! Parfait pour les entreprises qui veulent voir grand, ce stand d&rsquo;exposition couvre 39 m2. En tant que poirier, il positionne votre marque au centre de l&rsquo;attention, garantissant une visibilit\u00e9 maximale sur trois c\u00f4t\u00e9s.<\/p>\n<p>Et ce n&rsquo;est pas tout. Le design est \u00e9galement accompagn\u00e9 d&rsquo;un bureau \u00e9l\u00e9gant, id\u00e9al pour l&rsquo;interaction, les d\u00e9monstrations de produits ou tout simplement pour une bonne discussion avec des clients potentiels.<\/p>\n<p>C&rsquo;est presque ce que vous recherchez, mais vous souhaitez encore quelques ajustements ? Pas de probl\u00e8me ! Il s&rsquo;agit d&rsquo;un simple exemple qui peut \u00eatre enti\u00e8rement adapt\u00e9 \u00e0 vos besoins.<\/p>\n<p>Vous \u00eates curieux ? Demandez rapidement plus d&rsquo;informations en utilisant le formulaire de contact ci-dessous. Nous sommes heureux de vous aider !<\/p>\n","protected":false},"excerpt":{"rendered":"<p>Stand d&rsquo;exposition unique 53 : Faites la diff\u00e9rence ! Entrez dans le monde des pr\u00e9sentations de foires progressives avec notre Design 53 exclusif ! Parfait pour les entreprises qui veulent voir grand, ce stand d&rsquo;exposition couvre 39 m2. En tant que poirier, il positionne votre marque au centre de l&rsquo;attention, garantissant une visibilit\u00e9 maximale sur [&hellip;]<\/p>\n","protected":false},"featured_media":11423,"comment_status":"closed","ping_status":"open","template":"","meta":{"_acf_changed":false,"site-sidebar-layout":"default","site-content-layout":"","ast-site-content-layout":"default","site-content-style":"default","site-sidebar-style":"default","ast-global-header-display":"","ast-banner-title-visibility":"","ast-main-header-display":"","ast-hfb-above-header-display":"","ast-hfb-below-header-display":"","ast-hfb-mobile-header-display":"","site-post-title":"","ast-breadcrumbs-content":"","ast-featured-img":"","footer-sml-layout":"","ast-disable-related-posts":"","theme-transparent-header-meta":"","adv-header-id-meta":"","stick-header-meta":"","header-above-stick-meta":"","header-main-stick-meta":"","header-below-stick-meta":"","astra-migrate-meta-layouts":"default","ast-page-background-enabled":"default","ast-page-background-meta":{"desktop":{"background-color":"","background-image":"","background-repeat":"repeat","background-position":"center center","background-size":"auto","background-attachment":"scroll","background-type":"","background-media":"","overlay-type":"","overlay-color":"","overlay-opacity":"","overlay-gradient":""},"tablet":{"background-color":"","background-image":"","background-repeat":"repeat","background-position":"center center","background-size":"auto","background-attachment":"scroll","background-type":"","background-media":"","overlay-type":"","overlay-color":"","overlay-opacity":"","overlay-gradient":""},"mobile":{"background-color":"","background-image":"","background-repeat":"repeat","background-position":"center center","background-size":"auto","background-attachment":"scroll","background-type":"","background-media":"","overlay-type":"","overlay-color":"","overlay-opacity":"","overlay-gradient":""}},"ast-content-background-meta":{"desktop":{"background-color":"var(--ast-global-color-5)","background-image":"","background-repeat":"repeat","background-position":"center center","background-size":"auto","background-attachment":"scroll","background-type":"","background-media":"","overlay-type":"","overlay-color":"","overlay-opacity":"","overlay-gradient":""},"tablet":{"background-color":"var(--ast-global-color-5)","background-image":"","background-repeat":"repeat","background-position":"center center","background-size":"auto","background-attachment":"scroll","background-type":"","background-media":"","overlay-type":"","overlay-color":"","overlay-opacity":"","overlay-gradient":""},"mobile":{"background-color":"var(--ast-global-color-5)","background-image":"","background-repeat":"repeat","background-position":"center center","background-size":"auto","background-attachment":"scroll","background-type":"","background-media":"","overlay-type":"","overlay-color":"","overlay-opacity":"","overlay-gradient":""}}},"breedte":[],"design-oppervlakte":[396],"design-opstelling":[386],"design-optie":[397],"diepte":[],"oppervlakte":[],"opstelling":[],"optie":[],"pijler":[],"product_brand":[],"product_cat":[401,399,388,390,391,389,392],"product_tag":[],"class_list":{"0":"post-15417","1":"product","2":"type-product","3":"status-publish","4":"has-post-thumbnail","6":"design-oppervlakte-25-40-m2-fr","7":"design-opstelling-tete-en-lair","8":"design-optie-bureau","9":"product_cat-25-40-m2-fr","10":"product_cat-bureau","11":"product_cat-conception","12":"product_cat-options-fr","13":"product_cat-stand-dexposition-type","14":"product_cat-surface-fr","15":"product_cat-tete-en-lair","16":"desktop-align-left","17":"tablet-align-left","18":"mobile-align-left","20":"first","21":"instock","22":"shipping-taxable","23":"product-type-simple"},"acf":[],"_links":{"self":[{"href":"https:\/\/beurswand2026.webdeveloperz.nl\/fr\/wp-json\/wp\/v2\/product\/15417","targetHints":{"allow":["GET"]}}],"collection":[{"href":"https:\/\/beurswand2026.webdeveloperz.nl\/fr\/wp-json\/wp\/v2\/product"}],"about":[{"href":"https:\/\/beurswand2026.webdeveloperz.nl\/fr\/wp-json\/wp\/v2\/types\/product"}],"replies":[{"embeddable":true,"href":"https:\/\/beurswand2026.webdeveloperz.nl\/fr\/wp-json\/wp\/v2\/comments?post=15417"}],"version-history":[{"count":1,"href":"https:\/\/beurswand2026.webdeveloperz.nl\/fr\/wp-json\/wp\/v2\/product\/15417\/revisions"}],"predecessor-version":[{"id":18833,"href":"https:\/\/beurswand2026.webdeveloperz.nl\/fr\/wp-json\/wp\/v2\/product\/15417\/revisions\/18833"}],"wp:featuredmedia":[{"embeddable":true,"href":"https:\/\/beurswand2026.webdeveloperz.nl\/fr\/wp-json\/wp\/v2\/media\/11423"}],"wp:attachment":[{"href":"https:\/\/beurswand2026.webdeveloperz.nl\/fr\/wp-json\/wp\/v2\/media?parent=15417"}],"wp:term":[{"taxonomy":"breedte","embeddable":true,"href":"https:\/\/beurswand2026.webdeveloperz.nl\/fr\/wp-json\/wp\/v2\/breedte?post=15417"},{"taxonomy":"design-oppervlakte","embeddable":true,"href":"https:\/\/beurswand2026.webdeveloperz.nl\/fr\/wp-json\/wp\/v2\/design-oppervlakte?post=15417"},{"taxonomy":"design-opstelling","embeddable":true,"href":"https:\/\/beurswand2026.webdeveloperz.nl\/fr\/wp-json\/wp\/v2\/design-opstelling?post=15417"},{"taxonomy":"design-optie","embeddable":true,"href":"https:\/\/beurswand2026.webdeveloperz.nl\/fr\/wp-json\/wp\/v2\/design-optie?post=15417"},{"taxonomy":"diepte","embeddable":true,"href":"https:\/\/beurswand2026.webdeveloperz.nl\/fr\/wp-json\/wp\/v2\/diepte?post=15417"},{"taxonomy":"oppervlakte","embeddable":true,"href":"https:\/\/beurswand2026.webdeveloperz.nl\/fr\/wp-json\/wp\/v2\/oppervlakte?post=15417"},{"taxonomy":"opstelling","embeddable":true,"href":"https:\/\/beurswand2026.webdeveloperz.nl\/fr\/wp-json\/wp\/v2\/opstelling?post=15417"},{"taxonomy":"optie","embeddable":true,"href":"https:\/\/beurswand2026.webdeveloperz.nl\/fr\/wp-json\/wp\/v2\/optie?post=15417"},{"taxonomy":"pijler","embeddable":true,"href":"https:\/\/beurswand2026.webdeveloperz.nl\/fr\/wp-json\/wp\/v2\/pijler?post=15417"},{"taxonomy":"product_brand","embeddable":true,"href":"https:\/\/beurswand2026.webdeveloperz.nl\/fr\/wp-json\/wp\/v2\/product_brand?post=15417"},{"taxonomy":"product_cat","embeddable":true,"href":"https:\/\/beurswand2026.webdeveloperz.nl\/fr\/wp-json\/wp\/v2\/product_cat?post=15417"},{"taxonomy":"product_tag","embeddable":true,"href":"https:\/\/beurswand2026.webdeveloperz.nl\/fr\/wp-json\/wp\/v2\/product_tag?post=15417"}],"curies":[{"name":"wp","href":"https:\/\/api.w.org\/{rel}","templated":true}]}}