{"id":15378,"date":"2023-10-12T15:50:19","date_gmt":"2023-10-12T15:50:19","guid":{"rendered":"https:\/\/beurswand.nl\/product\/stand-dexposition-design-30\/"},"modified":"2025-04-29T07:50:53","modified_gmt":"2025-04-29T07:50:53","slug":"stand-dexposition-design-30","status":"publish","type":"product","link":"https:\/\/beurswand2026.webdeveloperz.nl\/fr\/product\/stand-dexposition-design-30\/","title":{"rendered":"Stand d&rsquo;exposition Design 30"},"content":{"rendered":"<p><strong>Unique Stand d\u2019exposition d&rsquo;exposition Design 30 - Impressionnez, soyez inoubliable !<\/strong><\/p>\n<p>Vous cherchez un stand d&rsquo;exposition qui se d\u00e9marque vraiment ? Choisissez notre dernier Stand d&rsquo;exposition 30. Avec une surface g\u00e9n\u00e9reuse de plus de 65 m\u00b2, ce stand d&rsquo;angle offre tout l&rsquo;espace n\u00e9cessaire pour mettre votre produit ou service sous les feux de la rampe. Qu&rsquo;il s&rsquo;agisse d&rsquo;un lancement de produit, d&rsquo;une pr\u00e9sentation d&rsquo;entreprise ou d&rsquo;un \u00e9v\u00e9nement de r\u00e9seautage, ce stand est le choix id\u00e9al.<\/p>\n<p>En outre, Design 30 est dot\u00e9 d&rsquo;accessoires pratiques tels qu&rsquo;un bureau \u00e9l\u00e9gant pour les conversations personnelles et un garde-manger pour offrir \u00e0 vos visiteurs une boisson ou un en-cas.<\/p>\n<p>Ce n&rsquo;est qu&rsquo;un exemple et il peut \u00eatre enti\u00e8rement personnalis\u00e9 \u00e0 votre convenance, afin qu&rsquo;il corresponde parfaitement \u00e0 votre marque et \u00e0 votre message. Intrigu\u00e9 ? Remplissez le formulaire de contact ci-dessous pour obtenir plus d&rsquo;informations et d\u00e9couvrir ce que nous pouvons faire pour vous. Passez \u00e0 l&rsquo;\u00e9tape suivante de votre pr\u00e9sentation au salon !<\/p>\n","protected":false},"excerpt":{"rendered":"<p>Unique Stand d\u2019exposition d&rsquo;exposition Design 30 - Impressionnez, soyez inoubliable ! Vous cherchez un stand d&rsquo;exposition qui se d\u00e9marque vraiment ? Choisissez notre dernier Stand d&rsquo;exposition 30. Avec une surface g\u00e9n\u00e9reuse de plus de 65 m\u00b2, ce stand d&rsquo;angle offre tout l&rsquo;espace n\u00e9cessaire pour mettre votre produit ou service sous les feux de la rampe. [&hellip;]<\/p>\n","protected":false},"featured_media":11067,"comment_status":"closed","ping_status":"open","template":"","meta":{"_acf_changed":false,"site-sidebar-layout":"default","site-content-layout":"","ast-site-content-layout":"default","site-content-style":"default","site-sidebar-style":"default","ast-global-header-display":"","ast-banner-title-visibility":"","ast-main-header-display":"","ast-hfb-above-header-display":"","ast-hfb-below-header-display":"","ast-hfb-mobile-header-display":"","site-post-title":"","ast-breadcrumbs-content":"","ast-featured-img":"","footer-sml-layout":"","ast-disable-related-posts":"","theme-transparent-header-meta":"","adv-header-id-meta":"","stick-header-meta":"","header-above-stick-meta":"","header-main-stick-meta":"","header-below-stick-meta":"","astra-migrate-meta-layouts":"default","ast-page-background-enabled":"default","ast-page-background-meta":{"desktop":{"background-color":"","background-image":"","background-repeat":"repeat","background-position":"center center","background-size":"auto","background-attachment":"scroll","background-type":"","background-media":"","overlay-type":"","overlay-color":"","overlay-opacity":"","overlay-gradient":""},"tablet":{"background-color":"","background-image":"","background-repeat":"repeat","background-position":"center center","background-size":"auto","background-attachment":"scroll","background-type":"","background-media":"","overlay-type":"","overlay-color":"","overlay-opacity":"","overlay-gradient":""},"mobile":{"background-color":"","background-image":"","background-repeat":"repeat","background-position":"center center","background-size":"auto","background-attachment":"scroll","background-type":"","background-media":"","overlay-type":"","overlay-color":"","overlay-opacity":"","overlay-gradient":""}},"ast-content-background-meta":{"desktop":{"background-color":"var(--ast-global-color-5)","background-image":"","background-repeat":"repeat","background-position":"center center","background-size":"auto","background-attachment":"scroll","background-type":"","background-media":"","overlay-type":"","overlay-color":"","overlay-opacity":"","overlay-gradient":""},"tablet":{"background-color":"var(--ast-global-color-5)","background-image":"","background-repeat":"repeat","background-position":"center center","background-size":"auto","background-attachment":"scroll","background-type":"","background-media":"","overlay-type":"","overlay-color":"","overlay-opacity":"","overlay-gradient":""},"mobile":{"background-color":"var(--ast-global-color-5)","background-image":"","background-repeat":"repeat","background-position":"center center","background-size":"auto","background-attachment":"scroll","background-type":"","background-media":"","overlay-type":"","overlay-color":"","overlay-opacity":"","overlay-gradient":""}}},"breedte":[],"design-oppervlakte":[420],"design-opstelling":[440],"design-optie":[397,398],"diepte":[],"oppervlakte":[],"opstelling":[],"optie":[],"pijler":[],"product_brand":[],"product_cat":[422,399,388,400,390,391,441,389],"product_tag":[],"class_list":{"0":"post-15378","1":"product","2":"type-product","3":"status-publish","4":"has-post-thumbnail","6":"design-oppervlakte-40-m2-et-plus","7":"design-opstelling-support-dangle","8":"design-optie-bureau","9":"design-optie-garde-manger","10":"product_cat-40-m2-et-plus","11":"product_cat-bureau","12":"product_cat-conception","13":"product_cat-garde-manger","14":"product_cat-options-fr","15":"product_cat-stand-dexposition-type","16":"product_cat-support-dangle","17":"product_cat-surface-fr","18":"desktop-align-left","19":"tablet-align-left","20":"mobile-align-left","22":"first","23":"instock","24":"shipping-taxable","25":"product-type-simple"},"acf":[],"_links":{"self":[{"href":"https:\/\/beurswand2026.webdeveloperz.nl\/fr\/wp-json\/wp\/v2\/product\/15378","targetHints":{"allow":["GET"]}}],"collection":[{"href":"https:\/\/beurswand2026.webdeveloperz.nl\/fr\/wp-json\/wp\/v2\/product"}],"about":[{"href":"https:\/\/beurswand2026.webdeveloperz.nl\/fr\/wp-json\/wp\/v2\/types\/product"}],"replies":[{"embeddable":true,"href":"https:\/\/beurswand2026.webdeveloperz.nl\/fr\/wp-json\/wp\/v2\/comments?post=15378"}],"version-history":[{"count":1,"href":"https:\/\/beurswand2026.webdeveloperz.nl\/fr\/wp-json\/wp\/v2\/product\/15378\/revisions"}],"predecessor-version":[{"id":18957,"href":"https:\/\/beurswand2026.webdeveloperz.nl\/fr\/wp-json\/wp\/v2\/product\/15378\/revisions\/18957"}],"wp:featuredmedia":[{"embeddable":true,"href":"https:\/\/beurswand2026.webdeveloperz.nl\/fr\/wp-json\/wp\/v2\/media\/11067"}],"wp:attachment":[{"href":"https:\/\/beurswand2026.webdeveloperz.nl\/fr\/wp-json\/wp\/v2\/media?parent=15378"}],"wp:term":[{"taxonomy":"breedte","embeddable":true,"href":"https:\/\/beurswand2026.webdeveloperz.nl\/fr\/wp-json\/wp\/v2\/breedte?post=15378"},{"taxonomy":"design-oppervlakte","embeddable":true,"href":"https:\/\/beurswand2026.webdeveloperz.nl\/fr\/wp-json\/wp\/v2\/design-oppervlakte?post=15378"},{"taxonomy":"design-opstelling","embeddable":true,"href":"https:\/\/beurswand2026.webdeveloperz.nl\/fr\/wp-json\/wp\/v2\/design-opstelling?post=15378"},{"taxonomy":"design-optie","embeddable":true,"href":"https:\/\/beurswand2026.webdeveloperz.nl\/fr\/wp-json\/wp\/v2\/design-optie?post=15378"},{"taxonomy":"diepte","embeddable":true,"href":"https:\/\/beurswand2026.webdeveloperz.nl\/fr\/wp-json\/wp\/v2\/diepte?post=15378"},{"taxonomy":"oppervlakte","embeddable":true,"href":"https:\/\/beurswand2026.webdeveloperz.nl\/fr\/wp-json\/wp\/v2\/oppervlakte?post=15378"},{"taxonomy":"opstelling","embeddable":true,"href":"https:\/\/beurswand2026.webdeveloperz.nl\/fr\/wp-json\/wp\/v2\/opstelling?post=15378"},{"taxonomy":"optie","embeddable":true,"href":"https:\/\/beurswand2026.webdeveloperz.nl\/fr\/wp-json\/wp\/v2\/optie?post=15378"},{"taxonomy":"pijler","embeddable":true,"href":"https:\/\/beurswand2026.webdeveloperz.nl\/fr\/wp-json\/wp\/v2\/pijler?post=15378"},{"taxonomy":"product_brand","embeddable":true,"href":"https:\/\/beurswand2026.webdeveloperz.nl\/fr\/wp-json\/wp\/v2\/product_brand?post=15378"},{"taxonomy":"product_cat","embeddable":true,"href":"https:\/\/beurswand2026.webdeveloperz.nl\/fr\/wp-json\/wp\/v2\/product_cat?post=15378"},{"taxonomy":"product_tag","embeddable":true,"href":"https:\/\/beurswand2026.webdeveloperz.nl\/fr\/wp-json\/wp\/v2\/product_tag?post=15378"}],"curies":[{"name":"wp","href":"https:\/\/api.w.org\/{rel}","templated":true}]}}