{"id":15376,"date":"2023-10-12T15:26:41","date_gmt":"2023-10-12T15:26:41","guid":{"rendered":"https:\/\/beurswand.nl\/product\/conception-de-stands-dexposition-27\/"},"modified":"2025-04-29T07:49:25","modified_gmt":"2025-04-29T07:49:25","slug":"conception-de-stands-dexposition-27","status":"publish","type":"product","link":"https:\/\/beurswand2026.webdeveloperz.nl\/fr\/product\/conception-de-stands-dexposition-27\/","title":{"rendered":"Stand d&rsquo;exposition Design 27"},"content":{"rendered":"<p><strong>Stand d&rsquo;exposition unique 27 - La Presentaci\u00f3n parfaite !<\/strong><\/p>\n<p>Entrez dans un nouveau monde d&rsquo;expositions avec notre Design 27 exclusif. Avec une surface g\u00e9n\u00e9reuse de plus de 15 m2, vous avez tout l&rsquo;espace n\u00e9cessaire pour mettre votre marque en avant. Cr\u00e9ez une atmosph\u00e8re et un impact avec le mur LED int\u00e9gr\u00e9 et cr\u00e9ez une premi\u00e8re impression parfaite.<\/p>\n<p>Ce mod\u00e8le \u00e0 pi\u00e9tement frontal garantit une visibilit\u00e9 optimale sur trois c\u00f4t\u00e9s, ce qui permet \u00e0 votre marque d&rsquo;\u00eatre toujours au centre de l&rsquo;attention. Avez-vous pens\u00e9 au confort ? Notre option de garde-manger vous permet, ainsi qu&rsquo;\u00e0 vos invit\u00e9s, de disposer en permanence de rafra\u00eechissements. De plus, gr\u00e2ce au plancher sur\u00e9lev\u00e9, vous vous situez litt\u00e9ralement un niveau plus haut que vos concurrents.<\/p>\n<p>Il ne s&rsquo;agit que d&rsquo;un exemple - nous nous ferons un plaisir d&rsquo;adapter la conception \u00e0 vos besoins sp\u00e9cifiques ! Int\u00e9ress\u00e9(e) ? Demandez plus d&rsquo;informations en utilisant le formulaire de contact ci-dessous. Votre stand d&rsquo;exposition id\u00e9al vous attend.<\/p>\n","protected":false},"excerpt":{"rendered":"<p>Stand d&rsquo;exposition unique 27 - La Presentaci\u00f3n parfaite ! Entrez dans un nouveau monde d&rsquo;expositions avec notre Design 27 exclusif. Avec une surface g\u00e9n\u00e9reuse de plus de 15 m2, vous avez tout l&rsquo;espace n\u00e9cessaire pour mettre votre marque en avant. Cr\u00e9ez une atmosph\u00e8re et un impact avec le mur LED int\u00e9gr\u00e9 et cr\u00e9ez une premi\u00e8re [&hellip;]<\/p>\n","protected":false},"featured_media":11031,"comment_status":"closed","ping_status":"open","template":"","meta":{"_acf_changed":false,"site-sidebar-layout":"default","site-content-layout":"","ast-site-content-layout":"default","site-content-style":"default","site-sidebar-style":"default","ast-global-header-display":"","ast-banner-title-visibility":"","ast-main-header-display":"","ast-hfb-above-header-display":"","ast-hfb-below-header-display":"","ast-hfb-mobile-header-display":"","site-post-title":"","ast-breadcrumbs-content":"","ast-featured-img":"","footer-sml-layout":"","ast-disable-related-posts":"","theme-transparent-header-meta":"","adv-header-id-meta":"","stick-header-meta":"","header-above-stick-meta":"","header-main-stick-meta":"","header-below-stick-meta":"","astra-migrate-meta-layouts":"default","ast-page-background-enabled":"default","ast-page-background-meta":{"desktop":{"background-color":"","background-image":"","background-repeat":"repeat","background-position":"center center","background-size":"auto","background-attachment":"scroll","background-type":"","background-media":"","overlay-type":"","overlay-color":"","overlay-opacity":"","overlay-gradient":""},"tablet":{"background-color":"","background-image":"","background-repeat":"repeat","background-position":"center center","background-size":"auto","background-attachment":"scroll","background-type":"","background-media":"","overlay-type":"","overlay-color":"","overlay-opacity":"","overlay-gradient":""},"mobile":{"background-color":"","background-image":"","background-repeat":"repeat","background-position":"center center","background-size":"auto","background-attachment":"scroll","background-type":"","background-media":"","overlay-type":"","overlay-color":"","overlay-opacity":"","overlay-gradient":""}},"ast-content-background-meta":{"desktop":{"background-color":"var(--ast-global-color-5)","background-image":"","background-repeat":"repeat","background-position":"center center","background-size":"auto","background-attachment":"scroll","background-type":"","background-media":"","overlay-type":"","overlay-color":"","overlay-opacity":"","overlay-gradient":""},"tablet":{"background-color":"var(--ast-global-color-5)","background-image":"","background-repeat":"repeat","background-position":"center center","background-size":"auto","background-attachment":"scroll","background-type":"","background-media":"","overlay-type":"","overlay-color":"","overlay-opacity":"","overlay-gradient":""},"mobile":{"background-color":"var(--ast-global-color-5)","background-image":"","background-repeat":"repeat","background-position":"center center","background-size":"auto","background-attachment":"scroll","background-type":"","background-media":"","overlay-type":"","overlay-color":"","overlay-opacity":"","overlay-gradient":""}}},"breedte":[],"design-oppervlakte":[385],"design-opstelling":[386],"design-optie":[398,424,442],"diepte":[],"oppervlakte":[],"opstelling":[],"optie":[],"pijler":[],"product_brand":[],"product_cat":[393,388,400,425,390,443,391,389,392],"product_tag":[],"class_list":{"0":"post-15376","1":"product","2":"type-product","3":"status-publish","4":"has-post-thumbnail","6":"design-oppervlakte-1-24-m2-fr","7":"design-opstelling-tete-en-lair","8":"design-optie-garde-manger","9":"design-optie-mur-de-led","10":"design-optie-plancher-sureleve","11":"product_cat-1-24-m2-fr","12":"product_cat-conception","13":"product_cat-garde-manger","14":"product_cat-mur-de-led","15":"product_cat-options-fr","16":"product_cat-plancher-sureleve","17":"product_cat-stand-dexposition-type","18":"product_cat-surface-fr","19":"product_cat-tete-en-lair","20":"desktop-align-left","21":"tablet-align-left","22":"mobile-align-left","24":"first","25":"instock","26":"shipping-taxable","27":"product-type-simple"},"acf":[],"_links":{"self":[{"href":"https:\/\/beurswand2026.webdeveloperz.nl\/fr\/wp-json\/wp\/v2\/product\/15376","targetHints":{"allow":["GET"]}}],"collection":[{"href":"https:\/\/beurswand2026.webdeveloperz.nl\/fr\/wp-json\/wp\/v2\/product"}],"about":[{"href":"https:\/\/beurswand2026.webdeveloperz.nl\/fr\/wp-json\/wp\/v2\/types\/product"}],"replies":[{"embeddable":true,"href":"https:\/\/beurswand2026.webdeveloperz.nl\/fr\/wp-json\/wp\/v2\/comments?post=15376"}],"version-history":[{"count":1,"href":"https:\/\/beurswand2026.webdeveloperz.nl\/fr\/wp-json\/wp\/v2\/product\/15376\/revisions"}],"predecessor-version":[{"id":18896,"href":"https:\/\/beurswand2026.webdeveloperz.nl\/fr\/wp-json\/wp\/v2\/product\/15376\/revisions\/18896"}],"wp:featuredmedia":[{"embeddable":true,"href":"https:\/\/beurswand2026.webdeveloperz.nl\/fr\/wp-json\/wp\/v2\/media\/11031"}],"wp:attachment":[{"href":"https:\/\/beurswand2026.webdeveloperz.nl\/fr\/wp-json\/wp\/v2\/media?parent=15376"}],"wp:term":[{"taxonomy":"breedte","embeddable":true,"href":"https:\/\/beurswand2026.webdeveloperz.nl\/fr\/wp-json\/wp\/v2\/breedte?post=15376"},{"taxonomy":"design-oppervlakte","embeddable":true,"href":"https:\/\/beurswand2026.webdeveloperz.nl\/fr\/wp-json\/wp\/v2\/design-oppervlakte?post=15376"},{"taxonomy":"design-opstelling","embeddable":true,"href":"https:\/\/beurswand2026.webdeveloperz.nl\/fr\/wp-json\/wp\/v2\/design-opstelling?post=15376"},{"taxonomy":"design-optie","embeddable":true,"href":"https:\/\/beurswand2026.webdeveloperz.nl\/fr\/wp-json\/wp\/v2\/design-optie?post=15376"},{"taxonomy":"diepte","embeddable":true,"href":"https:\/\/beurswand2026.webdeveloperz.nl\/fr\/wp-json\/wp\/v2\/diepte?post=15376"},{"taxonomy":"oppervlakte","embeddable":true,"href":"https:\/\/beurswand2026.webdeveloperz.nl\/fr\/wp-json\/wp\/v2\/oppervlakte?post=15376"},{"taxonomy":"opstelling","embeddable":true,"href":"https:\/\/beurswand2026.webdeveloperz.nl\/fr\/wp-json\/wp\/v2\/opstelling?post=15376"},{"taxonomy":"optie","embeddable":true,"href":"https:\/\/beurswand2026.webdeveloperz.nl\/fr\/wp-json\/wp\/v2\/optie?post=15376"},{"taxonomy":"pijler","embeddable":true,"href":"https:\/\/beurswand2026.webdeveloperz.nl\/fr\/wp-json\/wp\/v2\/pijler?post=15376"},{"taxonomy":"product_brand","embeddable":true,"href":"https:\/\/beurswand2026.webdeveloperz.nl\/fr\/wp-json\/wp\/v2\/product_brand?post=15376"},{"taxonomy":"product_cat","embeddable":true,"href":"https:\/\/beurswand2026.webdeveloperz.nl\/fr\/wp-json\/wp\/v2\/product_cat?post=15376"},{"taxonomy":"product_tag","embeddable":true,"href":"https:\/\/beurswand2026.webdeveloperz.nl\/fr\/wp-json\/wp\/v2\/product_tag?post=15376"}],"curies":[{"name":"wp","href":"https:\/\/api.w.org\/{rel}","templated":true}]}}