{"id":15338,"date":"2024-09-24T07:04:59","date_gmt":"2024-09-24T07:04:59","guid":{"rendered":"https:\/\/beurswand.nl\/product\/beursstand-design-125\/"},"modified":"2025-04-29T07:44:16","modified_gmt":"2025-04-29T07:44:16","slug":"beursstand-design-125","status":"publish","type":"product","link":"https:\/\/beurswand2026.webdeveloperz.nl\/fr\/product\/beursstand-design-125\/","title":{"rendered":"Stand d&rsquo;exposition Design 125"},"content":{"rendered":"<p>Le Stand d&rsquo;exposition 125 offre une grande flexibilit\u00e9 dans la conception et les options de personnalisation, ce qui est id\u00e9al pour les entreprises qui veulent un look unique lors des expositions. Le stand est dot\u00e9 d&rsquo;un mur de LED, d&rsquo;un plancher sur\u00e9lev\u00e9 et d&rsquo;un garde-manger, ce qui le rend \u00e0 la fois fonctionnel et \u00e9l\u00e9gant. Avec une surface de 25 \u00e0 40 m\u00b2 et la possibilit\u00e9 de choisir du mobilier, des visuels et d&rsquo;autres accessoires, le stand peut \u00eatre enti\u00e8rement personnalis\u00e9.<\/p>\n<p>Les clients peuvent utiliser ce stand pour pr\u00e9senter leur marque d&rsquo;une mani\u00e8re visuellement attrayante, en utilisant ses technologies int\u00e9gr\u00e9es et ses \u00e9l\u00e9ments personnalis\u00e9s.<\/p>\n<p>Ce Stand d&rsquo;exposition est adapt\u00e9 aux emplacements d&rsquo;angle, garantissant une visibilit\u00e9 maximale. Avec des ajouts tels qu&rsquo;un bar et des \u00e9tag\u00e8res, il offre \u00e9galement des solutions pratiques pour interagir avec les visiteurs. La conception peut \u00eatre facilement adapt\u00e9e pour r\u00e9pondre parfaitement aux besoins et aux objectifs de tout \u00e9v\u00e9nement de foire.<\/p>\n","protected":false},"excerpt":{"rendered":"<p>Le Stand d&rsquo;exposition 125 offre une grande flexibilit\u00e9 dans la conception et les options de personnalisation, ce qui est id\u00e9al pour les entreprises qui veulent un look unique lors des expositions. Le stand est dot\u00e9 d&rsquo;un mur de LED, d&rsquo;un plancher sur\u00e9lev\u00e9 et d&rsquo;un garde-manger, ce qui le rend \u00e0 la fois fonctionnel et \u00e9l\u00e9gant. [&hellip;]<\/p>\n","protected":false},"featured_media":13911,"comment_status":"closed","ping_status":"open","template":"","meta":{"_acf_changed":false,"site-sidebar-layout":"default","site-content-layout":"","ast-site-content-layout":"default","site-content-style":"default","site-sidebar-style":"default","ast-global-header-display":"","ast-banner-title-visibility":"","ast-main-header-display":"","ast-hfb-above-header-display":"","ast-hfb-below-header-display":"","ast-hfb-mobile-header-display":"","site-post-title":"","ast-breadcrumbs-content":"","ast-featured-img":"","footer-sml-layout":"","ast-disable-related-posts":"","theme-transparent-header-meta":"","adv-header-id-meta":"","stick-header-meta":"","header-above-stick-meta":"","header-main-stick-meta":"","header-below-stick-meta":"","astra-migrate-meta-layouts":"default","ast-page-background-enabled":"default","ast-page-background-meta":{"desktop":{"background-color":"","background-image":"","background-repeat":"repeat","background-position":"center center","background-size":"auto","background-attachment":"scroll","background-type":"","background-media":"","overlay-type":"","overlay-color":"","overlay-opacity":"","overlay-gradient":""},"tablet":{"background-color":"","background-image":"","background-repeat":"repeat","background-position":"center center","background-size":"auto","background-attachment":"scroll","background-type":"","background-media":"","overlay-type":"","overlay-color":"","overlay-opacity":"","overlay-gradient":""},"mobile":{"background-color":"","background-image":"","background-repeat":"repeat","background-position":"center center","background-size":"auto","background-attachment":"scroll","background-type":"","background-media":"","overlay-type":"","overlay-color":"","overlay-opacity":"","overlay-gradient":""}},"ast-content-background-meta":{"desktop":{"background-color":"var(--ast-global-color-5)","background-image":"","background-repeat":"repeat","background-position":"center center","background-size":"auto","background-attachment":"scroll","background-type":"","background-media":"","overlay-type":"","overlay-color":"","overlay-opacity":"","overlay-gradient":""},"tablet":{"background-color":"var(--ast-global-color-5)","background-image":"","background-repeat":"repeat","background-position":"center center","background-size":"auto","background-attachment":"scroll","background-type":"","background-media":"","overlay-type":"","overlay-color":"","overlay-opacity":"","overlay-gradient":""},"mobile":{"background-color":"var(--ast-global-color-5)","background-image":"","background-repeat":"repeat","background-position":"center center","background-size":"auto","background-attachment":"scroll","background-type":"","background-media":"","overlay-type":"","overlay-color":"","overlay-opacity":"","overlay-gradient":""}}},"breedte":[],"design-oppervlakte":[396],"design-opstelling":[440],"design-optie":[453,421,398,424,442],"diepte":[],"oppervlakte":[],"opstelling":[],"optie":[],"pijler":[],"product_brand":[],"product_cat":[401,455,388,423,400,425,390,443,391,441,389],"product_tag":[],"class_list":{"0":"post-15338","1":"product","2":"type-product","3":"status-publish","4":"has-post-thumbnail","6":"design-oppervlakte-25-40-m2-fr","7":"design-opstelling-support-dangle","8":"design-optie-barre","9":"design-optie-etageres","10":"design-optie-garde-manger","11":"design-optie-mur-de-led","12":"design-optie-plancher-sureleve","13":"product_cat-25-40-m2-fr","14":"product_cat-barre","15":"product_cat-conception","16":"product_cat-etageres","17":"product_cat-garde-manger","18":"product_cat-mur-de-led","19":"product_cat-options-fr","20":"product_cat-plancher-sureleve","21":"product_cat-stand-dexposition-type","22":"product_cat-support-dangle","23":"product_cat-surface-fr","24":"desktop-align-left","25":"tablet-align-left","26":"mobile-align-left","28":"first","29":"instock","30":"shipping-taxable","31":"product-type-simple"},"acf":[],"_links":{"self":[{"href":"https:\/\/beurswand2026.webdeveloperz.nl\/fr\/wp-json\/wp\/v2\/product\/15338","targetHints":{"allow":["GET"]}}],"collection":[{"href":"https:\/\/beurswand2026.webdeveloperz.nl\/fr\/wp-json\/wp\/v2\/product"}],"about":[{"href":"https:\/\/beurswand2026.webdeveloperz.nl\/fr\/wp-json\/wp\/v2\/types\/product"}],"replies":[{"embeddable":true,"href":"https:\/\/beurswand2026.webdeveloperz.nl\/fr\/wp-json\/wp\/v2\/comments?post=15338"}],"version-history":[{"count":1,"href":"https:\/\/beurswand2026.webdeveloperz.nl\/fr\/wp-json\/wp\/v2\/product\/15338\/revisions"}],"predecessor-version":[{"id":18628,"href":"https:\/\/beurswand2026.webdeveloperz.nl\/fr\/wp-json\/wp\/v2\/product\/15338\/revisions\/18628"}],"wp:featuredmedia":[{"embeddable":true,"href":"https:\/\/beurswand2026.webdeveloperz.nl\/fr\/wp-json\/wp\/v2\/media\/13911"}],"wp:attachment":[{"href":"https:\/\/beurswand2026.webdeveloperz.nl\/fr\/wp-json\/wp\/v2\/media?parent=15338"}],"wp:term":[{"taxonomy":"breedte","embeddable":true,"href":"https:\/\/beurswand2026.webdeveloperz.nl\/fr\/wp-json\/wp\/v2\/breedte?post=15338"},{"taxonomy":"design-oppervlakte","embeddable":true,"href":"https:\/\/beurswand2026.webdeveloperz.nl\/fr\/wp-json\/wp\/v2\/design-oppervlakte?post=15338"},{"taxonomy":"design-opstelling","embeddable":true,"href":"https:\/\/beurswand2026.webdeveloperz.nl\/fr\/wp-json\/wp\/v2\/design-opstelling?post=15338"},{"taxonomy":"design-optie","embeddable":true,"href":"https:\/\/beurswand2026.webdeveloperz.nl\/fr\/wp-json\/wp\/v2\/design-optie?post=15338"},{"taxonomy":"diepte","embeddable":true,"href":"https:\/\/beurswand2026.webdeveloperz.nl\/fr\/wp-json\/wp\/v2\/diepte?post=15338"},{"taxonomy":"oppervlakte","embeddable":true,"href":"https:\/\/beurswand2026.webdeveloperz.nl\/fr\/wp-json\/wp\/v2\/oppervlakte?post=15338"},{"taxonomy":"opstelling","embeddable":true,"href":"https:\/\/beurswand2026.webdeveloperz.nl\/fr\/wp-json\/wp\/v2\/opstelling?post=15338"},{"taxonomy":"optie","embeddable":true,"href":"https:\/\/beurswand2026.webdeveloperz.nl\/fr\/wp-json\/wp\/v2\/optie?post=15338"},{"taxonomy":"pijler","embeddable":true,"href":"https:\/\/beurswand2026.webdeveloperz.nl\/fr\/wp-json\/wp\/v2\/pijler?post=15338"},{"taxonomy":"product_brand","embeddable":true,"href":"https:\/\/beurswand2026.webdeveloperz.nl\/fr\/wp-json\/wp\/v2\/product_brand?post=15338"},{"taxonomy":"product_cat","embeddable":true,"href":"https:\/\/beurswand2026.webdeveloperz.nl\/fr\/wp-json\/wp\/v2\/product_cat?post=15338"},{"taxonomy":"product_tag","embeddable":true,"href":"https:\/\/beurswand2026.webdeveloperz.nl\/fr\/wp-json\/wp\/v2\/product_tag?post=15338"}],"curies":[{"name":"wp","href":"https:\/\/api.w.org\/{rel}","templated":true}]}}