{"id":15309,"date":"2024-09-24T07:21:35","date_gmt":"2024-09-24T07:21:35","guid":{"rendered":"https:\/\/beurswand.nl\/product\/beursstand-design-131\/"},"modified":"2025-04-29T07:43:22","modified_gmt":"2025-04-29T07:43:22","slug":"beursstand-design-131","status":"publish","type":"product","link":"https:\/\/beurswand2026.webdeveloperz.nl\/fr\/product\/beursstand-design-131\/","title":{"rendered":"Stand d&rsquo;exposition Design 131"},"content":{"rendered":"<p>Le stand d&rsquo;exposition Design 131 offre une flexibilit\u00e9 totale en mati\u00e8re d&rsquo;am\u00e9nagement. Les utilisateurs peuvent personnaliser la forme, la taille et les visuels en fonction de leurs besoins sp\u00e9cifiques. Ce stand offre \u00e9galement la possibilit\u00e9 d&rsquo;ajouter des meubles, des cadres LED, du multim\u00e9dia et des murs selon vos pr\u00e9f\u00e9rences. La structure est con\u00e7ue pour des stands \u00e0 partir de 40 m\u00b2, avec des options pour un plancher sur\u00e9lev\u00e9 et un garde-manger.<\/p>\n<p>Ce stand d&rsquo;exposition convient aux entreprises qui souhaitent pr\u00e9senter leur marque de mani\u00e8re accrocheuse et unique lors de salons professionnels. Des \u00e9l\u00e9ments personnalisables permettent \u00e0 chaque client de cr\u00e9er un stand qui correspond \u00e0 l&rsquo;identit\u00e9 de sa marque.<\/p>\n<p>Les entreprises peuvent utiliser les stands d&rsquo;exposition pour pr\u00e9senter leurs produits ou services de mani\u00e8re claire et attrayante aux clients potentiels. La conception personnalisable permet de cr\u00e9er diff\u00e9rentes zones, telles que des zones de pr\u00e9sentation et des zones de r\u00e9union, afin d&rsquo;offrir une exp\u00e9rience optimale aux visiteurs.<\/p>\n","protected":false},"excerpt":{"rendered":"<p>Le stand d&rsquo;exposition Design 131 offre une flexibilit\u00e9 totale en mati\u00e8re d&rsquo;am\u00e9nagement. Les utilisateurs peuvent personnaliser la forme, la taille et les visuels en fonction de leurs besoins sp\u00e9cifiques. Ce stand offre \u00e9galement la possibilit\u00e9 d&rsquo;ajouter des meubles, des cadres LED, du multim\u00e9dia et des murs selon vos pr\u00e9f\u00e9rences. La structure est con\u00e7ue pour des [&hellip;]<\/p>\n","protected":false},"featured_media":14191,"comment_status":"closed","ping_status":"open","template":"","meta":{"_acf_changed":false,"site-sidebar-layout":"default","site-content-layout":"","ast-site-content-layout":"default","site-content-style":"default","site-sidebar-style":"default","ast-global-header-display":"","ast-banner-title-visibility":"","ast-main-header-display":"","ast-hfb-above-header-display":"","ast-hfb-below-header-display":"","ast-hfb-mobile-header-display":"","site-post-title":"","ast-breadcrumbs-content":"","ast-featured-img":"","footer-sml-layout":"","ast-disable-related-posts":"","theme-transparent-header-meta":"","adv-header-id-meta":"","stick-header-meta":"","header-above-stick-meta":"","header-main-stick-meta":"","header-below-stick-meta":"","astra-migrate-meta-layouts":"default","ast-page-background-enabled":"default","ast-page-background-meta":{"desktop":{"background-color":"","background-image":"","background-repeat":"repeat","background-position":"center center","background-size":"auto","background-attachment":"scroll","background-type":"","background-media":"","overlay-type":"","overlay-color":"","overlay-opacity":"","overlay-gradient":""},"tablet":{"background-color":"","background-image":"","background-repeat":"repeat","background-position":"center center","background-size":"auto","background-attachment":"scroll","background-type":"","background-media":"","overlay-type":"","overlay-color":"","overlay-opacity":"","overlay-gradient":""},"mobile":{"background-color":"","background-image":"","background-repeat":"repeat","background-position":"center center","background-size":"auto","background-attachment":"scroll","background-type":"","background-media":"","overlay-type":"","overlay-color":"","overlay-opacity":"","overlay-gradient":""}},"ast-content-background-meta":{"desktop":{"background-color":"var(--ast-global-color-5)","background-image":"","background-repeat":"repeat","background-position":"center center","background-size":"auto","background-attachment":"scroll","background-type":"","background-media":"","overlay-type":"","overlay-color":"","overlay-opacity":"","overlay-gradient":""},"tablet":{"background-color":"var(--ast-global-color-5)","background-image":"","background-repeat":"repeat","background-position":"center center","background-size":"auto","background-attachment":"scroll","background-type":"","background-media":"","overlay-type":"","overlay-color":"","overlay-opacity":"","overlay-gradient":""},"mobile":{"background-color":"var(--ast-global-color-5)","background-image":"","background-repeat":"repeat","background-position":"center center","background-size":"auto","background-attachment":"scroll","background-type":"","background-media":"","overlay-type":"","overlay-color":"","overlay-opacity":"","overlay-gradient":""}}},"breedte":[],"design-oppervlakte":[420],"design-opstelling":[386],"design-optie":[397],"diepte":[],"oppervlakte":[],"opstelling":[],"optie":[],"pijler":[],"product_brand":[],"product_cat":[422,399,388,390,391,389,392],"product_tag":[],"class_list":{"0":"post-15309","1":"product","2":"type-product","3":"status-publish","4":"has-post-thumbnail","6":"design-oppervlakte-40-m2-et-plus","7":"design-opstelling-tete-en-lair","8":"design-optie-bureau","9":"product_cat-40-m2-et-plus","10":"product_cat-bureau","11":"product_cat-conception","12":"product_cat-options-fr","13":"product_cat-stand-dexposition-type","14":"product_cat-surface-fr","15":"product_cat-tete-en-lair","16":"desktop-align-left","17":"tablet-align-left","18":"mobile-align-left","20":"first","21":"instock","22":"shipping-taxable","23":"product-type-simple"},"acf":[],"_links":{"self":[{"href":"https:\/\/beurswand2026.webdeveloperz.nl\/fr\/wp-json\/wp\/v2\/product\/15309","targetHints":{"allow":["GET"]}}],"collection":[{"href":"https:\/\/beurswand2026.webdeveloperz.nl\/fr\/wp-json\/wp\/v2\/product"}],"about":[{"href":"https:\/\/beurswand2026.webdeveloperz.nl\/fr\/wp-json\/wp\/v2\/types\/product"}],"replies":[{"embeddable":true,"href":"https:\/\/beurswand2026.webdeveloperz.nl\/fr\/wp-json\/wp\/v2\/comments?post=15309"}],"version-history":[{"count":1,"href":"https:\/\/beurswand2026.webdeveloperz.nl\/fr\/wp-json\/wp\/v2\/product\/15309\/revisions"}],"predecessor-version":[{"id":18563,"href":"https:\/\/beurswand2026.webdeveloperz.nl\/fr\/wp-json\/wp\/v2\/product\/15309\/revisions\/18563"}],"wp:featuredmedia":[{"embeddable":true,"href":"https:\/\/beurswand2026.webdeveloperz.nl\/fr\/wp-json\/wp\/v2\/media\/14191"}],"wp:attachment":[{"href":"https:\/\/beurswand2026.webdeveloperz.nl\/fr\/wp-json\/wp\/v2\/media?parent=15309"}],"wp:term":[{"taxonomy":"breedte","embeddable":true,"href":"https:\/\/beurswand2026.webdeveloperz.nl\/fr\/wp-json\/wp\/v2\/breedte?post=15309"},{"taxonomy":"design-oppervlakte","embeddable":true,"href":"https:\/\/beurswand2026.webdeveloperz.nl\/fr\/wp-json\/wp\/v2\/design-oppervlakte?post=15309"},{"taxonomy":"design-opstelling","embeddable":true,"href":"https:\/\/beurswand2026.webdeveloperz.nl\/fr\/wp-json\/wp\/v2\/design-opstelling?post=15309"},{"taxonomy":"design-optie","embeddable":true,"href":"https:\/\/beurswand2026.webdeveloperz.nl\/fr\/wp-json\/wp\/v2\/design-optie?post=15309"},{"taxonomy":"diepte","embeddable":true,"href":"https:\/\/beurswand2026.webdeveloperz.nl\/fr\/wp-json\/wp\/v2\/diepte?post=15309"},{"taxonomy":"oppervlakte","embeddable":true,"href":"https:\/\/beurswand2026.webdeveloperz.nl\/fr\/wp-json\/wp\/v2\/oppervlakte?post=15309"},{"taxonomy":"opstelling","embeddable":true,"href":"https:\/\/beurswand2026.webdeveloperz.nl\/fr\/wp-json\/wp\/v2\/opstelling?post=15309"},{"taxonomy":"optie","embeddable":true,"href":"https:\/\/beurswand2026.webdeveloperz.nl\/fr\/wp-json\/wp\/v2\/optie?post=15309"},{"taxonomy":"pijler","embeddable":true,"href":"https:\/\/beurswand2026.webdeveloperz.nl\/fr\/wp-json\/wp\/v2\/pijler?post=15309"},{"taxonomy":"product_brand","embeddable":true,"href":"https:\/\/beurswand2026.webdeveloperz.nl\/fr\/wp-json\/wp\/v2\/product_brand?post=15309"},{"taxonomy":"product_cat","embeddable":true,"href":"https:\/\/beurswand2026.webdeveloperz.nl\/fr\/wp-json\/wp\/v2\/product_cat?post=15309"},{"taxonomy":"product_tag","embeddable":true,"href":"https:\/\/beurswand2026.webdeveloperz.nl\/fr\/wp-json\/wp\/v2\/product_tag?post=15309"}],"curies":[{"name":"wp","href":"https:\/\/api.w.org\/{rel}","templated":true}]}}