{"id":15304,"date":"2024-09-24T07:26:56","date_gmt":"2024-09-24T07:26:56","guid":{"rendered":"https:\/\/beurswand.nl\/product\/beursstand-design-134\/"},"modified":"2025-04-29T07:43:27","modified_gmt":"2025-04-29T07:43:27","slug":"beursstand-design-134","status":"publish","type":"product","link":"https:\/\/beurswand2026.webdeveloperz.nl\/fr\/product\/beursstand-design-134\/","title":{"rendered":"Stand d&rsquo;exposition Design 134"},"content":{"rendered":"<p>Stand d&rsquo;exposition Design 134 offre une libert\u00e9 de conception totale aux entreprises qui souhaitent se d\u00e9marquer lors des salons professionnels. Le stand peut \u00eatre enti\u00e8rement personnalis\u00e9 en termes de forme, de taille, de sol et de visuels, ce qui le rend adapt\u00e9 \u00e0 une grande vari\u00e9t\u00e9 de Presentaci\u00f3n. En outre, les clients peuvent choisir parmi une vari\u00e9t\u00e9 de meubles et d&rsquo;accessoires, tels que des cadres LED et des \u00e9l\u00e9ments multim\u00e9dias, pour un look dynamique.<\/p>\n<p>Gr\u00e2ce \u00e0 sa structure modulaire, ce stand d&rsquo;exposition peut \u00eatre utilis\u00e9 de mani\u00e8re flexible pour des stands plus petits ou plus grands. Les clients peuvent facilement adapter la mise en page et la conception \u00e0 l&rsquo;identit\u00e9 et aux objectifs de leur marque.<\/p>\n<p>Le Stand d&rsquo;exposition 134 est id\u00e9al pour les entreprises qui cherchent \u00e0 cr\u00e9er une pr\u00e9sentation accrocheuse et personnalisable. Gr\u00e2ce \u00e0 la possibilit\u00e9 de personnaliser tous les \u00e9l\u00e9ments, de l&rsquo;agencement \u00e0 l&rsquo;\u00e9clairage, ils peuvent attirer efficacement les visiteurs et faire une impression m\u00e9morable.<\/p>\n","protected":false},"excerpt":{"rendered":"<p>Stand d&rsquo;exposition Design 134 offre une libert\u00e9 de conception totale aux entreprises qui souhaitent se d\u00e9marquer lors des salons professionnels. Le stand peut \u00eatre enti\u00e8rement personnalis\u00e9 en termes de forme, de taille, de sol et de visuels, ce qui le rend adapt\u00e9 \u00e0 une grande vari\u00e9t\u00e9 de Presentaci\u00f3n. En outre, les clients peuvent choisir parmi [&hellip;]<\/p>\n","protected":false},"featured_media":14294,"comment_status":"closed","ping_status":"open","template":"","meta":{"_acf_changed":false,"site-sidebar-layout":"default","site-content-layout":"","ast-site-content-layout":"default","site-content-style":"default","site-sidebar-style":"default","ast-global-header-display":"","ast-banner-title-visibility":"","ast-main-header-display":"","ast-hfb-above-header-display":"","ast-hfb-below-header-display":"","ast-hfb-mobile-header-display":"","site-post-title":"","ast-breadcrumbs-content":"","ast-featured-img":"","footer-sml-layout":"","ast-disable-related-posts":"","theme-transparent-header-meta":"","adv-header-id-meta":"","stick-header-meta":"","header-above-stick-meta":"","header-main-stick-meta":"","header-below-stick-meta":"","astra-migrate-meta-layouts":"default","ast-page-background-enabled":"default","ast-page-background-meta":{"desktop":{"background-color":"","background-image":"","background-repeat":"repeat","background-position":"center center","background-size":"auto","background-attachment":"scroll","background-type":"","background-media":"","overlay-type":"","overlay-color":"","overlay-opacity":"","overlay-gradient":""},"tablet":{"background-color":"","background-image":"","background-repeat":"repeat","background-position":"center center","background-size":"auto","background-attachment":"scroll","background-type":"","background-media":"","overlay-type":"","overlay-color":"","overlay-opacity":"","overlay-gradient":""},"mobile":{"background-color":"","background-image":"","background-repeat":"repeat","background-position":"center center","background-size":"auto","background-attachment":"scroll","background-type":"","background-media":"","overlay-type":"","overlay-color":"","overlay-opacity":"","overlay-gradient":""}},"ast-content-background-meta":{"desktop":{"background-color":"var(--ast-global-color-5)","background-image":"","background-repeat":"repeat","background-position":"center center","background-size":"auto","background-attachment":"scroll","background-type":"","background-media":"","overlay-type":"","overlay-color":"","overlay-opacity":"","overlay-gradient":""},"tablet":{"background-color":"var(--ast-global-color-5)","background-image":"","background-repeat":"repeat","background-position":"center center","background-size":"auto","background-attachment":"scroll","background-type":"","background-media":"","overlay-type":"","overlay-color":"","overlay-opacity":"","overlay-gradient":""},"mobile":{"background-color":"var(--ast-global-color-5)","background-image":"","background-repeat":"repeat","background-position":"center center","background-size":"auto","background-attachment":"scroll","background-type":"","background-media":"","overlay-type":"","overlay-color":"","overlay-opacity":"","overlay-gradient":""}}},"breedte":[],"design-oppervlakte":[385],"design-opstelling":[440],"design-optie":[397],"diepte":[],"oppervlakte":[],"opstelling":[],"optie":[],"pijler":[],"product_brand":[],"product_cat":[393,399,388,390,391,441,389],"product_tag":[],"class_list":{"0":"post-15304","1":"product","2":"type-product","3":"status-publish","4":"has-post-thumbnail","6":"design-oppervlakte-1-24-m2-fr","7":"design-opstelling-support-dangle","8":"design-optie-bureau","9":"product_cat-1-24-m2-fr","10":"product_cat-bureau","11":"product_cat-conception","12":"product_cat-options-fr","13":"product_cat-stand-dexposition-type","14":"product_cat-support-dangle","15":"product_cat-surface-fr","16":"desktop-align-left","17":"tablet-align-left","18":"mobile-align-left","20":"first","21":"instock","22":"shipping-taxable","23":"product-type-simple"},"acf":[],"_links":{"self":[{"href":"https:\/\/beurswand2026.webdeveloperz.nl\/fr\/wp-json\/wp\/v2\/product\/15304","targetHints":{"allow":["GET"]}}],"collection":[{"href":"https:\/\/beurswand2026.webdeveloperz.nl\/fr\/wp-json\/wp\/v2\/product"}],"about":[{"href":"https:\/\/beurswand2026.webdeveloperz.nl\/fr\/wp-json\/wp\/v2\/types\/product"}],"replies":[{"embeddable":true,"href":"https:\/\/beurswand2026.webdeveloperz.nl\/fr\/wp-json\/wp\/v2\/comments?post=15304"}],"version-history":[{"count":1,"href":"https:\/\/beurswand2026.webdeveloperz.nl\/fr\/wp-json\/wp\/v2\/product\/15304\/revisions"}],"predecessor-version":[{"id":18570,"href":"https:\/\/beurswand2026.webdeveloperz.nl\/fr\/wp-json\/wp\/v2\/product\/15304\/revisions\/18570"}],"wp:featuredmedia":[{"embeddable":true,"href":"https:\/\/beurswand2026.webdeveloperz.nl\/fr\/wp-json\/wp\/v2\/media\/14294"}],"wp:attachment":[{"href":"https:\/\/beurswand2026.webdeveloperz.nl\/fr\/wp-json\/wp\/v2\/media?parent=15304"}],"wp:term":[{"taxonomy":"breedte","embeddable":true,"href":"https:\/\/beurswand2026.webdeveloperz.nl\/fr\/wp-json\/wp\/v2\/breedte?post=15304"},{"taxonomy":"design-oppervlakte","embeddable":true,"href":"https:\/\/beurswand2026.webdeveloperz.nl\/fr\/wp-json\/wp\/v2\/design-oppervlakte?post=15304"},{"taxonomy":"design-opstelling","embeddable":true,"href":"https:\/\/beurswand2026.webdeveloperz.nl\/fr\/wp-json\/wp\/v2\/design-opstelling?post=15304"},{"taxonomy":"design-optie","embeddable":true,"href":"https:\/\/beurswand2026.webdeveloperz.nl\/fr\/wp-json\/wp\/v2\/design-optie?post=15304"},{"taxonomy":"diepte","embeddable":true,"href":"https:\/\/beurswand2026.webdeveloperz.nl\/fr\/wp-json\/wp\/v2\/diepte?post=15304"},{"taxonomy":"oppervlakte","embeddable":true,"href":"https:\/\/beurswand2026.webdeveloperz.nl\/fr\/wp-json\/wp\/v2\/oppervlakte?post=15304"},{"taxonomy":"opstelling","embeddable":true,"href":"https:\/\/beurswand2026.webdeveloperz.nl\/fr\/wp-json\/wp\/v2\/opstelling?post=15304"},{"taxonomy":"optie","embeddable":true,"href":"https:\/\/beurswand2026.webdeveloperz.nl\/fr\/wp-json\/wp\/v2\/optie?post=15304"},{"taxonomy":"pijler","embeddable":true,"href":"https:\/\/beurswand2026.webdeveloperz.nl\/fr\/wp-json\/wp\/v2\/pijler?post=15304"},{"taxonomy":"product_brand","embeddable":true,"href":"https:\/\/beurswand2026.webdeveloperz.nl\/fr\/wp-json\/wp\/v2\/product_brand?post=15304"},{"taxonomy":"product_cat","embeddable":true,"href":"https:\/\/beurswand2026.webdeveloperz.nl\/fr\/wp-json\/wp\/v2\/product_cat?post=15304"},{"taxonomy":"product_tag","embeddable":true,"href":"https:\/\/beurswand2026.webdeveloperz.nl\/fr\/wp-json\/wp\/v2\/product_tag?post=15304"}],"curies":[{"name":"wp","href":"https:\/\/api.w.org\/{rel}","templated":true}]}}