{"id":15282,"date":"2023-10-12T15:14:56","date_gmt":"2023-10-12T15:14:56","guid":{"rendered":"https:\/\/beurswand.nl\/product\/conception-du-stand-dexposition-17\/"},"modified":"2025-04-29T07:49:51","modified_gmt":"2025-04-29T07:49:51","slug":"conception-du-stand-dexposition-17","status":"publish","type":"product","link":"https:\/\/beurswand2026.webdeveloperz.nl\/fr\/product\/conception-du-stand-dexposition-17\/","title":{"rendered":"Stand d&rsquo;exposition Design 17"},"content":{"rendered":"<p><strong>Stand d&rsquo;exposition Design 17 : Grand &amp; Unique<\/strong><\/p>\n<p>Vous cherchez un stand d&rsquo;exposition qui impressionne ? D\u00e9couvrez le Stand d&rsquo;exposition 17 ! Avec une superficie g\u00e9n\u00e9reuse de plus de 48 m2, vous disposez de tout l&rsquo;espace n\u00e9cessaire pour pr\u00e9senter vos produits et services. Ce mod\u00e8le est d&rsquo;un type particulier : la poutre de t\u00eate. Vous \u00eates ainsi visible de trois c\u00f4t\u00e9s, ce qui maximise votre visibilit\u00e9 et votre accessibilit\u00e9.<\/p>\n<p>En guise d&rsquo;extras, Design 17 propose une arcade \u00e9l\u00e9gante qui donne un aspect moderne et un garde-manger pratique, parfait pour stocker du mat\u00e9riel ou servir une tasse de caf\u00e9 \u00e0 des clients potentiels.<\/p>\n<p>Attention, il ne s&rsquo;agit que d&rsquo;un exemple. Nous nous ferons un plaisir d&rsquo;adapter la conception \u00e0 vos besoins et \u00e0 vos exigences. Int\u00e9ress\u00e9(e) ? Demandez plus d&rsquo;informations en utilisant le formulaire de contact ci-dessous. Nous nous ferons un plaisir de vous aider \u00e0 trouver le stand qui vous convient !<\/p>\n","protected":false},"excerpt":{"rendered":"<p>Stand d&rsquo;exposition Design 17 : Grand &amp; Unique Vous cherchez un stand d&rsquo;exposition qui impressionne ? D\u00e9couvrez le Stand d&rsquo;exposition 17 ! Avec une superficie g\u00e9n\u00e9reuse de plus de 48 m2, vous disposez de tout l&rsquo;espace n\u00e9cessaire pour pr\u00e9senter vos produits et services. Ce mod\u00e8le est d&rsquo;un type particulier : la poutre de t\u00eate. Vous [&hellip;]<\/p>\n","protected":false},"featured_media":10911,"comment_status":"closed","ping_status":"open","template":"","meta":{"_acf_changed":false,"site-sidebar-layout":"default","site-content-layout":"","ast-site-content-layout":"default","site-content-style":"default","site-sidebar-style":"default","ast-global-header-display":"","ast-banner-title-visibility":"","ast-main-header-display":"","ast-hfb-above-header-display":"","ast-hfb-below-header-display":"","ast-hfb-mobile-header-display":"","site-post-title":"","ast-breadcrumbs-content":"","ast-featured-img":"","footer-sml-layout":"","ast-disable-related-posts":"","theme-transparent-header-meta":"","adv-header-id-meta":"","stick-header-meta":"","header-above-stick-meta":"","header-main-stick-meta":"","header-below-stick-meta":"","astra-migrate-meta-layouts":"default","ast-page-background-enabled":"default","ast-page-background-meta":{"desktop":{"background-color":"","background-image":"","background-repeat":"repeat","background-position":"center center","background-size":"auto","background-attachment":"scroll","background-type":"","background-media":"","overlay-type":"","overlay-color":"","overlay-opacity":"","overlay-gradient":""},"tablet":{"background-color":"","background-image":"","background-repeat":"repeat","background-position":"center center","background-size":"auto","background-attachment":"scroll","background-type":"","background-media":"","overlay-type":"","overlay-color":"","overlay-opacity":"","overlay-gradient":""},"mobile":{"background-color":"","background-image":"","background-repeat":"repeat","background-position":"center center","background-size":"auto","background-attachment":"scroll","background-type":"","background-media":"","overlay-type":"","overlay-color":"","overlay-opacity":"","overlay-gradient":""}},"ast-content-background-meta":{"desktop":{"background-color":"var(--ast-global-color-5)","background-image":"","background-repeat":"repeat","background-position":"center center","background-size":"auto","background-attachment":"scroll","background-type":"","background-media":"","overlay-type":"","overlay-color":"","overlay-opacity":"","overlay-gradient":""},"tablet":{"background-color":"var(--ast-global-color-5)","background-image":"","background-repeat":"repeat","background-position":"center center","background-size":"auto","background-attachment":"scroll","background-type":"","background-media":"","overlay-type":"","overlay-color":"","overlay-opacity":"","overlay-gradient":""},"mobile":{"background-color":"var(--ast-global-color-5)","background-image":"","background-repeat":"repeat","background-position":"center center","background-size":"auto","background-attachment":"scroll","background-type":"","background-media":"","overlay-type":"","overlay-color":"","overlay-opacity":"","overlay-gradient":""}}},"breedte":[],"design-oppervlakte":[420],"design-opstelling":[386],"design-optie":[387,398],"diepte":[],"oppervlakte":[],"opstelling":[],"optie":[],"pijler":[],"product_brand":[],"product_cat":[422,394,388,400,390,391,389,392],"product_tag":[],"class_list":{"0":"post-15282","1":"product","2":"type-product","3":"status-publish","4":"has-post-thumbnail","6":"design-oppervlakte-40-m2-et-plus","7":"design-opstelling-tete-en-lair","8":"design-optie-arche","9":"design-optie-garde-manger","10":"product_cat-40-m2-et-plus","11":"product_cat-arche","12":"product_cat-conception","13":"product_cat-garde-manger","14":"product_cat-options-fr","15":"product_cat-stand-dexposition-type","16":"product_cat-surface-fr","17":"product_cat-tete-en-lair","18":"desktop-align-left","19":"tablet-align-left","20":"mobile-align-left","22":"first","23":"instock","24":"shipping-taxable","25":"product-type-simple"},"acf":[],"_links":{"self":[{"href":"https:\/\/beurswand2026.webdeveloperz.nl\/fr\/wp-json\/wp\/v2\/product\/15282","targetHints":{"allow":["GET"]}}],"collection":[{"href":"https:\/\/beurswand2026.webdeveloperz.nl\/fr\/wp-json\/wp\/v2\/product"}],"about":[{"href":"https:\/\/beurswand2026.webdeveloperz.nl\/fr\/wp-json\/wp\/v2\/types\/product"}],"replies":[{"embeddable":true,"href":"https:\/\/beurswand2026.webdeveloperz.nl\/fr\/wp-json\/wp\/v2\/comments?post=15282"}],"version-history":[{"count":1,"href":"https:\/\/beurswand2026.webdeveloperz.nl\/fr\/wp-json\/wp\/v2\/product\/15282\/revisions"}],"predecessor-version":[{"id":18922,"href":"https:\/\/beurswand2026.webdeveloperz.nl\/fr\/wp-json\/wp\/v2\/product\/15282\/revisions\/18922"}],"wp:featuredmedia":[{"embeddable":true,"href":"https:\/\/beurswand2026.webdeveloperz.nl\/fr\/wp-json\/wp\/v2\/media\/10911"}],"wp:attachment":[{"href":"https:\/\/beurswand2026.webdeveloperz.nl\/fr\/wp-json\/wp\/v2\/media?parent=15282"}],"wp:term":[{"taxonomy":"breedte","embeddable":true,"href":"https:\/\/beurswand2026.webdeveloperz.nl\/fr\/wp-json\/wp\/v2\/breedte?post=15282"},{"taxonomy":"design-oppervlakte","embeddable":true,"href":"https:\/\/beurswand2026.webdeveloperz.nl\/fr\/wp-json\/wp\/v2\/design-oppervlakte?post=15282"},{"taxonomy":"design-opstelling","embeddable":true,"href":"https:\/\/beurswand2026.webdeveloperz.nl\/fr\/wp-json\/wp\/v2\/design-opstelling?post=15282"},{"taxonomy":"design-optie","embeddable":true,"href":"https:\/\/beurswand2026.webdeveloperz.nl\/fr\/wp-json\/wp\/v2\/design-optie?post=15282"},{"taxonomy":"diepte","embeddable":true,"href":"https:\/\/beurswand2026.webdeveloperz.nl\/fr\/wp-json\/wp\/v2\/diepte?post=15282"},{"taxonomy":"oppervlakte","embeddable":true,"href":"https:\/\/beurswand2026.webdeveloperz.nl\/fr\/wp-json\/wp\/v2\/oppervlakte?post=15282"},{"taxonomy":"opstelling","embeddable":true,"href":"https:\/\/beurswand2026.webdeveloperz.nl\/fr\/wp-json\/wp\/v2\/opstelling?post=15282"},{"taxonomy":"optie","embeddable":true,"href":"https:\/\/beurswand2026.webdeveloperz.nl\/fr\/wp-json\/wp\/v2\/optie?post=15282"},{"taxonomy":"pijler","embeddable":true,"href":"https:\/\/beurswand2026.webdeveloperz.nl\/fr\/wp-json\/wp\/v2\/pijler?post=15282"},{"taxonomy":"product_brand","embeddable":true,"href":"https:\/\/beurswand2026.webdeveloperz.nl\/fr\/wp-json\/wp\/v2\/product_brand?post=15282"},{"taxonomy":"product_cat","embeddable":true,"href":"https:\/\/beurswand2026.webdeveloperz.nl\/fr\/wp-json\/wp\/v2\/product_cat?post=15282"},{"taxonomy":"product_tag","embeddable":true,"href":"https:\/\/beurswand2026.webdeveloperz.nl\/fr\/wp-json\/wp\/v2\/product_tag?post=15282"}],"curies":[{"name":"wp","href":"https:\/\/api.w.org\/{rel}","templated":true}]}}