{"id":15275,"date":"2023-10-12T15:08:52","date_gmt":"2023-10-12T15:08:52","guid":{"rendered":"https:\/\/beurswand.nl\/product\/conception-de-stands-dexposition-13\/"},"modified":"2025-04-29T07:49:44","modified_gmt":"2025-04-29T07:49:44","slug":"conception-de-stands-dexposition-13","status":"publish","type":"product","link":"https:\/\/beurswand2026.webdeveloperz.nl\/fr\/product\/conception-de-stands-dexposition-13\/","title":{"rendered":"Stand d&rsquo;exposition Design 13"},"content":{"rendered":"<p><strong>D\u00e9couvrez le Stand d&rsquo;exposition 13 : l&rsquo;accroche-regard de chaque \u00e9v\u00e9nement !<\/strong><\/p>\n<p>Vous r\u00eavez d&rsquo;un stand d&rsquo;exposition qui se d\u00e9marque ? D\u00e9couvrez notre spectaculaire Design 13. Avec une surface g\u00e9n\u00e9reuse de plus de 24 m\u00b2, ce stand offre beaucoup d&rsquo;espace pour les pr\u00e9sentations, les interactions et les vitrines. Le mur LED int\u00e9gr\u00e9 cr\u00e9e une exp\u00e9rience visuelle dynamique et accrocheuse, vous permettant de capter l&rsquo;attention de vos visiteurs. Et pour couronner le tout, ce support est dot\u00e9 d&rsquo;une conception exclusive en forme de poirier, ce qui signifie que vous \u00eates visible et accessible de trois c\u00f4t\u00e9s.<\/p>\n<p>Curieux de conna\u00eetre les possibilit\u00e9s ? Ce mod\u00e8le n&rsquo;est qu&rsquo;un exemple et peut \u00eatre enti\u00e8rement personnalis\u00e9. Laissez-vous inspirer et demandez plus d&rsquo;informations en utilisant le formulaire de contact ci-dessous. Faites de votre prochaine foire un succ\u00e8s inoubliable !<\/p>\n","protected":false},"excerpt":{"rendered":"<p>D\u00e9couvrez le Stand d&rsquo;exposition 13 : l&rsquo;accroche-regard de chaque \u00e9v\u00e9nement ! Vous r\u00eavez d&rsquo;un stand d&rsquo;exposition qui se d\u00e9marque ? D\u00e9couvrez notre spectaculaire Design 13. Avec une surface g\u00e9n\u00e9reuse de plus de 24 m\u00b2, ce stand offre beaucoup d&rsquo;espace pour les pr\u00e9sentations, les interactions et les vitrines. Le mur LED int\u00e9gr\u00e9 cr\u00e9e une exp\u00e9rience visuelle [&hellip;]<\/p>\n","protected":false},"featured_media":10868,"comment_status":"closed","ping_status":"open","template":"","meta":{"_acf_changed":false,"site-sidebar-layout":"default","site-content-layout":"","ast-site-content-layout":"default","site-content-style":"default","site-sidebar-style":"default","ast-global-header-display":"","ast-banner-title-visibility":"","ast-main-header-display":"","ast-hfb-above-header-display":"","ast-hfb-below-header-display":"","ast-hfb-mobile-header-display":"","site-post-title":"","ast-breadcrumbs-content":"","ast-featured-img":"","footer-sml-layout":"","ast-disable-related-posts":"","theme-transparent-header-meta":"","adv-header-id-meta":"","stick-header-meta":"","header-above-stick-meta":"","header-main-stick-meta":"","header-below-stick-meta":"","astra-migrate-meta-layouts":"default","ast-page-background-enabled":"default","ast-page-background-meta":{"desktop":{"background-color":"","background-image":"","background-repeat":"repeat","background-position":"center center","background-size":"auto","background-attachment":"scroll","background-type":"","background-media":"","overlay-type":"","overlay-color":"","overlay-opacity":"","overlay-gradient":""},"tablet":{"background-color":"","background-image":"","background-repeat":"repeat","background-position":"center center","background-size":"auto","background-attachment":"scroll","background-type":"","background-media":"","overlay-type":"","overlay-color":"","overlay-opacity":"","overlay-gradient":""},"mobile":{"background-color":"","background-image":"","background-repeat":"repeat","background-position":"center center","background-size":"auto","background-attachment":"scroll","background-type":"","background-media":"","overlay-type":"","overlay-color":"","overlay-opacity":"","overlay-gradient":""}},"ast-content-background-meta":{"desktop":{"background-color":"var(--ast-global-color-5)","background-image":"","background-repeat":"repeat","background-position":"center center","background-size":"auto","background-attachment":"scroll","background-type":"","background-media":"","overlay-type":"","overlay-color":"","overlay-opacity":"","overlay-gradient":""},"tablet":{"background-color":"var(--ast-global-color-5)","background-image":"","background-repeat":"repeat","background-position":"center center","background-size":"auto","background-attachment":"scroll","background-type":"","background-media":"","overlay-type":"","overlay-color":"","overlay-opacity":"","overlay-gradient":""},"mobile":{"background-color":"var(--ast-global-color-5)","background-image":"","background-repeat":"repeat","background-position":"center center","background-size":"auto","background-attachment":"scroll","background-type":"","background-media":"","overlay-type":"","overlay-color":"","overlay-opacity":"","overlay-gradient":""}}},"breedte":[],"design-oppervlakte":[385],"design-opstelling":[386],"design-optie":[424],"diepte":[],"oppervlakte":[],"opstelling":[],"optie":[],"pijler":[],"product_brand":[],"product_cat":[393,388,425,390,391,389,392],"product_tag":[],"class_list":{"0":"post-15275","1":"product","2":"type-product","3":"status-publish","4":"has-post-thumbnail","6":"design-oppervlakte-1-24-m2-fr","7":"design-opstelling-tete-en-lair","8":"design-optie-mur-de-led","9":"product_cat-1-24-m2-fr","10":"product_cat-conception","11":"product_cat-mur-de-led","12":"product_cat-options-fr","13":"product_cat-stand-dexposition-type","14":"product_cat-surface-fr","15":"product_cat-tete-en-lair","16":"desktop-align-left","17":"tablet-align-left","18":"mobile-align-left","20":"first","21":"instock","22":"shipping-taxable","23":"product-type-simple"},"acf":[],"_links":{"self":[{"href":"https:\/\/beurswand2026.webdeveloperz.nl\/fr\/wp-json\/wp\/v2\/product\/15275","targetHints":{"allow":["GET"]}}],"collection":[{"href":"https:\/\/beurswand2026.webdeveloperz.nl\/fr\/wp-json\/wp\/v2\/product"}],"about":[{"href":"https:\/\/beurswand2026.webdeveloperz.nl\/fr\/wp-json\/wp\/v2\/types\/product"}],"replies":[{"embeddable":true,"href":"https:\/\/beurswand2026.webdeveloperz.nl\/fr\/wp-json\/wp\/v2\/comments?post=15275"}],"version-history":[{"count":1,"href":"https:\/\/beurswand2026.webdeveloperz.nl\/fr\/wp-json\/wp\/v2\/product\/15275\/revisions"}],"predecessor-version":[{"id":18909,"href":"https:\/\/beurswand2026.webdeveloperz.nl\/fr\/wp-json\/wp\/v2\/product\/15275\/revisions\/18909"}],"wp:featuredmedia":[{"embeddable":true,"href":"https:\/\/beurswand2026.webdeveloperz.nl\/fr\/wp-json\/wp\/v2\/media\/10868"}],"wp:attachment":[{"href":"https:\/\/beurswand2026.webdeveloperz.nl\/fr\/wp-json\/wp\/v2\/media?parent=15275"}],"wp:term":[{"taxonomy":"breedte","embeddable":true,"href":"https:\/\/beurswand2026.webdeveloperz.nl\/fr\/wp-json\/wp\/v2\/breedte?post=15275"},{"taxonomy":"design-oppervlakte","embeddable":true,"href":"https:\/\/beurswand2026.webdeveloperz.nl\/fr\/wp-json\/wp\/v2\/design-oppervlakte?post=15275"},{"taxonomy":"design-opstelling","embeddable":true,"href":"https:\/\/beurswand2026.webdeveloperz.nl\/fr\/wp-json\/wp\/v2\/design-opstelling?post=15275"},{"taxonomy":"design-optie","embeddable":true,"href":"https:\/\/beurswand2026.webdeveloperz.nl\/fr\/wp-json\/wp\/v2\/design-optie?post=15275"},{"taxonomy":"diepte","embeddable":true,"href":"https:\/\/beurswand2026.webdeveloperz.nl\/fr\/wp-json\/wp\/v2\/diepte?post=15275"},{"taxonomy":"oppervlakte","embeddable":true,"href":"https:\/\/beurswand2026.webdeveloperz.nl\/fr\/wp-json\/wp\/v2\/oppervlakte?post=15275"},{"taxonomy":"opstelling","embeddable":true,"href":"https:\/\/beurswand2026.webdeveloperz.nl\/fr\/wp-json\/wp\/v2\/opstelling?post=15275"},{"taxonomy":"optie","embeddable":true,"href":"https:\/\/beurswand2026.webdeveloperz.nl\/fr\/wp-json\/wp\/v2\/optie?post=15275"},{"taxonomy":"pijler","embeddable":true,"href":"https:\/\/beurswand2026.webdeveloperz.nl\/fr\/wp-json\/wp\/v2\/pijler?post=15275"},{"taxonomy":"product_brand","embeddable":true,"href":"https:\/\/beurswand2026.webdeveloperz.nl\/fr\/wp-json\/wp\/v2\/product_brand?post=15275"},{"taxonomy":"product_cat","embeddable":true,"href":"https:\/\/beurswand2026.webdeveloperz.nl\/fr\/wp-json\/wp\/v2\/product_cat?post=15275"},{"taxonomy":"product_tag","embeddable":true,"href":"https:\/\/beurswand2026.webdeveloperz.nl\/fr\/wp-json\/wp\/v2\/product_tag?post=15275"}],"curies":[{"name":"wp","href":"https:\/\/api.w.org\/{rel}","templated":true}]}}