{"id":15273,"date":"2023-10-12T15:13:58","date_gmt":"2023-10-12T15:13:58","guid":{"rendered":"https:\/\/beurswand.nl\/product\/stand-dexposition-design-16\/"},"modified":"2025-04-29T07:49:49","modified_gmt":"2025-04-29T07:49:49","slug":"stand-dexposition-design-16","status":"publish","type":"product","link":"https:\/\/beurswand2026.webdeveloperz.nl\/fr\/product\/stand-dexposition-design-16\/","title":{"rendered":"Stand d&rsquo;exposition Design 16"},"content":{"rendered":"<p><strong>Stand d&rsquo;exposition exclusif 16 : votre marque sous les feux de la rampe !<\/strong><\/p>\n<p>Vous cherchez un stand d&rsquo;exposition qui se d\u00e9marque vraiment ? D\u00e9couvrez nos derni\u00e8res conceptions de stands d&rsquo;exposition 16 ! Avec une taille g\u00e9n\u00e9reuse de plus de 45 m2, vous aurez suffisamment d&rsquo;espace pour pr\u00e9senter votre marque de la meilleure fa\u00e7on possible. La conception unique de la poutre de t\u00eate assure une visibilit\u00e9 maximale, ce qui vous permet de vous d\u00e9marquer de la foule.<\/p>\n<p>Et ce n&rsquo;est pas tout : les \u00e9tag\u00e8res int\u00e9gr\u00e9es permettent de pr\u00e9senter avec style des produits, des brochures ou d&rsquo;autres supports promotionnels. Chaque d\u00e9tail est con\u00e7u pour mettre en valeur votre marque.<\/p>\n<p>Il ne s&rsquo;agit que d&rsquo;un exemple ; nous sommes heureux de personnaliser la conception en fonction de vos besoins particuliers. Int\u00e9ress\u00e9(e) ? Demandez plus d&rsquo;informations en utilisant le formulaire de contact ci-dessous et faites de votre prochaine exposition un succ\u00e8s retentissant !<\/p>\n","protected":false},"excerpt":{"rendered":"<p>Stand d&rsquo;exposition exclusif 16 : votre marque sous les feux de la rampe ! Vous cherchez un stand d&rsquo;exposition qui se d\u00e9marque vraiment ? D\u00e9couvrez nos derni\u00e8res conceptions de stands d&rsquo;exposition 16 ! Avec une taille g\u00e9n\u00e9reuse de plus de 45 m2, vous aurez suffisamment d&rsquo;espace pour pr\u00e9senter votre marque de la meilleure fa\u00e7on possible. [&hellip;]<\/p>\n","protected":false},"featured_media":10899,"comment_status":"closed","ping_status":"open","template":"","meta":{"_acf_changed":false,"site-sidebar-layout":"default","site-content-layout":"","ast-site-content-layout":"default","site-content-style":"default","site-sidebar-style":"default","ast-global-header-display":"","ast-banner-title-visibility":"","ast-main-header-display":"","ast-hfb-above-header-display":"","ast-hfb-below-header-display":"","ast-hfb-mobile-header-display":"","site-post-title":"","ast-breadcrumbs-content":"","ast-featured-img":"","footer-sml-layout":"","ast-disable-related-posts":"","theme-transparent-header-meta":"","adv-header-id-meta":"","stick-header-meta":"","header-above-stick-meta":"","header-main-stick-meta":"","header-below-stick-meta":"","astra-migrate-meta-layouts":"default","ast-page-background-enabled":"default","ast-page-background-meta":{"desktop":{"background-color":"","background-image":"","background-repeat":"repeat","background-position":"center center","background-size":"auto","background-attachment":"scroll","background-type":"","background-media":"","overlay-type":"","overlay-color":"","overlay-opacity":"","overlay-gradient":""},"tablet":{"background-color":"","background-image":"","background-repeat":"repeat","background-position":"center center","background-size":"auto","background-attachment":"scroll","background-type":"","background-media":"","overlay-type":"","overlay-color":"","overlay-opacity":"","overlay-gradient":""},"mobile":{"background-color":"","background-image":"","background-repeat":"repeat","background-position":"center center","background-size":"auto","background-attachment":"scroll","background-type":"","background-media":"","overlay-type":"","overlay-color":"","overlay-opacity":"","overlay-gradient":""}},"ast-content-background-meta":{"desktop":{"background-color":"var(--ast-global-color-5)","background-image":"","background-repeat":"repeat","background-position":"center center","background-size":"auto","background-attachment":"scroll","background-type":"","background-media":"","overlay-type":"","overlay-color":"","overlay-opacity":"","overlay-gradient":""},"tablet":{"background-color":"var(--ast-global-color-5)","background-image":"","background-repeat":"repeat","background-position":"center center","background-size":"auto","background-attachment":"scroll","background-type":"","background-media":"","overlay-type":"","overlay-color":"","overlay-opacity":"","overlay-gradient":""},"mobile":{"background-color":"var(--ast-global-color-5)","background-image":"","background-repeat":"repeat","background-position":"center center","background-size":"auto","background-attachment":"scroll","background-type":"","background-media":"","overlay-type":"","overlay-color":"","overlay-opacity":"","overlay-gradient":""}}},"breedte":[],"design-oppervlakte":[420],"design-opstelling":[386],"design-optie":[421],"diepte":[],"oppervlakte":[],"opstelling":[],"optie":[],"pijler":[],"product_brand":[],"product_cat":[422,388,423,390,391,389,392],"product_tag":[],"class_list":{"0":"post-15273","1":"product","2":"type-product","3":"status-publish","4":"has-post-thumbnail","6":"design-oppervlakte-40-m2-et-plus","7":"design-opstelling-tete-en-lair","8":"design-optie-etageres","9":"product_cat-40-m2-et-plus","10":"product_cat-conception","11":"product_cat-etageres","12":"product_cat-options-fr","13":"product_cat-stand-dexposition-type","14":"product_cat-surface-fr","15":"product_cat-tete-en-lair","16":"desktop-align-left","17":"tablet-align-left","18":"mobile-align-left","20":"first","21":"instock","22":"shipping-taxable","23":"product-type-simple"},"acf":[],"_links":{"self":[{"href":"https:\/\/beurswand2026.webdeveloperz.nl\/fr\/wp-json\/wp\/v2\/product\/15273","targetHints":{"allow":["GET"]}}],"collection":[{"href":"https:\/\/beurswand2026.webdeveloperz.nl\/fr\/wp-json\/wp\/v2\/product"}],"about":[{"href":"https:\/\/beurswand2026.webdeveloperz.nl\/fr\/wp-json\/wp\/v2\/types\/product"}],"replies":[{"embeddable":true,"href":"https:\/\/beurswand2026.webdeveloperz.nl\/fr\/wp-json\/wp\/v2\/comments?post=15273"}],"version-history":[{"count":1,"href":"https:\/\/beurswand2026.webdeveloperz.nl\/fr\/wp-json\/wp\/v2\/product\/15273\/revisions"}],"predecessor-version":[{"id":18916,"href":"https:\/\/beurswand2026.webdeveloperz.nl\/fr\/wp-json\/wp\/v2\/product\/15273\/revisions\/18916"}],"wp:featuredmedia":[{"embeddable":true,"href":"https:\/\/beurswand2026.webdeveloperz.nl\/fr\/wp-json\/wp\/v2\/media\/10899"}],"wp:attachment":[{"href":"https:\/\/beurswand2026.webdeveloperz.nl\/fr\/wp-json\/wp\/v2\/media?parent=15273"}],"wp:term":[{"taxonomy":"breedte","embeddable":true,"href":"https:\/\/beurswand2026.webdeveloperz.nl\/fr\/wp-json\/wp\/v2\/breedte?post=15273"},{"taxonomy":"design-oppervlakte","embeddable":true,"href":"https:\/\/beurswand2026.webdeveloperz.nl\/fr\/wp-json\/wp\/v2\/design-oppervlakte?post=15273"},{"taxonomy":"design-opstelling","embeddable":true,"href":"https:\/\/beurswand2026.webdeveloperz.nl\/fr\/wp-json\/wp\/v2\/design-opstelling?post=15273"},{"taxonomy":"design-optie","embeddable":true,"href":"https:\/\/beurswand2026.webdeveloperz.nl\/fr\/wp-json\/wp\/v2\/design-optie?post=15273"},{"taxonomy":"diepte","embeddable":true,"href":"https:\/\/beurswand2026.webdeveloperz.nl\/fr\/wp-json\/wp\/v2\/diepte?post=15273"},{"taxonomy":"oppervlakte","embeddable":true,"href":"https:\/\/beurswand2026.webdeveloperz.nl\/fr\/wp-json\/wp\/v2\/oppervlakte?post=15273"},{"taxonomy":"opstelling","embeddable":true,"href":"https:\/\/beurswand2026.webdeveloperz.nl\/fr\/wp-json\/wp\/v2\/opstelling?post=15273"},{"taxonomy":"optie","embeddable":true,"href":"https:\/\/beurswand2026.webdeveloperz.nl\/fr\/wp-json\/wp\/v2\/optie?post=15273"},{"taxonomy":"pijler","embeddable":true,"href":"https:\/\/beurswand2026.webdeveloperz.nl\/fr\/wp-json\/wp\/v2\/pijler?post=15273"},{"taxonomy":"product_brand","embeddable":true,"href":"https:\/\/beurswand2026.webdeveloperz.nl\/fr\/wp-json\/wp\/v2\/product_brand?post=15273"},{"taxonomy":"product_cat","embeddable":true,"href":"https:\/\/beurswand2026.webdeveloperz.nl\/fr\/wp-json\/wp\/v2\/product_cat?post=15273"},{"taxonomy":"product_tag","embeddable":true,"href":"https:\/\/beurswand2026.webdeveloperz.nl\/fr\/wp-json\/wp\/v2\/product_tag?post=15273"}],"curies":[{"name":"wp","href":"https:\/\/api.w.org\/{rel}","templated":true}]}}