{"id":15266,"date":"2023-10-12T15:02:45","date_gmt":"2023-10-12T15:02:45","guid":{"rendered":"https:\/\/beurswand.nl\/product\/conception-de-stands-dexposition-10\/"},"modified":"2025-04-29T07:50:17","modified_gmt":"2025-04-29T07:50:17","slug":"conception-de-stands-dexposition-10","status":"publish","type":"product","link":"https:\/\/beurswand2026.webdeveloperz.nl\/fr\/product\/conception-de-stands-dexposition-10\/","title":{"rendered":"Stand d&rsquo;exposition Design 10"},"content":{"rendered":"<p><strong>Stand d&rsquo;exposition unique Design 10 - L&rsquo;accroche-regard de toute foire commerciale !<\/strong><\/p>\n<p>Vous \u00eates \u00e0 la recherche d&rsquo;un stand d&rsquo;exposition original qui mette votre marque sous les feux de la rampe ? D\u00e9couvrez nos derni\u00e8res conceptions de stands d&rsquo;exposition 10. Avec une taille impressionnante de plus de 28 m2, il offre de l&rsquo;espace pour toutes vos pr\u00e9sentations et d\u00e9monstrations de produits. En tant que stand frontal, vous b\u00e9n\u00e9ficiez de trois c\u00f4t\u00e9s ouverts : visibilit\u00e9 maximale garantie !<\/p>\n<p>Le bureau int\u00e9gr\u00e9 conf\u00e8re un aspect professionnel \u00e0 votre \u00e9quipe et offre un espace d&rsquo;interaction avec les visiteurs. Vous avez besoin d&rsquo;une petite pause entre les deux ou vous voulez offrir un verre \u00e0 vos invit\u00e9s ? Le garde-manger int\u00e9gr\u00e9 facilite la t\u00e2che.<\/p>\n<p>Et le meilleur ? Ce n&rsquo;est qu&rsquo;un exemple ! Nous sommes heureux de personnaliser la conception pour qu&rsquo;elle corresponde parfaitement \u00e0 votre vision et \u00e0 vos objectifs.<\/p>\n<p>Int\u00e9ress\u00e9(e) ? Remplissez le formulaire de contact ci-dessous et obtenez plus d&rsquo;informations. Votre prochain salon sera un succ\u00e8s garanti ! <\/p>\n","protected":false},"excerpt":{"rendered":"<p>Stand d&rsquo;exposition unique Design 10 - L&rsquo;accroche-regard de toute foire commerciale ! Vous \u00eates \u00e0 la recherche d&rsquo;un stand d&rsquo;exposition original qui mette votre marque sous les feux de la rampe ? D\u00e9couvrez nos derni\u00e8res conceptions de stands d&rsquo;exposition 10. Avec une taille impressionnante de plus de 28 m2, il offre de l&rsquo;espace pour toutes [&hellip;]<\/p>\n","protected":false},"featured_media":10827,"comment_status":"closed","ping_status":"open","template":"","meta":{"_acf_changed":false,"site-sidebar-layout":"default","site-content-layout":"","ast-site-content-layout":"default","site-content-style":"default","site-sidebar-style":"default","ast-global-header-display":"","ast-banner-title-visibility":"","ast-main-header-display":"","ast-hfb-above-header-display":"","ast-hfb-below-header-display":"","ast-hfb-mobile-header-display":"","site-post-title":"","ast-breadcrumbs-content":"","ast-featured-img":"","footer-sml-layout":"","ast-disable-related-posts":"","theme-transparent-header-meta":"","adv-header-id-meta":"","stick-header-meta":"","header-above-stick-meta":"","header-main-stick-meta":"","header-below-stick-meta":"","astra-migrate-meta-layouts":"default","ast-page-background-enabled":"default","ast-page-background-meta":{"desktop":{"background-color":"","background-image":"","background-repeat":"repeat","background-position":"center center","background-size":"auto","background-attachment":"scroll","background-type":"","background-media":"","overlay-type":"","overlay-color":"","overlay-opacity":"","overlay-gradient":""},"tablet":{"background-color":"","background-image":"","background-repeat":"repeat","background-position":"center center","background-size":"auto","background-attachment":"scroll","background-type":"","background-media":"","overlay-type":"","overlay-color":"","overlay-opacity":"","overlay-gradient":""},"mobile":{"background-color":"","background-image":"","background-repeat":"repeat","background-position":"center center","background-size":"auto","background-attachment":"scroll","background-type":"","background-media":"","overlay-type":"","overlay-color":"","overlay-opacity":"","overlay-gradient":""}},"ast-content-background-meta":{"desktop":{"background-color":"var(--ast-global-color-5)","background-image":"","background-repeat":"repeat","background-position":"center center","background-size":"auto","background-attachment":"scroll","background-type":"","background-media":"","overlay-type":"","overlay-color":"","overlay-opacity":"","overlay-gradient":""},"tablet":{"background-color":"var(--ast-global-color-5)","background-image":"","background-repeat":"repeat","background-position":"center center","background-size":"auto","background-attachment":"scroll","background-type":"","background-media":"","overlay-type":"","overlay-color":"","overlay-opacity":"","overlay-gradient":""},"mobile":{"background-color":"var(--ast-global-color-5)","background-image":"","background-repeat":"repeat","background-position":"center center","background-size":"auto","background-attachment":"scroll","background-type":"","background-media":"","overlay-type":"","overlay-color":"","overlay-opacity":"","overlay-gradient":""}}},"breedte":[],"design-oppervlakte":[396],"design-opstelling":[386],"design-optie":[397,398],"diepte":[],"oppervlakte":[],"opstelling":[],"optie":[],"pijler":[],"product_brand":[],"product_cat":[401,399,388,400,390,391,389,392],"product_tag":[],"class_list":{"0":"post-15266","1":"product","2":"type-product","3":"status-publish","4":"has-post-thumbnail","6":"design-oppervlakte-25-40-m2-fr","7":"design-opstelling-tete-en-lair","8":"design-optie-bureau","9":"design-optie-garde-manger","10":"product_cat-25-40-m2-fr","11":"product_cat-bureau","12":"product_cat-conception","13":"product_cat-garde-manger","14":"product_cat-options-fr","15":"product_cat-stand-dexposition-type","16":"product_cat-surface-fr","17":"product_cat-tete-en-lair","18":"desktop-align-left","19":"tablet-align-left","20":"mobile-align-left","22":"first","23":"instock","24":"shipping-taxable","25":"product-type-simple"},"acf":[],"_links":{"self":[{"href":"https:\/\/beurswand2026.webdeveloperz.nl\/fr\/wp-json\/wp\/v2\/product\/15266","targetHints":{"allow":["GET"]}}],"collection":[{"href":"https:\/\/beurswand2026.webdeveloperz.nl\/fr\/wp-json\/wp\/v2\/product"}],"about":[{"href":"https:\/\/beurswand2026.webdeveloperz.nl\/fr\/wp-json\/wp\/v2\/types\/product"}],"replies":[{"embeddable":true,"href":"https:\/\/beurswand2026.webdeveloperz.nl\/fr\/wp-json\/wp\/v2\/comments?post=15266"}],"version-history":[{"count":1,"href":"https:\/\/beurswand2026.webdeveloperz.nl\/fr\/wp-json\/wp\/v2\/product\/15266\/revisions"}],"predecessor-version":[{"id":18941,"href":"https:\/\/beurswand2026.webdeveloperz.nl\/fr\/wp-json\/wp\/v2\/product\/15266\/revisions\/18941"}],"wp:featuredmedia":[{"embeddable":true,"href":"https:\/\/beurswand2026.webdeveloperz.nl\/fr\/wp-json\/wp\/v2\/media\/10827"}],"wp:attachment":[{"href":"https:\/\/beurswand2026.webdeveloperz.nl\/fr\/wp-json\/wp\/v2\/media?parent=15266"}],"wp:term":[{"taxonomy":"breedte","embeddable":true,"href":"https:\/\/beurswand2026.webdeveloperz.nl\/fr\/wp-json\/wp\/v2\/breedte?post=15266"},{"taxonomy":"design-oppervlakte","embeddable":true,"href":"https:\/\/beurswand2026.webdeveloperz.nl\/fr\/wp-json\/wp\/v2\/design-oppervlakte?post=15266"},{"taxonomy":"design-opstelling","embeddable":true,"href":"https:\/\/beurswand2026.webdeveloperz.nl\/fr\/wp-json\/wp\/v2\/design-opstelling?post=15266"},{"taxonomy":"design-optie","embeddable":true,"href":"https:\/\/beurswand2026.webdeveloperz.nl\/fr\/wp-json\/wp\/v2\/design-optie?post=15266"},{"taxonomy":"diepte","embeddable":true,"href":"https:\/\/beurswand2026.webdeveloperz.nl\/fr\/wp-json\/wp\/v2\/diepte?post=15266"},{"taxonomy":"oppervlakte","embeddable":true,"href":"https:\/\/beurswand2026.webdeveloperz.nl\/fr\/wp-json\/wp\/v2\/oppervlakte?post=15266"},{"taxonomy":"opstelling","embeddable":true,"href":"https:\/\/beurswand2026.webdeveloperz.nl\/fr\/wp-json\/wp\/v2\/opstelling?post=15266"},{"taxonomy":"optie","embeddable":true,"href":"https:\/\/beurswand2026.webdeveloperz.nl\/fr\/wp-json\/wp\/v2\/optie?post=15266"},{"taxonomy":"pijler","embeddable":true,"href":"https:\/\/beurswand2026.webdeveloperz.nl\/fr\/wp-json\/wp\/v2\/pijler?post=15266"},{"taxonomy":"product_brand","embeddable":true,"href":"https:\/\/beurswand2026.webdeveloperz.nl\/fr\/wp-json\/wp\/v2\/product_brand?post=15266"},{"taxonomy":"product_cat","embeddable":true,"href":"https:\/\/beurswand2026.webdeveloperz.nl\/fr\/wp-json\/wp\/v2\/product_cat?post=15266"},{"taxonomy":"product_tag","embeddable":true,"href":"https:\/\/beurswand2026.webdeveloperz.nl\/fr\/wp-json\/wp\/v2\/product_tag?post=15266"}],"curies":[{"name":"wp","href":"https:\/\/api.w.org\/{rel}","templated":true}]}}