{"id":15232,"date":"2023-10-15T07:36:46","date_gmt":"2023-10-15T07:36:46","guid":{"rendered":"https:\/\/beurswand.nl\/product\/beursstand-design-92\/"},"modified":"2025-04-29T07:45:26","modified_gmt":"2025-04-29T07:45:26","slug":"stand-dexposition-design-92","status":"publish","type":"product","link":"https:\/\/beurswand2026.webdeveloperz.nl\/fr\/product\/stand-dexposition-design-92\/","title":{"rendered":"Stand d&rsquo;exposition Design 92"},"content":{"rendered":"<p><strong>Stand d&rsquo;exposition 92 - Votre Presentaci\u00f3n Parfaite !<\/strong><\/p>\n<p>Pr\u00e9sentez votre entreprise avec brio et fonctionnalit\u00e9 gr\u00e2ce \u00e0 notre Stand d&rsquo;exposition 92 ! Avec une surface g\u00e9n\u00e9reuse de plus de 16 m2, ce stand interm\u00e9diaire vous offre tout l&rsquo;espace n\u00e9cessaire pour pr\u00e9senter vos produits et services de la meilleure fa\u00e7on possible. Et ce n&rsquo;est pas tout : pour votre confort, ce stand est \u00e9galement \u00e9quip\u00e9 d&rsquo;un garde-manger pratique, id\u00e9al pour ranger le mat\u00e9riel promotionnel ou servir une boisson rafra\u00eechissante \u00e0 vos visiteurs.<\/p>\n<p>Vous recherchez une adaptation sp\u00e9cifique ou vous avez d&rsquo;autres exigences ? Pas de probl\u00e8me ! Ce mod\u00e8le n&rsquo;est qu&rsquo;un exemple et peut \u00eatre enti\u00e8rement personnalis\u00e9 \u00e0 votre convenance.<\/p>\n<p>Vous \u00eates int\u00e9ress\u00e9 ou vous souhaitez obtenir plus d&rsquo;informations ? Remplissez le formulaire de contact ci-dessous et nous nous ferons un plaisir de vous aider ! Faites une impression inoubliable lors de votre prochain salon avec Design 92.  <\/p>\n","protected":false},"excerpt":{"rendered":"<p>Stand d&rsquo;exposition 92 - Votre Presentaci\u00f3n Parfaite ! Pr\u00e9sentez votre entreprise avec brio et fonctionnalit\u00e9 gr\u00e2ce \u00e0 notre Stand d&rsquo;exposition 92 ! Avec une surface g\u00e9n\u00e9reuse de plus de 16 m2, ce stand interm\u00e9diaire vous offre tout l&rsquo;espace n\u00e9cessaire pour pr\u00e9senter vos produits et services de la meilleure fa\u00e7on possible. Et ce n&rsquo;est pas tout [&hellip;]<\/p>\n","protected":false},"featured_media":12186,"comment_status":"closed","ping_status":"open","template":"","meta":{"_acf_changed":false,"site-sidebar-layout":"default","site-content-layout":"","ast-site-content-layout":"default","site-content-style":"default","site-sidebar-style":"default","ast-global-header-display":"","ast-banner-title-visibility":"","ast-main-header-display":"","ast-hfb-above-header-display":"","ast-hfb-below-header-display":"","ast-hfb-mobile-header-display":"","site-post-title":"","ast-breadcrumbs-content":"","ast-featured-img":"","footer-sml-layout":"","ast-disable-related-posts":"","theme-transparent-header-meta":"","adv-header-id-meta":"","stick-header-meta":"","header-above-stick-meta":"","header-main-stick-meta":"","header-below-stick-meta":"","astra-migrate-meta-layouts":"default","ast-page-background-enabled":"default","ast-page-background-meta":{"desktop":{"background-color":"","background-image":"","background-repeat":"repeat","background-position":"center center","background-size":"auto","background-attachment":"scroll","background-type":"","background-media":"","overlay-type":"","overlay-color":"","overlay-opacity":"","overlay-gradient":""},"tablet":{"background-color":"","background-image":"","background-repeat":"repeat","background-position":"center center","background-size":"auto","background-attachment":"scroll","background-type":"","background-media":"","overlay-type":"","overlay-color":"","overlay-opacity":"","overlay-gradient":""},"mobile":{"background-color":"","background-image":"","background-repeat":"repeat","background-position":"center center","background-size":"auto","background-attachment":"scroll","background-type":"","background-media":"","overlay-type":"","overlay-color":"","overlay-opacity":"","overlay-gradient":""}},"ast-content-background-meta":{"desktop":{"background-color":"var(--ast-global-color-5)","background-image":"","background-repeat":"repeat","background-position":"center center","background-size":"auto","background-attachment":"scroll","background-type":"","background-media":"","overlay-type":"","overlay-color":"","overlay-opacity":"","overlay-gradient":""},"tablet":{"background-color":"var(--ast-global-color-5)","background-image":"","background-repeat":"repeat","background-position":"center center","background-size":"auto","background-attachment":"scroll","background-type":"","background-media":"","overlay-type":"","overlay-color":"","overlay-opacity":"","overlay-gradient":""},"mobile":{"background-color":"var(--ast-global-color-5)","background-image":"","background-repeat":"repeat","background-position":"center center","background-size":"auto","background-attachment":"scroll","background-type":"","background-media":"","overlay-type":"","overlay-color":"","overlay-opacity":"","overlay-gradient":""}}},"breedte":[],"design-oppervlakte":[385],"design-opstelling":[438],"design-optie":[398],"diepte":[],"oppervlakte":[],"opstelling":[],"optie":[],"pijler":[],"product_brand":[],"product_cat":[393,439,388,400,390,391,389],"product_tag":[],"class_list":{"0":"post-15232","1":"product","2":"type-product","3":"status-publish","4":"has-post-thumbnail","6":"design-oppervlakte-1-24-m2-fr","7":"design-opstelling-stand-intermediaire","8":"design-optie-garde-manger","9":"product_cat-1-24-m2-fr","10":"product_cat-classement","11":"product_cat-conception","12":"product_cat-garde-manger","13":"product_cat-options-fr","14":"product_cat-stand-dexposition-type","15":"product_cat-surface-fr","16":"desktop-align-left","17":"tablet-align-left","18":"mobile-align-left","20":"first","21":"instock","22":"shipping-taxable","23":"product-type-simple"},"acf":[],"_links":{"self":[{"href":"https:\/\/beurswand2026.webdeveloperz.nl\/fr\/wp-json\/wp\/v2\/product\/15232","targetHints":{"allow":["GET"]}}],"collection":[{"href":"https:\/\/beurswand2026.webdeveloperz.nl\/fr\/wp-json\/wp\/v2\/product"}],"about":[{"href":"https:\/\/beurswand2026.webdeveloperz.nl\/fr\/wp-json\/wp\/v2\/types\/product"}],"replies":[{"embeddable":true,"href":"https:\/\/beurswand2026.webdeveloperz.nl\/fr\/wp-json\/wp\/v2\/comments?post=15232"}],"version-history":[{"count":1,"href":"https:\/\/beurswand2026.webdeveloperz.nl\/fr\/wp-json\/wp\/v2\/product\/15232\/revisions"}],"predecessor-version":[{"id":18683,"href":"https:\/\/beurswand2026.webdeveloperz.nl\/fr\/wp-json\/wp\/v2\/product\/15232\/revisions\/18683"}],"wp:featuredmedia":[{"embeddable":true,"href":"https:\/\/beurswand2026.webdeveloperz.nl\/fr\/wp-json\/wp\/v2\/media\/12186"}],"wp:attachment":[{"href":"https:\/\/beurswand2026.webdeveloperz.nl\/fr\/wp-json\/wp\/v2\/media?parent=15232"}],"wp:term":[{"taxonomy":"breedte","embeddable":true,"href":"https:\/\/beurswand2026.webdeveloperz.nl\/fr\/wp-json\/wp\/v2\/breedte?post=15232"},{"taxonomy":"design-oppervlakte","embeddable":true,"href":"https:\/\/beurswand2026.webdeveloperz.nl\/fr\/wp-json\/wp\/v2\/design-oppervlakte?post=15232"},{"taxonomy":"design-opstelling","embeddable":true,"href":"https:\/\/beurswand2026.webdeveloperz.nl\/fr\/wp-json\/wp\/v2\/design-opstelling?post=15232"},{"taxonomy":"design-optie","embeddable":true,"href":"https:\/\/beurswand2026.webdeveloperz.nl\/fr\/wp-json\/wp\/v2\/design-optie?post=15232"},{"taxonomy":"diepte","embeddable":true,"href":"https:\/\/beurswand2026.webdeveloperz.nl\/fr\/wp-json\/wp\/v2\/diepte?post=15232"},{"taxonomy":"oppervlakte","embeddable":true,"href":"https:\/\/beurswand2026.webdeveloperz.nl\/fr\/wp-json\/wp\/v2\/oppervlakte?post=15232"},{"taxonomy":"opstelling","embeddable":true,"href":"https:\/\/beurswand2026.webdeveloperz.nl\/fr\/wp-json\/wp\/v2\/opstelling?post=15232"},{"taxonomy":"optie","embeddable":true,"href":"https:\/\/beurswand2026.webdeveloperz.nl\/fr\/wp-json\/wp\/v2\/optie?post=15232"},{"taxonomy":"pijler","embeddable":true,"href":"https:\/\/beurswand2026.webdeveloperz.nl\/fr\/wp-json\/wp\/v2\/pijler?post=15232"},{"taxonomy":"product_brand","embeddable":true,"href":"https:\/\/beurswand2026.webdeveloperz.nl\/fr\/wp-json\/wp\/v2\/product_brand?post=15232"},{"taxonomy":"product_cat","embeddable":true,"href":"https:\/\/beurswand2026.webdeveloperz.nl\/fr\/wp-json\/wp\/v2\/product_cat?post=15232"},{"taxonomy":"product_tag","embeddable":true,"href":"https:\/\/beurswand2026.webdeveloperz.nl\/fr\/wp-json\/wp\/v2\/product_tag?post=15232"}],"curies":[{"name":"wp","href":"https:\/\/api.w.org\/{rel}","templated":true}]}}