{"id":15218,"date":"2023-10-15T08:04:11","date_gmt":"2023-10-15T08:04:11","guid":{"rendered":"https:\/\/beurswand.nl\/product\/beursstand-design-99\/"},"modified":"2025-04-29T07:44:57","modified_gmt":"2025-04-29T07:44:57","slug":"conception-de-stands-dexposition-99","status":"publish","type":"product","link":"https:\/\/beurswand2026.webdeveloperz.nl\/fr\/product\/conception-de-stands-dexposition-99\/","title":{"rendered":"Stand d&rsquo;exposition Design 99"},"content":{"rendered":"<p><strong>Nouveau : Stand d&rsquo;exposition Design 99 - Espace et style combin\u00e9s !<\/strong>  <\/p>\n<p>Vous cherchez le stand d&rsquo;angle id\u00e9al pour mettre votre entreprise sous les feux de la rampe ? Alors Stand d&rsquo;exposition 99 est le choix qu&rsquo;il vous faut ! Avec une taille g\u00e9n\u00e9reuse de plus de 20 m\u00b2, il offre tout l&rsquo;espace dont vous avez besoin pour impressionner vos visiteurs.<\/p>\n<p>Ce stand unique est dot\u00e9 d&rsquo;un mur de LED \u00e9poustouflant qui attire l&rsquo;attention sans effort et permet de faire passer votre message avec style. Qu&rsquo;il s&rsquo;agisse d&rsquo;une d\u00e9monstration de produit, d&rsquo;une vid\u00e9o d&rsquo;entreprise ou de visuels dynamiques, le mur LED fait impression.<\/p>\n<p>Et pour l&rsquo;homme int\u00e9rieur ? Le garde-manger int\u00e9gr\u00e9 vous permet, ainsi qu&rsquo;\u00e0 vos visiteurs, de disposer en permanence d&rsquo;en-cas et de boissons.<\/p>\n<p>C&rsquo;est presque ce que vous recherchez, mais vous voulez juste une touche diff\u00e9rente ? Pas de probl\u00e8me ! Il ne s&rsquo;agit que d&rsquo;un exemple et nous nous ferons un plaisir d&rsquo;adapter la conception \u00e0 vos besoins.<\/p>\n<p>  Int\u00e9ress\u00e9(e) ? Demandez plus d&rsquo;informations en utilisant le formulaire de contact ci-dessous !<\/p>\n","protected":false},"excerpt":{"rendered":"<p>Nouveau : Stand d&rsquo;exposition Design 99 - Espace et style combin\u00e9s ! Vous cherchez le stand d&rsquo;angle id\u00e9al pour mettre votre entreprise sous les feux de la rampe ? Alors Stand d&rsquo;exposition 99 est le choix qu&rsquo;il vous faut ! Avec une taille g\u00e9n\u00e9reuse de plus de 20 m\u00b2, il offre tout l&rsquo;espace dont vous [&hellip;]<\/p>\n","protected":false},"featured_media":12330,"comment_status":"closed","ping_status":"open","template":"","meta":{"_acf_changed":false,"site-sidebar-layout":"default","site-content-layout":"","ast-site-content-layout":"default","site-content-style":"default","site-sidebar-style":"default","ast-global-header-display":"","ast-banner-title-visibility":"","ast-main-header-display":"","ast-hfb-above-header-display":"","ast-hfb-below-header-display":"","ast-hfb-mobile-header-display":"","site-post-title":"","ast-breadcrumbs-content":"","ast-featured-img":"","footer-sml-layout":"","ast-disable-related-posts":"","theme-transparent-header-meta":"","adv-header-id-meta":"","stick-header-meta":"","header-above-stick-meta":"","header-main-stick-meta":"","header-below-stick-meta":"","astra-migrate-meta-layouts":"default","ast-page-background-enabled":"default","ast-page-background-meta":{"desktop":{"background-color":"","background-image":"","background-repeat":"repeat","background-position":"center center","background-size":"auto","background-attachment":"scroll","background-type":"","background-media":"","overlay-type":"","overlay-color":"","overlay-opacity":"","overlay-gradient":""},"tablet":{"background-color":"","background-image":"","background-repeat":"repeat","background-position":"center center","background-size":"auto","background-attachment":"scroll","background-type":"","background-media":"","overlay-type":"","overlay-color":"","overlay-opacity":"","overlay-gradient":""},"mobile":{"background-color":"","background-image":"","background-repeat":"repeat","background-position":"center center","background-size":"auto","background-attachment":"scroll","background-type":"","background-media":"","overlay-type":"","overlay-color":"","overlay-opacity":"","overlay-gradient":""}},"ast-content-background-meta":{"desktop":{"background-color":"var(--ast-global-color-5)","background-image":"","background-repeat":"repeat","background-position":"center center","background-size":"auto","background-attachment":"scroll","background-type":"","background-media":"","overlay-type":"","overlay-color":"","overlay-opacity":"","overlay-gradient":""},"tablet":{"background-color":"var(--ast-global-color-5)","background-image":"","background-repeat":"repeat","background-position":"center center","background-size":"auto","background-attachment":"scroll","background-type":"","background-media":"","overlay-type":"","overlay-color":"","overlay-opacity":"","overlay-gradient":""},"mobile":{"background-color":"var(--ast-global-color-5)","background-image":"","background-repeat":"repeat","background-position":"center center","background-size":"auto","background-attachment":"scroll","background-type":"","background-media":"","overlay-type":"","overlay-color":"","overlay-opacity":"","overlay-gradient":""}}},"breedte":[],"design-oppervlakte":[385],"design-opstelling":[440],"design-optie":[398,424],"diepte":[],"oppervlakte":[],"opstelling":[],"optie":[],"pijler":[],"product_brand":[],"product_cat":[393,388,400,425,390,391,441,389],"product_tag":[],"class_list":{"0":"post-15218","1":"product","2":"type-product","3":"status-publish","4":"has-post-thumbnail","6":"design-oppervlakte-1-24-m2-fr","7":"design-opstelling-support-dangle","8":"design-optie-garde-manger","9":"design-optie-mur-de-led","10":"product_cat-1-24-m2-fr","11":"product_cat-conception","12":"product_cat-garde-manger","13":"product_cat-mur-de-led","14":"product_cat-options-fr","15":"product_cat-stand-dexposition-type","16":"product_cat-support-dangle","17":"product_cat-surface-fr","18":"desktop-align-left","19":"tablet-align-left","20":"mobile-align-left","22":"first","23":"instock","24":"shipping-taxable","25":"product-type-simple"},"acf":[],"_links":{"self":[{"href":"https:\/\/beurswand2026.webdeveloperz.nl\/fr\/wp-json\/wp\/v2\/product\/15218","targetHints":{"allow":["GET"]}}],"collection":[{"href":"https:\/\/beurswand2026.webdeveloperz.nl\/fr\/wp-json\/wp\/v2\/product"}],"about":[{"href":"https:\/\/beurswand2026.webdeveloperz.nl\/fr\/wp-json\/wp\/v2\/types\/product"}],"replies":[{"embeddable":true,"href":"https:\/\/beurswand2026.webdeveloperz.nl\/fr\/wp-json\/wp\/v2\/comments?post=15218"}],"version-history":[{"count":1,"href":"https:\/\/beurswand2026.webdeveloperz.nl\/fr\/wp-json\/wp\/v2\/product\/15218\/revisions"}],"predecessor-version":[{"id":18657,"href":"https:\/\/beurswand2026.webdeveloperz.nl\/fr\/wp-json\/wp\/v2\/product\/15218\/revisions\/18657"}],"wp:featuredmedia":[{"embeddable":true,"href":"https:\/\/beurswand2026.webdeveloperz.nl\/fr\/wp-json\/wp\/v2\/media\/12330"}],"wp:attachment":[{"href":"https:\/\/beurswand2026.webdeveloperz.nl\/fr\/wp-json\/wp\/v2\/media?parent=15218"}],"wp:term":[{"taxonomy":"breedte","embeddable":true,"href":"https:\/\/beurswand2026.webdeveloperz.nl\/fr\/wp-json\/wp\/v2\/breedte?post=15218"},{"taxonomy":"design-oppervlakte","embeddable":true,"href":"https:\/\/beurswand2026.webdeveloperz.nl\/fr\/wp-json\/wp\/v2\/design-oppervlakte?post=15218"},{"taxonomy":"design-opstelling","embeddable":true,"href":"https:\/\/beurswand2026.webdeveloperz.nl\/fr\/wp-json\/wp\/v2\/design-opstelling?post=15218"},{"taxonomy":"design-optie","embeddable":true,"href":"https:\/\/beurswand2026.webdeveloperz.nl\/fr\/wp-json\/wp\/v2\/design-optie?post=15218"},{"taxonomy":"diepte","embeddable":true,"href":"https:\/\/beurswand2026.webdeveloperz.nl\/fr\/wp-json\/wp\/v2\/diepte?post=15218"},{"taxonomy":"oppervlakte","embeddable":true,"href":"https:\/\/beurswand2026.webdeveloperz.nl\/fr\/wp-json\/wp\/v2\/oppervlakte?post=15218"},{"taxonomy":"opstelling","embeddable":true,"href":"https:\/\/beurswand2026.webdeveloperz.nl\/fr\/wp-json\/wp\/v2\/opstelling?post=15218"},{"taxonomy":"optie","embeddable":true,"href":"https:\/\/beurswand2026.webdeveloperz.nl\/fr\/wp-json\/wp\/v2\/optie?post=15218"},{"taxonomy":"pijler","embeddable":true,"href":"https:\/\/beurswand2026.webdeveloperz.nl\/fr\/wp-json\/wp\/v2\/pijler?post=15218"},{"taxonomy":"product_brand","embeddable":true,"href":"https:\/\/beurswand2026.webdeveloperz.nl\/fr\/wp-json\/wp\/v2\/product_brand?post=15218"},{"taxonomy":"product_cat","embeddable":true,"href":"https:\/\/beurswand2026.webdeveloperz.nl\/fr\/wp-json\/wp\/v2\/product_cat?post=15218"},{"taxonomy":"product_tag","embeddable":true,"href":"https:\/\/beurswand2026.webdeveloperz.nl\/fr\/wp-json\/wp\/v2\/product_tag?post=15218"}],"curies":[{"name":"wp","href":"https:\/\/api.w.org\/{rel}","templated":true}]}}