{"id":15195,"date":"2023-10-15T08:08:09","date_gmt":"2023-10-15T08:08:09","guid":{"rendered":"https:\/\/beurswand.nl\/product\/beursstand-design-103\/"},"modified":"2025-04-29T07:45:05","modified_gmt":"2025-04-29T07:45:05","slug":"stand-dexposition-design-103","status":"publish","type":"product","link":"https:\/\/beurswand2026.webdeveloperz.nl\/fr\/product\/stand-dexposition-design-103\/","title":{"rendered":"Stand d&rsquo;exposition Design 103"},"content":{"rendered":"<p><strong>Nouveau ! Stand d&rsquo;exposition Design 103 - L&rsquo;ultime stand de l&rsquo;\u00eele<\/strong><\/p>\n<p>Entrez dans une nouvelle dimension de la Presentaci\u00f3n avec notre Stand d&rsquo;exposition 103 exclusif. Avec une surface g\u00e9n\u00e9reuse de plus de 130 m2, cette conception de stand en \u00eelot offre de l&rsquo;espace et du style pour que votre marque se distingue vraiment. Faites plaisir \u00e0 vos invit\u00e9s dans le luxueux bar, tandis qu&rsquo;un impressionnant mur de LED donne vie \u00e0 votre marque. Un garde-manger pratique vous permet, \u00e0 vous et \u00e0 votre \u00e9quipe, d&rsquo;\u00eatre toujours pr\u00eats, et la construction en treillis offre \u00e0 la fois fonctionnalit\u00e9 et modernit\u00e9. L&rsquo;ensemble est nivel\u00e9 par un plancher sur\u00e9lev\u00e9, ce qui permet \u00e0 votre stand d&rsquo;attirer imm\u00e9diatement l&rsquo;attention.<\/p>\n<p>Il ne s&rsquo;agit que d&rsquo;un exemple ; nous sommes heureux de personnaliser la conception en fonction de vos besoins particuliers. Int\u00e9ress\u00e9(e) ? Demandez imm\u00e9diatement plus d&rsquo;informations via le formulaire de contact ci-dessous et d\u00e9couvrez les possibilit\u00e9s illimit\u00e9es pour votre entreprise.<\/p>\n","protected":false},"excerpt":{"rendered":"<p>Nouveau ! Stand d&rsquo;exposition Design 103 - L&rsquo;ultime stand de l&rsquo;\u00eele Entrez dans une nouvelle dimension de la Presentaci\u00f3n avec notre Stand d&rsquo;exposition 103 exclusif. Avec une surface g\u00e9n\u00e9reuse de plus de 130 m2, cette conception de stand en \u00eelot offre de l&rsquo;espace et du style pour que votre marque se distingue vraiment. Faites plaisir [&hellip;]<\/p>\n","protected":false},"featured_media":12413,"comment_status":"closed","ping_status":"open","template":"","meta":{"_acf_changed":false,"site-sidebar-layout":"default","site-content-layout":"","ast-site-content-layout":"default","site-content-style":"default","site-sidebar-style":"default","ast-global-header-display":"","ast-banner-title-visibility":"","ast-main-header-display":"","ast-hfb-above-header-display":"","ast-hfb-below-header-display":"","ast-hfb-mobile-header-display":"","site-post-title":"","ast-breadcrumbs-content":"","ast-featured-img":"","footer-sml-layout":"","ast-disable-related-posts":"","theme-transparent-header-meta":"","adv-header-id-meta":"","stick-header-meta":"","header-above-stick-meta":"","header-main-stick-meta":"","header-below-stick-meta":"","astra-migrate-meta-layouts":"default","ast-page-background-enabled":"default","ast-page-background-meta":{"desktop":{"background-color":"","background-image":"","background-repeat":"repeat","background-position":"center center","background-size":"auto","background-attachment":"scroll","background-type":"","background-media":"","overlay-type":"","overlay-color":"","overlay-opacity":"","overlay-gradient":""},"tablet":{"background-color":"","background-image":"","background-repeat":"repeat","background-position":"center center","background-size":"auto","background-attachment":"scroll","background-type":"","background-media":"","overlay-type":"","overlay-color":"","overlay-opacity":"","overlay-gradient":""},"mobile":{"background-color":"","background-image":"","background-repeat":"repeat","background-position":"center center","background-size":"auto","background-attachment":"scroll","background-type":"","background-media":"","overlay-type":"","overlay-color":"","overlay-opacity":"","overlay-gradient":""}},"ast-content-background-meta":{"desktop":{"background-color":"var(--ast-global-color-5)","background-image":"","background-repeat":"repeat","background-position":"center center","background-size":"auto","background-attachment":"scroll","background-type":"","background-media":"","overlay-type":"","overlay-color":"","overlay-opacity":"","overlay-gradient":""},"tablet":{"background-color":"var(--ast-global-color-5)","background-image":"","background-repeat":"repeat","background-position":"center center","background-size":"auto","background-attachment":"scroll","background-type":"","background-media":"","overlay-type":"","overlay-color":"","overlay-opacity":"","overlay-gradient":""},"mobile":{"background-color":"var(--ast-global-color-5)","background-image":"","background-repeat":"repeat","background-position":"center center","background-size":"auto","background-attachment":"scroll","background-type":"","background-media":"","overlay-type":"","overlay-color":"","overlay-opacity":"","overlay-gradient":""}}},"breedte":[],"design-oppervlakte":[420],"design-opstelling":[460],"design-optie":[453,398,424,442,452,461],"diepte":[],"oppervlakte":[],"opstelling":[],"optie":[],"pijler":[],"product_brand":[],"product_cat":[422,455,388,400,425,390,443,454,391,462,389],"product_tag":[],"class_list":{"0":"post-15195","1":"product","2":"type-product","3":"status-publish","4":"has-post-thumbnail","6":"design-oppervlakte-40-m2-et-plus","7":"design-opstelling-support-dilot","8":"design-optie-barre","9":"design-optie-garde-manger","10":"design-optie-mur-de-led","11":"design-optie-plancher-sureleve","12":"design-optie-poutrelle","13":"design-optie-support-dilot","14":"product_cat-40-m2-et-plus","15":"product_cat-barre","16":"product_cat-conception","17":"product_cat-garde-manger","18":"product_cat-mur-de-led","19":"product_cat-options-fr","20":"product_cat-plancher-sureleve","21":"product_cat-poutrelle","22":"product_cat-stand-dexposition-type","23":"product_cat-support-dilot","24":"product_cat-surface-fr","25":"desktop-align-left","26":"tablet-align-left","27":"mobile-align-left","29":"first","30":"instock","31":"shipping-taxable","32":"product-type-simple"},"acf":[],"_links":{"self":[{"href":"https:\/\/beurswand2026.webdeveloperz.nl\/fr\/wp-json\/wp\/v2\/product\/15195","targetHints":{"allow":["GET"]}}],"collection":[{"href":"https:\/\/beurswand2026.webdeveloperz.nl\/fr\/wp-json\/wp\/v2\/product"}],"about":[{"href":"https:\/\/beurswand2026.webdeveloperz.nl\/fr\/wp-json\/wp\/v2\/types\/product"}],"replies":[{"embeddable":true,"href":"https:\/\/beurswand2026.webdeveloperz.nl\/fr\/wp-json\/wp\/v2\/comments?post=15195"}],"version-history":[{"count":1,"href":"https:\/\/beurswand2026.webdeveloperz.nl\/fr\/wp-json\/wp\/v2\/product\/15195\/revisions"}],"predecessor-version":[{"id":18672,"href":"https:\/\/beurswand2026.webdeveloperz.nl\/fr\/wp-json\/wp\/v2\/product\/15195\/revisions\/18672"}],"wp:featuredmedia":[{"embeddable":true,"href":"https:\/\/beurswand2026.webdeveloperz.nl\/fr\/wp-json\/wp\/v2\/media\/12413"}],"wp:attachment":[{"href":"https:\/\/beurswand2026.webdeveloperz.nl\/fr\/wp-json\/wp\/v2\/media?parent=15195"}],"wp:term":[{"taxonomy":"breedte","embeddable":true,"href":"https:\/\/beurswand2026.webdeveloperz.nl\/fr\/wp-json\/wp\/v2\/breedte?post=15195"},{"taxonomy":"design-oppervlakte","embeddable":true,"href":"https:\/\/beurswand2026.webdeveloperz.nl\/fr\/wp-json\/wp\/v2\/design-oppervlakte?post=15195"},{"taxonomy":"design-opstelling","embeddable":true,"href":"https:\/\/beurswand2026.webdeveloperz.nl\/fr\/wp-json\/wp\/v2\/design-opstelling?post=15195"},{"taxonomy":"design-optie","embeddable":true,"href":"https:\/\/beurswand2026.webdeveloperz.nl\/fr\/wp-json\/wp\/v2\/design-optie?post=15195"},{"taxonomy":"diepte","embeddable":true,"href":"https:\/\/beurswand2026.webdeveloperz.nl\/fr\/wp-json\/wp\/v2\/diepte?post=15195"},{"taxonomy":"oppervlakte","embeddable":true,"href":"https:\/\/beurswand2026.webdeveloperz.nl\/fr\/wp-json\/wp\/v2\/oppervlakte?post=15195"},{"taxonomy":"opstelling","embeddable":true,"href":"https:\/\/beurswand2026.webdeveloperz.nl\/fr\/wp-json\/wp\/v2\/opstelling?post=15195"},{"taxonomy":"optie","embeddable":true,"href":"https:\/\/beurswand2026.webdeveloperz.nl\/fr\/wp-json\/wp\/v2\/optie?post=15195"},{"taxonomy":"pijler","embeddable":true,"href":"https:\/\/beurswand2026.webdeveloperz.nl\/fr\/wp-json\/wp\/v2\/pijler?post=15195"},{"taxonomy":"product_brand","embeddable":true,"href":"https:\/\/beurswand2026.webdeveloperz.nl\/fr\/wp-json\/wp\/v2\/product_brand?post=15195"},{"taxonomy":"product_cat","embeddable":true,"href":"https:\/\/beurswand2026.webdeveloperz.nl\/fr\/wp-json\/wp\/v2\/product_cat?post=15195"},{"taxonomy":"product_tag","embeddable":true,"href":"https:\/\/beurswand2026.webdeveloperz.nl\/fr\/wp-json\/wp\/v2\/product_tag?post=15195"}],"curies":[{"name":"wp","href":"https:\/\/api.w.org\/{rel}","templated":true}]}}