{"id":15183,"date":"2023-10-15T08:14:20","date_gmt":"2023-10-15T08:14:20","guid":{"rendered":"https:\/\/beurswand.nl\/product\/beursstand-design-107\/"},"modified":"2025-04-29T07:44:30","modified_gmt":"2025-04-29T07:44:30","slug":"stand-dexposition-design-107","status":"publish","type":"product","link":"https:\/\/beurswand2026.webdeveloperz.nl\/fr\/product\/stand-dexposition-design-107\/","title":{"rendered":"Stand d&rsquo;exposition Design 107"},"content":{"rendered":"<p><strong>Stand d&rsquo;exposition unique 107 - Cr\u00e9ez une impression inoubliable !<\/strong><\/p>\n<p>Vous cherchez un stand d&rsquo;exposition qui fasse tourner les t\u00eates ? D\u00e9couvrez le Design 107 : spacieux avec une taille impressionnante de plus de 36 m2. Gr\u00e2ce au type exclusif de support de t\u00eate, vous avez la garantie d&rsquo;une visibilit\u00e9 maximale, ce qui permet \u00e0 votre marque de se distinguer parmi toutes les autres.<\/p>\n<p>Envie d&rsquo;un verre ? Faites plaisir \u00e0 vos visiteurs gr\u00e2ce au bar int\u00e9gr\u00e9. Le garde-manger, tr\u00e8s pratique, permet de garder les en-cas et les boissons \u00e0 port\u00e9e de main. Et oui, nous avons \u00e9galement pens\u00e9 au rangement : des \u00e9tag\u00e8res \u00e9l\u00e9gantes permettent de ranger vos brochures, vos produits ou vos cadeaux publicitaires.<\/p>\n<p>Ce n&rsquo;est qu&rsquo;un exemple parmi d&rsquo;autres. Nous comprenons que chaque entrepreneur est unique. Faites-nous savoir \u00e0 quoi ressemble votre stand id\u00e9al et nous adapterons le design \u00e0 vos souhaits.<\/p>\n<p>Vous \u00eates curieux ? Demandez rapidement plus d&rsquo;informations via le formulaire de contact ci-dessous et faisons passer ensemble votre exp\u00e9rience de l&rsquo;exposition au niveau sup\u00e9rieur !<\/p>\n","protected":false},"excerpt":{"rendered":"<p>Stand d&rsquo;exposition unique 107 - Cr\u00e9ez une impression inoubliable ! Vous cherchez un stand d&rsquo;exposition qui fasse tourner les t\u00eates ? D\u00e9couvrez le Design 107 : spacieux avec une taille impressionnante de plus de 36 m2. Gr\u00e2ce au type exclusif de support de t\u00eate, vous avez la garantie d&rsquo;une visibilit\u00e9 maximale, ce qui permet \u00e0 [&hellip;]<\/p>\n","protected":false},"featured_media":12516,"comment_status":"closed","ping_status":"open","template":"","meta":{"_acf_changed":false,"site-sidebar-layout":"default","site-content-layout":"","ast-site-content-layout":"default","site-content-style":"default","site-sidebar-style":"default","ast-global-header-display":"","ast-banner-title-visibility":"","ast-main-header-display":"","ast-hfb-above-header-display":"","ast-hfb-below-header-display":"","ast-hfb-mobile-header-display":"","site-post-title":"","ast-breadcrumbs-content":"","ast-featured-img":"","footer-sml-layout":"","ast-disable-related-posts":"","theme-transparent-header-meta":"","adv-header-id-meta":"","stick-header-meta":"","header-above-stick-meta":"","header-main-stick-meta":"","header-below-stick-meta":"","astra-migrate-meta-layouts":"default","ast-page-background-enabled":"default","ast-page-background-meta":{"desktop":{"background-color":"","background-image":"","background-repeat":"repeat","background-position":"center center","background-size":"auto","background-attachment":"scroll","background-type":"","background-media":"","overlay-type":"","overlay-color":"","overlay-opacity":"","overlay-gradient":""},"tablet":{"background-color":"","background-image":"","background-repeat":"repeat","background-position":"center center","background-size":"auto","background-attachment":"scroll","background-type":"","background-media":"","overlay-type":"","overlay-color":"","overlay-opacity":"","overlay-gradient":""},"mobile":{"background-color":"","background-image":"","background-repeat":"repeat","background-position":"center center","background-size":"auto","background-attachment":"scroll","background-type":"","background-media":"","overlay-type":"","overlay-color":"","overlay-opacity":"","overlay-gradient":""}},"ast-content-background-meta":{"desktop":{"background-color":"var(--ast-global-color-5)","background-image":"","background-repeat":"repeat","background-position":"center center","background-size":"auto","background-attachment":"scroll","background-type":"","background-media":"","overlay-type":"","overlay-color":"","overlay-opacity":"","overlay-gradient":""},"tablet":{"background-color":"var(--ast-global-color-5)","background-image":"","background-repeat":"repeat","background-position":"center center","background-size":"auto","background-attachment":"scroll","background-type":"","background-media":"","overlay-type":"","overlay-color":"","overlay-opacity":"","overlay-gradient":""},"mobile":{"background-color":"var(--ast-global-color-5)","background-image":"","background-repeat":"repeat","background-position":"center center","background-size":"auto","background-attachment":"scroll","background-type":"","background-media":"","overlay-type":"","overlay-color":"","overlay-opacity":"","overlay-gradient":""}}},"breedte":[],"design-oppervlakte":[396],"design-opstelling":[386],"design-optie":[453,421,398],"diepte":[],"oppervlakte":[],"opstelling":[],"optie":[],"pijler":[],"product_brand":[],"product_cat":[401,455,388,423,400,390,391,389,392],"product_tag":[],"class_list":{"0":"post-15183","1":"product","2":"type-product","3":"status-publish","4":"has-post-thumbnail","6":"design-oppervlakte-25-40-m2-fr","7":"design-opstelling-tete-en-lair","8":"design-optie-barre","9":"design-optie-etageres","10":"design-optie-garde-manger","11":"product_cat-25-40-m2-fr","12":"product_cat-barre","13":"product_cat-conception","14":"product_cat-etageres","15":"product_cat-garde-manger","16":"product_cat-options-fr","17":"product_cat-stand-dexposition-type","18":"product_cat-surface-fr","19":"product_cat-tete-en-lair","20":"desktop-align-left","21":"tablet-align-left","22":"mobile-align-left","24":"first","25":"instock","26":"shipping-taxable","27":"product-type-simple"},"acf":[],"_links":{"self":[{"href":"https:\/\/beurswand2026.webdeveloperz.nl\/fr\/wp-json\/wp\/v2\/product\/15183","targetHints":{"allow":["GET"]}}],"collection":[{"href":"https:\/\/beurswand2026.webdeveloperz.nl\/fr\/wp-json\/wp\/v2\/product"}],"about":[{"href":"https:\/\/beurswand2026.webdeveloperz.nl\/fr\/wp-json\/wp\/v2\/types\/product"}],"replies":[{"embeddable":true,"href":"https:\/\/beurswand2026.webdeveloperz.nl\/fr\/wp-json\/wp\/v2\/comments?post=15183"}],"version-history":[{"count":1,"href":"https:\/\/beurswand2026.webdeveloperz.nl\/fr\/wp-json\/wp\/v2\/product\/15183\/revisions"}],"predecessor-version":[{"id":18631,"href":"https:\/\/beurswand2026.webdeveloperz.nl\/fr\/wp-json\/wp\/v2\/product\/15183\/revisions\/18631"}],"wp:featuredmedia":[{"embeddable":true,"href":"https:\/\/beurswand2026.webdeveloperz.nl\/fr\/wp-json\/wp\/v2\/media\/12516"}],"wp:attachment":[{"href":"https:\/\/beurswand2026.webdeveloperz.nl\/fr\/wp-json\/wp\/v2\/media?parent=15183"}],"wp:term":[{"taxonomy":"breedte","embeddable":true,"href":"https:\/\/beurswand2026.webdeveloperz.nl\/fr\/wp-json\/wp\/v2\/breedte?post=15183"},{"taxonomy":"design-oppervlakte","embeddable":true,"href":"https:\/\/beurswand2026.webdeveloperz.nl\/fr\/wp-json\/wp\/v2\/design-oppervlakte?post=15183"},{"taxonomy":"design-opstelling","embeddable":true,"href":"https:\/\/beurswand2026.webdeveloperz.nl\/fr\/wp-json\/wp\/v2\/design-opstelling?post=15183"},{"taxonomy":"design-optie","embeddable":true,"href":"https:\/\/beurswand2026.webdeveloperz.nl\/fr\/wp-json\/wp\/v2\/design-optie?post=15183"},{"taxonomy":"diepte","embeddable":true,"href":"https:\/\/beurswand2026.webdeveloperz.nl\/fr\/wp-json\/wp\/v2\/diepte?post=15183"},{"taxonomy":"oppervlakte","embeddable":true,"href":"https:\/\/beurswand2026.webdeveloperz.nl\/fr\/wp-json\/wp\/v2\/oppervlakte?post=15183"},{"taxonomy":"opstelling","embeddable":true,"href":"https:\/\/beurswand2026.webdeveloperz.nl\/fr\/wp-json\/wp\/v2\/opstelling?post=15183"},{"taxonomy":"optie","embeddable":true,"href":"https:\/\/beurswand2026.webdeveloperz.nl\/fr\/wp-json\/wp\/v2\/optie?post=15183"},{"taxonomy":"pijler","embeddable":true,"href":"https:\/\/beurswand2026.webdeveloperz.nl\/fr\/wp-json\/wp\/v2\/pijler?post=15183"},{"taxonomy":"product_brand","embeddable":true,"href":"https:\/\/beurswand2026.webdeveloperz.nl\/fr\/wp-json\/wp\/v2\/product_brand?post=15183"},{"taxonomy":"product_cat","embeddable":true,"href":"https:\/\/beurswand2026.webdeveloperz.nl\/fr\/wp-json\/wp\/v2\/product_cat?post=15183"},{"taxonomy":"product_tag","embeddable":true,"href":"https:\/\/beurswand2026.webdeveloperz.nl\/fr\/wp-json\/wp\/v2\/product_tag?post=15183"}],"curies":[{"name":"wp","href":"https:\/\/api.w.org\/{rel}","templated":true}]}}