{"id":15177,"date":"2023-10-15T08:15:47","date_gmt":"2023-10-15T08:15:47","guid":{"rendered":"https:\/\/beurswand.nl\/product\/beursstand-design-109\/"},"modified":"2025-04-29T07:44:37","modified_gmt":"2025-04-29T07:44:37","slug":"stand-dexposition-design-109","status":"publish","type":"product","link":"https:\/\/beurswand2026.webdeveloperz.nl\/fr\/product\/stand-dexposition-design-109\/","title":{"rendered":"Stand d&rsquo;exposition Design 109"},"content":{"rendered":"<p><strong>Stand d&rsquo;exposition Design 109 : Espace et prestige<\/strong><\/p>\n<p>Entrez dans le monde de la pr\u00e9sentation in\u00e9gal\u00e9e des salons gr\u00e2ce \u00e0 notre Stand d&rsquo;exposition 109. Avec une superficie g\u00e9n\u00e9reuse de plus de 28 m2, ce kiosque offre non seulement une visibilit\u00e9 impressionnante sur trois c\u00f4t\u00e9s, mais aussi suffisamment d&rsquo;espace pour pr\u00e9senter votre marque comme elle le m\u00e9rite.<\/p>\n<p>Que vous souhaitiez faire du r\u00e9seautage, organiser un lancement de produit ou simplement vous d\u00e9marquer, le bureau int\u00e9gr\u00e9 constitue l&rsquo;endroit id\u00e9al pour l&rsquo;interaction. Et si vous ou votre \u00e9quipe avez besoin d&rsquo;un moment de r\u00e9pit ? Le garde-manger int\u00e9gr\u00e9 apporte une touche de confort lors des journ\u00e9es d&rsquo;exposition charg\u00e9es.<\/p>\n<p>Cette conception n&rsquo;est qu&rsquo;un exemple ; ensemble, nous l&rsquo;adapterons \u00e0 vos besoins. Curieux de conna\u00eetre les possibilit\u00e9s infinies ? Demandez plus d&rsquo;informations en utilisant le formulaire de contact ci-dessous et d\u00e9couvrez comment le Stand d&rsquo;exposition 109 fera passer votre prochain Evento au niveau sup\u00e9rieur.<\/p>\n","protected":false},"excerpt":{"rendered":"<p>Stand d&rsquo;exposition Design 109 : Espace et prestige Entrez dans le monde de la pr\u00e9sentation in\u00e9gal\u00e9e des salons gr\u00e2ce \u00e0 notre Stand d&rsquo;exposition 109. Avec une superficie g\u00e9n\u00e9reuse de plus de 28 m2, ce kiosque offre non seulement une visibilit\u00e9 impressionnante sur trois c\u00f4t\u00e9s, mais aussi suffisamment d&rsquo;espace pour pr\u00e9senter votre marque comme elle le [&hellip;]<\/p>\n","protected":false},"featured_media":12555,"comment_status":"closed","ping_status":"open","template":"","meta":{"_acf_changed":false,"site-sidebar-layout":"default","site-content-layout":"","ast-site-content-layout":"default","site-content-style":"default","site-sidebar-style":"default","ast-global-header-display":"","ast-banner-title-visibility":"","ast-main-header-display":"","ast-hfb-above-header-display":"","ast-hfb-below-header-display":"","ast-hfb-mobile-header-display":"","site-post-title":"","ast-breadcrumbs-content":"","ast-featured-img":"","footer-sml-layout":"","ast-disable-related-posts":"","theme-transparent-header-meta":"","adv-header-id-meta":"","stick-header-meta":"","header-above-stick-meta":"","header-main-stick-meta":"","header-below-stick-meta":"","astra-migrate-meta-layouts":"default","ast-page-background-enabled":"default","ast-page-background-meta":{"desktop":{"background-color":"","background-image":"","background-repeat":"repeat","background-position":"center center","background-size":"auto","background-attachment":"scroll","background-type":"","background-media":"","overlay-type":"","overlay-color":"","overlay-opacity":"","overlay-gradient":""},"tablet":{"background-color":"","background-image":"","background-repeat":"repeat","background-position":"center center","background-size":"auto","background-attachment":"scroll","background-type":"","background-media":"","overlay-type":"","overlay-color":"","overlay-opacity":"","overlay-gradient":""},"mobile":{"background-color":"","background-image":"","background-repeat":"repeat","background-position":"center center","background-size":"auto","background-attachment":"scroll","background-type":"","background-media":"","overlay-type":"","overlay-color":"","overlay-opacity":"","overlay-gradient":""}},"ast-content-background-meta":{"desktop":{"background-color":"var(--ast-global-color-5)","background-image":"","background-repeat":"repeat","background-position":"center center","background-size":"auto","background-attachment":"scroll","background-type":"","background-media":"","overlay-type":"","overlay-color":"","overlay-opacity":"","overlay-gradient":""},"tablet":{"background-color":"var(--ast-global-color-5)","background-image":"","background-repeat":"repeat","background-position":"center center","background-size":"auto","background-attachment":"scroll","background-type":"","background-media":"","overlay-type":"","overlay-color":"","overlay-opacity":"","overlay-gradient":""},"mobile":{"background-color":"var(--ast-global-color-5)","background-image":"","background-repeat":"repeat","background-position":"center center","background-size":"auto","background-attachment":"scroll","background-type":"","background-media":"","overlay-type":"","overlay-color":"","overlay-opacity":"","overlay-gradient":""}}},"breedte":[],"design-oppervlakte":[396],"design-opstelling":[386],"design-optie":[397,398],"diepte":[],"oppervlakte":[],"opstelling":[],"optie":[],"pijler":[],"product_brand":[],"product_cat":[401,399,388,400,390,391,389,392],"product_tag":[],"class_list":{"0":"post-15177","1":"product","2":"type-product","3":"status-publish","4":"has-post-thumbnail","6":"design-oppervlakte-25-40-m2-fr","7":"design-opstelling-tete-en-lair","8":"design-optie-bureau","9":"design-optie-garde-manger","10":"product_cat-25-40-m2-fr","11":"product_cat-bureau","12":"product_cat-conception","13":"product_cat-garde-manger","14":"product_cat-options-fr","15":"product_cat-stand-dexposition-type","16":"product_cat-surface-fr","17":"product_cat-tete-en-lair","18":"desktop-align-left","19":"tablet-align-left","20":"mobile-align-left","22":"first","23":"instock","24":"shipping-taxable","25":"product-type-simple"},"acf":[],"_links":{"self":[{"href":"https:\/\/beurswand2026.webdeveloperz.nl\/fr\/wp-json\/wp\/v2\/product\/15177","targetHints":{"allow":["GET"]}}],"collection":[{"href":"https:\/\/beurswand2026.webdeveloperz.nl\/fr\/wp-json\/wp\/v2\/product"}],"about":[{"href":"https:\/\/beurswand2026.webdeveloperz.nl\/fr\/wp-json\/wp\/v2\/types\/product"}],"replies":[{"embeddable":true,"href":"https:\/\/beurswand2026.webdeveloperz.nl\/fr\/wp-json\/wp\/v2\/comments?post=15177"}],"version-history":[{"count":1,"href":"https:\/\/beurswand2026.webdeveloperz.nl\/fr\/wp-json\/wp\/v2\/product\/15177\/revisions"}],"predecessor-version":[{"id":18644,"href":"https:\/\/beurswand2026.webdeveloperz.nl\/fr\/wp-json\/wp\/v2\/product\/15177\/revisions\/18644"}],"wp:featuredmedia":[{"embeddable":true,"href":"https:\/\/beurswand2026.webdeveloperz.nl\/fr\/wp-json\/wp\/v2\/media\/12555"}],"wp:attachment":[{"href":"https:\/\/beurswand2026.webdeveloperz.nl\/fr\/wp-json\/wp\/v2\/media?parent=15177"}],"wp:term":[{"taxonomy":"breedte","embeddable":true,"href":"https:\/\/beurswand2026.webdeveloperz.nl\/fr\/wp-json\/wp\/v2\/breedte?post=15177"},{"taxonomy":"design-oppervlakte","embeddable":true,"href":"https:\/\/beurswand2026.webdeveloperz.nl\/fr\/wp-json\/wp\/v2\/design-oppervlakte?post=15177"},{"taxonomy":"design-opstelling","embeddable":true,"href":"https:\/\/beurswand2026.webdeveloperz.nl\/fr\/wp-json\/wp\/v2\/design-opstelling?post=15177"},{"taxonomy":"design-optie","embeddable":true,"href":"https:\/\/beurswand2026.webdeveloperz.nl\/fr\/wp-json\/wp\/v2\/design-optie?post=15177"},{"taxonomy":"diepte","embeddable":true,"href":"https:\/\/beurswand2026.webdeveloperz.nl\/fr\/wp-json\/wp\/v2\/diepte?post=15177"},{"taxonomy":"oppervlakte","embeddable":true,"href":"https:\/\/beurswand2026.webdeveloperz.nl\/fr\/wp-json\/wp\/v2\/oppervlakte?post=15177"},{"taxonomy":"opstelling","embeddable":true,"href":"https:\/\/beurswand2026.webdeveloperz.nl\/fr\/wp-json\/wp\/v2\/opstelling?post=15177"},{"taxonomy":"optie","embeddable":true,"href":"https:\/\/beurswand2026.webdeveloperz.nl\/fr\/wp-json\/wp\/v2\/optie?post=15177"},{"taxonomy":"pijler","embeddable":true,"href":"https:\/\/beurswand2026.webdeveloperz.nl\/fr\/wp-json\/wp\/v2\/pijler?post=15177"},{"taxonomy":"product_brand","embeddable":true,"href":"https:\/\/beurswand2026.webdeveloperz.nl\/fr\/wp-json\/wp\/v2\/product_brand?post=15177"},{"taxonomy":"product_cat","embeddable":true,"href":"https:\/\/beurswand2026.webdeveloperz.nl\/fr\/wp-json\/wp\/v2\/product_cat?post=15177"},{"taxonomy":"product_tag","embeddable":true,"href":"https:\/\/beurswand2026.webdeveloperz.nl\/fr\/wp-json\/wp\/v2\/product_tag?post=15177"}],"curies":[{"name":"wp","href":"https:\/\/api.w.org\/{rel}","templated":true}]}}