{"id":15123,"date":"2023-10-15T07:32:12","date_gmt":"2023-10-15T07:32:12","guid":{"rendered":"https:\/\/beurswand.nl\/product\/beursstand-design-88\/"},"modified":"2025-04-29T07:45:58","modified_gmt":"2025-04-29T07:45:58","slug":"stand-dexposition-design-88","status":"publish","type":"product","link":"https:\/\/beurswand2026.webdeveloperz.nl\/fr\/product\/stand-dexposition-design-88\/","title":{"rendered":"Stand d&rsquo;exposition Design 88"},"content":{"rendered":"<p><strong>Stand d&rsquo;exposition unique 88 : votre Presentaci\u00f3n parfaite !<\/strong><\/p>\n<p>Entrez dans une nouvelle dimension de la pr\u00e9sentation en salon avec notre Stand d&rsquo;exposition 88 ! Avec une taille g\u00e9n\u00e9reuse de &gt;60 m2, cette conception offre beaucoup d&rsquo;espace pour une image de marque puissante. En tant que stand d&rsquo;angle, vous tirez le meilleur parti de chaque m\u00e8tre carr\u00e9, tandis que le plancher sur\u00e9lev\u00e9 apporte une touche distinctive.<\/p>\n<p>Envie d&rsquo;un caf\u00e9 ou d&rsquo;une boisson ? Notre bar int\u00e9gr\u00e9 et notre garde-manger vous offrent, \u00e0 vous et \u00e0 vos clients, toutes les commodit\u00e9s. Le mur de LED attire imm\u00e9diatement l&rsquo;attention et, combin\u00e9 avec le syst\u00e8me moderne de truss, met votre produit ou service sous les feux de la rampe.<\/p>\n<p>Ce n&rsquo;est qu&rsquo;un exemple ! Tout peut \u00eatre personnalis\u00e9 pour correspondre parfaitement \u00e0 l&rsquo;identit\u00e9 de votre marque.<\/p>\n<p>  Vous \u00eates curieux ? Demandez plus d&rsquo;informations d\u00e8s maintenant en utilisant le formulaire de contact ci-dessous et d\u00e9couvrez ce que Stand d&rsquo;exposition 88 peut faire pour vous !<\/p>\n","protected":false},"excerpt":{"rendered":"<p>Stand d&rsquo;exposition unique 88 : votre Presentaci\u00f3n parfaite ! Entrez dans une nouvelle dimension de la pr\u00e9sentation en salon avec notre Stand d&rsquo;exposition 88 ! Avec une taille g\u00e9n\u00e9reuse de &gt;60 m2, cette conception offre beaucoup d&rsquo;espace pour une image de marque puissante. En tant que stand d&rsquo;angle, vous tirez le meilleur parti de chaque [&hellip;]<\/p>\n","protected":false},"featured_media":12093,"comment_status":"closed","ping_status":"open","template":"","meta":{"_acf_changed":false,"site-sidebar-layout":"default","site-content-layout":"","ast-site-content-layout":"default","site-content-style":"default","site-sidebar-style":"default","ast-global-header-display":"","ast-banner-title-visibility":"","ast-main-header-display":"","ast-hfb-above-header-display":"","ast-hfb-below-header-display":"","ast-hfb-mobile-header-display":"","site-post-title":"","ast-breadcrumbs-content":"","ast-featured-img":"","footer-sml-layout":"","ast-disable-related-posts":"","theme-transparent-header-meta":"","adv-header-id-meta":"","stick-header-meta":"","header-above-stick-meta":"","header-main-stick-meta":"","header-below-stick-meta":"","astra-migrate-meta-layouts":"default","ast-page-background-enabled":"default","ast-page-background-meta":{"desktop":{"background-color":"","background-image":"","background-repeat":"repeat","background-position":"center center","background-size":"auto","background-attachment":"scroll","background-type":"","background-media":"","overlay-type":"","overlay-color":"","overlay-opacity":"","overlay-gradient":""},"tablet":{"background-color":"","background-image":"","background-repeat":"repeat","background-position":"center center","background-size":"auto","background-attachment":"scroll","background-type":"","background-media":"","overlay-type":"","overlay-color":"","overlay-opacity":"","overlay-gradient":""},"mobile":{"background-color":"","background-image":"","background-repeat":"repeat","background-position":"center center","background-size":"auto","background-attachment":"scroll","background-type":"","background-media":"","overlay-type":"","overlay-color":"","overlay-opacity":"","overlay-gradient":""}},"ast-content-background-meta":{"desktop":{"background-color":"var(--ast-global-color-5)","background-image":"","background-repeat":"repeat","background-position":"center center","background-size":"auto","background-attachment":"scroll","background-type":"","background-media":"","overlay-type":"","overlay-color":"","overlay-opacity":"","overlay-gradient":""},"tablet":{"background-color":"var(--ast-global-color-5)","background-image":"","background-repeat":"repeat","background-position":"center center","background-size":"auto","background-attachment":"scroll","background-type":"","background-media":"","overlay-type":"","overlay-color":"","overlay-opacity":"","overlay-gradient":""},"mobile":{"background-color":"var(--ast-global-color-5)","background-image":"","background-repeat":"repeat","background-position":"center center","background-size":"auto","background-attachment":"scroll","background-type":"","background-media":"","overlay-type":"","overlay-color":"","overlay-opacity":"","overlay-gradient":""}}},"breedte":[],"design-oppervlakte":[420],"design-opstelling":[440],"design-optie":[453,398,424,442,452],"diepte":[],"oppervlakte":[],"opstelling":[],"optie":[],"pijler":[],"product_brand":[],"product_cat":[422,455,388,400,425,390,443,454,391,441,389],"product_tag":[],"class_list":{"0":"post-15123","1":"product","2":"type-product","3":"status-publish","4":"has-post-thumbnail","6":"design-oppervlakte-40-m2-et-plus","7":"design-opstelling-support-dangle","8":"design-optie-barre","9":"design-optie-garde-manger","10":"design-optie-mur-de-led","11":"design-optie-plancher-sureleve","12":"design-optie-poutrelle","13":"product_cat-40-m2-et-plus","14":"product_cat-barre","15":"product_cat-conception","16":"product_cat-garde-manger","17":"product_cat-mur-de-led","18":"product_cat-options-fr","19":"product_cat-plancher-sureleve","20":"product_cat-poutrelle","21":"product_cat-stand-dexposition-type","22":"product_cat-support-dangle","23":"product_cat-surface-fr","24":"desktop-align-left","25":"tablet-align-left","26":"mobile-align-left","28":"first","29":"instock","30":"shipping-taxable","31":"product-type-simple"},"acf":[],"_links":{"self":[{"href":"https:\/\/beurswand2026.webdeveloperz.nl\/fr\/wp-json\/wp\/v2\/product\/15123","targetHints":{"allow":["GET"]}}],"collection":[{"href":"https:\/\/beurswand2026.webdeveloperz.nl\/fr\/wp-json\/wp\/v2\/product"}],"about":[{"href":"https:\/\/beurswand2026.webdeveloperz.nl\/fr\/wp-json\/wp\/v2\/types\/product"}],"replies":[{"embeddable":true,"href":"https:\/\/beurswand2026.webdeveloperz.nl\/fr\/wp-json\/wp\/v2\/comments?post=15123"}],"version-history":[{"count":1,"href":"https:\/\/beurswand2026.webdeveloperz.nl\/fr\/wp-json\/wp\/v2\/product\/15123\/revisions"}],"predecessor-version":[{"id":18712,"href":"https:\/\/beurswand2026.webdeveloperz.nl\/fr\/wp-json\/wp\/v2\/product\/15123\/revisions\/18712"}],"wp:featuredmedia":[{"embeddable":true,"href":"https:\/\/beurswand2026.webdeveloperz.nl\/fr\/wp-json\/wp\/v2\/media\/12093"}],"wp:attachment":[{"href":"https:\/\/beurswand2026.webdeveloperz.nl\/fr\/wp-json\/wp\/v2\/media?parent=15123"}],"wp:term":[{"taxonomy":"breedte","embeddable":true,"href":"https:\/\/beurswand2026.webdeveloperz.nl\/fr\/wp-json\/wp\/v2\/breedte?post=15123"},{"taxonomy":"design-oppervlakte","embeddable":true,"href":"https:\/\/beurswand2026.webdeveloperz.nl\/fr\/wp-json\/wp\/v2\/design-oppervlakte?post=15123"},{"taxonomy":"design-opstelling","embeddable":true,"href":"https:\/\/beurswand2026.webdeveloperz.nl\/fr\/wp-json\/wp\/v2\/design-opstelling?post=15123"},{"taxonomy":"design-optie","embeddable":true,"href":"https:\/\/beurswand2026.webdeveloperz.nl\/fr\/wp-json\/wp\/v2\/design-optie?post=15123"},{"taxonomy":"diepte","embeddable":true,"href":"https:\/\/beurswand2026.webdeveloperz.nl\/fr\/wp-json\/wp\/v2\/diepte?post=15123"},{"taxonomy":"oppervlakte","embeddable":true,"href":"https:\/\/beurswand2026.webdeveloperz.nl\/fr\/wp-json\/wp\/v2\/oppervlakte?post=15123"},{"taxonomy":"opstelling","embeddable":true,"href":"https:\/\/beurswand2026.webdeveloperz.nl\/fr\/wp-json\/wp\/v2\/opstelling?post=15123"},{"taxonomy":"optie","embeddable":true,"href":"https:\/\/beurswand2026.webdeveloperz.nl\/fr\/wp-json\/wp\/v2\/optie?post=15123"},{"taxonomy":"pijler","embeddable":true,"href":"https:\/\/beurswand2026.webdeveloperz.nl\/fr\/wp-json\/wp\/v2\/pijler?post=15123"},{"taxonomy":"product_brand","embeddable":true,"href":"https:\/\/beurswand2026.webdeveloperz.nl\/fr\/wp-json\/wp\/v2\/product_brand?post=15123"},{"taxonomy":"product_cat","embeddable":true,"href":"https:\/\/beurswand2026.webdeveloperz.nl\/fr\/wp-json\/wp\/v2\/product_cat?post=15123"},{"taxonomy":"product_tag","embeddable":true,"href":"https:\/\/beurswand2026.webdeveloperz.nl\/fr\/wp-json\/wp\/v2\/product_tag?post=15123"}],"curies":[{"name":"wp","href":"https:\/\/api.w.org\/{rel}","templated":true}]}}