{"id":15118,"date":"2023-10-15T07:34:11","date_gmt":"2023-10-15T07:34:11","guid":{"rendered":"https:\/\/beurswand.nl\/product\/beursstand-design-90\/"},"modified":"2025-04-29T07:45:24","modified_gmt":"2025-04-29T07:45:24","slug":"stand-dexposition-design-90","status":"publish","type":"product","link":"https:\/\/beurswand2026.webdeveloperz.nl\/fr\/product\/stand-dexposition-design-90\/","title":{"rendered":"Stand d&rsquo;exposition Design 90"},"content":{"rendered":"<p><strong>Exclusive Stand d\u2019exposition d&rsquo;exposition Design 90 - Une classe \u00e0 part<\/strong><\/p>\n<p>Vous \u00eates \u00e0 la recherche d&rsquo;une pr\u00e9sentation unique, professionnelle et fonctionnelle pour un salon ? D\u00e9couvrez notre Stand d&rsquo;exposition 90. Avec une taille g\u00e9n\u00e9reuse de plus de 54 m\u00b2 et une position strat\u00e9gique en coin, vous \u00eates assur\u00e9 d&rsquo;une visibilit\u00e9 optimale.<\/p>\n<p>Ce stand d&rsquo;exposition se distingue non seulement par son design, mais aussi par sa fonctionnalit\u00e9. Offrez \u00e0 vos visiteurs une boisson au bar int\u00e9gr\u00e9, tandis que vous vous occupez de tous vos besoins de restauration \u00e0 partir d&rsquo;un garde-manger pratique. Et pour une touche de luxe suppl\u00e9mentaire ? Notre plancher sur\u00e9lev\u00e9 ne se contente pas de donner un aspect \u00e9l\u00e9gant, il offre \u00e9galement des avantages pratiques.<\/p>\n<p>Ce n&rsquo;est qu&rsquo;un exemple ! Nous pouvons tout personnaliser en fonction de vos besoins et exigences uniques. N&rsquo;attendez pas et demandez plus d&rsquo;informations d\u00e8s aujourd&rsquo;hui via le formulaire de contact ci-dessous. Le stand de vos r\u00eaves est \u00e0 port\u00e9e de main !  <\/p>\n","protected":false},"excerpt":{"rendered":"<p>Exclusive Stand d\u2019exposition d&rsquo;exposition Design 90 - Une classe \u00e0 part Vous \u00eates \u00e0 la recherche d&rsquo;une pr\u00e9sentation unique, professionnelle et fonctionnelle pour un salon ? D\u00e9couvrez notre Stand d&rsquo;exposition 90. Avec une taille g\u00e9n\u00e9reuse de plus de 54 m\u00b2 et une position strat\u00e9gique en coin, vous \u00eates assur\u00e9 d&rsquo;une visibilit\u00e9 optimale. Ce stand d&rsquo;exposition [&hellip;]<\/p>\n","protected":false},"featured_media":12137,"comment_status":"closed","ping_status":"open","template":"","meta":{"_acf_changed":false,"site-sidebar-layout":"default","site-content-layout":"","ast-site-content-layout":"default","site-content-style":"default","site-sidebar-style":"default","ast-global-header-display":"","ast-banner-title-visibility":"","ast-main-header-display":"","ast-hfb-above-header-display":"","ast-hfb-below-header-display":"","ast-hfb-mobile-header-display":"","site-post-title":"","ast-breadcrumbs-content":"","ast-featured-img":"","footer-sml-layout":"","ast-disable-related-posts":"","theme-transparent-header-meta":"","adv-header-id-meta":"","stick-header-meta":"","header-above-stick-meta":"","header-main-stick-meta":"","header-below-stick-meta":"","astra-migrate-meta-layouts":"default","ast-page-background-enabled":"default","ast-page-background-meta":{"desktop":{"background-color":"","background-image":"","background-repeat":"repeat","background-position":"center center","background-size":"auto","background-attachment":"scroll","background-type":"","background-media":"","overlay-type":"","overlay-color":"","overlay-opacity":"","overlay-gradient":""},"tablet":{"background-color":"","background-image":"","background-repeat":"repeat","background-position":"center center","background-size":"auto","background-attachment":"scroll","background-type":"","background-media":"","overlay-type":"","overlay-color":"","overlay-opacity":"","overlay-gradient":""},"mobile":{"background-color":"","background-image":"","background-repeat":"repeat","background-position":"center center","background-size":"auto","background-attachment":"scroll","background-type":"","background-media":"","overlay-type":"","overlay-color":"","overlay-opacity":"","overlay-gradient":""}},"ast-content-background-meta":{"desktop":{"background-color":"var(--ast-global-color-5)","background-image":"","background-repeat":"repeat","background-position":"center center","background-size":"auto","background-attachment":"scroll","background-type":"","background-media":"","overlay-type":"","overlay-color":"","overlay-opacity":"","overlay-gradient":""},"tablet":{"background-color":"var(--ast-global-color-5)","background-image":"","background-repeat":"repeat","background-position":"center center","background-size":"auto","background-attachment":"scroll","background-type":"","background-media":"","overlay-type":"","overlay-color":"","overlay-opacity":"","overlay-gradient":""},"mobile":{"background-color":"var(--ast-global-color-5)","background-image":"","background-repeat":"repeat","background-position":"center center","background-size":"auto","background-attachment":"scroll","background-type":"","background-media":"","overlay-type":"","overlay-color":"","overlay-opacity":"","overlay-gradient":""}}},"breedte":[],"design-oppervlakte":[420],"design-opstelling":[440],"design-optie":[453,398,442],"diepte":[],"oppervlakte":[],"opstelling":[],"optie":[],"pijler":[],"product_brand":[],"product_cat":[422,455,388,400,390,443,391,441,389],"product_tag":[],"class_list":{"0":"post-15118","1":"product","2":"type-product","3":"status-publish","4":"has-post-thumbnail","6":"design-oppervlakte-40-m2-et-plus","7":"design-opstelling-support-dangle","8":"design-optie-barre","9":"design-optie-garde-manger","10":"design-optie-plancher-sureleve","11":"product_cat-40-m2-et-plus","12":"product_cat-barre","13":"product_cat-conception","14":"product_cat-garde-manger","15":"product_cat-options-fr","16":"product_cat-plancher-sureleve","17":"product_cat-stand-dexposition-type","18":"product_cat-support-dangle","19":"product_cat-surface-fr","20":"desktop-align-left","21":"tablet-align-left","22":"mobile-align-left","24":"first","25":"instock","26":"shipping-taxable","27":"product-type-simple"},"acf":[],"_links":{"self":[{"href":"https:\/\/beurswand2026.webdeveloperz.nl\/fr\/wp-json\/wp\/v2\/product\/15118","targetHints":{"allow":["GET"]}}],"collection":[{"href":"https:\/\/beurswand2026.webdeveloperz.nl\/fr\/wp-json\/wp\/v2\/product"}],"about":[{"href":"https:\/\/beurswand2026.webdeveloperz.nl\/fr\/wp-json\/wp\/v2\/types\/product"}],"replies":[{"embeddable":true,"href":"https:\/\/beurswand2026.webdeveloperz.nl\/fr\/wp-json\/wp\/v2\/comments?post=15118"}],"version-history":[{"count":1,"href":"https:\/\/beurswand2026.webdeveloperz.nl\/fr\/wp-json\/wp\/v2\/product\/15118\/revisions"}],"predecessor-version":[{"id":18679,"href":"https:\/\/beurswand2026.webdeveloperz.nl\/fr\/wp-json\/wp\/v2\/product\/15118\/revisions\/18679"}],"wp:featuredmedia":[{"embeddable":true,"href":"https:\/\/beurswand2026.webdeveloperz.nl\/fr\/wp-json\/wp\/v2\/media\/12137"}],"wp:attachment":[{"href":"https:\/\/beurswand2026.webdeveloperz.nl\/fr\/wp-json\/wp\/v2\/media?parent=15118"}],"wp:term":[{"taxonomy":"breedte","embeddable":true,"href":"https:\/\/beurswand2026.webdeveloperz.nl\/fr\/wp-json\/wp\/v2\/breedte?post=15118"},{"taxonomy":"design-oppervlakte","embeddable":true,"href":"https:\/\/beurswand2026.webdeveloperz.nl\/fr\/wp-json\/wp\/v2\/design-oppervlakte?post=15118"},{"taxonomy":"design-opstelling","embeddable":true,"href":"https:\/\/beurswand2026.webdeveloperz.nl\/fr\/wp-json\/wp\/v2\/design-opstelling?post=15118"},{"taxonomy":"design-optie","embeddable":true,"href":"https:\/\/beurswand2026.webdeveloperz.nl\/fr\/wp-json\/wp\/v2\/design-optie?post=15118"},{"taxonomy":"diepte","embeddable":true,"href":"https:\/\/beurswand2026.webdeveloperz.nl\/fr\/wp-json\/wp\/v2\/diepte?post=15118"},{"taxonomy":"oppervlakte","embeddable":true,"href":"https:\/\/beurswand2026.webdeveloperz.nl\/fr\/wp-json\/wp\/v2\/oppervlakte?post=15118"},{"taxonomy":"opstelling","embeddable":true,"href":"https:\/\/beurswand2026.webdeveloperz.nl\/fr\/wp-json\/wp\/v2\/opstelling?post=15118"},{"taxonomy":"optie","embeddable":true,"href":"https:\/\/beurswand2026.webdeveloperz.nl\/fr\/wp-json\/wp\/v2\/optie?post=15118"},{"taxonomy":"pijler","embeddable":true,"href":"https:\/\/beurswand2026.webdeveloperz.nl\/fr\/wp-json\/wp\/v2\/pijler?post=15118"},{"taxonomy":"product_brand","embeddable":true,"href":"https:\/\/beurswand2026.webdeveloperz.nl\/fr\/wp-json\/wp\/v2\/product_brand?post=15118"},{"taxonomy":"product_cat","embeddable":true,"href":"https:\/\/beurswand2026.webdeveloperz.nl\/fr\/wp-json\/wp\/v2\/product_cat?post=15118"},{"taxonomy":"product_tag","embeddable":true,"href":"https:\/\/beurswand2026.webdeveloperz.nl\/fr\/wp-json\/wp\/v2\/product_tag?post=15118"}],"curies":[{"name":"wp","href":"https:\/\/api.w.org\/{rel}","templated":true}]}}