{"id":15089,"date":"2023-10-15T18:41:02","date_gmt":"2023-10-15T18:41:02","guid":{"rendered":"https:\/\/beurswand.nl\/product\/beursstand-design-116\/"},"modified":"2025-04-29T07:43:57","modified_gmt":"2025-04-29T07:43:57","slug":"stand-dexposition-design-116","status":"publish","type":"product","link":"https:\/\/beurswand2026.webdeveloperz.nl\/fr\/product\/stand-dexposition-design-116\/","title":{"rendered":"Stand d&rsquo;exposition Design 116"},"content":{"rendered":"<p><strong>Stand d&rsquo;exposition unique 116 - Entrez dans un nouveau niveau de Presentaci\u00f3n !<\/strong><\/p>\n<p>Mettez-vous en \u00e9vidence gr\u00e2ce \u00e0 notre superbe stand insulaire de pas moins de &gt;81 m\u00b2, id\u00e9al pour les entreprises qui souhaitent faire une impression durable. Le Stand d&rsquo;exposition 116 allie esth\u00e9tique moderne et fonctionnalit\u00e9. D\u00e9marquez-vous avec une arche qui attire l&rsquo;attention, illuminez vos produits ou services avec un impressionnant mur de LED, et garantissez une visibilit\u00e9 sous tous les angles gr\u00e2ce \u00e0 notre robuste treillis. En guise de touche finale, l&rsquo;\u00e9l\u00e9gant plancher sur\u00e9lev\u00e9 rehausse non seulement votre stand, mais aussi l&rsquo;ensemble de l&rsquo;exp\u00e9rience.<\/p>\n<p>Ce n&rsquo;est qu&rsquo;un avant-go\u00fbt de ce qui est possible ! N&rsquo;oubliez pas que chaque mod\u00e8le peut \u00eatre personnalis\u00e9 pour r\u00e9pondre \u00e0 vos besoins uniques.<\/p>\n<p>Curieux d&rsquo;en savoir plus ? Demandez plus d&rsquo;informations en utilisant le formulaire de contact ci-dessous. Diff\u00e9renciez-vous sur le salon avec Design 116 !<\/p>\n","protected":false},"excerpt":{"rendered":"<p>Stand d&rsquo;exposition unique 116 - Entrez dans un nouveau niveau de Presentaci\u00f3n ! Mettez-vous en \u00e9vidence gr\u00e2ce \u00e0 notre superbe stand insulaire de pas moins de &gt;81 m\u00b2, id\u00e9al pour les entreprises qui souhaitent faire une impression durable. Le Stand d&rsquo;exposition 116 allie esth\u00e9tique moderne et fonctionnalit\u00e9. D\u00e9marquez-vous avec une arche qui attire l&rsquo;attention, illuminez [&hellip;]<\/p>\n","protected":false},"featured_media":12699,"comment_status":"closed","ping_status":"open","template":"","meta":{"_acf_changed":false,"site-sidebar-layout":"default","site-content-layout":"","ast-site-content-layout":"default","site-content-style":"default","site-sidebar-style":"default","ast-global-header-display":"","ast-banner-title-visibility":"","ast-main-header-display":"","ast-hfb-above-header-display":"","ast-hfb-below-header-display":"","ast-hfb-mobile-header-display":"","site-post-title":"","ast-breadcrumbs-content":"","ast-featured-img":"","footer-sml-layout":"","ast-disable-related-posts":"","theme-transparent-header-meta":"","adv-header-id-meta":"","stick-header-meta":"","header-above-stick-meta":"","header-main-stick-meta":"","header-below-stick-meta":"","astra-migrate-meta-layouts":"default","ast-page-background-enabled":"default","ast-page-background-meta":{"desktop":{"background-color":"","background-image":"","background-repeat":"repeat","background-position":"center center","background-size":"auto","background-attachment":"scroll","background-type":"","background-media":"","overlay-type":"","overlay-color":"","overlay-opacity":"","overlay-gradient":""},"tablet":{"background-color":"","background-image":"","background-repeat":"repeat","background-position":"center center","background-size":"auto","background-attachment":"scroll","background-type":"","background-media":"","overlay-type":"","overlay-color":"","overlay-opacity":"","overlay-gradient":""},"mobile":{"background-color":"","background-image":"","background-repeat":"repeat","background-position":"center center","background-size":"auto","background-attachment":"scroll","background-type":"","background-media":"","overlay-type":"","overlay-color":"","overlay-opacity":"","overlay-gradient":""}},"ast-content-background-meta":{"desktop":{"background-color":"var(--ast-global-color-5)","background-image":"","background-repeat":"repeat","background-position":"center center","background-size":"auto","background-attachment":"scroll","background-type":"","background-media":"","overlay-type":"","overlay-color":"","overlay-opacity":"","overlay-gradient":""},"tablet":{"background-color":"var(--ast-global-color-5)","background-image":"","background-repeat":"repeat","background-position":"center center","background-size":"auto","background-attachment":"scroll","background-type":"","background-media":"","overlay-type":"","overlay-color":"","overlay-opacity":"","overlay-gradient":""},"mobile":{"background-color":"var(--ast-global-color-5)","background-image":"","background-repeat":"repeat","background-position":"center center","background-size":"auto","background-attachment":"scroll","background-type":"","background-media":"","overlay-type":"","overlay-color":"","overlay-opacity":"","overlay-gradient":""}}},"breedte":[],"design-oppervlakte":[420],"design-opstelling":[460],"design-optie":[387,424,442,452,461],"diepte":[],"oppervlakte":[],"opstelling":[],"optie":[],"pijler":[],"product_brand":[],"product_cat":[422,394,388,425,390,443,454,391,462,389],"product_tag":[],"class_list":{"0":"post-15089","1":"product","2":"type-product","3":"status-publish","4":"has-post-thumbnail","6":"design-oppervlakte-40-m2-et-plus","7":"design-opstelling-support-dilot","8":"design-optie-arche","9":"design-optie-mur-de-led","10":"design-optie-plancher-sureleve","11":"design-optie-poutrelle","12":"design-optie-support-dilot","13":"product_cat-40-m2-et-plus","14":"product_cat-arche","15":"product_cat-conception","16":"product_cat-mur-de-led","17":"product_cat-options-fr","18":"product_cat-plancher-sureleve","19":"product_cat-poutrelle","20":"product_cat-stand-dexposition-type","21":"product_cat-support-dilot","22":"product_cat-surface-fr","23":"desktop-align-left","24":"tablet-align-left","25":"mobile-align-left","27":"first","28":"instock","29":"shipping-taxable","30":"product-type-simple"},"acf":[],"_links":{"self":[{"href":"https:\/\/beurswand2026.webdeveloperz.nl\/fr\/wp-json\/wp\/v2\/product\/15089","targetHints":{"allow":["GET"]}}],"collection":[{"href":"https:\/\/beurswand2026.webdeveloperz.nl\/fr\/wp-json\/wp\/v2\/product"}],"about":[{"href":"https:\/\/beurswand2026.webdeveloperz.nl\/fr\/wp-json\/wp\/v2\/types\/product"}],"replies":[{"embeddable":true,"href":"https:\/\/beurswand2026.webdeveloperz.nl\/fr\/wp-json\/wp\/v2\/comments?post=15089"}],"version-history":[{"count":1,"href":"https:\/\/beurswand2026.webdeveloperz.nl\/fr\/wp-json\/wp\/v2\/product\/15089\/revisions"}],"predecessor-version":[{"id":18594,"href":"https:\/\/beurswand2026.webdeveloperz.nl\/fr\/wp-json\/wp\/v2\/product\/15089\/revisions\/18594"}],"wp:featuredmedia":[{"embeddable":true,"href":"https:\/\/beurswand2026.webdeveloperz.nl\/fr\/wp-json\/wp\/v2\/media\/12699"}],"wp:attachment":[{"href":"https:\/\/beurswand2026.webdeveloperz.nl\/fr\/wp-json\/wp\/v2\/media?parent=15089"}],"wp:term":[{"taxonomy":"breedte","embeddable":true,"href":"https:\/\/beurswand2026.webdeveloperz.nl\/fr\/wp-json\/wp\/v2\/breedte?post=15089"},{"taxonomy":"design-oppervlakte","embeddable":true,"href":"https:\/\/beurswand2026.webdeveloperz.nl\/fr\/wp-json\/wp\/v2\/design-oppervlakte?post=15089"},{"taxonomy":"design-opstelling","embeddable":true,"href":"https:\/\/beurswand2026.webdeveloperz.nl\/fr\/wp-json\/wp\/v2\/design-opstelling?post=15089"},{"taxonomy":"design-optie","embeddable":true,"href":"https:\/\/beurswand2026.webdeveloperz.nl\/fr\/wp-json\/wp\/v2\/design-optie?post=15089"},{"taxonomy":"diepte","embeddable":true,"href":"https:\/\/beurswand2026.webdeveloperz.nl\/fr\/wp-json\/wp\/v2\/diepte?post=15089"},{"taxonomy":"oppervlakte","embeddable":true,"href":"https:\/\/beurswand2026.webdeveloperz.nl\/fr\/wp-json\/wp\/v2\/oppervlakte?post=15089"},{"taxonomy":"opstelling","embeddable":true,"href":"https:\/\/beurswand2026.webdeveloperz.nl\/fr\/wp-json\/wp\/v2\/opstelling?post=15089"},{"taxonomy":"optie","embeddable":true,"href":"https:\/\/beurswand2026.webdeveloperz.nl\/fr\/wp-json\/wp\/v2\/optie?post=15089"},{"taxonomy":"pijler","embeddable":true,"href":"https:\/\/beurswand2026.webdeveloperz.nl\/fr\/wp-json\/wp\/v2\/pijler?post=15089"},{"taxonomy":"product_brand","embeddable":true,"href":"https:\/\/beurswand2026.webdeveloperz.nl\/fr\/wp-json\/wp\/v2\/product_brand?post=15089"},{"taxonomy":"product_cat","embeddable":true,"href":"https:\/\/beurswand2026.webdeveloperz.nl\/fr\/wp-json\/wp\/v2\/product_cat?post=15089"},{"taxonomy":"product_tag","embeddable":true,"href":"https:\/\/beurswand2026.webdeveloperz.nl\/fr\/wp-json\/wp\/v2\/product_tag?post=15089"}],"curies":[{"name":"wp","href":"https:\/\/api.w.org\/{rel}","templated":true}]}}