{"id":15501,"date":"2023-10-10T14:46:39","date_gmt":"2023-10-10T14:46:39","guid":{"rendered":"https:\/\/beurswand.nl\/product\/stand-de-exposicion-diseno-1\/"},"modified":"2025-04-29T07:36:16","modified_gmt":"2025-04-29T07:36:16","slug":"stand-de-exposicion-diseno-1","status":"publish","type":"product","link":"https:\/\/beurswand2026.webdeveloperz.nl\/es\/product\/stand-de-exposicion-diseno-1\/","title":{"rendered":"Stand de feria Dise\u00f1o 1"},"content":{"rendered":"<p><strong>Texto del producto:<\/strong><\/p>\n<p>\u00bfBusca el stand de feria definitivo que realmente destaque? Descubra nuestro impresionante Stand de feria Kopstand, dise\u00f1ado para Exposition de m\u00e1s de 120 m2. Prestando atenci\u00f3n a los detalles y centr\u00e1ndonos en la personalizaci\u00f3n, le ofrecemos la soluci\u00f3n perfecta para hacer brillar su marca.<\/p>\n<p>Lo <strong>mejor de la personalizaci\u00f3n<\/strong> Con nosotros, todo gira en torno a usted y a sus necesidades particulares. Nuestro stand de exposici\u00f3n puede personalizarse totalmente seg\u00fan su marca, desde el dise\u00f1o hasta la marca. Entendemos que no hay dos empresas iguales, por lo que nos aseguramos de que su stand de feria refleje exactamente qui\u00e9n es usted.<\/p>\n<p><strong>El entorno de trabajo<\/strong> perfecto Con una amplia opci\u00f3n de escritorios a su alcance, le ofrecemos el espacio de trabajo perfecto para reunirse con sus clientes, cerrar acuerdos e impresionar. Nuestro escritorio est\u00e1 dise\u00f1ado para ofrecer comodidad y funcionalidad, para que pueda centrarse en lo que realmente importa.<\/p>\n<p>Pared LED <strong>de<\/strong> impacto Deje que su marca brille con nuestra avanzada opci\u00f3n de pared LED. Atraiga la atenci\u00f3n con elementos visuales din\u00e1micos y presente sus productos y su mensaje de forma que la gente no los olvide f\u00e1cilmente. La potencia de la tecnolog\u00eda LED est\u00e1 a su disposici\u00f3n.<\/p>\n<p><strong>Comodidad con una despensa<\/strong> No vuelva a preocuparse por los refrescos y los aperitivos. Nuestro stand de exposici\u00f3n est\u00e1 equipado con una pr\u00e1ctica despensa, para que usted y su equipo puedan disfrutar de una taza de caf\u00e9 o un bocado r\u00e1pido en cualquier momento. Esta comodidad le permite centrarse en generar clientes potenciales.<\/p>\n<p>\u00bfEst\u00e1 preparado para impresionar en su pr\u00f3xima feria comercial? Elija nuestro Stand de feria Headstand y experimente la combinaci\u00f3n perfecta de personalizaci\u00f3n, funcionalidad y estilo. P\u00f3ngase en contacto con nosotros hoy mismo para obtener m\u00e1s informaci\u00f3n y reservar su plaza en la pr\u00f3xima exposici\u00f3n.<\/p>\n","protected":false},"excerpt":{"rendered":"<p>\u00bfBusca el stand de feria definitivo que realmente destaque? Descubra nuestro impresionante Stand de feria Kopstand, dise\u00f1ado para Exposition de m\u00e1s de 120 m2. Prestando atenci\u00f3n a los detalles y centr\u00e1ndonos en la personalizaci\u00f3n, le ofrecemos la soluci\u00f3n perfecta para hacer brillar su marca.<\/p>\n","protected":false},"featured_media":10707,"comment_status":"open","ping_status":"closed","template":"","meta":{"_acf_changed":false,"site-sidebar-layout":"default","site-content-layout":"","ast-site-content-layout":"default","site-content-style":"default","site-sidebar-style":"default","ast-global-header-display":"","ast-banner-title-visibility":"","ast-main-header-display":"","ast-hfb-above-header-display":"","ast-hfb-below-header-display":"","ast-hfb-mobile-header-display":"","site-post-title":"","ast-breadcrumbs-content":"","ast-featured-img":"","footer-sml-layout":"","ast-disable-related-posts":"","theme-transparent-header-meta":"default","adv-header-id-meta":"","stick-header-meta":"default","header-above-stick-meta":"","header-main-stick-meta":"","header-below-stick-meta":"","astra-migrate-meta-layouts":"default","ast-page-background-enabled":"default","ast-page-background-meta":{"desktop":{"background-color":"","background-image":"","background-repeat":"repeat","background-position":"center center","background-size":"auto","background-attachment":"scroll","background-type":"","background-media":"","overlay-type":"","overlay-color":"","overlay-opacity":"","overlay-gradient":""},"tablet":{"background-color":"","background-image":"","background-repeat":"repeat","background-position":"center center","background-size":"auto","background-attachment":"scroll","background-type":"","background-media":"","overlay-type":"","overlay-color":"","overlay-opacity":"","overlay-gradient":""},"mobile":{"background-color":"","background-image":"","background-repeat":"repeat","background-position":"center center","background-size":"auto","background-attachment":"scroll","background-type":"","background-media":"","overlay-type":"","overlay-color":"","overlay-opacity":"","overlay-gradient":""}},"ast-content-background-meta":{"desktop":{"background-color":"var(--ast-global-color-5)","background-image":"","background-repeat":"repeat","background-position":"center center","background-size":"auto","background-attachment":"scroll","background-type":"","background-media":"","overlay-type":"","overlay-color":"","overlay-opacity":"","overlay-gradient":""},"tablet":{"background-color":"var(--ast-global-color-5)","background-image":"","background-repeat":"repeat","background-position":"center center","background-size":"auto","background-attachment":"scroll","background-type":"","background-media":"","overlay-type":"","overlay-color":"","overlay-opacity":"","overlay-gradient":""},"mobile":{"background-color":"var(--ast-global-color-5)","background-image":"","background-repeat":"repeat","background-position":"center center","background-size":"auto","background-attachment":"scroll","background-type":"","background-media":"","overlay-type":"","overlay-color":"","overlay-opacity":"","overlay-gradient":""}}},"breedte":[],"design-oppervlakte":[428],"design-opstelling":[352],"design-optie":[364,363,412],"diepte":[],"oppervlakte":[],"opstelling":[],"optie":[],"pijler":[],"product_brand":[],"product_cat":[429,366,354,365,356,358,413,357,355],"product_tag":[],"class_list":{"0":"post-15501","1":"product","2":"type-product","3":"status-publish","4":"has-post-thumbnail","6":"design-oppervlakte-40-m2-y-mas","7":"design-opstelling-parada-de-cabeza","8":"design-optie-despensa","9":"design-optie-escritorio","10":"design-optie-pared-led","11":"product_cat-40-m2-y-mas","12":"product_cat-despensa","13":"product_cat-diseno","14":"product_cat-escritorio","15":"product_cat-opciones","16":"product_cat-parada-de-cabeza","17":"product_cat-pared-led","18":"product_cat-stand-de-exposicion-tipo","19":"product_cat-superficie","20":"desktop-align-left","21":"tablet-align-left","22":"mobile-align-left","24":"first","25":"instock","26":"shipping-taxable","27":"product-type-simple"},"acf":[],"_links":{"self":[{"href":"https:\/\/beurswand2026.webdeveloperz.nl\/es\/wp-json\/wp\/v2\/product\/15501","targetHints":{"allow":["GET"]}}],"collection":[{"href":"https:\/\/beurswand2026.webdeveloperz.nl\/es\/wp-json\/wp\/v2\/product"}],"about":[{"href":"https:\/\/beurswand2026.webdeveloperz.nl\/es\/wp-json\/wp\/v2\/types\/product"}],"replies":[{"embeddable":true,"href":"https:\/\/beurswand2026.webdeveloperz.nl\/es\/wp-json\/wp\/v2\/comments?post=15501"}],"version-history":[{"count":1,"href":"https:\/\/beurswand2026.webdeveloperz.nl\/es\/wp-json\/wp\/v2\/product\/15501\/revisions"}],"predecessor-version":[{"id":18532,"href":"https:\/\/beurswand2026.webdeveloperz.nl\/es\/wp-json\/wp\/v2\/product\/15501\/revisions\/18532"}],"wp:featuredmedia":[{"embeddable":true,"href":"https:\/\/beurswand2026.webdeveloperz.nl\/es\/wp-json\/wp\/v2\/media\/10707"}],"wp:attachment":[{"href":"https:\/\/beurswand2026.webdeveloperz.nl\/es\/wp-json\/wp\/v2\/media?parent=15501"}],"wp:term":[{"taxonomy":"breedte","embeddable":true,"href":"https:\/\/beurswand2026.webdeveloperz.nl\/es\/wp-json\/wp\/v2\/breedte?post=15501"},{"taxonomy":"design-oppervlakte","embeddable":true,"href":"https:\/\/beurswand2026.webdeveloperz.nl\/es\/wp-json\/wp\/v2\/design-oppervlakte?post=15501"},{"taxonomy":"design-opstelling","embeddable":true,"href":"https:\/\/beurswand2026.webdeveloperz.nl\/es\/wp-json\/wp\/v2\/design-opstelling?post=15501"},{"taxonomy":"design-optie","embeddable":true,"href":"https:\/\/beurswand2026.webdeveloperz.nl\/es\/wp-json\/wp\/v2\/design-optie?post=15501"},{"taxonomy":"diepte","embeddable":true,"href":"https:\/\/beurswand2026.webdeveloperz.nl\/es\/wp-json\/wp\/v2\/diepte?post=15501"},{"taxonomy":"oppervlakte","embeddable":true,"href":"https:\/\/beurswand2026.webdeveloperz.nl\/es\/wp-json\/wp\/v2\/oppervlakte?post=15501"},{"taxonomy":"opstelling","embeddable":true,"href":"https:\/\/beurswand2026.webdeveloperz.nl\/es\/wp-json\/wp\/v2\/opstelling?post=15501"},{"taxonomy":"optie","embeddable":true,"href":"https:\/\/beurswand2026.webdeveloperz.nl\/es\/wp-json\/wp\/v2\/optie?post=15501"},{"taxonomy":"pijler","embeddable":true,"href":"https:\/\/beurswand2026.webdeveloperz.nl\/es\/wp-json\/wp\/v2\/pijler?post=15501"},{"taxonomy":"product_brand","embeddable":true,"href":"https:\/\/beurswand2026.webdeveloperz.nl\/es\/wp-json\/wp\/v2\/product_brand?post=15501"},{"taxonomy":"product_cat","embeddable":true,"href":"https:\/\/beurswand2026.webdeveloperz.nl\/es\/wp-json\/wp\/v2\/product_cat?post=15501"},{"taxonomy":"product_tag","embeddable":true,"href":"https:\/\/beurswand2026.webdeveloperz.nl\/es\/wp-json\/wp\/v2\/product_tag?post=15501"}],"curies":[{"name":"wp","href":"https:\/\/api.w.org\/{rel}","templated":true}]}}