{"id":15460,"date":"2023-10-12T13:45:22","date_gmt":"2023-10-12T13:45:22","guid":{"rendered":"https:\/\/beurswand.nl\/product\/stand-de-exposicion-diseno-4\/"},"modified":"2025-04-29T07:50:37","modified_gmt":"2025-04-29T07:50:37","slug":"stand-de-exposicion-diseno-4","status":"publish","type":"product","link":"https:\/\/beurswand2026.webdeveloperz.nl\/es\/product\/stand-de-exposicion-diseno-4\/","title":{"rendered":"Stand de feria Dise\u00f1o 4"},"content":{"rendered":"<p><strong>Dise\u00f1o exclusivo de Stand de feria 4 \u2013 \u00a1Su stand esquinero con clase!<\/strong><\/p>\n<p>\u00bfBusca la forma perfecta de destacar en su pr\u00f3ximo evento ferial? Nuestro dise\u00f1o de Stand de feria 4 le ofrece todo lo que necesita y m\u00e1s. Este generoso stand esquinero de m\u00e1s de 24 m\u00b2 garantiza visibilidad y funcionalidad. Equipado con un elegante arco que aporta ese factor sorpresa, un pr\u00e1ctico escritorio para las interacciones y una despensa para su comodidad y la de sus visitas.<\/p>\n<p>\u00c9ste es s\u00f3lo un ejemplo. Todos los aspectos pueden personalizarse seg\u00fan sus necesidades, de modo que el stand ferial se adapte perfectamente a su marca y sus objetivos.<\/p>\n<p>\u00bfTiene curiosidad por conocer todas las opciones o deseos de personalizaci\u00f3n? D\u00e9jese sorprender y solicite ahora m\u00e1s informaci\u00f3n a trav\u00e9s del formulario de contacto que encontrar\u00e1 a continuaci\u00f3n. \u00a1Cause sensaci\u00f3n en su pr\u00f3xima feria con el dise\u00f1o de Stand de feria 4!<\/p>\n","protected":false},"excerpt":{"rendered":"<p>Dise\u00f1o exclusivo de Stand de feria 4 \u2013 \u00a1Su stand esquinero con clase! \u00bfBusca la forma perfecta de destacar en su pr\u00f3ximo evento ferial? Nuestro dise\u00f1o de Stand de feria 4 le ofrece todo lo que necesita y m\u00e1s. Este generoso stand esquinero de m\u00e1s de 24 m\u00b2 garantiza visibilidad y funcionalidad. Equipado con un [&hellip;]<\/p>\n","protected":false},"featured_media":10757,"comment_status":"closed","ping_status":"open","template":"","meta":{"_acf_changed":false,"site-sidebar-layout":"default","site-content-layout":"","ast-site-content-layout":"default","site-content-style":"default","site-sidebar-style":"default","ast-global-header-display":"","ast-banner-title-visibility":"","ast-main-header-display":"","ast-hfb-above-header-display":"","ast-hfb-below-header-display":"","ast-hfb-mobile-header-display":"","site-post-title":"","ast-breadcrumbs-content":"","ast-featured-img":"","footer-sml-layout":"","ast-disable-related-posts":"","theme-transparent-header-meta":"","adv-header-id-meta":"","stick-header-meta":"","header-above-stick-meta":"","header-main-stick-meta":"","header-below-stick-meta":"","astra-migrate-meta-layouts":"default","ast-page-background-enabled":"default","ast-page-background-meta":{"desktop":{"background-color":"","background-image":"","background-repeat":"repeat","background-position":"center center","background-size":"auto","background-attachment":"scroll","background-type":"","background-media":"","overlay-type":"","overlay-color":"","overlay-opacity":"","overlay-gradient":""},"tablet":{"background-color":"","background-image":"","background-repeat":"repeat","background-position":"center center","background-size":"auto","background-attachment":"scroll","background-type":"","background-media":"","overlay-type":"","overlay-color":"","overlay-opacity":"","overlay-gradient":""},"mobile":{"background-color":"","background-image":"","background-repeat":"repeat","background-position":"center center","background-size":"auto","background-attachment":"scroll","background-type":"","background-media":"","overlay-type":"","overlay-color":"","overlay-opacity":"","overlay-gradient":""}},"ast-content-background-meta":{"desktop":{"background-color":"var(--ast-global-color-5)","background-image":"","background-repeat":"repeat","background-position":"center center","background-size":"auto","background-attachment":"scroll","background-type":"","background-media":"","overlay-type":"","overlay-color":"","overlay-opacity":"","overlay-gradient":""},"tablet":{"background-color":"var(--ast-global-color-5)","background-image":"","background-repeat":"repeat","background-position":"center center","background-size":"auto","background-attachment":"scroll","background-type":"","background-media":"","overlay-type":"","overlay-color":"","overlay-opacity":"","overlay-gradient":""},"mobile":{"background-color":"var(--ast-global-color-5)","background-image":"","background-repeat":"repeat","background-position":"center center","background-size":"auto","background-attachment":"scroll","background-type":"","background-media":"","overlay-type":"","overlay-color":"","overlay-opacity":"","overlay-gradient":""}}},"breedte":[],"design-oppervlakte":[351],"design-opstelling":[408],"design-optie":[353,364,363],"diepte":[],"oppervlakte":[],"opstelling":[],"optie":[],"pijler":[],"product_brand":[],"product_cat":[359,360,366,354,365,356,410,357,355],"product_tag":[],"class_list":{"0":"post-15460","1":"product","2":"type-product","3":"status-publish","4":"has-post-thumbnail","6":"design-oppervlakte-1-24-m2-es","7":"design-opstelling-soporte-esquinero","8":"design-optie-arch","9":"design-optie-despensa","10":"design-optie-escritorio","11":"product_cat-1-24-m2-es","12":"product_cat-arch","13":"product_cat-despensa","14":"product_cat-diseno","15":"product_cat-escritorio","16":"product_cat-opciones","17":"product_cat-soporte-esquinero","18":"product_cat-stand-de-exposicion-tipo","19":"product_cat-superficie","20":"desktop-align-left","21":"tablet-align-left","22":"mobile-align-left","24":"first","25":"instock","26":"shipping-taxable","27":"product-type-simple"},"acf":[],"_links":{"self":[{"href":"https:\/\/beurswand2026.webdeveloperz.nl\/es\/wp-json\/wp\/v2\/product\/15460","targetHints":{"allow":["GET"]}}],"collection":[{"href":"https:\/\/beurswand2026.webdeveloperz.nl\/es\/wp-json\/wp\/v2\/product"}],"about":[{"href":"https:\/\/beurswand2026.webdeveloperz.nl\/es\/wp-json\/wp\/v2\/types\/product"}],"replies":[{"embeddable":true,"href":"https:\/\/beurswand2026.webdeveloperz.nl\/es\/wp-json\/wp\/v2\/comments?post=15460"}],"version-history":[{"count":1,"href":"https:\/\/beurswand2026.webdeveloperz.nl\/es\/wp-json\/wp\/v2\/product\/15460\/revisions"}],"predecessor-version":[{"id":18951,"href":"https:\/\/beurswand2026.webdeveloperz.nl\/es\/wp-json\/wp\/v2\/product\/15460\/revisions\/18951"}],"wp:featuredmedia":[{"embeddable":true,"href":"https:\/\/beurswand2026.webdeveloperz.nl\/es\/wp-json\/wp\/v2\/media\/10757"}],"wp:attachment":[{"href":"https:\/\/beurswand2026.webdeveloperz.nl\/es\/wp-json\/wp\/v2\/media?parent=15460"}],"wp:term":[{"taxonomy":"breedte","embeddable":true,"href":"https:\/\/beurswand2026.webdeveloperz.nl\/es\/wp-json\/wp\/v2\/breedte?post=15460"},{"taxonomy":"design-oppervlakte","embeddable":true,"href":"https:\/\/beurswand2026.webdeveloperz.nl\/es\/wp-json\/wp\/v2\/design-oppervlakte?post=15460"},{"taxonomy":"design-opstelling","embeddable":true,"href":"https:\/\/beurswand2026.webdeveloperz.nl\/es\/wp-json\/wp\/v2\/design-opstelling?post=15460"},{"taxonomy":"design-optie","embeddable":true,"href":"https:\/\/beurswand2026.webdeveloperz.nl\/es\/wp-json\/wp\/v2\/design-optie?post=15460"},{"taxonomy":"diepte","embeddable":true,"href":"https:\/\/beurswand2026.webdeveloperz.nl\/es\/wp-json\/wp\/v2\/diepte?post=15460"},{"taxonomy":"oppervlakte","embeddable":true,"href":"https:\/\/beurswand2026.webdeveloperz.nl\/es\/wp-json\/wp\/v2\/oppervlakte?post=15460"},{"taxonomy":"opstelling","embeddable":true,"href":"https:\/\/beurswand2026.webdeveloperz.nl\/es\/wp-json\/wp\/v2\/opstelling?post=15460"},{"taxonomy":"optie","embeddable":true,"href":"https:\/\/beurswand2026.webdeveloperz.nl\/es\/wp-json\/wp\/v2\/optie?post=15460"},{"taxonomy":"pijler","embeddable":true,"href":"https:\/\/beurswand2026.webdeveloperz.nl\/es\/wp-json\/wp\/v2\/pijler?post=15460"},{"taxonomy":"product_brand","embeddable":true,"href":"https:\/\/beurswand2026.webdeveloperz.nl\/es\/wp-json\/wp\/v2\/product_brand?post=15460"},{"taxonomy":"product_cat","embeddable":true,"href":"https:\/\/beurswand2026.webdeveloperz.nl\/es\/wp-json\/wp\/v2\/product_cat?post=15460"},{"taxonomy":"product_tag","embeddable":true,"href":"https:\/\/beurswand2026.webdeveloperz.nl\/es\/wp-json\/wp\/v2\/product_tag?post=15460"}],"curies":[{"name":"wp","href":"https:\/\/api.w.org\/{rel}","templated":true}]}}