{"id":15455,"date":"2023-10-15T07:01:14","date_gmt":"2023-10-15T07:01:14","guid":{"rendered":"https:\/\/beurswand.nl\/product\/stand-de-exposicion-diseno-71\/"},"modified":"2025-04-29T07:46:43","modified_gmt":"2025-04-29T07:46:43","slug":"stand-de-exposicion-diseno-71","status":"publish","type":"product","link":"https:\/\/beurswand2026.webdeveloperz.nl\/es\/product\/stand-de-exposicion-diseno-71\/","title":{"rendered":"Stand de feria Dise\u00f1o 71"},"content":{"rendered":"<p><strong>Dise\u00f1o \u00fanico de Stand de feria 71: \u00a1Impresione y distinga!<\/strong><\/p>\n<p>Descubra nuestro \u00faltimo dise\u00f1o de Stand de feria 71: una combinaci\u00f3n de elegancia espacial y funcionalidad. Con un generoso tama\u00f1o de m\u00e1s de 32 m2, este dise\u00f1o de stand esquinero garantiza que su marca sea el centro de atenci\u00f3n.<\/p>\n<p>\u00bfQuiere mimar a sus invitados? El bar incorporado es el lugar perfecto para una conversaci\u00f3n informal o una bebida refrescante. Y gracias al suelo elevado, su stand tendr\u00e1 un aspecto de primera calidad. La opci\u00f3n de truss le permite a\u00f1adir creativos espect\u00e1culos de luces o pancartas, mientras que la pr\u00e1ctica despensa garantiza que todo est\u00e9 al alcance de la mano.<\/p>\n<p>Esto es s\u00f3lo un ejemplo: \u00a1todo puede personalizarse a su gusto!<\/p>\n<p>\u00bfLe pica la curiosidad y quiere saber m\u00e1s? Rellene el siguiente formulario de contacto y descubra las infinitas posibilidades del dise\u00f1o de Stand de feria 71. Sus futuros clientes le est\u00e1n esperando.<\/p>\n","protected":false},"excerpt":{"rendered":"<p>Dise\u00f1o \u00fanico de Stand de feria 71: \u00a1Impresione y distinga! Descubra nuestro \u00faltimo dise\u00f1o de Stand de feria 71: una combinaci\u00f3n de elegancia espacial y funcionalidad. Con un generoso tama\u00f1o de m\u00e1s de 32 m2, este dise\u00f1o de stand esquinero garantiza que su marca sea el centro de atenci\u00f3n. \u00bfQuiere mimar a sus invitados? El [&hellip;]<\/p>\n","protected":false},"featured_media":11776,"comment_status":"closed","ping_status":"open","template":"","meta":{"_acf_changed":false,"site-sidebar-layout":"default","site-content-layout":"","ast-site-content-layout":"default","site-content-style":"default","site-sidebar-style":"default","ast-global-header-display":"","ast-banner-title-visibility":"","ast-main-header-display":"","ast-hfb-above-header-display":"","ast-hfb-below-header-display":"","ast-hfb-mobile-header-display":"","site-post-title":"","ast-breadcrumbs-content":"","ast-featured-img":"","footer-sml-layout":"","ast-disable-related-posts":"","theme-transparent-header-meta":"","adv-header-id-meta":"","stick-header-meta":"","header-above-stick-meta":"","header-main-stick-meta":"","header-below-stick-meta":"","astra-migrate-meta-layouts":"default","ast-page-background-enabled":"default","ast-page-background-meta":{"desktop":{"background-color":"","background-image":"","background-repeat":"repeat","background-position":"center center","background-size":"auto","background-attachment":"scroll","background-type":"","background-media":"","overlay-type":"","overlay-color":"","overlay-opacity":"","overlay-gradient":""},"tablet":{"background-color":"","background-image":"","background-repeat":"repeat","background-position":"center center","background-size":"auto","background-attachment":"scroll","background-type":"","background-media":"","overlay-type":"","overlay-color":"","overlay-opacity":"","overlay-gradient":""},"mobile":{"background-color":"","background-image":"","background-repeat":"repeat","background-position":"center center","background-size":"auto","background-attachment":"scroll","background-type":"","background-media":"","overlay-type":"","overlay-color":"","overlay-opacity":"","overlay-gradient":""}},"ast-content-background-meta":{"desktop":{"background-color":"var(--ast-global-color-5)","background-image":"","background-repeat":"repeat","background-position":"center center","background-size":"auto","background-attachment":"scroll","background-type":"","background-media":"","overlay-type":"","overlay-color":"","overlay-opacity":"","overlay-gradient":""},"tablet":{"background-color":"var(--ast-global-color-5)","background-image":"","background-repeat":"repeat","background-position":"center center","background-size":"auto","background-attachment":"scroll","background-type":"","background-media":"","overlay-type":"","overlay-color":"","overlay-opacity":"","overlay-gradient":""},"mobile":{"background-color":"var(--ast-global-color-5)","background-image":"","background-repeat":"repeat","background-position":"center center","background-size":"auto","background-attachment":"scroll","background-type":"","background-media":"","overlay-type":"","overlay-color":"","overlay-opacity":"","overlay-gradient":""}}},"breedte":[],"design-oppervlakte":[362],"design-opstelling":[408],"design-optie":[445,364,409,444],"diepte":[],"oppervlakte":[],"opstelling":[],"optie":[],"pijler":[],"product_brand":[],"product_cat":[367,447,366,354,356,410,357,411,355,446],"product_tag":[],"class_list":{"0":"post-15455","1":"product","2":"type-product","3":"status-publish","4":"has-post-thumbnail","6":"design-oppervlakte-25-40-m2-es","7":"design-opstelling-soporte-esquinero","8":"design-optie-bar-es","9":"design-optie-despensa","10":"design-optie-suelo-elevado","11":"design-optie-truss-es","12":"product_cat-25-40-m2-es","13":"product_cat-bar-es","14":"product_cat-despensa","15":"product_cat-diseno","16":"product_cat-opciones","17":"product_cat-soporte-esquinero","18":"product_cat-stand-de-exposicion-tipo","19":"product_cat-suelo-elevado","20":"product_cat-superficie","21":"product_cat-truss-es","22":"desktop-align-left","23":"tablet-align-left","24":"mobile-align-left","26":"first","27":"instock","28":"shipping-taxable","29":"product-type-simple"},"acf":[],"_links":{"self":[{"href":"https:\/\/beurswand2026.webdeveloperz.nl\/es\/wp-json\/wp\/v2\/product\/15455","targetHints":{"allow":["GET"]}}],"collection":[{"href":"https:\/\/beurswand2026.webdeveloperz.nl\/es\/wp-json\/wp\/v2\/product"}],"about":[{"href":"https:\/\/beurswand2026.webdeveloperz.nl\/es\/wp-json\/wp\/v2\/types\/product"}],"replies":[{"embeddable":true,"href":"https:\/\/beurswand2026.webdeveloperz.nl\/es\/wp-json\/wp\/v2\/comments?post=15455"}],"version-history":[{"count":1,"href":"https:\/\/beurswand2026.webdeveloperz.nl\/es\/wp-json\/wp\/v2\/product\/15455\/revisions"}],"predecessor-version":[{"id":18747,"href":"https:\/\/beurswand2026.webdeveloperz.nl\/es\/wp-json\/wp\/v2\/product\/15455\/revisions\/18747"}],"wp:featuredmedia":[{"embeddable":true,"href":"https:\/\/beurswand2026.webdeveloperz.nl\/es\/wp-json\/wp\/v2\/media\/11776"}],"wp:attachment":[{"href":"https:\/\/beurswand2026.webdeveloperz.nl\/es\/wp-json\/wp\/v2\/media?parent=15455"}],"wp:term":[{"taxonomy":"breedte","embeddable":true,"href":"https:\/\/beurswand2026.webdeveloperz.nl\/es\/wp-json\/wp\/v2\/breedte?post=15455"},{"taxonomy":"design-oppervlakte","embeddable":true,"href":"https:\/\/beurswand2026.webdeveloperz.nl\/es\/wp-json\/wp\/v2\/design-oppervlakte?post=15455"},{"taxonomy":"design-opstelling","embeddable":true,"href":"https:\/\/beurswand2026.webdeveloperz.nl\/es\/wp-json\/wp\/v2\/design-opstelling?post=15455"},{"taxonomy":"design-optie","embeddable":true,"href":"https:\/\/beurswand2026.webdeveloperz.nl\/es\/wp-json\/wp\/v2\/design-optie?post=15455"},{"taxonomy":"diepte","embeddable":true,"href":"https:\/\/beurswand2026.webdeveloperz.nl\/es\/wp-json\/wp\/v2\/diepte?post=15455"},{"taxonomy":"oppervlakte","embeddable":true,"href":"https:\/\/beurswand2026.webdeveloperz.nl\/es\/wp-json\/wp\/v2\/oppervlakte?post=15455"},{"taxonomy":"opstelling","embeddable":true,"href":"https:\/\/beurswand2026.webdeveloperz.nl\/es\/wp-json\/wp\/v2\/opstelling?post=15455"},{"taxonomy":"optie","embeddable":true,"href":"https:\/\/beurswand2026.webdeveloperz.nl\/es\/wp-json\/wp\/v2\/optie?post=15455"},{"taxonomy":"pijler","embeddable":true,"href":"https:\/\/beurswand2026.webdeveloperz.nl\/es\/wp-json\/wp\/v2\/pijler?post=15455"},{"taxonomy":"product_brand","embeddable":true,"href":"https:\/\/beurswand2026.webdeveloperz.nl\/es\/wp-json\/wp\/v2\/product_brand?post=15455"},{"taxonomy":"product_cat","embeddable":true,"href":"https:\/\/beurswand2026.webdeveloperz.nl\/es\/wp-json\/wp\/v2\/product_cat?post=15455"},{"taxonomy":"product_tag","embeddable":true,"href":"https:\/\/beurswand2026.webdeveloperz.nl\/es\/wp-json\/wp\/v2\/product_tag?post=15455"}],"curies":[{"name":"wp","href":"https:\/\/api.w.org\/{rel}","templated":true}]}}