{"id":15439,"date":"2023-10-15T06:55:11","date_gmt":"2023-10-15T06:55:11","guid":{"rendered":"https:\/\/beurswand.nl\/product\/stand-de-exposicion-diseno-64\/"},"modified":"2025-04-29T07:47:09","modified_gmt":"2025-04-29T07:47:09","slug":"stand-de-exposicion-diseno-64","status":"publish","type":"product","link":"https:\/\/beurswand2026.webdeveloperz.nl\/es\/product\/stand-de-exposicion-diseno-64\/","title":{"rendered":"Stand de feria Dise\u00f1o 64"},"content":{"rendered":"<p><strong>Stand de feria exclusivo Dise\u00f1o 64<\/strong>  <\/p>\n<p>\u00bfBusca un stand de exposici\u00f3n impresionante y funcional que realmente ponga su marca en el punto de mira? Nuestro \u00faltimo dise\u00f1o 64 superar\u00e1 sus expectativas. Con un generoso tama\u00f1o de m\u00e1s de 12 m\u00b2, este stand ofrece espacio suficiente para presentaciones, contactos y exposici\u00f3n de productos. Como stand intermedio, se integra perfectamente entre otros stands y le ofrece una presencia destacada en el recinto ferial.<\/p>\n<p>Pero eso no es todo. Las opciones de personalizaci\u00f3n son infinitas. Tanto si opta por expositores multimedia, puntos de contacto interactivos o marcas personalizadas, nosotros nos encargamos de todo.<\/p>\n<p>\u00c9ste es s\u00f3lo un ejemplo. Estaremos encantados de personalizar el dise\u00f1o seg\u00fan sus necesidades y su visi\u00f3n. \u00bfTienes curiosidad? Haga clic a continuaci\u00f3n y solicite m\u00e1s informaci\u00f3n a trav\u00e9s de nuestro formulario de contacto. No espere m\u00e1s y haga de su participaci\u00f3n en la feria un \u00e9xito inolvidable.<\/p>\n","protected":false},"excerpt":{"rendered":"<p>Stand de feria exclusivo Dise\u00f1o 64 \u00bfBusca un stand de exposici\u00f3n impresionante y funcional que realmente ponga su marca en el punto de mira? Nuestro \u00faltimo dise\u00f1o 64 superar\u00e1 sus expectativas. Con un generoso tama\u00f1o de m\u00e1s de 12 m\u00b2, este stand ofrece espacio suficiente para presentaciones, contactos y exposici\u00f3n de productos. Como stand intermedio, [&hellip;]<\/p>\n","protected":false},"featured_media":11642,"comment_status":"closed","ping_status":"open","template":"","meta":{"_acf_changed":false,"site-sidebar-layout":"default","site-content-layout":"","ast-site-content-layout":"default","site-content-style":"default","site-sidebar-style":"default","ast-global-header-display":"","ast-banner-title-visibility":"","ast-main-header-display":"","ast-hfb-above-header-display":"","ast-hfb-below-header-display":"","ast-hfb-mobile-header-display":"","site-post-title":"","ast-breadcrumbs-content":"","ast-featured-img":"","footer-sml-layout":"","ast-disable-related-posts":"","theme-transparent-header-meta":"","adv-header-id-meta":"","stick-header-meta":"","header-above-stick-meta":"","header-main-stick-meta":"","header-below-stick-meta":"","astra-migrate-meta-layouts":"default","ast-page-background-enabled":"default","ast-page-background-meta":{"desktop":{"background-color":"","background-image":"","background-repeat":"repeat","background-position":"center center","background-size":"auto","background-attachment":"scroll","background-type":"","background-media":"","overlay-type":"","overlay-color":"","overlay-opacity":"","overlay-gradient":""},"tablet":{"background-color":"","background-image":"","background-repeat":"repeat","background-position":"center center","background-size":"auto","background-attachment":"scroll","background-type":"","background-media":"","overlay-type":"","overlay-color":"","overlay-opacity":"","overlay-gradient":""},"mobile":{"background-color":"","background-image":"","background-repeat":"repeat","background-position":"center center","background-size":"auto","background-attachment":"scroll","background-type":"","background-media":"","overlay-type":"","overlay-color":"","overlay-opacity":"","overlay-gradient":""}},"ast-content-background-meta":{"desktop":{"background-color":"var(--ast-global-color-5)","background-image":"","background-repeat":"repeat","background-position":"center center","background-size":"auto","background-attachment":"scroll","background-type":"","background-media":"","overlay-type":"","overlay-color":"","overlay-opacity":"","overlay-gradient":""},"tablet":{"background-color":"var(--ast-global-color-5)","background-image":"","background-repeat":"repeat","background-position":"center center","background-size":"auto","background-attachment":"scroll","background-type":"","background-media":"","overlay-type":"","overlay-color":"","overlay-opacity":"","overlay-gradient":""},"mobile":{"background-color":"var(--ast-global-color-5)","background-image":"","background-repeat":"repeat","background-position":"center center","background-size":"auto","background-attachment":"scroll","background-type":"","background-media":"","overlay-type":"","overlay-color":"","overlay-opacity":"","overlay-gradient":""}}},"breedte":[],"design-oppervlakte":[351],"design-opstelling":[434],"design-optie":[],"diepte":[],"oppervlakte":[],"opstelling":[],"optie":[],"pijler":[],"product_brand":[],"product_cat":[359,435,354,356,357,355],"product_tag":[],"class_list":{"0":"post-15439","1":"product","2":"type-product","3":"status-publish","4":"has-post-thumbnail","6":"design-oppervlakte-1-24-m2-es","7":"design-opstelling-stand-intermedio","8":"product_cat-1-24-m2-es","9":"product_cat-clasificacion","10":"product_cat-diseno","11":"product_cat-opciones","12":"product_cat-stand-de-exposicion-tipo","13":"product_cat-superficie","14":"desktop-align-left","15":"tablet-align-left","16":"mobile-align-left","18":"first","19":"instock","20":"shipping-taxable","21":"product-type-simple"},"acf":[],"_links":{"self":[{"href":"https:\/\/beurswand2026.webdeveloperz.nl\/es\/wp-json\/wp\/v2\/product\/15439","targetHints":{"allow":["GET"]}}],"collection":[{"href":"https:\/\/beurswand2026.webdeveloperz.nl\/es\/wp-json\/wp\/v2\/product"}],"about":[{"href":"https:\/\/beurswand2026.webdeveloperz.nl\/es\/wp-json\/wp\/v2\/types\/product"}],"replies":[{"embeddable":true,"href":"https:\/\/beurswand2026.webdeveloperz.nl\/es\/wp-json\/wp\/v2\/comments?post=15439"}],"version-history":[{"count":1,"href":"https:\/\/beurswand2026.webdeveloperz.nl\/es\/wp-json\/wp\/v2\/product\/15439\/revisions"}],"predecessor-version":[{"id":18772,"href":"https:\/\/beurswand2026.webdeveloperz.nl\/es\/wp-json\/wp\/v2\/product\/15439\/revisions\/18772"}],"wp:featuredmedia":[{"embeddable":true,"href":"https:\/\/beurswand2026.webdeveloperz.nl\/es\/wp-json\/wp\/v2\/media\/11642"}],"wp:attachment":[{"href":"https:\/\/beurswand2026.webdeveloperz.nl\/es\/wp-json\/wp\/v2\/media?parent=15439"}],"wp:term":[{"taxonomy":"breedte","embeddable":true,"href":"https:\/\/beurswand2026.webdeveloperz.nl\/es\/wp-json\/wp\/v2\/breedte?post=15439"},{"taxonomy":"design-oppervlakte","embeddable":true,"href":"https:\/\/beurswand2026.webdeveloperz.nl\/es\/wp-json\/wp\/v2\/design-oppervlakte?post=15439"},{"taxonomy":"design-opstelling","embeddable":true,"href":"https:\/\/beurswand2026.webdeveloperz.nl\/es\/wp-json\/wp\/v2\/design-opstelling?post=15439"},{"taxonomy":"design-optie","embeddable":true,"href":"https:\/\/beurswand2026.webdeveloperz.nl\/es\/wp-json\/wp\/v2\/design-optie?post=15439"},{"taxonomy":"diepte","embeddable":true,"href":"https:\/\/beurswand2026.webdeveloperz.nl\/es\/wp-json\/wp\/v2\/diepte?post=15439"},{"taxonomy":"oppervlakte","embeddable":true,"href":"https:\/\/beurswand2026.webdeveloperz.nl\/es\/wp-json\/wp\/v2\/oppervlakte?post=15439"},{"taxonomy":"opstelling","embeddable":true,"href":"https:\/\/beurswand2026.webdeveloperz.nl\/es\/wp-json\/wp\/v2\/opstelling?post=15439"},{"taxonomy":"optie","embeddable":true,"href":"https:\/\/beurswand2026.webdeveloperz.nl\/es\/wp-json\/wp\/v2\/optie?post=15439"},{"taxonomy":"pijler","embeddable":true,"href":"https:\/\/beurswand2026.webdeveloperz.nl\/es\/wp-json\/wp\/v2\/pijler?post=15439"},{"taxonomy":"product_brand","embeddable":true,"href":"https:\/\/beurswand2026.webdeveloperz.nl\/es\/wp-json\/wp\/v2\/product_brand?post=15439"},{"taxonomy":"product_cat","embeddable":true,"href":"https:\/\/beurswand2026.webdeveloperz.nl\/es\/wp-json\/wp\/v2\/product_cat?post=15439"},{"taxonomy":"product_tag","embeddable":true,"href":"https:\/\/beurswand2026.webdeveloperz.nl\/es\/wp-json\/wp\/v2\/product_tag?post=15439"}],"curies":[{"name":"wp","href":"https:\/\/api.w.org\/{rel}","templated":true}]}}