{"id":15335,"date":"2024-09-24T07:12:54","date_gmt":"2024-09-24T07:12:54","guid":{"rendered":"https:\/\/beurswand.nl\/product\/beursstand-design-126\/"},"modified":"2025-04-29T07:44:15","modified_gmt":"2025-04-29T07:44:15","slug":"beursstand-design-126","status":"publish","type":"product","link":"https:\/\/beurswand2026.webdeveloperz.nl\/es\/product\/beursstand-design-126\/","title":{"rendered":"Stand de feria Dise\u00f1o 126"},"content":{"rendered":"<p>Stand de feria Dise\u00f1o 126 ofrece una soluci\u00f3n flexible y personalizable para las empresas que desean destacar en una feria. Adecuado para espacios de entre 1 y 24 metros cuadrados, este stand cuenta con un suelo elevado, marcos LED y una opci\u00f3n multimedia. Los clientes pueden personalizar el stand a su gusto, adaptando la forma, el tama\u00f1o y los elementos visuales, y elegir entre una gran variedad de muebles y accesorios.<\/p>\n<p>El suelo elevado crea un aspecto profesional, mientras que las paredes de LED proporcionan una comunicaci\u00f3n visual din\u00e1mica. Gracias a la amplia gama de opciones de personalizaci\u00f3n, el stand puede personalizarse por completo.<\/p>\n<p>Las empresas pueden utilizar este Stand de feria para presentar sus productos o servicios de una forma llamativa y \u00fanica, en la que funcionalidad y dise\u00f1o van de la mano. La versatilidad del stand lo convierte en una opci\u00f3n ideal para diferentes tipos de \u00c9v\u00e9nements y ferias comerciales.<\/p>\n","protected":false},"excerpt":{"rendered":"<p>Stand de feria Dise\u00f1o 126 ofrece una soluci\u00f3n flexible y personalizable para las empresas que desean destacar en una feria. Adecuado para espacios de entre 1 y 24 metros cuadrados, este stand cuenta con un suelo elevado, marcos LED y una opci\u00f3n multimedia. Los clientes pueden personalizar el stand a su gusto, adaptando la forma, [&hellip;]<\/p>\n","protected":false},"featured_media":13998,"comment_status":"closed","ping_status":"open","template":"","meta":{"_acf_changed":false,"site-sidebar-layout":"default","site-content-layout":"","ast-site-content-layout":"default","site-content-style":"default","site-sidebar-style":"default","ast-global-header-display":"","ast-banner-title-visibility":"","ast-main-header-display":"","ast-hfb-above-header-display":"","ast-hfb-below-header-display":"","ast-hfb-mobile-header-display":"","site-post-title":"","ast-breadcrumbs-content":"","ast-featured-img":"","footer-sml-layout":"","ast-disable-related-posts":"","theme-transparent-header-meta":"","adv-header-id-meta":"","stick-header-meta":"","header-above-stick-meta":"","header-main-stick-meta":"","header-below-stick-meta":"","astra-migrate-meta-layouts":"default","ast-page-background-enabled":"default","ast-page-background-meta":{"desktop":{"background-color":"","background-image":"","background-repeat":"repeat","background-position":"center center","background-size":"auto","background-attachment":"scroll","background-type":"","background-media":"","overlay-type":"","overlay-color":"","overlay-opacity":"","overlay-gradient":""},"tablet":{"background-color":"","background-image":"","background-repeat":"repeat","background-position":"center center","background-size":"auto","background-attachment":"scroll","background-type":"","background-media":"","overlay-type":"","overlay-color":"","overlay-opacity":"","overlay-gradient":""},"mobile":{"background-color":"","background-image":"","background-repeat":"repeat","background-position":"center center","background-size":"auto","background-attachment":"scroll","background-type":"","background-media":"","overlay-type":"","overlay-color":"","overlay-opacity":"","overlay-gradient":""}},"ast-content-background-meta":{"desktop":{"background-color":"var(--ast-global-color-5)","background-image":"","background-repeat":"repeat","background-position":"center center","background-size":"auto","background-attachment":"scroll","background-type":"","background-media":"","overlay-type":"","overlay-color":"","overlay-opacity":"","overlay-gradient":""},"tablet":{"background-color":"var(--ast-global-color-5)","background-image":"","background-repeat":"repeat","background-position":"center center","background-size":"auto","background-attachment":"scroll","background-type":"","background-media":"","overlay-type":"","overlay-color":"","overlay-opacity":"","overlay-gradient":""},"mobile":{"background-color":"var(--ast-global-color-5)","background-image":"","background-repeat":"repeat","background-position":"center center","background-size":"auto","background-attachment":"scroll","background-type":"","background-media":"","overlay-type":"","overlay-color":"","overlay-opacity":"","overlay-gradient":""}}},"breedte":[],"design-oppervlakte":[351],"design-opstelling":[434],"design-optie":[363,409],"diepte":[],"oppervlakte":[],"opstelling":[],"optie":[],"pijler":[],"product_brand":[],"product_cat":[359,435,354,365,356,357,411,355],"product_tag":[],"class_list":{"0":"post-15335","1":"product","2":"type-product","3":"status-publish","4":"has-post-thumbnail","6":"design-oppervlakte-1-24-m2-es","7":"design-opstelling-stand-intermedio","8":"design-optie-escritorio","9":"design-optie-suelo-elevado","10":"product_cat-1-24-m2-es","11":"product_cat-clasificacion","12":"product_cat-diseno","13":"product_cat-escritorio","14":"product_cat-opciones","15":"product_cat-stand-de-exposicion-tipo","16":"product_cat-suelo-elevado","17":"product_cat-superficie","18":"desktop-align-left","19":"tablet-align-left","20":"mobile-align-left","22":"first","23":"instock","24":"shipping-taxable","25":"product-type-simple"},"acf":[],"_links":{"self":[{"href":"https:\/\/beurswand2026.webdeveloperz.nl\/es\/wp-json\/wp\/v2\/product\/15335","targetHints":{"allow":["GET"]}}],"collection":[{"href":"https:\/\/beurswand2026.webdeveloperz.nl\/es\/wp-json\/wp\/v2\/product"}],"about":[{"href":"https:\/\/beurswand2026.webdeveloperz.nl\/es\/wp-json\/wp\/v2\/types\/product"}],"replies":[{"embeddable":true,"href":"https:\/\/beurswand2026.webdeveloperz.nl\/es\/wp-json\/wp\/v2\/comments?post=15335"}],"version-history":[{"count":1,"href":"https:\/\/beurswand2026.webdeveloperz.nl\/es\/wp-json\/wp\/v2\/product\/15335\/revisions"}],"predecessor-version":[{"id":18623,"href":"https:\/\/beurswand2026.webdeveloperz.nl\/es\/wp-json\/wp\/v2\/product\/15335\/revisions\/18623"}],"wp:featuredmedia":[{"embeddable":true,"href":"https:\/\/beurswand2026.webdeveloperz.nl\/es\/wp-json\/wp\/v2\/media\/13998"}],"wp:attachment":[{"href":"https:\/\/beurswand2026.webdeveloperz.nl\/es\/wp-json\/wp\/v2\/media?parent=15335"}],"wp:term":[{"taxonomy":"breedte","embeddable":true,"href":"https:\/\/beurswand2026.webdeveloperz.nl\/es\/wp-json\/wp\/v2\/breedte?post=15335"},{"taxonomy":"design-oppervlakte","embeddable":true,"href":"https:\/\/beurswand2026.webdeveloperz.nl\/es\/wp-json\/wp\/v2\/design-oppervlakte?post=15335"},{"taxonomy":"design-opstelling","embeddable":true,"href":"https:\/\/beurswand2026.webdeveloperz.nl\/es\/wp-json\/wp\/v2\/design-opstelling?post=15335"},{"taxonomy":"design-optie","embeddable":true,"href":"https:\/\/beurswand2026.webdeveloperz.nl\/es\/wp-json\/wp\/v2\/design-optie?post=15335"},{"taxonomy":"diepte","embeddable":true,"href":"https:\/\/beurswand2026.webdeveloperz.nl\/es\/wp-json\/wp\/v2\/diepte?post=15335"},{"taxonomy":"oppervlakte","embeddable":true,"href":"https:\/\/beurswand2026.webdeveloperz.nl\/es\/wp-json\/wp\/v2\/oppervlakte?post=15335"},{"taxonomy":"opstelling","embeddable":true,"href":"https:\/\/beurswand2026.webdeveloperz.nl\/es\/wp-json\/wp\/v2\/opstelling?post=15335"},{"taxonomy":"optie","embeddable":true,"href":"https:\/\/beurswand2026.webdeveloperz.nl\/es\/wp-json\/wp\/v2\/optie?post=15335"},{"taxonomy":"pijler","embeddable":true,"href":"https:\/\/beurswand2026.webdeveloperz.nl\/es\/wp-json\/wp\/v2\/pijler?post=15335"},{"taxonomy":"product_brand","embeddable":true,"href":"https:\/\/beurswand2026.webdeveloperz.nl\/es\/wp-json\/wp\/v2\/product_brand?post=15335"},{"taxonomy":"product_cat","embeddable":true,"href":"https:\/\/beurswand2026.webdeveloperz.nl\/es\/wp-json\/wp\/v2\/product_cat?post=15335"},{"taxonomy":"product_tag","embeddable":true,"href":"https:\/\/beurswand2026.webdeveloperz.nl\/es\/wp-json\/wp\/v2\/product_tag?post=15335"}],"curies":[{"name":"wp","href":"https:\/\/api.w.org\/{rel}","templated":true}]}}