{"id":15315,"date":"2024-09-24T07:21:35","date_gmt":"2024-09-24T07:21:35","guid":{"rendered":"https:\/\/beurswand.nl\/product\/beursstand-design-131\/"},"modified":"2025-04-29T07:43:21","modified_gmt":"2025-04-29T07:43:21","slug":"beursstand-design-131","status":"publish","type":"product","link":"https:\/\/beurswand2026.webdeveloperz.nl\/es\/product\/beursstand-design-131\/","title":{"rendered":"Stand de feria Dise\u00f1o 131"},"content":{"rendered":"<p>El Stand de feria Design 131 ofrece una flexibilidad de dise\u00f1o total. Los usuarios pueden personalizar la forma, el tama\u00f1o y los elementos visuales para adaptarlos a sus necesidades espec\u00edficas. Este soporte tambi\u00e9n ofrece la opci\u00f3n de a\u00f1adir muebles, marcos LED, multimedia y paredes seg\u00fan sus preferencias. La estructura est\u00e1 dise\u00f1ada para stands a partir de 40 m\u00b2, con opciones de suelo elevado y despensa.<\/p>\n<p>Este Stand de feria es adecuado para empresas que desean presentar su marca de forma llamativa y \u00fanica en ferias comerciales. Los elementos personalizables permiten a cada cliente crear un stand acorde con su identidad de marca.<\/p>\n<p>Las empresas pueden utilizar stands de feria para presentar sus productos o servicios de forma clara y atractiva a sus clientes potenciales. El dise\u00f1o personalizable permite crear distintas zonas, como \u00e1reas de presentaci\u00f3n y de reuni\u00f3n, para ofrecer una experiencia \u00f3ptima al visitante.<\/p>\n","protected":false},"excerpt":{"rendered":"<p>El Stand de feria Design 131 ofrece una flexibilidad de dise\u00f1o total. Los usuarios pueden personalizar la forma, el tama\u00f1o y los elementos visuales para adaptarlos a sus necesidades espec\u00edficas. Este soporte tambi\u00e9n ofrece la opci\u00f3n de a\u00f1adir muebles, marcos LED, multimedia y paredes seg\u00fan sus preferencias. La estructura est\u00e1 dise\u00f1ada para stands a partir [&hellip;]<\/p>\n","protected":false},"featured_media":14193,"comment_status":"closed","ping_status":"open","template":"","meta":{"_acf_changed":false,"site-sidebar-layout":"default","site-content-layout":"","ast-site-content-layout":"default","site-content-style":"default","site-sidebar-style":"default","ast-global-header-display":"","ast-banner-title-visibility":"","ast-main-header-display":"","ast-hfb-above-header-display":"","ast-hfb-below-header-display":"","ast-hfb-mobile-header-display":"","site-post-title":"","ast-breadcrumbs-content":"","ast-featured-img":"","footer-sml-layout":"","ast-disable-related-posts":"","theme-transparent-header-meta":"","adv-header-id-meta":"","stick-header-meta":"","header-above-stick-meta":"","header-main-stick-meta":"","header-below-stick-meta":"","astra-migrate-meta-layouts":"default","ast-page-background-enabled":"default","ast-page-background-meta":{"desktop":{"background-color":"","background-image":"","background-repeat":"repeat","background-position":"center center","background-size":"auto","background-attachment":"scroll","background-type":"","background-media":"","overlay-type":"","overlay-color":"","overlay-opacity":"","overlay-gradient":""},"tablet":{"background-color":"","background-image":"","background-repeat":"repeat","background-position":"center center","background-size":"auto","background-attachment":"scroll","background-type":"","background-media":"","overlay-type":"","overlay-color":"","overlay-opacity":"","overlay-gradient":""},"mobile":{"background-color":"","background-image":"","background-repeat":"repeat","background-position":"center center","background-size":"auto","background-attachment":"scroll","background-type":"","background-media":"","overlay-type":"","overlay-color":"","overlay-opacity":"","overlay-gradient":""}},"ast-content-background-meta":{"desktop":{"background-color":"var(--ast-global-color-5)","background-image":"","background-repeat":"repeat","background-position":"center center","background-size":"auto","background-attachment":"scroll","background-type":"","background-media":"","overlay-type":"","overlay-color":"","overlay-opacity":"","overlay-gradient":""},"tablet":{"background-color":"var(--ast-global-color-5)","background-image":"","background-repeat":"repeat","background-position":"center center","background-size":"auto","background-attachment":"scroll","background-type":"","background-media":"","overlay-type":"","overlay-color":"","overlay-opacity":"","overlay-gradient":""},"mobile":{"background-color":"var(--ast-global-color-5)","background-image":"","background-repeat":"repeat","background-position":"center center","background-size":"auto","background-attachment":"scroll","background-type":"","background-media":"","overlay-type":"","overlay-color":"","overlay-opacity":"","overlay-gradient":""}}},"breedte":[],"design-oppervlakte":[428],"design-opstelling":[352],"design-optie":[363],"diepte":[],"oppervlakte":[],"opstelling":[],"optie":[],"pijler":[],"product_brand":[],"product_cat":[429,354,365,356,358,357,355],"product_tag":[],"class_list":{"0":"post-15315","1":"product","2":"type-product","3":"status-publish","4":"has-post-thumbnail","6":"design-oppervlakte-40-m2-y-mas","7":"design-opstelling-parada-de-cabeza","8":"design-optie-escritorio","9":"product_cat-40-m2-y-mas","10":"product_cat-diseno","11":"product_cat-escritorio","12":"product_cat-opciones","13":"product_cat-parada-de-cabeza","14":"product_cat-stand-de-exposicion-tipo","15":"product_cat-superficie","16":"desktop-align-left","17":"tablet-align-left","18":"mobile-align-left","20":"first","21":"instock","22":"shipping-taxable","23":"product-type-simple"},"acf":[],"_links":{"self":[{"href":"https:\/\/beurswand2026.webdeveloperz.nl\/es\/wp-json\/wp\/v2\/product\/15315","targetHints":{"allow":["GET"]}}],"collection":[{"href":"https:\/\/beurswand2026.webdeveloperz.nl\/es\/wp-json\/wp\/v2\/product"}],"about":[{"href":"https:\/\/beurswand2026.webdeveloperz.nl\/es\/wp-json\/wp\/v2\/types\/product"}],"replies":[{"embeddable":true,"href":"https:\/\/beurswand2026.webdeveloperz.nl\/es\/wp-json\/wp\/v2\/comments?post=15315"}],"version-history":[{"count":1,"href":"https:\/\/beurswand2026.webdeveloperz.nl\/es\/wp-json\/wp\/v2\/product\/15315\/revisions"}],"predecessor-version":[{"id":18561,"href":"https:\/\/beurswand2026.webdeveloperz.nl\/es\/wp-json\/wp\/v2\/product\/15315\/revisions\/18561"}],"wp:featuredmedia":[{"embeddable":true,"href":"https:\/\/beurswand2026.webdeveloperz.nl\/es\/wp-json\/wp\/v2\/media\/14193"}],"wp:attachment":[{"href":"https:\/\/beurswand2026.webdeveloperz.nl\/es\/wp-json\/wp\/v2\/media?parent=15315"}],"wp:term":[{"taxonomy":"breedte","embeddable":true,"href":"https:\/\/beurswand2026.webdeveloperz.nl\/es\/wp-json\/wp\/v2\/breedte?post=15315"},{"taxonomy":"design-oppervlakte","embeddable":true,"href":"https:\/\/beurswand2026.webdeveloperz.nl\/es\/wp-json\/wp\/v2\/design-oppervlakte?post=15315"},{"taxonomy":"design-opstelling","embeddable":true,"href":"https:\/\/beurswand2026.webdeveloperz.nl\/es\/wp-json\/wp\/v2\/design-opstelling?post=15315"},{"taxonomy":"design-optie","embeddable":true,"href":"https:\/\/beurswand2026.webdeveloperz.nl\/es\/wp-json\/wp\/v2\/design-optie?post=15315"},{"taxonomy":"diepte","embeddable":true,"href":"https:\/\/beurswand2026.webdeveloperz.nl\/es\/wp-json\/wp\/v2\/diepte?post=15315"},{"taxonomy":"oppervlakte","embeddable":true,"href":"https:\/\/beurswand2026.webdeveloperz.nl\/es\/wp-json\/wp\/v2\/oppervlakte?post=15315"},{"taxonomy":"opstelling","embeddable":true,"href":"https:\/\/beurswand2026.webdeveloperz.nl\/es\/wp-json\/wp\/v2\/opstelling?post=15315"},{"taxonomy":"optie","embeddable":true,"href":"https:\/\/beurswand2026.webdeveloperz.nl\/es\/wp-json\/wp\/v2\/optie?post=15315"},{"taxonomy":"pijler","embeddable":true,"href":"https:\/\/beurswand2026.webdeveloperz.nl\/es\/wp-json\/wp\/v2\/pijler?post=15315"},{"taxonomy":"product_brand","embeddable":true,"href":"https:\/\/beurswand2026.webdeveloperz.nl\/es\/wp-json\/wp\/v2\/product_brand?post=15315"},{"taxonomy":"product_cat","embeddable":true,"href":"https:\/\/beurswand2026.webdeveloperz.nl\/es\/wp-json\/wp\/v2\/product_cat?post=15315"},{"taxonomy":"product_tag","embeddable":true,"href":"https:\/\/beurswand2026.webdeveloperz.nl\/es\/wp-json\/wp\/v2\/product_tag?post=15315"}],"curies":[{"name":"wp","href":"https:\/\/api.w.org\/{rel}","templated":true}]}}