{"id":15278,"date":"2023-10-12T15:14:56","date_gmt":"2023-10-12T15:14:56","guid":{"rendered":"https:\/\/beurswand.nl\/product\/stand-de-exposicion-diseno-17\/"},"modified":"2025-04-29T07:49:50","modified_gmt":"2025-04-29T07:49:50","slug":"stand-de-exposicion-diseno-17","status":"publish","type":"product","link":"https:\/\/beurswand2026.webdeveloperz.nl\/es\/product\/stand-de-exposicion-diseno-17\/","title":{"rendered":"Stand de feria Dise\u00f1o 17"},"content":{"rendered":"<p><strong>Dise\u00f1o de Stand de feria 17: Grand &amp; Unique<\/strong><\/p>\n<p>\u00bfBusca un stand de feria que impresione? \u00a1Descubra el dise\u00f1o del Stand de feria 17! Con un generoso tama\u00f1o de m\u00e1s de 48 m2, tiene todo el espacio que necesita para mostrar sus productos y servicios. Este modelo es un tipo especial: la parada de cabeza. De este modo, ser\u00e1 visible desde tres lados, lo que maximizar\u00e1 su visibilidad y accesibilidad.<\/p>\n<p>Como extras, el Dise\u00f1o 17 ofrece un elegante arco que aporta un aspecto moderno y una pr\u00e1ctica despensa, perfecta para almacenar materiales o servir una taza de caf\u00e9 a posibles clientes.<\/p>\n<p>Eso s\u00ed, esto es s\u00f3lo un ejemplo. Estaremos encantados de adaptar el dise\u00f1o a sus necesidades y requisitos. \u00bfLe interesa? Solicite m\u00e1s informaci\u00f3n ahora utilizando el formulario de contacto que aparece a continuaci\u00f3n. Estaremos encantados de ayudarle a encontrar un stand a su medida.<\/p>\n","protected":false},"excerpt":{"rendered":"<p>Dise\u00f1o de Stand de feria 17: Grand &amp; Unique \u00bfBusca un stand de feria que impresione? \u00a1Descubra el dise\u00f1o del Stand de feria 17! Con un generoso tama\u00f1o de m\u00e1s de 48 m2, tiene todo el espacio que necesita para mostrar sus productos y servicios. Este modelo es un tipo especial: la parada de cabeza. [&hellip;]<\/p>\n","protected":false},"featured_media":10913,"comment_status":"closed","ping_status":"open","template":"","meta":{"_acf_changed":false,"site-sidebar-layout":"default","site-content-layout":"","ast-site-content-layout":"default","site-content-style":"default","site-sidebar-style":"default","ast-global-header-display":"","ast-banner-title-visibility":"","ast-main-header-display":"","ast-hfb-above-header-display":"","ast-hfb-below-header-display":"","ast-hfb-mobile-header-display":"","site-post-title":"","ast-breadcrumbs-content":"","ast-featured-img":"","footer-sml-layout":"","ast-disable-related-posts":"","theme-transparent-header-meta":"","adv-header-id-meta":"","stick-header-meta":"","header-above-stick-meta":"","header-main-stick-meta":"","header-below-stick-meta":"","astra-migrate-meta-layouts":"default","ast-page-background-enabled":"default","ast-page-background-meta":{"desktop":{"background-color":"","background-image":"","background-repeat":"repeat","background-position":"center center","background-size":"auto","background-attachment":"scroll","background-type":"","background-media":"","overlay-type":"","overlay-color":"","overlay-opacity":"","overlay-gradient":""},"tablet":{"background-color":"","background-image":"","background-repeat":"repeat","background-position":"center center","background-size":"auto","background-attachment":"scroll","background-type":"","background-media":"","overlay-type":"","overlay-color":"","overlay-opacity":"","overlay-gradient":""},"mobile":{"background-color":"","background-image":"","background-repeat":"repeat","background-position":"center center","background-size":"auto","background-attachment":"scroll","background-type":"","background-media":"","overlay-type":"","overlay-color":"","overlay-opacity":"","overlay-gradient":""}},"ast-content-background-meta":{"desktop":{"background-color":"var(--ast-global-color-5)","background-image":"","background-repeat":"repeat","background-position":"center center","background-size":"auto","background-attachment":"scroll","background-type":"","background-media":"","overlay-type":"","overlay-color":"","overlay-opacity":"","overlay-gradient":""},"tablet":{"background-color":"var(--ast-global-color-5)","background-image":"","background-repeat":"repeat","background-position":"center center","background-size":"auto","background-attachment":"scroll","background-type":"","background-media":"","overlay-type":"","overlay-color":"","overlay-opacity":"","overlay-gradient":""},"mobile":{"background-color":"var(--ast-global-color-5)","background-image":"","background-repeat":"repeat","background-position":"center center","background-size":"auto","background-attachment":"scroll","background-type":"","background-media":"","overlay-type":"","overlay-color":"","overlay-opacity":"","overlay-gradient":""}}},"breedte":[],"design-oppervlakte":[428],"design-opstelling":[352],"design-optie":[353,364],"diepte":[],"oppervlakte":[],"opstelling":[],"optie":[],"pijler":[],"product_brand":[],"product_cat":[429,360,366,354,356,358,357,355],"product_tag":[],"class_list":{"0":"post-15278","1":"product","2":"type-product","3":"status-publish","4":"has-post-thumbnail","6":"design-oppervlakte-40-m2-y-mas","7":"design-opstelling-parada-de-cabeza","8":"design-optie-arch","9":"design-optie-despensa","10":"product_cat-40-m2-y-mas","11":"product_cat-arch","12":"product_cat-despensa","13":"product_cat-diseno","14":"product_cat-opciones","15":"product_cat-parada-de-cabeza","16":"product_cat-stand-de-exposicion-tipo","17":"product_cat-superficie","18":"desktop-align-left","19":"tablet-align-left","20":"mobile-align-left","22":"first","23":"instock","24":"shipping-taxable","25":"product-type-simple"},"acf":[],"_links":{"self":[{"href":"https:\/\/beurswand2026.webdeveloperz.nl\/es\/wp-json\/wp\/v2\/product\/15278","targetHints":{"allow":["GET"]}}],"collection":[{"href":"https:\/\/beurswand2026.webdeveloperz.nl\/es\/wp-json\/wp\/v2\/product"}],"about":[{"href":"https:\/\/beurswand2026.webdeveloperz.nl\/es\/wp-json\/wp\/v2\/types\/product"}],"replies":[{"embeddable":true,"href":"https:\/\/beurswand2026.webdeveloperz.nl\/es\/wp-json\/wp\/v2\/comments?post=15278"}],"version-history":[{"count":1,"href":"https:\/\/beurswand2026.webdeveloperz.nl\/es\/wp-json\/wp\/v2\/product\/15278\/revisions"}],"predecessor-version":[{"id":18920,"href":"https:\/\/beurswand2026.webdeveloperz.nl\/es\/wp-json\/wp\/v2\/product\/15278\/revisions\/18920"}],"wp:featuredmedia":[{"embeddable":true,"href":"https:\/\/beurswand2026.webdeveloperz.nl\/es\/wp-json\/wp\/v2\/media\/10913"}],"wp:attachment":[{"href":"https:\/\/beurswand2026.webdeveloperz.nl\/es\/wp-json\/wp\/v2\/media?parent=15278"}],"wp:term":[{"taxonomy":"breedte","embeddable":true,"href":"https:\/\/beurswand2026.webdeveloperz.nl\/es\/wp-json\/wp\/v2\/breedte?post=15278"},{"taxonomy":"design-oppervlakte","embeddable":true,"href":"https:\/\/beurswand2026.webdeveloperz.nl\/es\/wp-json\/wp\/v2\/design-oppervlakte?post=15278"},{"taxonomy":"design-opstelling","embeddable":true,"href":"https:\/\/beurswand2026.webdeveloperz.nl\/es\/wp-json\/wp\/v2\/design-opstelling?post=15278"},{"taxonomy":"design-optie","embeddable":true,"href":"https:\/\/beurswand2026.webdeveloperz.nl\/es\/wp-json\/wp\/v2\/design-optie?post=15278"},{"taxonomy":"diepte","embeddable":true,"href":"https:\/\/beurswand2026.webdeveloperz.nl\/es\/wp-json\/wp\/v2\/diepte?post=15278"},{"taxonomy":"oppervlakte","embeddable":true,"href":"https:\/\/beurswand2026.webdeveloperz.nl\/es\/wp-json\/wp\/v2\/oppervlakte?post=15278"},{"taxonomy":"opstelling","embeddable":true,"href":"https:\/\/beurswand2026.webdeveloperz.nl\/es\/wp-json\/wp\/v2\/opstelling?post=15278"},{"taxonomy":"optie","embeddable":true,"href":"https:\/\/beurswand2026.webdeveloperz.nl\/es\/wp-json\/wp\/v2\/optie?post=15278"},{"taxonomy":"pijler","embeddable":true,"href":"https:\/\/beurswand2026.webdeveloperz.nl\/es\/wp-json\/wp\/v2\/pijler?post=15278"},{"taxonomy":"product_brand","embeddable":true,"href":"https:\/\/beurswand2026.webdeveloperz.nl\/es\/wp-json\/wp\/v2\/product_brand?post=15278"},{"taxonomy":"product_cat","embeddable":true,"href":"https:\/\/beurswand2026.webdeveloperz.nl\/es\/wp-json\/wp\/v2\/product_cat?post=15278"},{"taxonomy":"product_tag","embeddable":true,"href":"https:\/\/beurswand2026.webdeveloperz.nl\/es\/wp-json\/wp\/v2\/product_tag?post=15278"}],"curies":[{"name":"wp","href":"https:\/\/api.w.org\/{rel}","templated":true}]}}