{"id":15247,"date":"2023-10-15T07:26:16","date_gmt":"2023-10-15T07:26:16","guid":{"rendered":"https:\/\/beurswand.nl\/product\/beursstand-design-83\/"},"modified":"2025-04-29T07:45:52","modified_gmt":"2025-04-29T07:45:52","slug":"stand-de-exposicion-diseno-83","status":"publish","type":"product","link":"https:\/\/beurswand2026.webdeveloperz.nl\/es\/product\/stand-de-exposicion-diseno-83\/","title":{"rendered":"Stand de feria Dise\u00f1o 83"},"content":{"rendered":"<p><strong>Dise\u00f1o exclusivo de Stand de feria 83 \u2013 \u00a1Experimente la grandeza!<\/strong><\/p>\n<p>Presentamos nuestro nuevo dise\u00f1o de Stand de feria 83: \u00a1un precioso stand esquinero de m\u00e1s de 24 m\u00b2! Ideal para empresarios que realmente quieren destacar en su pr\u00f3ximo evento.<\/p>\n<p>Y a\u00fan hay m\u00e1s. Equipado con una despensa integrada, este soporte no s\u00f3lo ofrece atractivo visual, sino tambi\u00e9n funcionalidad. Sirva a sus clientes una bebida refrescante o presente sus productos con un toque extra.<\/p>\n<p>\u00bfSiente curiosidad por las posibilidades del dise\u00f1o de Stand de feria 83 para su marca? \u00bfO tiene en mente modificaciones espec\u00edficas para que este soporte se adapte a\u00fan m\u00e1s a sus necesidades? Este ejemplo es s\u00f3lo el principio. Estaremos encantados de ayudarle a hacer realidad su experiencia ferial perfecta.<\/p>\n<p>Insp\u00edrese y solicite m\u00e1s informaci\u00f3n directamente a trav\u00e9s del siguiente formulario de contacto. Esperamos causarle una impresi\u00f3n inolvidable.<\/p>\n","protected":false},"excerpt":{"rendered":"<p>Dise\u00f1o exclusivo de Stand de feria 83 \u2013 \u00a1Experimente la grandeza! Presentamos nuestro nuevo dise\u00f1o de Stand de feria 83: \u00a1un precioso stand esquinero de m\u00e1s de 24 m\u00b2! Ideal para empresarios que realmente quieren destacar en su pr\u00f3ximo evento. Y a\u00fan hay m\u00e1s. Equipado con una despensa integrada, este soporte no s\u00f3lo ofrece atractivo [&hellip;]<\/p>\n","protected":false},"featured_media":12005,"comment_status":"closed","ping_status":"open","template":"","meta":{"_acf_changed":false,"site-sidebar-layout":"default","site-content-layout":"","ast-site-content-layout":"default","site-content-style":"default","site-sidebar-style":"default","ast-global-header-display":"","ast-banner-title-visibility":"","ast-main-header-display":"","ast-hfb-above-header-display":"","ast-hfb-below-header-display":"","ast-hfb-mobile-header-display":"","site-post-title":"","ast-breadcrumbs-content":"","ast-featured-img":"","footer-sml-layout":"","ast-disable-related-posts":"","theme-transparent-header-meta":"","adv-header-id-meta":"","stick-header-meta":"","header-above-stick-meta":"","header-main-stick-meta":"","header-below-stick-meta":"","astra-migrate-meta-layouts":"default","ast-page-background-enabled":"default","ast-page-background-meta":{"desktop":{"background-color":"","background-image":"","background-repeat":"repeat","background-position":"center center","background-size":"auto","background-attachment":"scroll","background-type":"","background-media":"","overlay-type":"","overlay-color":"","overlay-opacity":"","overlay-gradient":""},"tablet":{"background-color":"","background-image":"","background-repeat":"repeat","background-position":"center center","background-size":"auto","background-attachment":"scroll","background-type":"","background-media":"","overlay-type":"","overlay-color":"","overlay-opacity":"","overlay-gradient":""},"mobile":{"background-color":"","background-image":"","background-repeat":"repeat","background-position":"center center","background-size":"auto","background-attachment":"scroll","background-type":"","background-media":"","overlay-type":"","overlay-color":"","overlay-opacity":"","overlay-gradient":""}},"ast-content-background-meta":{"desktop":{"background-color":"var(--ast-global-color-5)","background-image":"","background-repeat":"repeat","background-position":"center center","background-size":"auto","background-attachment":"scroll","background-type":"","background-media":"","overlay-type":"","overlay-color":"","overlay-opacity":"","overlay-gradient":""},"tablet":{"background-color":"var(--ast-global-color-5)","background-image":"","background-repeat":"repeat","background-position":"center center","background-size":"auto","background-attachment":"scroll","background-type":"","background-media":"","overlay-type":"","overlay-color":"","overlay-opacity":"","overlay-gradient":""},"mobile":{"background-color":"var(--ast-global-color-5)","background-image":"","background-repeat":"repeat","background-position":"center center","background-size":"auto","background-attachment":"scroll","background-type":"","background-media":"","overlay-type":"","overlay-color":"","overlay-opacity":"","overlay-gradient":""}}},"breedte":[],"design-oppervlakte":[351],"design-opstelling":[408],"design-optie":[364],"diepte":[],"oppervlakte":[],"opstelling":[],"optie":[],"pijler":[],"product_brand":[],"product_cat":[359,366,354,356,410,357,355],"product_tag":[],"class_list":{"0":"post-15247","1":"product","2":"type-product","3":"status-publish","4":"has-post-thumbnail","6":"design-oppervlakte-1-24-m2-es","7":"design-opstelling-soporte-esquinero","8":"design-optie-despensa","9":"product_cat-1-24-m2-es","10":"product_cat-despensa","11":"product_cat-diseno","12":"product_cat-opciones","13":"product_cat-soporte-esquinero","14":"product_cat-stand-de-exposicion-tipo","15":"product_cat-superficie","16":"desktop-align-left","17":"tablet-align-left","18":"mobile-align-left","20":"first","21":"instock","22":"shipping-taxable","23":"product-type-simple"},"acf":[],"_links":{"self":[{"href":"https:\/\/beurswand2026.webdeveloperz.nl\/es\/wp-json\/wp\/v2\/product\/15247","targetHints":{"allow":["GET"]}}],"collection":[{"href":"https:\/\/beurswand2026.webdeveloperz.nl\/es\/wp-json\/wp\/v2\/product"}],"about":[{"href":"https:\/\/beurswand2026.webdeveloperz.nl\/es\/wp-json\/wp\/v2\/types\/product"}],"replies":[{"embeddable":true,"href":"https:\/\/beurswand2026.webdeveloperz.nl\/es\/wp-json\/wp\/v2\/comments?post=15247"}],"version-history":[{"count":1,"href":"https:\/\/beurswand2026.webdeveloperz.nl\/es\/wp-json\/wp\/v2\/product\/15247\/revisions"}],"predecessor-version":[{"id":18700,"href":"https:\/\/beurswand2026.webdeveloperz.nl\/es\/wp-json\/wp\/v2\/product\/15247\/revisions\/18700"}],"wp:featuredmedia":[{"embeddable":true,"href":"https:\/\/beurswand2026.webdeveloperz.nl\/es\/wp-json\/wp\/v2\/media\/12005"}],"wp:attachment":[{"href":"https:\/\/beurswand2026.webdeveloperz.nl\/es\/wp-json\/wp\/v2\/media?parent=15247"}],"wp:term":[{"taxonomy":"breedte","embeddable":true,"href":"https:\/\/beurswand2026.webdeveloperz.nl\/es\/wp-json\/wp\/v2\/breedte?post=15247"},{"taxonomy":"design-oppervlakte","embeddable":true,"href":"https:\/\/beurswand2026.webdeveloperz.nl\/es\/wp-json\/wp\/v2\/design-oppervlakte?post=15247"},{"taxonomy":"design-opstelling","embeddable":true,"href":"https:\/\/beurswand2026.webdeveloperz.nl\/es\/wp-json\/wp\/v2\/design-opstelling?post=15247"},{"taxonomy":"design-optie","embeddable":true,"href":"https:\/\/beurswand2026.webdeveloperz.nl\/es\/wp-json\/wp\/v2\/design-optie?post=15247"},{"taxonomy":"diepte","embeddable":true,"href":"https:\/\/beurswand2026.webdeveloperz.nl\/es\/wp-json\/wp\/v2\/diepte?post=15247"},{"taxonomy":"oppervlakte","embeddable":true,"href":"https:\/\/beurswand2026.webdeveloperz.nl\/es\/wp-json\/wp\/v2\/oppervlakte?post=15247"},{"taxonomy":"opstelling","embeddable":true,"href":"https:\/\/beurswand2026.webdeveloperz.nl\/es\/wp-json\/wp\/v2\/opstelling?post=15247"},{"taxonomy":"optie","embeddable":true,"href":"https:\/\/beurswand2026.webdeveloperz.nl\/es\/wp-json\/wp\/v2\/optie?post=15247"},{"taxonomy":"pijler","embeddable":true,"href":"https:\/\/beurswand2026.webdeveloperz.nl\/es\/wp-json\/wp\/v2\/pijler?post=15247"},{"taxonomy":"product_brand","embeddable":true,"href":"https:\/\/beurswand2026.webdeveloperz.nl\/es\/wp-json\/wp\/v2\/product_brand?post=15247"},{"taxonomy":"product_cat","embeddable":true,"href":"https:\/\/beurswand2026.webdeveloperz.nl\/es\/wp-json\/wp\/v2\/product_cat?post=15247"},{"taxonomy":"product_tag","embeddable":true,"href":"https:\/\/beurswand2026.webdeveloperz.nl\/es\/wp-json\/wp\/v2\/product_tag?post=15247"}],"curies":[{"name":"wp","href":"https:\/\/api.w.org\/{rel}","templated":true}]}}