{"id":15207,"date":"2023-10-15T08:05:53","date_gmt":"2023-10-15T08:05:53","guid":{"rendered":"https:\/\/beurswand.nl\/product\/beursstand-design-101\/"},"modified":"2025-04-29T07:45:03","modified_gmt":"2025-04-29T07:45:03","slug":"stand-de-exposicion-diseno-101","status":"publish","type":"product","link":"https:\/\/beurswand2026.webdeveloperz.nl\/es\/product\/stand-de-exposicion-diseno-101\/","title":{"rendered":"Stand de feria Dise\u00f1o 101"},"content":{"rendered":"<p><strong>Dise\u00f1o de stands de feria 101: \u00a1su Pr\u00e9sentation perfecta!<\/strong><\/p>\n<p>Descubra nuestro \u00faltimo dise\u00f1o de Stand de feria: Dise\u00f1o de Stand de feria 101. Con una impresionante superficie de m\u00e1s de 66 m2, este stand ofrece el espacio perfecto para una presentaci\u00f3n de marca inolvidable. \u00bfRecibir a sus invitados en el elegante bar? Compru\u00e9balo. \u00bfMuestre su mensaje de forma radiante en una pared LED de alta tecnolog\u00eda? No hay problema. Desde una pr\u00e1ctica despensa para todas sus necesidades de catering, hasta elegantes estanter\u00edas para la exposici\u00f3n de productos y un robusto truss para la luz y el sonido: \u00a1hemos pensado en todo! Y para hacerlo a\u00fan m\u00e1s exclusivo, integramos un suelo elevado.<\/p>\n<p>Esto es s\u00f3lo un ejemplo de lo que es posible; personalizaremos cualquier dise\u00f1o a su gusto. \u00bfQuiere saber m\u00e1s? Solicite m\u00e1s informaci\u00f3n inmediatamente utilizando el formulario de contacto que aparece a continuaci\u00f3n. Convierta su pr\u00f3xima feria en un \u00e9xito inolvidable.<\/p>\n","protected":false},"excerpt":{"rendered":"<p>Dise\u00f1o de stands de feria 101: \u00a1su Pr\u00e9sentation perfecta! Descubra nuestro \u00faltimo dise\u00f1o de Stand de feria: Dise\u00f1o de Stand de feria 101. Con una impresionante superficie de m\u00e1s de 66 m2, este stand ofrece el espacio perfecto para una presentaci\u00f3n de marca inolvidable. \u00bfRecibir a sus invitados en el elegante bar? Compru\u00e9balo. \u00bfMuestre su [&hellip;]<\/p>\n","protected":false},"featured_media":12371,"comment_status":"closed","ping_status":"open","template":"","meta":{"_acf_changed":false,"site-sidebar-layout":"default","site-content-layout":"","ast-site-content-layout":"default","site-content-style":"default","site-sidebar-style":"default","ast-global-header-display":"","ast-banner-title-visibility":"","ast-main-header-display":"","ast-hfb-above-header-display":"","ast-hfb-below-header-display":"","ast-hfb-mobile-header-display":"","site-post-title":"","ast-breadcrumbs-content":"","ast-featured-img":"","footer-sml-layout":"","ast-disable-related-posts":"","theme-transparent-header-meta":"","adv-header-id-meta":"","stick-header-meta":"","header-above-stick-meta":"","header-main-stick-meta":"","header-below-stick-meta":"","astra-migrate-meta-layouts":"default","ast-page-background-enabled":"default","ast-page-background-meta":{"desktop":{"background-color":"","background-image":"","background-repeat":"repeat","background-position":"center center","background-size":"auto","background-attachment":"scroll","background-type":"","background-media":"","overlay-type":"","overlay-color":"","overlay-opacity":"","overlay-gradient":""},"tablet":{"background-color":"","background-image":"","background-repeat":"repeat","background-position":"center center","background-size":"auto","background-attachment":"scroll","background-type":"","background-media":"","overlay-type":"","overlay-color":"","overlay-opacity":"","overlay-gradient":""},"mobile":{"background-color":"","background-image":"","background-repeat":"repeat","background-position":"center center","background-size":"auto","background-attachment":"scroll","background-type":"","background-media":"","overlay-type":"","overlay-color":"","overlay-opacity":"","overlay-gradient":""}},"ast-content-background-meta":{"desktop":{"background-color":"var(--ast-global-color-5)","background-image":"","background-repeat":"repeat","background-position":"center center","background-size":"auto","background-attachment":"scroll","background-type":"","background-media":"","overlay-type":"","overlay-color":"","overlay-opacity":"","overlay-gradient":""},"tablet":{"background-color":"var(--ast-global-color-5)","background-image":"","background-repeat":"repeat","background-position":"center center","background-size":"auto","background-attachment":"scroll","background-type":"","background-media":"","overlay-type":"","overlay-color":"","overlay-opacity":"","overlay-gradient":""},"mobile":{"background-color":"var(--ast-global-color-5)","background-image":"","background-repeat":"repeat","background-position":"center center","background-size":"auto","background-attachment":"scroll","background-type":"","background-media":"","overlay-type":"","overlay-color":"","overlay-opacity":"","overlay-gradient":""}}},"breedte":[],"design-oppervlakte":[428],"design-opstelling":[469],"design-optie":[445,364,465,412,470,409,444],"diepte":[],"oppervlakte":[],"opstelling":[],"optie":[],"pijler":[],"product_brand":[],"product_cat":[429,447,366,354,466,356,413,357,471,411,355,446],"product_tag":[],"class_list":{"0":"post-15207","1":"product","2":"type-product","3":"status-publish","4":"has-post-thumbnail","6":"design-oppervlakte-40-m2-y-mas","7":"design-opstelling-stand-en-isla","8":"design-optie-bar-es","9":"design-optie-despensa","10":"design-optie-estanterias","11":"design-optie-pared-led","12":"design-optie-stand-en-isla","13":"design-optie-suelo-elevado","14":"design-optie-truss-es","15":"product_cat-40-m2-y-mas","16":"product_cat-bar-es","17":"product_cat-despensa","18":"product_cat-diseno","19":"product_cat-estanterias","20":"product_cat-opciones","21":"product_cat-pared-led","22":"product_cat-stand-de-exposicion-tipo","23":"product_cat-stand-en-isla","24":"product_cat-suelo-elevado","25":"product_cat-superficie","26":"product_cat-truss-es","27":"desktop-align-left","28":"tablet-align-left","29":"mobile-align-left","31":"first","32":"instock","33":"shipping-taxable","34":"product-type-simple"},"acf":[],"_links":{"self":[{"href":"https:\/\/beurswand2026.webdeveloperz.nl\/es\/wp-json\/wp\/v2\/product\/15207","targetHints":{"allow":["GET"]}}],"collection":[{"href":"https:\/\/beurswand2026.webdeveloperz.nl\/es\/wp-json\/wp\/v2\/product"}],"about":[{"href":"https:\/\/beurswand2026.webdeveloperz.nl\/es\/wp-json\/wp\/v2\/types\/product"}],"replies":[{"embeddable":true,"href":"https:\/\/beurswand2026.webdeveloperz.nl\/es\/wp-json\/wp\/v2\/comments?post=15207"}],"version-history":[{"count":1,"href":"https:\/\/beurswand2026.webdeveloperz.nl\/es\/wp-json\/wp\/v2\/product\/15207\/revisions"}],"predecessor-version":[{"id":18668,"href":"https:\/\/beurswand2026.webdeveloperz.nl\/es\/wp-json\/wp\/v2\/product\/15207\/revisions\/18668"}],"wp:featuredmedia":[{"embeddable":true,"href":"https:\/\/beurswand2026.webdeveloperz.nl\/es\/wp-json\/wp\/v2\/media\/12371"}],"wp:attachment":[{"href":"https:\/\/beurswand2026.webdeveloperz.nl\/es\/wp-json\/wp\/v2\/media?parent=15207"}],"wp:term":[{"taxonomy":"breedte","embeddable":true,"href":"https:\/\/beurswand2026.webdeveloperz.nl\/es\/wp-json\/wp\/v2\/breedte?post=15207"},{"taxonomy":"design-oppervlakte","embeddable":true,"href":"https:\/\/beurswand2026.webdeveloperz.nl\/es\/wp-json\/wp\/v2\/design-oppervlakte?post=15207"},{"taxonomy":"design-opstelling","embeddable":true,"href":"https:\/\/beurswand2026.webdeveloperz.nl\/es\/wp-json\/wp\/v2\/design-opstelling?post=15207"},{"taxonomy":"design-optie","embeddable":true,"href":"https:\/\/beurswand2026.webdeveloperz.nl\/es\/wp-json\/wp\/v2\/design-optie?post=15207"},{"taxonomy":"diepte","embeddable":true,"href":"https:\/\/beurswand2026.webdeveloperz.nl\/es\/wp-json\/wp\/v2\/diepte?post=15207"},{"taxonomy":"oppervlakte","embeddable":true,"href":"https:\/\/beurswand2026.webdeveloperz.nl\/es\/wp-json\/wp\/v2\/oppervlakte?post=15207"},{"taxonomy":"opstelling","embeddable":true,"href":"https:\/\/beurswand2026.webdeveloperz.nl\/es\/wp-json\/wp\/v2\/opstelling?post=15207"},{"taxonomy":"optie","embeddable":true,"href":"https:\/\/beurswand2026.webdeveloperz.nl\/es\/wp-json\/wp\/v2\/optie?post=15207"},{"taxonomy":"pijler","embeddable":true,"href":"https:\/\/beurswand2026.webdeveloperz.nl\/es\/wp-json\/wp\/v2\/pijler?post=15207"},{"taxonomy":"product_brand","embeddable":true,"href":"https:\/\/beurswand2026.webdeveloperz.nl\/es\/wp-json\/wp\/v2\/product_brand?post=15207"},{"taxonomy":"product_cat","embeddable":true,"href":"https:\/\/beurswand2026.webdeveloperz.nl\/es\/wp-json\/wp\/v2\/product_cat?post=15207"},{"taxonomy":"product_tag","embeddable":true,"href":"https:\/\/beurswand2026.webdeveloperz.nl\/es\/wp-json\/wp\/v2\/product_tag?post=15207"}],"curies":[{"name":"wp","href":"https:\/\/api.w.org\/{rel}","templated":true}]}}