{"id":15188,"date":"2023-10-15T08:13:35","date_gmt":"2023-10-15T08:13:35","guid":{"rendered":"https:\/\/beurswand.nl\/product\/beursstand-design-106\/"},"modified":"2025-04-29T07:44:31","modified_gmt":"2025-04-29T07:44:31","slug":"stand-de-exposicion-diseno-106","status":"publish","type":"product","link":"https:\/\/beurswand2026.webdeveloperz.nl\/es\/product\/stand-de-exposicion-diseno-106\/","title":{"rendered":"Stand de feria Dise\u00f1o 106"},"content":{"rendered":"<p><strong>Dise\u00f1o exclusivo del Stand de feria 106: \u00a1Su marca en el punto de mira!<\/strong><\/p>\n<p>\u00bfBusca una forma \u00fanica y llamativa de presentar su empresa? Nuestro \u00faltimo dise\u00f1o de Stand de feria 106 es justo lo que necesita. Con un impresionante tama\u00f1o de m\u00e1s de 60 m2 y un dise\u00f1o de stand de cabecera estrat\u00e9gico, su stand ser\u00e1 el centro de todas las miradas en cualquier feria comercial.<\/p>\n<p>Disfruta de opciones de lujo como una elegante barra para dar la bienvenida a tus invitados, una impresionante pared de LED que da vida a tus im\u00e1genes, una c\u00f3moda despensa para tus necesidades de catering, un sistema de truss para iluminaci\u00f3n o expositores adicionales y un suelo elevado que acent\u00faa a\u00fan m\u00e1s tu presencia.<\/p>\n<p>Este es s\u00f3lo un ejemplo; todos nuestros stands son totalmente personalizables seg\u00fan sus necesidades. \u00bfEst\u00e1 interesado y desea m\u00e1s informaci\u00f3n o un dise\u00f1o personalizado? Rellene el siguiente formulario de contacto.   Estaremos encantados de ayudarle.<\/p>\n","protected":false},"excerpt":{"rendered":"<p>Dise\u00f1o exclusivo del Stand de feria 106: \u00a1Su marca en el punto de mira! \u00bfBusca una forma \u00fanica y llamativa de presentar su empresa? Nuestro \u00faltimo dise\u00f1o de Stand de feria 106 es justo lo que necesita. Con un impresionante tama\u00f1o de m\u00e1s de 60 m2 y un dise\u00f1o de stand de cabecera estrat\u00e9gico, su [&hellip;]<\/p>\n","protected":false},"featured_media":12491,"comment_status":"closed","ping_status":"open","template":"","meta":{"_acf_changed":false,"site-sidebar-layout":"default","site-content-layout":"","ast-site-content-layout":"default","site-content-style":"default","site-sidebar-style":"default","ast-global-header-display":"","ast-banner-title-visibility":"","ast-main-header-display":"","ast-hfb-above-header-display":"","ast-hfb-below-header-display":"","ast-hfb-mobile-header-display":"","site-post-title":"","ast-breadcrumbs-content":"","ast-featured-img":"","footer-sml-layout":"","ast-disable-related-posts":"","theme-transparent-header-meta":"","adv-header-id-meta":"","stick-header-meta":"","header-above-stick-meta":"","header-main-stick-meta":"","header-below-stick-meta":"","astra-migrate-meta-layouts":"default","ast-page-background-enabled":"default","ast-page-background-meta":{"desktop":{"background-color":"","background-image":"","background-repeat":"repeat","background-position":"center center","background-size":"auto","background-attachment":"scroll","background-type":"","background-media":"","overlay-type":"","overlay-color":"","overlay-opacity":"","overlay-gradient":""},"tablet":{"background-color":"","background-image":"","background-repeat":"repeat","background-position":"center center","background-size":"auto","background-attachment":"scroll","background-type":"","background-media":"","overlay-type":"","overlay-color":"","overlay-opacity":"","overlay-gradient":""},"mobile":{"background-color":"","background-image":"","background-repeat":"repeat","background-position":"center center","background-size":"auto","background-attachment":"scroll","background-type":"","background-media":"","overlay-type":"","overlay-color":"","overlay-opacity":"","overlay-gradient":""}},"ast-content-background-meta":{"desktop":{"background-color":"var(--ast-global-color-5)","background-image":"","background-repeat":"repeat","background-position":"center center","background-size":"auto","background-attachment":"scroll","background-type":"","background-media":"","overlay-type":"","overlay-color":"","overlay-opacity":"","overlay-gradient":""},"tablet":{"background-color":"var(--ast-global-color-5)","background-image":"","background-repeat":"repeat","background-position":"center center","background-size":"auto","background-attachment":"scroll","background-type":"","background-media":"","overlay-type":"","overlay-color":"","overlay-opacity":"","overlay-gradient":""},"mobile":{"background-color":"var(--ast-global-color-5)","background-image":"","background-repeat":"repeat","background-position":"center center","background-size":"auto","background-attachment":"scroll","background-type":"","background-media":"","overlay-type":"","overlay-color":"","overlay-opacity":"","overlay-gradient":""}}},"breedte":[],"design-oppervlakte":[428],"design-opstelling":[352],"design-optie":[445,364,412,409,444],"diepte":[],"oppervlakte":[],"opstelling":[],"optie":[],"pijler":[],"product_brand":[],"product_cat":[429,447,366,354,356,358,413,357,411,355,446],"product_tag":[],"class_list":{"0":"post-15188","1":"product","2":"type-product","3":"status-publish","4":"has-post-thumbnail","6":"design-oppervlakte-40-m2-y-mas","7":"design-opstelling-parada-de-cabeza","8":"design-optie-bar-es","9":"design-optie-despensa","10":"design-optie-pared-led","11":"design-optie-suelo-elevado","12":"design-optie-truss-es","13":"product_cat-40-m2-y-mas","14":"product_cat-bar-es","15":"product_cat-despensa","16":"product_cat-diseno","17":"product_cat-opciones","18":"product_cat-parada-de-cabeza","19":"product_cat-pared-led","20":"product_cat-stand-de-exposicion-tipo","21":"product_cat-suelo-elevado","22":"product_cat-superficie","23":"product_cat-truss-es","24":"desktop-align-left","25":"tablet-align-left","26":"mobile-align-left","28":"first","29":"instock","30":"shipping-taxable","31":"product-type-simple"},"acf":[],"_links":{"self":[{"href":"https:\/\/beurswand2026.webdeveloperz.nl\/es\/wp-json\/wp\/v2\/product\/15188","targetHints":{"allow":["GET"]}}],"collection":[{"href":"https:\/\/beurswand2026.webdeveloperz.nl\/es\/wp-json\/wp\/v2\/product"}],"about":[{"href":"https:\/\/beurswand2026.webdeveloperz.nl\/es\/wp-json\/wp\/v2\/types\/product"}],"replies":[{"embeddable":true,"href":"https:\/\/beurswand2026.webdeveloperz.nl\/es\/wp-json\/wp\/v2\/comments?post=15188"}],"version-history":[{"count":1,"href":"https:\/\/beurswand2026.webdeveloperz.nl\/es\/wp-json\/wp\/v2\/product\/15188\/revisions"}],"predecessor-version":[{"id":18633,"href":"https:\/\/beurswand2026.webdeveloperz.nl\/es\/wp-json\/wp\/v2\/product\/15188\/revisions\/18633"}],"wp:featuredmedia":[{"embeddable":true,"href":"https:\/\/beurswand2026.webdeveloperz.nl\/es\/wp-json\/wp\/v2\/media\/12491"}],"wp:attachment":[{"href":"https:\/\/beurswand2026.webdeveloperz.nl\/es\/wp-json\/wp\/v2\/media?parent=15188"}],"wp:term":[{"taxonomy":"breedte","embeddable":true,"href":"https:\/\/beurswand2026.webdeveloperz.nl\/es\/wp-json\/wp\/v2\/breedte?post=15188"},{"taxonomy":"design-oppervlakte","embeddable":true,"href":"https:\/\/beurswand2026.webdeveloperz.nl\/es\/wp-json\/wp\/v2\/design-oppervlakte?post=15188"},{"taxonomy":"design-opstelling","embeddable":true,"href":"https:\/\/beurswand2026.webdeveloperz.nl\/es\/wp-json\/wp\/v2\/design-opstelling?post=15188"},{"taxonomy":"design-optie","embeddable":true,"href":"https:\/\/beurswand2026.webdeveloperz.nl\/es\/wp-json\/wp\/v2\/design-optie?post=15188"},{"taxonomy":"diepte","embeddable":true,"href":"https:\/\/beurswand2026.webdeveloperz.nl\/es\/wp-json\/wp\/v2\/diepte?post=15188"},{"taxonomy":"oppervlakte","embeddable":true,"href":"https:\/\/beurswand2026.webdeveloperz.nl\/es\/wp-json\/wp\/v2\/oppervlakte?post=15188"},{"taxonomy":"opstelling","embeddable":true,"href":"https:\/\/beurswand2026.webdeveloperz.nl\/es\/wp-json\/wp\/v2\/opstelling?post=15188"},{"taxonomy":"optie","embeddable":true,"href":"https:\/\/beurswand2026.webdeveloperz.nl\/es\/wp-json\/wp\/v2\/optie?post=15188"},{"taxonomy":"pijler","embeddable":true,"href":"https:\/\/beurswand2026.webdeveloperz.nl\/es\/wp-json\/wp\/v2\/pijler?post=15188"},{"taxonomy":"product_brand","embeddable":true,"href":"https:\/\/beurswand2026.webdeveloperz.nl\/es\/wp-json\/wp\/v2\/product_brand?post=15188"},{"taxonomy":"product_cat","embeddable":true,"href":"https:\/\/beurswand2026.webdeveloperz.nl\/es\/wp-json\/wp\/v2\/product_cat?post=15188"},{"taxonomy":"product_tag","embeddable":true,"href":"https:\/\/beurswand2026.webdeveloperz.nl\/es\/wp-json\/wp\/v2\/product_tag?post=15188"}],"curies":[{"name":"wp","href":"https:\/\/api.w.org\/{rel}","templated":true}]}}