{"id":15174,"date":"2023-10-15T08:15:47","date_gmt":"2023-10-15T08:15:47","guid":{"rendered":"https:\/\/beurswand.nl\/product\/beursstand-design-109\/"},"modified":"2025-04-29T07:44:36","modified_gmt":"2025-04-29T07:44:36","slug":"stand-de-exposicion-diseno-109","status":"publish","type":"product","link":"https:\/\/beurswand2026.webdeveloperz.nl\/es\/product\/stand-de-exposicion-diseno-109\/","title":{"rendered":"Stand de feria Dise\u00f1o 109"},"content":{"rendered":"<p><strong>Stand de feria Dise\u00f1o 109: Space &amp; Prestige<\/strong><\/p>\n<p>Entre en el mundo de la presentaci\u00f3n ferial sin igual con nuestro dise\u00f1o de Stand de feria 109. Con un generoso tama\u00f1o de m\u00e1s de 28 m2, este cabecero no s\u00f3lo ofrece una impresionante visibilidad desde tres lados, sino tambi\u00e9n espacio suficiente para presentar su marca como se merece.<\/p>\n<p>Tanto si desea establecer contactos, celebrar el lanzamiento de un producto o simplemente destacar, el mostrador integrado ofrece el lugar perfecto para la interacci\u00f3n. \u00bfY usted o su equipo necesitan un momento intermedio? La despensa integrada aporta ese toque de comodidad durante los ajetreados d\u00edas de exposici\u00f3n.<\/p>\n<p>Este dise\u00f1o es s\u00f3lo un ejemplo; juntos lo adaptaremos a sus necesidades. \u00bfSiente curiosidad por las infinitas posibilidades? Solicite m\u00e1s informaci\u00f3n a trav\u00e9s del siguiente formulario de contacto y descubra c\u00f3mo el dise\u00f1o del Stand de feria 109 llevar\u00e1 su pr\u00f3ximo \u00c9v\u00e9nement al siguiente nivel.<\/p>\n","protected":false},"excerpt":{"rendered":"<p>Stand de feria Dise\u00f1o 109: Space &amp; Prestige Entre en el mundo de la presentaci\u00f3n ferial sin igual con nuestro dise\u00f1o de Stand de feria 109. Con un generoso tama\u00f1o de m\u00e1s de 28 m2, este cabecero no s\u00f3lo ofrece una impresionante visibilidad desde tres lados, sino tambi\u00e9n espacio suficiente para presentar su marca como [&hellip;]<\/p>\n","protected":false},"featured_media":12557,"comment_status":"closed","ping_status":"open","template":"","meta":{"_acf_changed":false,"site-sidebar-layout":"default","site-content-layout":"","ast-site-content-layout":"default","site-content-style":"default","site-sidebar-style":"default","ast-global-header-display":"","ast-banner-title-visibility":"","ast-main-header-display":"","ast-hfb-above-header-display":"","ast-hfb-below-header-display":"","ast-hfb-mobile-header-display":"","site-post-title":"","ast-breadcrumbs-content":"","ast-featured-img":"","footer-sml-layout":"","ast-disable-related-posts":"","theme-transparent-header-meta":"","adv-header-id-meta":"","stick-header-meta":"","header-above-stick-meta":"","header-main-stick-meta":"","header-below-stick-meta":"","astra-migrate-meta-layouts":"default","ast-page-background-enabled":"default","ast-page-background-meta":{"desktop":{"background-color":"","background-image":"","background-repeat":"repeat","background-position":"center center","background-size":"auto","background-attachment":"scroll","background-type":"","background-media":"","overlay-type":"","overlay-color":"","overlay-opacity":"","overlay-gradient":""},"tablet":{"background-color":"","background-image":"","background-repeat":"repeat","background-position":"center center","background-size":"auto","background-attachment":"scroll","background-type":"","background-media":"","overlay-type":"","overlay-color":"","overlay-opacity":"","overlay-gradient":""},"mobile":{"background-color":"","background-image":"","background-repeat":"repeat","background-position":"center center","background-size":"auto","background-attachment":"scroll","background-type":"","background-media":"","overlay-type":"","overlay-color":"","overlay-opacity":"","overlay-gradient":""}},"ast-content-background-meta":{"desktop":{"background-color":"var(--ast-global-color-5)","background-image":"","background-repeat":"repeat","background-position":"center center","background-size":"auto","background-attachment":"scroll","background-type":"","background-media":"","overlay-type":"","overlay-color":"","overlay-opacity":"","overlay-gradient":""},"tablet":{"background-color":"var(--ast-global-color-5)","background-image":"","background-repeat":"repeat","background-position":"center center","background-size":"auto","background-attachment":"scroll","background-type":"","background-media":"","overlay-type":"","overlay-color":"","overlay-opacity":"","overlay-gradient":""},"mobile":{"background-color":"var(--ast-global-color-5)","background-image":"","background-repeat":"repeat","background-position":"center center","background-size":"auto","background-attachment":"scroll","background-type":"","background-media":"","overlay-type":"","overlay-color":"","overlay-opacity":"","overlay-gradient":""}}},"breedte":[],"design-oppervlakte":[362],"design-opstelling":[352],"design-optie":[364,363],"diepte":[],"oppervlakte":[],"opstelling":[],"optie":[],"pijler":[],"product_brand":[],"product_cat":[367,366,354,365,356,358,357,355],"product_tag":[],"class_list":{"0":"post-15174","1":"product","2":"type-product","3":"status-publish","4":"has-post-thumbnail","6":"design-oppervlakte-25-40-m2-es","7":"design-opstelling-parada-de-cabeza","8":"design-optie-despensa","9":"design-optie-escritorio","10":"product_cat-25-40-m2-es","11":"product_cat-despensa","12":"product_cat-diseno","13":"product_cat-escritorio","14":"product_cat-opciones","15":"product_cat-parada-de-cabeza","16":"product_cat-stand-de-exposicion-tipo","17":"product_cat-superficie","18":"desktop-align-left","19":"tablet-align-left","20":"mobile-align-left","22":"first","23":"instock","24":"shipping-taxable","25":"product-type-simple"},"acf":[],"_links":{"self":[{"href":"https:\/\/beurswand2026.webdeveloperz.nl\/es\/wp-json\/wp\/v2\/product\/15174","targetHints":{"allow":["GET"]}}],"collection":[{"href":"https:\/\/beurswand2026.webdeveloperz.nl\/es\/wp-json\/wp\/v2\/product"}],"about":[{"href":"https:\/\/beurswand2026.webdeveloperz.nl\/es\/wp-json\/wp\/v2\/types\/product"}],"replies":[{"embeddable":true,"href":"https:\/\/beurswand2026.webdeveloperz.nl\/es\/wp-json\/wp\/v2\/comments?post=15174"}],"version-history":[{"count":1,"href":"https:\/\/beurswand2026.webdeveloperz.nl\/es\/wp-json\/wp\/v2\/product\/15174\/revisions"}],"predecessor-version":[{"id":18642,"href":"https:\/\/beurswand2026.webdeveloperz.nl\/es\/wp-json\/wp\/v2\/product\/15174\/revisions\/18642"}],"wp:featuredmedia":[{"embeddable":true,"href":"https:\/\/beurswand2026.webdeveloperz.nl\/es\/wp-json\/wp\/v2\/media\/12557"}],"wp:attachment":[{"href":"https:\/\/beurswand2026.webdeveloperz.nl\/es\/wp-json\/wp\/v2\/media?parent=15174"}],"wp:term":[{"taxonomy":"breedte","embeddable":true,"href":"https:\/\/beurswand2026.webdeveloperz.nl\/es\/wp-json\/wp\/v2\/breedte?post=15174"},{"taxonomy":"design-oppervlakte","embeddable":true,"href":"https:\/\/beurswand2026.webdeveloperz.nl\/es\/wp-json\/wp\/v2\/design-oppervlakte?post=15174"},{"taxonomy":"design-opstelling","embeddable":true,"href":"https:\/\/beurswand2026.webdeveloperz.nl\/es\/wp-json\/wp\/v2\/design-opstelling?post=15174"},{"taxonomy":"design-optie","embeddable":true,"href":"https:\/\/beurswand2026.webdeveloperz.nl\/es\/wp-json\/wp\/v2\/design-optie?post=15174"},{"taxonomy":"diepte","embeddable":true,"href":"https:\/\/beurswand2026.webdeveloperz.nl\/es\/wp-json\/wp\/v2\/diepte?post=15174"},{"taxonomy":"oppervlakte","embeddable":true,"href":"https:\/\/beurswand2026.webdeveloperz.nl\/es\/wp-json\/wp\/v2\/oppervlakte?post=15174"},{"taxonomy":"opstelling","embeddable":true,"href":"https:\/\/beurswand2026.webdeveloperz.nl\/es\/wp-json\/wp\/v2\/opstelling?post=15174"},{"taxonomy":"optie","embeddable":true,"href":"https:\/\/beurswand2026.webdeveloperz.nl\/es\/wp-json\/wp\/v2\/optie?post=15174"},{"taxonomy":"pijler","embeddable":true,"href":"https:\/\/beurswand2026.webdeveloperz.nl\/es\/wp-json\/wp\/v2\/pijler?post=15174"},{"taxonomy":"product_brand","embeddable":true,"href":"https:\/\/beurswand2026.webdeveloperz.nl\/es\/wp-json\/wp\/v2\/product_brand?post=15174"},{"taxonomy":"product_cat","embeddable":true,"href":"https:\/\/beurswand2026.webdeveloperz.nl\/es\/wp-json\/wp\/v2\/product_cat?post=15174"},{"taxonomy":"product_tag","embeddable":true,"href":"https:\/\/beurswand2026.webdeveloperz.nl\/es\/wp-json\/wp\/v2\/product_tag?post=15174"}],"curies":[{"name":"wp","href":"https:\/\/api.w.org\/{rel}","templated":true}]}}