{"id":15084,"date":"2023-10-15T18:39:27","date_gmt":"2023-10-15T18:39:27","guid":{"rendered":"https:\/\/beurswand.nl\/product\/beursstand-design-114\/"},"modified":"2025-04-29T07:43:56","modified_gmt":"2025-04-29T07:43:56","slug":"stand-de-exposicion-diseno-114","status":"publish","type":"product","link":"https:\/\/beurswand2026.webdeveloperz.nl\/es\/product\/stand-de-exposicion-diseno-114\/","title":{"rendered":"Stand de feria Dise\u00f1o 114"},"content":{"rendered":"<p><strong>Novedad Stand de feria Dise\u00f1o 114: El ojo de la excelencia<\/strong><\/p>\n<p>Entre en la siguiente dimensi\u00f3n de la Pr\u00e9sentation empresarial con nuestra \u00faltima incorporaci\u00f3n: Dise\u00f1o de Stand de feria 114. Perfecto para esos lugares destacados de esquina con un generoso tama\u00f1o de m\u00e1s de 16 m2. Esta cabina no es un montaje est\u00e1ndar.<\/p>\n<ul>\n<li><strong>Stand esquinero estrat\u00e9gico<\/strong>: Maximiza la visibilidad y atrae a clientes potenciales desde cualquier direcci\u00f3n.<\/li>\n<li><strong>Impresionante Pared LED<\/strong>: Deja que tu marca brille y crea un impacto visual inolvidable.<\/li>\n<li><strong>Pr\u00e1ctico escritorio<\/strong>: Presenta tus productos o mant\u00e9n conversaciones con estilo.<\/li>\n<li><strong>Suelo elevado<\/strong>: A\u00f1ade un toque de clase y destaca sobre los dem\u00e1s.<\/li>\n<li><strong>Pr\u00e1ctica despensa<\/strong>: ideal para guardar material promocional o servir refrescos.<\/li>\n<\/ul>\n<p>\u00bfTe interesa? Esto es s\u00f3lo un ejemplo. Podemos personalizar cada aspecto para adaptarlo a sus necesidades. Solicite ahora m\u00e1s informaci\u00f3n a trav\u00e9s de nuestro formulario de contacto y cause la impresi\u00f3n que se merece. <\/p>\n","protected":false},"excerpt":{"rendered":"<p>Novedad Stand de feria Dise\u00f1o 114: El ojo de la excelencia Entre en la siguiente dimensi\u00f3n de la Pr\u00e9sentation empresarial con nuestra \u00faltima incorporaci\u00f3n: Dise\u00f1o de Stand de feria 114. Perfecto para esos lugares destacados de esquina con un generoso tama\u00f1o de m\u00e1s de 16 m2. Esta cabina no es un montaje est\u00e1ndar. Stand esquinero [&hellip;]<\/p>\n","protected":false},"featured_media":12662,"comment_status":"closed","ping_status":"open","template":"","meta":{"_acf_changed":false,"site-sidebar-layout":"default","site-content-layout":"","ast-site-content-layout":"default","site-content-style":"default","site-sidebar-style":"default","ast-global-header-display":"","ast-banner-title-visibility":"","ast-main-header-display":"","ast-hfb-above-header-display":"","ast-hfb-below-header-display":"","ast-hfb-mobile-header-display":"","site-post-title":"","ast-breadcrumbs-content":"","ast-featured-img":"","footer-sml-layout":"","ast-disable-related-posts":"","theme-transparent-header-meta":"","adv-header-id-meta":"","stick-header-meta":"","header-above-stick-meta":"","header-main-stick-meta":"","header-below-stick-meta":"","astra-migrate-meta-layouts":"default","ast-page-background-enabled":"default","ast-page-background-meta":{"desktop":{"background-color":"","background-image":"","background-repeat":"repeat","background-position":"center center","background-size":"auto","background-attachment":"scroll","background-type":"","background-media":"","overlay-type":"","overlay-color":"","overlay-opacity":"","overlay-gradient":""},"tablet":{"background-color":"","background-image":"","background-repeat":"repeat","background-position":"center center","background-size":"auto","background-attachment":"scroll","background-type":"","background-media":"","overlay-type":"","overlay-color":"","overlay-opacity":"","overlay-gradient":""},"mobile":{"background-color":"","background-image":"","background-repeat":"repeat","background-position":"center center","background-size":"auto","background-attachment":"scroll","background-type":"","background-media":"","overlay-type":"","overlay-color":"","overlay-opacity":"","overlay-gradient":""}},"ast-content-background-meta":{"desktop":{"background-color":"var(--ast-global-color-5)","background-image":"","background-repeat":"repeat","background-position":"center center","background-size":"auto","background-attachment":"scroll","background-type":"","background-media":"","overlay-type":"","overlay-color":"","overlay-opacity":"","overlay-gradient":""},"tablet":{"background-color":"var(--ast-global-color-5)","background-image":"","background-repeat":"repeat","background-position":"center center","background-size":"auto","background-attachment":"scroll","background-type":"","background-media":"","overlay-type":"","overlay-color":"","overlay-opacity":"","overlay-gradient":""},"mobile":{"background-color":"var(--ast-global-color-5)","background-image":"","background-repeat":"repeat","background-position":"center center","background-size":"auto","background-attachment":"scroll","background-type":"","background-media":"","overlay-type":"","overlay-color":"","overlay-opacity":"","overlay-gradient":""}}},"breedte":[],"design-oppervlakte":[351],"design-opstelling":[408],"design-optie":[364,363,412,409],"diepte":[],"oppervlakte":[],"opstelling":[],"optie":[],"pijler":[],"product_brand":[],"product_cat":[359,366,354,365,356,413,410,357,411,355],"product_tag":[],"class_list":{"0":"post-15084","1":"product","2":"type-product","3":"status-publish","4":"has-post-thumbnail","6":"design-oppervlakte-1-24-m2-es","7":"design-opstelling-soporte-esquinero","8":"design-optie-despensa","9":"design-optie-escritorio","10":"design-optie-pared-led","11":"design-optie-suelo-elevado","12":"product_cat-1-24-m2-es","13":"product_cat-despensa","14":"product_cat-diseno","15":"product_cat-escritorio","16":"product_cat-opciones","17":"product_cat-pared-led","18":"product_cat-soporte-esquinero","19":"product_cat-stand-de-exposicion-tipo","20":"product_cat-suelo-elevado","21":"product_cat-superficie","22":"desktop-align-left","23":"tablet-align-left","24":"mobile-align-left","26":"first","27":"instock","28":"shipping-taxable","29":"product-type-simple"},"acf":[],"_links":{"self":[{"href":"https:\/\/beurswand2026.webdeveloperz.nl\/es\/wp-json\/wp\/v2\/product\/15084","targetHints":{"allow":["GET"]}}],"collection":[{"href":"https:\/\/beurswand2026.webdeveloperz.nl\/es\/wp-json\/wp\/v2\/product"}],"about":[{"href":"https:\/\/beurswand2026.webdeveloperz.nl\/es\/wp-json\/wp\/v2\/types\/product"}],"replies":[{"embeddable":true,"href":"https:\/\/beurswand2026.webdeveloperz.nl\/es\/wp-json\/wp\/v2\/comments?post=15084"}],"version-history":[{"count":1,"href":"https:\/\/beurswand2026.webdeveloperz.nl\/es\/wp-json\/wp\/v2\/product\/15084\/revisions"}],"predecessor-version":[{"id":18591,"href":"https:\/\/beurswand2026.webdeveloperz.nl\/es\/wp-json\/wp\/v2\/product\/15084\/revisions\/18591"}],"wp:featuredmedia":[{"embeddable":true,"href":"https:\/\/beurswand2026.webdeveloperz.nl\/es\/wp-json\/wp\/v2\/media\/12662"}],"wp:attachment":[{"href":"https:\/\/beurswand2026.webdeveloperz.nl\/es\/wp-json\/wp\/v2\/media?parent=15084"}],"wp:term":[{"taxonomy":"breedte","embeddable":true,"href":"https:\/\/beurswand2026.webdeveloperz.nl\/es\/wp-json\/wp\/v2\/breedte?post=15084"},{"taxonomy":"design-oppervlakte","embeddable":true,"href":"https:\/\/beurswand2026.webdeveloperz.nl\/es\/wp-json\/wp\/v2\/design-oppervlakte?post=15084"},{"taxonomy":"design-opstelling","embeddable":true,"href":"https:\/\/beurswand2026.webdeveloperz.nl\/es\/wp-json\/wp\/v2\/design-opstelling?post=15084"},{"taxonomy":"design-optie","embeddable":true,"href":"https:\/\/beurswand2026.webdeveloperz.nl\/es\/wp-json\/wp\/v2\/design-optie?post=15084"},{"taxonomy":"diepte","embeddable":true,"href":"https:\/\/beurswand2026.webdeveloperz.nl\/es\/wp-json\/wp\/v2\/diepte?post=15084"},{"taxonomy":"oppervlakte","embeddable":true,"href":"https:\/\/beurswand2026.webdeveloperz.nl\/es\/wp-json\/wp\/v2\/oppervlakte?post=15084"},{"taxonomy":"opstelling","embeddable":true,"href":"https:\/\/beurswand2026.webdeveloperz.nl\/es\/wp-json\/wp\/v2\/opstelling?post=15084"},{"taxonomy":"optie","embeddable":true,"href":"https:\/\/beurswand2026.webdeveloperz.nl\/es\/wp-json\/wp\/v2\/optie?post=15084"},{"taxonomy":"pijler","embeddable":true,"href":"https:\/\/beurswand2026.webdeveloperz.nl\/es\/wp-json\/wp\/v2\/pijler?post=15084"},{"taxonomy":"product_brand","embeddable":true,"href":"https:\/\/beurswand2026.webdeveloperz.nl\/es\/wp-json\/wp\/v2\/product_brand?post=15084"},{"taxonomy":"product_cat","embeddable":true,"href":"https:\/\/beurswand2026.webdeveloperz.nl\/es\/wp-json\/wp\/v2\/product_cat?post=15084"},{"taxonomy":"product_tag","embeddable":true,"href":"https:\/\/beurswand2026.webdeveloperz.nl\/es\/wp-json\/wp\/v2\/product_tag?post=15084"}],"curies":[{"name":"wp","href":"https:\/\/api.w.org\/{rel}","templated":true}]}}