{"id":15638,"date":"2023-10-15T06:53:30","date_gmt":"2023-10-15T06:53:30","guid":{"rendered":"https:\/\/beurswand.nl\/product\/messestand-gestaltung-62\/"},"modified":"2025-03-13T09:33:23","modified_gmt":"2025-03-13T09:33:23","slug":"messestand-gestaltung-62","status":"publish","type":"product","link":"https:\/\/beurswand2026.webdeveloperz.nl\/de\/product\/messestand-gestaltung-62\/","title":{"rendered":"Messestand Design 62"},"content":{"rendered":"<p><strong>Messestand Design 62 \u2013 Gro\u00df und grenzenlos<\/strong><\/p>\n<p>Steigen Sie ein in die Zukunft der Messepr\u00e4sentation mit unserem beeindruckenden Design 62. Dieser Inselstand mit einer gro\u00dfz\u00fcgigen Gr\u00f6\u00dfe von \u00fcber 150 m\u00b2 ist der Blickfang auf jeder Messe. Ganz gleich, ob Sie ein neues Produkt einf\u00fchren, eine Unternehmensgeschichte erz\u00e4hlen oder Kunden anlocken wollen, dieses Design bietet den perfekten Hintergrund.<\/p>\n<p>Mit der integrierten LED-Wand erstrahlt Ihre Marke wie nie zuvor und sorgt f\u00fcr visuelle Wirkung und Atmosph\u00e4re. Und wenn Ihr Team sich eine Weile ausruhen oder Kunden in einem privateren Rahmen empfangen m\u00f6chte, bietet die eingebaute Speisekammer alle Annehmlichkeiten, die Sie brauchen.<\/p>\n<p>Dies ist nur ein Beispiel. Jedes Detail kann an Ihre individuellen Bed\u00fcrfnisse und Spezifikationen angepasst werden. Sind Sie bereit, die Show zu stehlen? Fordern Sie jetzt weitere Informationen \u00fcber das untenstehende Kontaktformular an und machen Sie den n\u00e4chsten Schritt in Ihrem Messeabenteuer!<\/p>\n","protected":false},"excerpt":{"rendered":"<p>Messestand Design 62 \u2013 Gro\u00df und grenzenlos Steigen Sie ein in die Zukunft der Messepr\u00e4sentation mit unserem beeindruckenden Design 62. Dieser Inselstand mit einer gro\u00dfz\u00fcgigen Gr\u00f6\u00dfe von \u00fcber 150 m\u00b2 ist der Blickfang auf jeder Messe. Ganz gleich, ob Sie ein neues Produkt einf\u00fchren, eine Unternehmensgeschichte erz\u00e4hlen oder Kunden anlocken wollen, dieses Design bietet den [&hellip;]<\/p>\n","protected":false},"featured_media":11592,"comment_status":"closed","ping_status":"open","template":"","meta":{"_acf_changed":false,"site-sidebar-layout":"default","site-content-layout":"","ast-site-content-layout":"default","site-content-style":"default","site-sidebar-style":"default","ast-global-header-display":"","ast-banner-title-visibility":"","ast-main-header-display":"","ast-hfb-above-header-display":"","ast-hfb-below-header-display":"","ast-hfb-mobile-header-display":"","site-post-title":"","ast-breadcrumbs-content":"","ast-featured-img":"","footer-sml-layout":"","ast-disable-related-posts":"","theme-transparent-header-meta":"","adv-header-id-meta":"","stick-header-meta":"","header-above-stick-meta":"","header-main-stick-meta":"","header-below-stick-meta":"","astra-migrate-meta-layouts":"default","ast-page-background-enabled":"default","ast-page-background-meta":{"desktop":{"background-color":"","background-image":"","background-repeat":"repeat","background-position":"center center","background-size":"auto","background-attachment":"scroll","background-type":"","background-media":"","overlay-type":"","overlay-color":"","overlay-opacity":"","overlay-gradient":""},"tablet":{"background-color":"","background-image":"","background-repeat":"repeat","background-position":"center center","background-size":"auto","background-attachment":"scroll","background-type":"","background-media":"","overlay-type":"","overlay-color":"","overlay-opacity":"","overlay-gradient":""},"mobile":{"background-color":"","background-image":"","background-repeat":"repeat","background-position":"center center","background-size":"auto","background-attachment":"scroll","background-type":"","background-media":"","overlay-type":"","overlay-color":"","overlay-opacity":"","overlay-gradient":""}},"ast-content-background-meta":{"desktop":{"background-color":"var(--ast-global-color-5)","background-image":"","background-repeat":"repeat","background-position":"center center","background-size":"auto","background-attachment":"scroll","background-type":"","background-media":"","overlay-type":"","overlay-color":"","overlay-opacity":"","overlay-gradient":""},"tablet":{"background-color":"var(--ast-global-color-5)","background-image":"","background-repeat":"repeat","background-position":"center center","background-size":"auto","background-attachment":"scroll","background-type":"","background-media":"","overlay-type":"","overlay-color":"","overlay-opacity":"","overlay-gradient":""},"mobile":{"background-color":"var(--ast-global-color-5)","background-image":"","background-repeat":"repeat","background-position":"center center","background-size":"auto","background-attachment":"scroll","background-type":"","background-media":"","overlay-type":"","overlay-color":"","overlay-opacity":"","overlay-gradient":""}}},"breedte":[],"design-oppervlakte":[430],"design-opstelling":[472],"design-optie":[473,418,381],"diepte":[],"oppervlakte":[],"opstelling":[],"optie":[],"pijler":[],"product_brand":[],"product_cat":[431,371,372,474,419,374,373,383],"product_tag":[],"class_list":{"0":"post-15638","1":"product","2":"type-product","3":"status-publish","4":"has-post-thumbnail","6":"design-oppervlakte-40-m2-und-groser","7":"design-opstelling-insel-stand","8":"design-optie-insel-stand","9":"design-optie-led-wand-de","10":"design-optie-speisekammer","11":"product_cat-40-m2-und-groser","12":"product_cat-entwurf","13":"product_cat-flache","14":"product_cat-insel-stand","15":"product_cat-led-wand-de","16":"product_cat-messestand-typ","17":"product_cat-optionen","18":"product_cat-speisekammer","19":"desktop-align-left","20":"tablet-align-left","21":"mobile-align-left","23":"first","24":"instock","25":"shipping-taxable","26":"product-type-simple"},"acf":[],"_links":{"self":[{"href":"https:\/\/beurswand2026.webdeveloperz.nl\/de\/wp-json\/wp\/v2\/product\/15638","targetHints":{"allow":["GET"]}}],"collection":[{"href":"https:\/\/beurswand2026.webdeveloperz.nl\/de\/wp-json\/wp\/v2\/product"}],"about":[{"href":"https:\/\/beurswand2026.webdeveloperz.nl\/de\/wp-json\/wp\/v2\/types\/product"}],"replies":[{"embeddable":true,"href":"https:\/\/beurswand2026.webdeveloperz.nl\/de\/wp-json\/wp\/v2\/comments?post=15638"}],"version-history":[{"count":1,"href":"https:\/\/beurswand2026.webdeveloperz.nl\/de\/wp-json\/wp\/v2\/product\/15638\/revisions"}],"predecessor-version":[{"id":15840,"href":"https:\/\/beurswand2026.webdeveloperz.nl\/de\/wp-json\/wp\/v2\/product\/15638\/revisions\/15840"}],"wp:featuredmedia":[{"embeddable":true,"href":"https:\/\/beurswand2026.webdeveloperz.nl\/de\/wp-json\/wp\/v2\/media\/11592"}],"wp:attachment":[{"href":"https:\/\/beurswand2026.webdeveloperz.nl\/de\/wp-json\/wp\/v2\/media?parent=15638"}],"wp:term":[{"taxonomy":"breedte","embeddable":true,"href":"https:\/\/beurswand2026.webdeveloperz.nl\/de\/wp-json\/wp\/v2\/breedte?post=15638"},{"taxonomy":"design-oppervlakte","embeddable":true,"href":"https:\/\/beurswand2026.webdeveloperz.nl\/de\/wp-json\/wp\/v2\/design-oppervlakte?post=15638"},{"taxonomy":"design-opstelling","embeddable":true,"href":"https:\/\/beurswand2026.webdeveloperz.nl\/de\/wp-json\/wp\/v2\/design-opstelling?post=15638"},{"taxonomy":"design-optie","embeddable":true,"href":"https:\/\/beurswand2026.webdeveloperz.nl\/de\/wp-json\/wp\/v2\/design-optie?post=15638"},{"taxonomy":"diepte","embeddable":true,"href":"https:\/\/beurswand2026.webdeveloperz.nl\/de\/wp-json\/wp\/v2\/diepte?post=15638"},{"taxonomy":"oppervlakte","embeddable":true,"href":"https:\/\/beurswand2026.webdeveloperz.nl\/de\/wp-json\/wp\/v2\/oppervlakte?post=15638"},{"taxonomy":"opstelling","embeddable":true,"href":"https:\/\/beurswand2026.webdeveloperz.nl\/de\/wp-json\/wp\/v2\/opstelling?post=15638"},{"taxonomy":"optie","embeddable":true,"href":"https:\/\/beurswand2026.webdeveloperz.nl\/de\/wp-json\/wp\/v2\/optie?post=15638"},{"taxonomy":"pijler","embeddable":true,"href":"https:\/\/beurswand2026.webdeveloperz.nl\/de\/wp-json\/wp\/v2\/pijler?post=15638"},{"taxonomy":"product_brand","embeddable":true,"href":"https:\/\/beurswand2026.webdeveloperz.nl\/de\/wp-json\/wp\/v2\/product_brand?post=15638"},{"taxonomy":"product_cat","embeddable":true,"href":"https:\/\/beurswand2026.webdeveloperz.nl\/de\/wp-json\/wp\/v2\/product_cat?post=15638"},{"taxonomy":"product_tag","embeddable":true,"href":"https:\/\/beurswand2026.webdeveloperz.nl\/de\/wp-json\/wp\/v2\/product_tag?post=15638"}],"curies":[{"name":"wp","href":"https:\/\/api.w.org\/{rel}","templated":true}]}}